{"id":7285,"date":"2025-11-14T11:31:06","date_gmt":"2025-11-14T11:31:06","guid":{"rendered":"https:\/\/www.geodirect.nl\/wartung-reparatur\/"},"modified":"2026-02-23T11:50:27","modified_gmt":"2026-02-23T11:50:27","slug":"wartung-reparatur","status":"publish","type":"page","link":"https:\/\/www.geodirect.nl\/de\/wartung-reparatur\/","title":{"rendered":"Wartung &amp; Reparatur"},"content":{"rendered":"\t\t<div data-elementor-type=\"wp-page\" data-elementor-id=\"7285\" class=\"elementor elementor-7285 elementor-1289\" data-elementor-post-type=\"page\">\n\t\t\t\t<div class=\"elementor-element elementor-element-40f6dbe7 e-con-full e-flex e-con e-parent\" data-id=\"40f6dbe7\" data-element_type=\"container\" data-e-type=\"container\" data-settings=\"{&quot;background_background&quot;:&quot;classic&quot;}\">\n\t\t<div class=\"elementor-element elementor-element-5ddfdfb9 e-con-full e-flex e-con e-child\" data-id=\"5ddfdfb9\" data-element_type=\"container\" data-e-type=\"container\">\n\t\t\t\t<div class=\"elementor-element elementor-element-726bd02f elementor-widget elementor-widget-heading\" data-id=\"726bd02f\" data-element_type=\"widget\" data-e-type=\"widget\" data-widget_type=\"heading.default\">\n\t\t\t\t\t<h1 class=\"elementor-heading-title elementor-size-default\">Wartung &amp; Reparatur<\/h1>\t\t\t\t<\/div>\n\t\t\t\t<div class=\"elementor-element elementor-element-5d9064e5 elementor-widget elementor-widget-heading\" data-id=\"5d9064e5\" data-element_type=\"widget\" data-e-type=\"widget\" data-widget_type=\"heading.default\">\n\t\t\t\t\t<p class=\"elementor-heading-title elementor-size-default\">Halten Sie Ihre Messger\u00e4te in Top-Zustand<\/p>\t\t\t\t<\/div>\n\t\t\t\t<\/div>\n\t\t<div class=\"elementor-element elementor-element-71320505 e-con-full e-flex e-con e-child\" data-id=\"71320505\" data-element_type=\"container\" data-e-type=\"container\">\n\t\t\t\t<div class=\"elementor-element elementor-element-4565dc54 elementor-widget elementor-widget-heading\" data-id=\"4565dc54\" data-element_type=\"widget\" data-e-type=\"widget\" data-widget_type=\"heading.default\">\n\t\t\t\t\t<p class=\"elementor-heading-title elementor-size-default\"><span><span><a href=\"https:\/\/www.geodirect.nl\/de\/home\/\">Startseite<\/a><\/span><\/span>\n<\/p>\t\t\t\t<\/div>\n\t\t\t\t<\/div>\n\t\t\t\t<\/div>\n\t\t<div class=\"elementor-element elementor-element-3e4d64d5 e-flex e-con-boxed e-con e-parent\" data-id=\"3e4d64d5\" data-element_type=\"container\" data-e-type=\"container\">\n\t\t\t\t\t<div class=\"e-con-inner\">\n\t\t<div class=\"elementor-element elementor-element-7c724cbf e-con-full e-flex e-con e-child\" data-id=\"7c724cbf\" data-element_type=\"container\" data-e-type=\"container\">\n\t\t<div class=\"elementor-element elementor-element-662e9416 e-con-full e-flex e-con e-child\" data-id=\"662e9416\" data-element_type=\"container\" data-e-type=\"container\">\n\t\t\t\t<div class=\"elementor-element elementor-element-578ef05e elementor-widget elementor-widget-heading\" data-id=\"578ef05e\" data-element_type=\"widget\" data-e-type=\"widget\" data-widget_type=\"heading.default\">\n\t\t\t\t\t<h2 class=\"elementor-heading-title elementor-size-default\">Geodirect Service<\/h2>\t\t\t\t<\/div>\n\t\t\t\t<div class=\"elementor-element elementor-element-5fa16db9 elementor-widget elementor-widget-text-editor\" data-id=\"5fa16db9\" data-element_type=\"widget\" data-e-type=\"widget\" data-widget_type=\"text-editor.default\">\n\t\t\t\t\t\t\t\t\t<p>Messger\u00e4te m\u00fcssen jederzeit funktionieren. Auf der Baustelle, im Feld oder auf dem Wasser ist Stillstand schlichtweg keine Option. Regelm\u00e4\u00dfige Wartung und rechtzeitige Reparatur sind unerl\u00e4sslich, um die Genauigkeit zu gew\u00e4hrleisten, St\u00f6rungen zu vermeiden und die Lebensdauer Ihrer Instrumente zu verl\u00e4ngern. Sollte dennoch eine St\u00f6rung auftreten, m\u00f6chten Sie schnell von Fachleuten unterst\u00fctzt werden, die Ihre Systeme kennen. Die Serviceabteilung von Geodirect bietet den Service, den Sie erwarten d\u00fcrfen: angemessen, schnell und fachkundig.    <\/p>\t\t\t\t\t\t\t\t<\/div>\n\t\t\t\t<div class=\"elementor-element elementor-element-76b4c248 elementor-widget elementor-widget-text-editor\" data-id=\"76b4c248\" data-element_type=\"widget\" data-e-type=\"widget\" data-widget_type=\"text-editor.default\">\n\t\t\t\t\t\t\t\t\t<p><strong>Zertifiziertes Servicecenter in Mijdrecht<\/strong><\/p><p>Geodirect verf\u00fcgt \u00fcber ein zertifiziertes Servicecenter in Mijdrecht, das vollst\u00e4ndig f\u00fcr die Wartung und Reparatur von Totalstationen, GNSS-Empf\u00e4ngern, Laserscannern, Feldcomputern, Nivellierinstrumenten, Drohnen, Detektionssystemen und hydrographischen Ger\u00e4ten ausgestattet ist. Unsere qualifizierten Service-Ingenieure k\u00f6nnen den Gro\u00dfteil der Reparaturen selbst durchf\u00fchren. Das bedeutet kurze Durchlaufzeiten und eine klare R\u00fcckmeldung \u00fcber den Zustand Ihrer Ger\u00e4te.  <\/p><p>Wenn eine Reparatur mehr Zeit in Anspruch nimmt und Sie nicht auf ein Instrument verzichten k\u00f6nnen, stehen Ersatzger\u00e4te \u00fcber unseren Verleih zur Verf\u00fcgung. Falls Sie keine M\u00f6glichkeit haben, pers\u00f6nlich vorbeizukommen, k\u00f6nnen Sie unseren Pick-up &amp; Return-Service nutzen. So bleibt die Auswirkung auf Ihre Projekte so gering wie m\u00f6glich und Sie behalten die Kontrolle \u00fcber Ihre Planung.  <\/p><p>Wir unterst\u00fctzen Sie auch bei der Einrichtung und Integration kompletter Messsysteme, wie GNSS-Sets, Scanning-Workflows und hydrographischen Konfigurationen. Alle Komponenten werden sicher installiert, getestet und als Gesamtsystem ausgeliefert, inklusive durchdachter Verkabelung, Stromversorgung und Koffereinteilung. Sie erhalten ein gebrauchsfertiges System, einschlie\u00dflich Einweisung und Dokumentation. Abweichungen von Standardkonfigurationen sind m\u00f6glich.   <\/p><p><strong>Kontaktieren Sie uns<\/strong><\/p><p>Nur durch exzellenten Service stellen wir sicher, dass Sie Geodirect vertrauensvoll an Kollegen und Auftraggeber weiterempfehlen. M\u00f6chten Sie mehr \u00fcber Wartung, Reparatur oder Systemintegration erfahren oder direkt einen Termin mit unserer Serviceabteilung vereinbaren? <\/p><p><strong>Rufen Sie uns an unter +31 (0)297 893 063 oder senden Sie eine E-Mail an <a href=\"mailto:service@geodirect.nl\">service@geodirect.nl<\/a>. Wir sorgen daf\u00fcr, dass Ihre Ger\u00e4te das leisten, was Sie von ihnen erwarten d\u00fcrfen. <\/strong><\/p><p><\/p>\t\t\t\t\t\t\t\t<\/div>\n\t\t\t\t<\/div>\n\t\t<div class=\"elementor-element elementor-element-20bdaa7c e-con-full e-flex e-con e-child\" data-id=\"20bdaa7c\" data-element_type=\"container\" data-e-type=\"container\">\n\t\t\t\t<div class=\"elementor-element elementor-element-9a4f074 elementor-widget elementor-widget-image\" data-id=\"9a4f074\" data-element_type=\"widget\" data-e-type=\"widget\" data-widget_type=\"image.default\">\n\t\t\t\t\t\t\t\t\t\t\t\t\t\t\t<img fetchpriority=\"high\" decoding=\"async\" width=\"550\" height=\"490\" src=\"https:\/\/www.geodirect.nl\/wp-content\/uploads\/2025\/11\/geodirect-servicecenter.jpg\" class=\"attachment-large size-large wp-image-7286\" alt=\"\" srcset=\"https:\/\/www.geodirect.nl\/wp-content\/uploads\/2025\/11\/geodirect-servicecenter.jpg 550w, https:\/\/www.geodirect.nl\/wp-content\/uploads\/2025\/11\/geodirect-servicecenter-300x267.jpg 300w\" sizes=\"(max-width: 550px) 100vw, 550px\" \/>\t\t\t\t\t\t\t\t\t\t\t\t\t\t\t<\/div>\n\t\t\t\t<\/div>\n\t\t\t\t<\/div>\n\t\t\t\t\t<\/div>\n\t\t\t\t<\/div>\n\t\t\t\t<\/div>\n\t\t","protected":false},"excerpt":{"rendered":"<p>Wartung &amp; Reparatur Halten Sie Ihre Messger\u00e4te in Top-Zustand Geodirect Service Messger\u00e4te m\u00fcssen jederzeit funktionieren. Auf der Baustelle, im Feld oder auf dem Wasser ist Stillstand schlichtweg keine Option. Regelm\u00e4\u00dfige Wartung und rechtzeitige Reparatur sind unerl\u00e4sslich, um die Genauigkeit zu gew\u00e4hrleisten, St\u00f6rungen zu vermeiden und die Lebensdauer Ihrer Instrumente zu verl\u00e4ngern. Sollte dennoch eine St\u00f6rung [&hellip;]<\/p>\n","protected":false},"author":1,"featured_media":7049,"parent":0,"menu_order":0,"comment_status":"closed","ping_status":"closed","template":"","meta":{"_acf_changed":false,"content-type":"","footnotes":""},"class_list":["post-7285","page","type-page","status-publish","has-post-thumbnail","hentry"],"acf":[],"yoast_head":"<!-- This site is optimized with the Yoast SEO plugin v27.3 - https:\/\/yoast.com\/product\/yoast-seo-wordpress\/ -->\n<title>Wartung &amp; Reparatur - Geodirect<\/title>\n<meta name=\"description\" content=\"Um die hochwertige Qualit\u00e4t der Ger\u00e4te, die Sie bei uns erwerben, so lange wie m\u00f6glich zu erhalten, bieten wir auch Wartung &amp; Reparaturen an.\" \/>\n<meta name=\"robots\" content=\"index, follow, max-snippet:-1, max-image-preview:large, max-video-preview:-1\" \/>\n<link rel=\"canonical\" href=\"https:\/\/www.geodirect.nl\/de\/wartung-reparatur\/\" \/>\n<meta property=\"og:locale\" content=\"de_DE\" \/>\n<meta property=\"og:type\" content=\"article\" \/>\n<meta property=\"og:title\" content=\"Wartung &amp; Reparatur - Geodirect\" \/>\n<meta property=\"og:description\" content=\"Um die hochwertige Qualit\u00e4t der Ger\u00e4te, die Sie bei uns erwerben, so lange wie m\u00f6glich zu erhalten, bieten wir auch Wartung &amp; Reparaturen an.\" \/>\n<meta property=\"og:url\" content=\"https:\/\/www.geodirect.nl\/de\/wartung-reparatur\/\" \/>\n<meta property=\"og:site_name\" content=\"Geodirect\" \/>\n<meta property=\"article:modified_time\" content=\"2026-02-23T11:50:27+00:00\" \/>\n<meta property=\"og:image\" content=\"https:\/\/www.geodirect.nl\/wp-content\/uploads\/2025\/11\/gedoirect-service-support-home.jpg\" \/>\n\t<meta property=\"og:image:width\" content=\"1200\" \/>\n\t<meta property=\"og:image:height\" content=\"800\" \/>\n\t<meta property=\"og:image:type\" content=\"image\/jpeg\" \/>\n<meta name=\"twitter:card\" content=\"summary_large_image\" \/>\n<meta name=\"twitter:label1\" content=\"Gesch\u00e4tzte Lesezeit\" \/>\n\t<meta name=\"twitter:data1\" content=\"2 Minuten\" \/>\n<script type=\"application\/ld+json\" class=\"yoast-schema-graph\">{\"@context\":\"https:\\\/\\\/schema.org\",\"@graph\":[{\"@type\":\"WebPage\",\"@id\":\"https:\\\/\\\/www.geodirect.nl\\\/de\\\/wartung-reparatur\\\/\",\"url\":\"https:\\\/\\\/www.geodirect.nl\\\/de\\\/wartung-reparatur\\\/\",\"name\":\"Wartung &amp; Reparatur - Geodirect\",\"isPartOf\":{\"@id\":\"https:\\\/\\\/www.geodirect.nl\\\/de\\\/#website\"},\"primaryImageOfPage\":{\"@id\":\"https:\\\/\\\/www.geodirect.nl\\\/de\\\/wartung-reparatur\\\/#primaryimage\"},\"image\":{\"@id\":\"https:\\\/\\\/www.geodirect.nl\\\/de\\\/wartung-reparatur\\\/#primaryimage\"},\"thumbnailUrl\":\"https:\\\/\\\/www.geodirect.nl\\\/wp-content\\\/uploads\\\/2025\\\/11\\\/gedoirect-service-support-home.jpg\",\"datePublished\":\"2025-11-14T11:31:06+00:00\",\"dateModified\":\"2026-02-23T11:50:27+00:00\",\"description\":\"Um die hochwertige Qualit\u00e4t der Ger\u00e4te, die Sie bei uns erwerben, so lange wie m\u00f6glich zu erhalten, bieten wir auch Wartung & Reparaturen an.\",\"breadcrumb\":{\"@id\":\"https:\\\/\\\/www.geodirect.nl\\\/de\\\/wartung-reparatur\\\/#breadcrumb\"},\"inLanguage\":\"de\",\"potentialAction\":[{\"@type\":\"ReadAction\",\"target\":[\"https:\\\/\\\/www.geodirect.nl\\\/de\\\/wartung-reparatur\\\/\"]}]},{\"@type\":\"ImageObject\",\"inLanguage\":\"de\",\"@id\":\"https:\\\/\\\/www.geodirect.nl\\\/de\\\/wartung-reparatur\\\/#primaryimage\",\"url\":\"https:\\\/\\\/www.geodirect.nl\\\/wp-content\\\/uploads\\\/2025\\\/11\\\/gedoirect-service-support-home.jpg\",\"contentUrl\":\"https:\\\/\\\/www.geodirect.nl\\\/wp-content\\\/uploads\\\/2025\\\/11\\\/gedoirect-service-support-home.jpg\",\"width\":1200,\"height\":800},{\"@type\":\"BreadcrumbList\",\"@id\":\"https:\\\/\\\/www.geodirect.nl\\\/de\\\/wartung-reparatur\\\/#breadcrumb\",\"itemListElement\":[{\"@type\":\"ListItem\",\"position\":1,\"name\":\"Startseite\",\"item\":\"https:\\\/\\\/www.geodirect.nl\\\/de\\\/home\\\/\"},{\"@type\":\"ListItem\",\"position\":2,\"name\":\"Wartung &amp; Reparatur\"}]},{\"@type\":\"WebSite\",\"@id\":\"https:\\\/\\\/www.geodirect.nl\\\/de\\\/#website\",\"url\":\"https:\\\/\\\/www.geodirect.nl\\\/de\\\/\",\"name\":\"Geodirect\",\"description\":\"Technologie die vooruitgang drijft\",\"publisher\":{\"@id\":\"https:\\\/\\\/www.geodirect.nl\\\/de\\\/#organization\"},\"potentialAction\":[{\"@type\":\"SearchAction\",\"target\":{\"@type\":\"EntryPoint\",\"urlTemplate\":\"https:\\\/\\\/www.geodirect.nl\\\/de\\\/?s={search_term_string}\"},\"query-input\":{\"@type\":\"PropertyValueSpecification\",\"valueRequired\":true,\"valueName\":\"search_term_string\"}}],\"inLanguage\":\"de\"},{\"@type\":\"Organization\",\"@id\":\"https:\\\/\\\/www.geodirect.nl\\\/de\\\/#organization\",\"name\":\"Geodirect B.V.\",\"url\":\"https:\\\/\\\/www.geodirect.nl\\\/de\\\/\",\"logo\":{\"@type\":\"ImageObject\",\"inLanguage\":\"de\",\"@id\":\"https:\\\/\\\/www.geodirect.nl\\\/de\\\/#\\\/schema\\\/logo\\\/image\\\/\",\"url\":\"https:\\\/\\\/www.geodirect.nl\\\/wp-content\\\/uploads\\\/2025\\\/11\\\/87b06f73c1509d1450fec3e50f610637829b3ada-1.png\",\"contentUrl\":\"https:\\\/\\\/www.geodirect.nl\\\/wp-content\\\/uploads\\\/2025\\\/11\\\/87b06f73c1509d1450fec3e50f610637829b3ada-1.png\",\"width\":239,\"height\":159,\"caption\":\"Geodirect B.V.\"},\"image\":{\"@id\":\"https:\\\/\\\/www.geodirect.nl\\\/de\\\/#\\\/schema\\\/logo\\\/image\\\/\"}}]}<\/script>\n<!-- \/ Yoast SEO plugin. -->","yoast_head_json":{"title":"Wartung &amp; Reparatur - Geodirect","description":"Um die hochwertige Qualit\u00e4t der Ger\u00e4te, die Sie bei uns erwerben, so lange wie m\u00f6glich zu erhalten, bieten wir auch Wartung & Reparaturen an.","robots":{"index":"index","follow":"follow","max-snippet":"max-snippet:-1","max-image-preview":"max-image-preview:large","max-video-preview":"max-video-preview:-1"},"canonical":"https:\/\/www.geodirect.nl\/de\/wartung-reparatur\/","og_locale":"de_DE","og_type":"article","og_title":"Wartung &amp; Reparatur - Geodirect","og_description":"Um die hochwertige Qualit\u00e4t der Ger\u00e4te, die Sie bei uns erwerben, so lange wie m\u00f6glich zu erhalten, bieten wir auch Wartung & Reparaturen an.","og_url":"https:\/\/www.geodirect.nl\/de\/wartung-reparatur\/","og_site_name":"Geodirect","article_modified_time":"2026-02-23T11:50:27+00:00","og_image":[{"width":1200,"height":800,"url":"https:\/\/www.geodirect.nl\/wp-content\/uploads\/2025\/11\/gedoirect-service-support-home.jpg","type":"image\/jpeg"}],"twitter_card":"summary_large_image","twitter_misc":{"Gesch\u00e4tzte Lesezeit":"2 Minuten"},"schema":{"@context":"https:\/\/schema.org","@graph":[{"@type":"WebPage","@id":"https:\/\/www.geodirect.nl\/de\/wartung-reparatur\/","url":"https:\/\/www.geodirect.nl\/de\/wartung-reparatur\/","name":"Wartung &amp; Reparatur - Geodirect","isPartOf":{"@id":"https:\/\/www.geodirect.nl\/de\/#website"},"primaryImageOfPage":{"@id":"https:\/\/www.geodirect.nl\/de\/wartung-reparatur\/#primaryimage"},"image":{"@id":"https:\/\/www.geodirect.nl\/de\/wartung-reparatur\/#primaryimage"},"thumbnailUrl":"https:\/\/www.geodirect.nl\/wp-content\/uploads\/2025\/11\/gedoirect-service-support-home.jpg","datePublished":"2025-11-14T11:31:06+00:00","dateModified":"2026-02-23T11:50:27+00:00","description":"Um die hochwertige Qualit\u00e4t der Ger\u00e4te, die Sie bei uns erwerben, so lange wie m\u00f6glich zu erhalten, bieten wir auch Wartung & Reparaturen an.","breadcrumb":{"@id":"https:\/\/www.geodirect.nl\/de\/wartung-reparatur\/#breadcrumb"},"inLanguage":"de","potentialAction":[{"@type":"ReadAction","target":["https:\/\/www.geodirect.nl\/de\/wartung-reparatur\/"]}]},{"@type":"ImageObject","inLanguage":"de","@id":"https:\/\/www.geodirect.nl\/de\/wartung-reparatur\/#primaryimage","url":"https:\/\/www.geodirect.nl\/wp-content\/uploads\/2025\/11\/gedoirect-service-support-home.jpg","contentUrl":"https:\/\/www.geodirect.nl\/wp-content\/uploads\/2025\/11\/gedoirect-service-support-home.jpg","width":1200,"height":800},{"@type":"BreadcrumbList","@id":"https:\/\/www.geodirect.nl\/de\/wartung-reparatur\/#breadcrumb","itemListElement":[{"@type":"ListItem","position":1,"name":"Startseite","item":"https:\/\/www.geodirect.nl\/de\/home\/"},{"@type":"ListItem","position":2,"name":"Wartung &amp; Reparatur"}]},{"@type":"WebSite","@id":"https:\/\/www.geodirect.nl\/de\/#website","url":"https:\/\/www.geodirect.nl\/de\/","name":"Geodirect","description":"Technologie die vooruitgang drijft","publisher":{"@id":"https:\/\/www.geodirect.nl\/de\/#organization"},"potentialAction":[{"@type":"SearchAction","target":{"@type":"EntryPoint","urlTemplate":"https:\/\/www.geodirect.nl\/de\/?s={search_term_string}"},"query-input":{"@type":"PropertyValueSpecification","valueRequired":true,"valueName":"search_term_string"}}],"inLanguage":"de"},{"@type":"Organization","@id":"https:\/\/www.geodirect.nl\/de\/#organization","name":"Geodirect B.V.","url":"https:\/\/www.geodirect.nl\/de\/","logo":{"@type":"ImageObject","inLanguage":"de","@id":"https:\/\/www.geodirect.nl\/de\/#\/schema\/logo\/image\/","url":"https:\/\/www.geodirect.nl\/wp-content\/uploads\/2025\/11\/87b06f73c1509d1450fec3e50f610637829b3ada-1.png","contentUrl":"https:\/\/www.geodirect.nl\/wp-content\/uploads\/2025\/11\/87b06f73c1509d1450fec3e50f610637829b3ada-1.png","width":239,"height":159,"caption":"Geodirect B.V."},"image":{"@id":"https:\/\/www.geodirect.nl\/de\/#\/schema\/logo\/image\/"}}]}},"_links":{"self":[{"href":"https:\/\/www.geodirect.nl\/de\/wp-json\/wp\/v2\/pages\/7285","targetHints":{"allow":["GET"]}}],"collection":[{"href":"https:\/\/www.geodirect.nl\/de\/wp-json\/wp\/v2\/pages"}],"about":[{"href":"https:\/\/www.geodirect.nl\/de\/wp-json\/wp\/v2\/types\/page"}],"author":[{"embeddable":true,"href":"https:\/\/www.geodirect.nl\/de\/wp-json\/wp\/v2\/users\/1"}],"replies":[{"embeddable":true,"href":"https:\/\/www.geodirect.nl\/de\/wp-json\/wp\/v2\/comments?post=7285"}],"version-history":[{"count":4,"href":"https:\/\/www.geodirect.nl\/de\/wp-json\/wp\/v2\/pages\/7285\/revisions"}],"predecessor-version":[{"id":10010,"href":"https:\/\/www.geodirect.nl\/de\/wp-json\/wp\/v2\/pages\/7285\/revisions\/10010"}],"wp:featuredmedia":[{"embeddable":true,"href":"https:\/\/www.geodirect.nl\/de\/wp-json\/wp\/v2\/media\/7049"}],"wp:attachment":[{"href":"https:\/\/www.geodirect.nl\/de\/wp-json\/wp\/v2\/media?parent=7285"}],"curies":[{"name":"wp","href":"https:\/\/api.w.org\/{rel}","templated":true}]}}