{"id":7395,"date":"2025-11-17T22:26:43","date_gmt":"2025-11-17T22:26:43","guid":{"rendered":"https:\/\/www.geodirect.nl\/datenschutzerklaerung\/"},"modified":"2026-02-23T11:58:06","modified_gmt":"2026-02-23T11:58:06","slug":"datenschutzerklaerung","status":"publish","type":"page","link":"https:\/\/www.geodirect.nl\/de\/datenschutzerklaerung\/","title":{"rendered":"Datenschutzerkl\u00e4rung"},"content":{"rendered":"\t\t<div data-elementor-type=\"wp-page\" data-elementor-id=\"7395\" class=\"elementor elementor-7395 elementor-2022\" data-elementor-post-type=\"page\">\n\t\t\t\t<div class=\"elementor-element elementor-element-618aa799 e-con-full e-flex e-con e-parent\" data-id=\"618aa799\" data-element_type=\"container\" data-e-type=\"container\" data-settings=\"{&quot;background_background&quot;:&quot;classic&quot;}\">\n\t\t<div class=\"elementor-element elementor-element-717137c9 e-con-full e-flex e-con e-child\" data-id=\"717137c9\" data-element_type=\"container\" data-e-type=\"container\">\n\t\t\t\t<div class=\"elementor-element elementor-element-5cecd6ee elementor-widget elementor-widget-heading\" data-id=\"5cecd6ee\" data-element_type=\"widget\" data-e-type=\"widget\" data-widget_type=\"heading.default\">\n\t\t\t\t\t<h1 class=\"elementor-heading-title elementor-size-default\">Datenschutzerkl\u00e4rung<\/h1>\t\t\t\t<\/div>\n\t\t\t\t<\/div>\n\t\t<div class=\"elementor-element elementor-element-1302b6d2 e-con-full e-flex e-con e-child\" data-id=\"1302b6d2\" data-element_type=\"container\" data-e-type=\"container\">\n\t\t\t\t<div class=\"elementor-element elementor-element-2e139ed8 elementor-widget elementor-widget-heading\" data-id=\"2e139ed8\" data-element_type=\"widget\" data-e-type=\"widget\" data-widget_type=\"heading.default\">\n\t\t\t\t\t<p class=\"elementor-heading-title elementor-size-default\"><span><span><a href=\"https:\/\/www.geodirect.nl\/de\/home\/\">Startseite<\/a><\/span><\/span>\n<\/p>\t\t\t\t<\/div>\n\t\t\t\t<\/div>\n\t\t\t\t<\/div>\n\t\t<div class=\"elementor-element elementor-element-3338662e e-flex e-con-boxed e-con e-parent\" data-id=\"3338662e\" data-element_type=\"container\" data-e-type=\"container\">\n\t\t\t\t\t<div class=\"e-con-inner\">\n\t\t\t\t<div class=\"elementor-element elementor-element-2c8aa498 elementor-widget elementor-widget-heading\" data-id=\"2c8aa498\" data-element_type=\"widget\" data-e-type=\"widget\" data-widget_type=\"heading.default\">\n\t\t\t\t\t<h2 class=\"elementor-heading-title elementor-size-default\">Datenschutzerkl\u00e4rung Geodirect B.V.\n<\/h2>\t\t\t\t<\/div>\n\t\t\t\t<div class=\"elementor-element elementor-element-36aa080a elementor-widget elementor-widget-text-editor\" data-id=\"36aa080a\" data-element_type=\"widget\" data-e-type=\"widget\" data-widget_type=\"text-editor.default\">\n\t\t\t\t\t\t\t\t\t<div class=\"pr-company-details\"><p><em>zuletzt aktualisiert am 17.01.2022<\/em><\/p><p>Geodirect ist sich bewusst, dass Sie uns Ihr Vertrauen schenken. Wir sehen es daher als unsere Verantwortung an, Ihre Privatsph\u00e4re zu sch\u00fctzen. In dieser Datenschutzerkl\u00e4rung informieren wir Sie dar\u00fcber, welche Daten wir verarbeiten.  <\/p><p><strong>Personenbezogene Daten, die wir verarbeiten<\/strong><br>Geodirect verarbeitet personenbezogene Daten, die Sie uns aktiv zur Verf\u00fcgung stellen, indem Sie unsere Dienste nutzen, sei es vor Abschluss eines Vertrages oder zur Erf\u00fcllung eines Vertrages erforderlich. Geodirect respektiert Ihre Privatsph\u00e4re und sorgt daf\u00fcr, dass die pers\u00f6nlichen Informationen, die Sie uns zur Verf\u00fcgung stellen, vertraulich behandelt werden. Nachfolgend finden Sie eine \u00dcbersicht \u00fcber die von uns verarbeiteten personenbezogenen Daten:  <\/p><ul><li>Vor- und Nachname;<\/li><li>Geschlecht;<\/li><li>Gesch\u00e4ftliche (Mobil-)Telefonnummer;<\/li><li>Gesch\u00e4ftliche E-Mail-Adresse;<\/li><li>Funktion;<\/li><li>Sonstige personenbezogene Daten, die Sie uns aktiv zur Verf\u00fcgung stellen, zum Beispiel durch die Nutzung eines Formulars auf unserer Website sowie durch andere Formen der Korrespondenz oder telefonischen Kontakt.<\/li><\/ul><p><strong>Zu welchem Zweck und auf welcher Grundlage wir personenbezogene Daten verarbeiten<\/strong><br>Geodirect verarbeitet Ihre personenbezogenen Daten, die auf Ihre Anfrage hin vor Abschluss eines Vertrages und zur Erf\u00fcllung eines Vertrages erforderlich sind, zu folgenden Zwecken:<\/p><ul><li>Erteilung von (Kauf-)Beratung;<\/li><li>Versand eines Angebots;<\/li><li>Ausf\u00fchrung eines Auftrags einschlie\u00dflich der Lieferung von Waren, Dienstleistungen und der Abwicklung Ihrer Zahlung;<\/li><li>Um Sie \u00fcber Produktaktualisierungen und \u00c4nderungen unserer Dienstleistungen zu informieren;<\/li><li>Um Sie bei Bedarf anrufen oder per E-Mail kontaktieren zu k\u00f6nnen, um unsere Dienstleistungen zu erbringen;<\/li><li>Geodirect verarbeitet auch personenbezogene Daten, wenn wir gesetzlich dazu verpflichtet sind, wie zum Beispiel Daten, die wir f\u00fcr die Steuererkl\u00e4rung ben\u00f6tigen;<\/li><li>Wir k\u00f6nnen Ihre personenbezogenen Daten auch f\u00fcr interne Zwecke wie Audits, Datenanalysen und Forschung verwenden, um Produkte, Dienstleistungen und Kommunikation zu verbessern.<\/li><\/ul><p><strong>Wie lange wir personenbezogene Daten aufbewahren<\/strong><br>Geodirect bewahrt Ihre personenbezogenen Daten nicht l\u00e4nger auf, als es f\u00fcr die Erreichung der Zwecke, f\u00fcr die Ihre Daten erhoben werden, unbedingt erforderlich ist.<\/p><p><strong>Weitergabe personenbezogener Daten an Dritte<\/strong><br>Geodirect verkauft Ihre Daten nicht an Dritte und gibt sie nur weiter, wenn dies f\u00fcr die Erf\u00fcllung unseres Vertrages mit Ihnen erforderlich ist oder um einer gesetzlichen Verpflichtung nachzukommen. Mit Unternehmen, die Ihre Daten in unserem Auftrag verarbeiten, schlie\u00dfen wir einen Auftragsverarbeitungsvertrag ab, um das gleiche Ma\u00df an Sicherheit und Vertraulichkeit Ihrer Daten zu gew\u00e4hrleisten. Geodirect bleibt f\u00fcr diese Verarbeitungen verantwortlich.  <\/p><p><strong>Daten einsehen, anpassen oder l\u00f6schen<\/strong><br>Sie haben jederzeit das Recht, Ihre personenbezogenen Daten einzusehen, zu korrigieren oder zu l\u00f6schen. Einen Antrag auf Einsichtnahme, Korrektur oder L\u00f6schung Ihrer personenbezogenen Daten k\u00f6nnen Sie \u00fcber das <a href=\"https:\/\/www.geodirect.nl\/de\/kontakt\/\">Kontaktformular<\/a> stellen. Um sicherzustellen, dass der Antrag auf Einsichtnahme von Ihnen stammt, bitten wir Sie, dem Antrag eine Kopie Ihres Identit\u00e4tsnachweises beizuf\u00fcgen. Zum Schutz Ihrer Privatsph\u00e4re bitten wir Sie, in dieser Kopie Ihr Passfoto, die MRZ, die Passnummer und die B\u00fcrgerservicenummer (BSN) unkenntlich zu machen. Geodirect wird so schnell wie m\u00f6glich, innerhalb einer Frist von vier Wochen, auf Ihre Anfrage reagieren. Geodirect m\u00f6chte Sie zudem darauf hinweisen, dass Sie die M\u00f6glichkeit haben, eine Beschwerde bei der nationalen Aufsichtsbeh\u00f6rde, der niederl\u00e4ndischen Datenschutzbeh\u00f6rde (Autoriteit Persoonsgegevens), einzureichen.     <\/p><p><strong>Von uns verwendete Cookies und Websites Dritter<\/strong><br>Geodirect verwendet nur technische, funktionale und analytische Cookies, die Ihre Privatsph\u00e4re nicht verletzen. Ein Cookie ist eine kleine Textdatei, die beim ersten Besuch unserer Website auf Ihrem Computer, Tablet oder Smartphone gespeichert wird. Die von uns verwendeten Cookies sind f\u00fcr den technischen Betrieb der Website und Ihren Benutzerkomfort erforderlich. Sie sorgen daf\u00fcr, dass die Website ordnungsgem\u00e4\u00df funktioniert und optimiert werden kann. Die meisten Browser sind standardm\u00e4\u00dfig so eingestellt, dass sie Cookies akzeptieren. Sie k\u00f6nnen Ihren Browser jedoch so einstellen, dass er Cookies ablehnt oder anzeigt, wenn ein Cookie gesendet wird. Dar\u00fcber hinaus k\u00f6nnen Sie auch Informationen, die zuvor gespeichert wurden, \u00fcber die Einstellungen Ihres Browsers l\u00f6schen.     <\/p><p>Die Websites, Produkte und Dienstleistungen von Geodirect k\u00f6nnen Links zu Websites, Produkten und Dienstleistungen Dritter enthalten. Daten, die von Dritten gesammelt werden und personenbezogene Daten enthalten k\u00f6nnen, unterliegen deren Datenschutzbestimmungen. Wir empfehlen Ihnen, die Datenschutzbestimmungen dieser Dritten zur Kenntnis zu nehmen. Geodirect ist nicht verantwortlich oder haftbar f\u00fcr die Verwendung von Cookies auf Websites Dritter, auf die Sie als Besucher verlinken k\u00f6nnen, oder auf Social-Media-Kan\u00e4len wie YouTube, Twitter, LinkedIn und Facebook.   <\/p><p><strong>Wie wir personenbezogene Daten sch\u00fctzen<\/strong><br>Geodirect nimmt den Schutz Ihrer Daten ernst und trifft angemessene Ma\u00dfnahmen, um Missbrauch, Verlust, unbefugten Zugriff, unerw\u00fcnschte Offenlegung und unbefugte \u00c4nderung zu verhindern. Wir kommunizieren unsere Datenschutz- und Sicherheitsrichtlinien an alle Mitarbeiter von Geodirect und setzen strenge Ma\u00dfnahmen innerhalb des Unternehmens um, um die Sicherheit Ihrer personenbezogenen Daten zu gew\u00e4hrleisten. Wenn Sie den Eindruck haben, dass Ihre Daten nicht ordnungsgem\u00e4\u00df gesichert sind oder Hinweise auf Missbrauch vorliegen, nehmen Sie bitte <a href=\"https:\/\/www.geodirect.nl\/de\/kontakt\/\">Kontakt<\/a> mit uns auf.  <\/p><\/div>\t\t\t\t\t\t\t\t<\/div>\n\t\t\t\t\t<\/div>\n\t\t\t\t<\/div>\n\t\t\t\t<\/div>\n\t\t","protected":false},"excerpt":{"rendered":"<p>Datenschutzerkl\u00e4rung Datenschutzerkl\u00e4rung Geodirect B.V. zuletzt aktualisiert am 17.01.2022 Geodirect ist sich bewusst, dass Sie uns Ihr Vertrauen schenken. Wir sehen es daher als unsere Verantwortung an, Ihre Privatsph\u00e4re zu sch\u00fctzen. In dieser Datenschutzerkl\u00e4rung informieren wir Sie dar\u00fcber, welche Daten wir verarbeiten. Personenbezogene Daten, die wir verarbeitenGeodirect verarbeitet personenbezogene Daten, die Sie uns aktiv zur Verf\u00fcgung [&hellip;]<\/p>\n","protected":false},"author":1,"featured_media":0,"parent":0,"menu_order":0,"comment_status":"closed","ping_status":"closed","template":"","meta":{"_acf_changed":false,"content-type":"","footnotes":""},"class_list":["post-7395","page","type-page","status-publish","hentry"],"acf":[],"yoast_head":"<!-- This site is optimized with the Yoast SEO plugin v27.3 - https:\/\/yoast.com\/product\/yoast-seo-wordpress\/ -->\n<title>Datenschutzerkl\u00e4rung - Geodirect<\/title>\n<meta name=\"description\" content=\"Erfahren Sie hier mehr \u00fcber die Datenschutzerkl\u00e4rung, die f\u00fcr die gesamte Kommunikation mit Geodirect gilt.\" \/>\n<meta name=\"robots\" content=\"index, follow, max-snippet:-1, max-image-preview:large, max-video-preview:-1\" \/>\n<link rel=\"canonical\" href=\"https:\/\/www.geodirect.nl\/de\/datenschutzerklaerung\/\" \/>\n<meta property=\"og:locale\" content=\"de_DE\" \/>\n<meta property=\"og:type\" content=\"article\" \/>\n<meta property=\"og:title\" content=\"Datenschutzerkl\u00e4rung - Geodirect\" \/>\n<meta property=\"og:description\" content=\"Erfahren Sie hier mehr \u00fcber die Datenschutzerkl\u00e4rung, die f\u00fcr die gesamte Kommunikation mit Geodirect gilt.\" \/>\n<meta property=\"og:url\" content=\"https:\/\/www.geodirect.nl\/de\/datenschutzerklaerung\/\" \/>\n<meta property=\"og:site_name\" content=\"Geodirect\" \/>\n<meta property=\"article:modified_time\" content=\"2026-02-23T11:58:06+00:00\" \/>\n<meta name=\"twitter:card\" content=\"summary_large_image\" \/>\n<meta name=\"twitter:label1\" content=\"Gesch\u00e4tzte Lesezeit\" \/>\n\t<meta name=\"twitter:data1\" content=\"4 Minuten\" \/>\n<script type=\"application\/ld+json\" class=\"yoast-schema-graph\">{\"@context\":\"https:\\\/\\\/schema.org\",\"@graph\":[{\"@type\":\"WebPage\",\"@id\":\"https:\\\/\\\/www.geodirect.nl\\\/de\\\/datenschutzerklaerung\\\/\",\"url\":\"https:\\\/\\\/www.geodirect.nl\\\/de\\\/datenschutzerklaerung\\\/\",\"name\":\"Datenschutzerkl\u00e4rung - Geodirect\",\"isPartOf\":{\"@id\":\"https:\\\/\\\/www.geodirect.nl\\\/de\\\/#website\"},\"datePublished\":\"2025-11-17T22:26:43+00:00\",\"dateModified\":\"2026-02-23T11:58:06+00:00\",\"description\":\"Erfahren Sie hier mehr \u00fcber die Datenschutzerkl\u00e4rung, die f\u00fcr die gesamte Kommunikation mit Geodirect gilt.\",\"breadcrumb\":{\"@id\":\"https:\\\/\\\/www.geodirect.nl\\\/de\\\/datenschutzerklaerung\\\/#breadcrumb\"},\"inLanguage\":\"de\",\"potentialAction\":[{\"@type\":\"ReadAction\",\"target\":[\"https:\\\/\\\/www.geodirect.nl\\\/de\\\/datenschutzerklaerung\\\/\"]}]},{\"@type\":\"BreadcrumbList\",\"@id\":\"https:\\\/\\\/www.geodirect.nl\\\/de\\\/datenschutzerklaerung\\\/#breadcrumb\",\"itemListElement\":[{\"@type\":\"ListItem\",\"position\":1,\"name\":\"Startseite\",\"item\":\"https:\\\/\\\/www.geodirect.nl\\\/de\\\/home\\\/\"},{\"@type\":\"ListItem\",\"position\":2,\"name\":\"Datenschutzerkl\u00e4rung\"}]},{\"@type\":\"WebSite\",\"@id\":\"https:\\\/\\\/www.geodirect.nl\\\/de\\\/#website\",\"url\":\"https:\\\/\\\/www.geodirect.nl\\\/de\\\/\",\"name\":\"Geodirect\",\"description\":\"Technologie die vooruitgang drijft\",\"publisher\":{\"@id\":\"https:\\\/\\\/www.geodirect.nl\\\/de\\\/#organization\"},\"potentialAction\":[{\"@type\":\"SearchAction\",\"target\":{\"@type\":\"EntryPoint\",\"urlTemplate\":\"https:\\\/\\\/www.geodirect.nl\\\/de\\\/?s={search_term_string}\"},\"query-input\":{\"@type\":\"PropertyValueSpecification\",\"valueRequired\":true,\"valueName\":\"search_term_string\"}}],\"inLanguage\":\"de\"},{\"@type\":\"Organization\",\"@id\":\"https:\\\/\\\/www.geodirect.nl\\\/de\\\/#organization\",\"name\":\"Geodirect B.V.\",\"url\":\"https:\\\/\\\/www.geodirect.nl\\\/de\\\/\",\"logo\":{\"@type\":\"ImageObject\",\"inLanguage\":\"de\",\"@id\":\"https:\\\/\\\/www.geodirect.nl\\\/de\\\/#\\\/schema\\\/logo\\\/image\\\/\",\"url\":\"https:\\\/\\\/www.geodirect.nl\\\/wp-content\\\/uploads\\\/2025\\\/11\\\/87b06f73c1509d1450fec3e50f610637829b3ada-1.png\",\"contentUrl\":\"https:\\\/\\\/www.geodirect.nl\\\/wp-content\\\/uploads\\\/2025\\\/11\\\/87b06f73c1509d1450fec3e50f610637829b3ada-1.png\",\"width\":239,\"height\":159,\"caption\":\"Geodirect B.V.\"},\"image\":{\"@id\":\"https:\\\/\\\/www.geodirect.nl\\\/de\\\/#\\\/schema\\\/logo\\\/image\\\/\"}}]}<\/script>\n<!-- \/ Yoast SEO plugin. -->","yoast_head_json":{"title":"Datenschutzerkl\u00e4rung - Geodirect","description":"Erfahren Sie hier mehr \u00fcber die Datenschutzerkl\u00e4rung, die f\u00fcr die gesamte Kommunikation mit Geodirect gilt.","robots":{"index":"index","follow":"follow","max-snippet":"max-snippet:-1","max-image-preview":"max-image-preview:large","max-video-preview":"max-video-preview:-1"},"canonical":"https:\/\/www.geodirect.nl\/de\/datenschutzerklaerung\/","og_locale":"de_DE","og_type":"article","og_title":"Datenschutzerkl\u00e4rung - Geodirect","og_description":"Erfahren Sie hier mehr \u00fcber die Datenschutzerkl\u00e4rung, die f\u00fcr die gesamte Kommunikation mit Geodirect gilt.","og_url":"https:\/\/www.geodirect.nl\/de\/datenschutzerklaerung\/","og_site_name":"Geodirect","article_modified_time":"2026-02-23T11:58:06+00:00","twitter_card":"summary_large_image","twitter_misc":{"Gesch\u00e4tzte Lesezeit":"4 Minuten"},"schema":{"@context":"https:\/\/schema.org","@graph":[{"@type":"WebPage","@id":"https:\/\/www.geodirect.nl\/de\/datenschutzerklaerung\/","url":"https:\/\/www.geodirect.nl\/de\/datenschutzerklaerung\/","name":"Datenschutzerkl\u00e4rung - Geodirect","isPartOf":{"@id":"https:\/\/www.geodirect.nl\/de\/#website"},"datePublished":"2025-11-17T22:26:43+00:00","dateModified":"2026-02-23T11:58:06+00:00","description":"Erfahren Sie hier mehr \u00fcber die Datenschutzerkl\u00e4rung, die f\u00fcr die gesamte Kommunikation mit Geodirect gilt.","breadcrumb":{"@id":"https:\/\/www.geodirect.nl\/de\/datenschutzerklaerung\/#breadcrumb"},"inLanguage":"de","potentialAction":[{"@type":"ReadAction","target":["https:\/\/www.geodirect.nl\/de\/datenschutzerklaerung\/"]}]},{"@type":"BreadcrumbList","@id":"https:\/\/www.geodirect.nl\/de\/datenschutzerklaerung\/#breadcrumb","itemListElement":[{"@type":"ListItem","position":1,"name":"Startseite","item":"https:\/\/www.geodirect.nl\/de\/home\/"},{"@type":"ListItem","position":2,"name":"Datenschutzerkl\u00e4rung"}]},{"@type":"WebSite","@id":"https:\/\/www.geodirect.nl\/de\/#website","url":"https:\/\/www.geodirect.nl\/de\/","name":"Geodirect","description":"Technologie die vooruitgang drijft","publisher":{"@id":"https:\/\/www.geodirect.nl\/de\/#organization"},"potentialAction":[{"@type":"SearchAction","target":{"@type":"EntryPoint","urlTemplate":"https:\/\/www.geodirect.nl\/de\/?s={search_term_string}"},"query-input":{"@type":"PropertyValueSpecification","valueRequired":true,"valueName":"search_term_string"}}],"inLanguage":"de"},{"@type":"Organization","@id":"https:\/\/www.geodirect.nl\/de\/#organization","name":"Geodirect B.V.","url":"https:\/\/www.geodirect.nl\/de\/","logo":{"@type":"ImageObject","inLanguage":"de","@id":"https:\/\/www.geodirect.nl\/de\/#\/schema\/logo\/image\/","url":"https:\/\/www.geodirect.nl\/wp-content\/uploads\/2025\/11\/87b06f73c1509d1450fec3e50f610637829b3ada-1.png","contentUrl":"https:\/\/www.geodirect.nl\/wp-content\/uploads\/2025\/11\/87b06f73c1509d1450fec3e50f610637829b3ada-1.png","width":239,"height":159,"caption":"Geodirect B.V."},"image":{"@id":"https:\/\/www.geodirect.nl\/de\/#\/schema\/logo\/image\/"}}]}},"_links":{"self":[{"href":"https:\/\/www.geodirect.nl\/de\/wp-json\/wp\/v2\/pages\/7395","targetHints":{"allow":["GET"]}}],"collection":[{"href":"https:\/\/www.geodirect.nl\/de\/wp-json\/wp\/v2\/pages"}],"about":[{"href":"https:\/\/www.geodirect.nl\/de\/wp-json\/wp\/v2\/types\/page"}],"author":[{"embeddable":true,"href":"https:\/\/www.geodirect.nl\/de\/wp-json\/wp\/v2\/users\/1"}],"replies":[{"embeddable":true,"href":"https:\/\/www.geodirect.nl\/de\/wp-json\/wp\/v2\/comments?post=7395"}],"version-history":[{"count":4,"href":"https:\/\/www.geodirect.nl\/de\/wp-json\/wp\/v2\/pages\/7395\/revisions"}],"predecessor-version":[{"id":10024,"href":"https:\/\/www.geodirect.nl\/de\/wp-json\/wp\/v2\/pages\/7395\/revisions\/10024"}],"wp:attachment":[{"href":"https:\/\/www.geodirect.nl\/de\/wp-json\/wp\/v2\/media?parent=7395"}],"curies":[{"name":"wp","href":"https:\/\/api.w.org\/{rel}","templated":true}]}}