{"id":7520,"date":"2025-11-27T11:13:05","date_gmt":"2025-11-27T11:13:05","guid":{"rendered":"https:\/\/www.geodirect.nl\/bleiben-sie-ueber-die-neuesten-nachrichten-von-geodirect-auf-dem-laufenden\/"},"modified":"2026-02-23T06:37:13","modified_gmt":"2026-02-23T06:37:13","slug":"bleiben-sie-ueber-die-neuesten-nachrichten-von-geodirect-auf-dem-laufenden","status":"publish","type":"page","link":"https:\/\/www.geodirect.nl\/de\/bleiben-sie-ueber-die-neuesten-nachrichten-von-geodirect-auf-dem-laufenden\/","title":{"rendered":"Bleiben Sie \u00fcber die neuesten Nachrichten von Geodirect auf dem Laufenden!"},"content":{"rendered":"\t\t<div data-elementor-type=\"wp-page\" data-elementor-id=\"7520\" class=\"elementor elementor-7520 elementor-6099\" data-elementor-post-type=\"page\">\n\t\t\t\t<div class=\"elementor-element elementor-element-26b9e82b e-con-full e-flex e-con e-parent\" data-id=\"26b9e82b\" data-element_type=\"container\" data-e-type=\"container\" data-settings=\"{&quot;background_background&quot;:&quot;classic&quot;}\">\n\t\t<div class=\"elementor-element elementor-element-342bf6e5 e-con-full e-flex e-con e-child\" data-id=\"342bf6e5\" data-element_type=\"container\" data-e-type=\"container\">\n\t\t\t\t<div class=\"elementor-element elementor-element-51e912ee elementor-widget elementor-widget-heading\" data-id=\"51e912ee\" data-element_type=\"widget\" data-e-type=\"widget\" data-widget_type=\"heading.default\">\n\t\t\t\t\t<h1 class=\"elementor-heading-title elementor-size-default\">Bleiben Sie \u00fcber die neuesten Nachrichten von Geodirect auf dem Laufenden!<\/h1>\t\t\t\t<\/div>\n\t\t\t\t<div class=\"elementor-element elementor-element-2e98b0de elementor-widget__width-initial elementor-widget elementor-widget-heading\" data-id=\"2e98b0de\" data-element_type=\"widget\" data-e-type=\"widget\" data-widget_type=\"heading.default\">\n\t\t\t\t\t<p class=\"elementor-heading-title elementor-size-default\">Melden Sie sich f\u00fcr unseren monatlichen Newsletter voller Innovationen und exklusiver Einblicke aus der Praxis an.<\/p>\t\t\t\t<\/div>\n\t\t\t\t<\/div>\n\t\t<div class=\"elementor-element elementor-element-60c3cf2a e-con-full e-flex e-con e-child\" data-id=\"60c3cf2a\" data-element_type=\"container\" data-e-type=\"container\">\n\t\t\t\t<div class=\"elementor-element elementor-element-5ea76668 elementor-widget elementor-widget-heading\" data-id=\"5ea76668\" data-element_type=\"widget\" data-e-type=\"widget\" data-widget_type=\"heading.default\">\n\t\t\t\t\t<p class=\"elementor-heading-title elementor-size-default\"><span><span><a href=\"https:\/\/www.geodirect.nl\/de\/home\/\">Startseite<\/a><\/span><\/span>\n<\/p>\t\t\t\t<\/div>\n\t\t\t\t<\/div>\n\t\t\t\t<\/div>\n\t\t<div class=\"elementor-element elementor-element-765157e6 e-flex e-con-boxed e-con e-parent\" data-id=\"765157e6\" data-element_type=\"container\" data-e-type=\"container\">\n\t\t\t\t\t<div class=\"e-con-inner\">\n\t\t<div class=\"elementor-element elementor-element-465d9288 e-con-full e-flex e-con e-child\" data-id=\"465d9288\" data-element_type=\"container\" data-e-type=\"container\">\n\t\t\t\t<div class=\"elementor-element elementor-element-472038d4 elementor-widget elementor-widget-heading\" data-id=\"472038d4\" data-element_type=\"widget\" data-e-type=\"widget\" data-widget_type=\"heading.default\">\n\t\t\t\t\t<p class=\"elementor-heading-title elementor-size-default\">Newsletter<\/p>\t\t\t\t<\/div>\n\t\t\t\t<div class=\"elementor-element elementor-element-610fe4e9 elementor-widget elementor-widget-heading\" data-id=\"610fe4e9\" data-element_type=\"widget\" data-e-type=\"widget\" data-widget_type=\"heading.default\">\n\t\t\t\t\t<h2 class=\"elementor-heading-title elementor-size-default\">Melden Sie sich f\u00fcr unseren Newsletter an!<\/h2>\t\t\t\t<\/div>\n\t\t\t\t<\/div>\n\t\t\t\t<div class=\"elementor-element elementor-element-9e8dddf elementor-widget elementor-widget-text-editor\" data-id=\"9e8dddf\" data-element_type=\"widget\" data-e-type=\"widget\" data-widget_type=\"text-editor.default\">\n\t\t\t\t\t\t\t\t\t<p>Bleiben Sie auf dem Laufenden mit praktischen Tipps, Produkt-Updates und Schulungen, um mehr aus Ihren Mess-, GIS- und Survey-L\u00f6sungen herauszuholen. Erhalten Sie Einblicke aus der Praxis, exklusive Angebote, Fallstudien von Profis und die neuesten Erkenntnisse \u00fcber neue Workflows, die Ihre t\u00e4gliche Arbeit schneller und pr\u00e4ziser machen. <\/p>\t\t\t\t\t\t\t\t<\/div>\n\t\t<div class=\"elementor-element elementor-element-6eab9dc5 e-con-full e-flex e-con e-child\" data-id=\"6eab9dc5\" data-element_type=\"container\" data-e-type=\"container\">\n\t\t<div class=\"elementor-element elementor-element-8dc4e18 e-con-full e-flex e-con e-child\" data-id=\"8dc4e18\" data-element_type=\"container\" data-e-type=\"container\" data-settings=\"{&quot;background_background&quot;:&quot;classic&quot;}\">\n\t\t<div class=\"elementor-element elementor-element-552fd43 e-con-full e-flex e-con e-child\" data-id=\"552fd43\" data-element_type=\"container\" data-e-type=\"container\">\n\t\t\t\t<div class=\"elementor-element elementor-element-8765e0b elementor-widget elementor-widget-heading\" data-id=\"8765e0b\" data-element_type=\"widget\" data-e-type=\"widget\" data-widget_type=\"heading.default\">\n\t\t\t\t\t<h2 class=\"elementor-heading-title elementor-size-default\">\u00dcber alle aktuellen Entwicklungen auf dem Laufenden bleiben?<\/h2>\t\t\t\t<\/div>\n\t\t\t\t<div class=\"elementor-element elementor-element-873f30a elementor-widget elementor-widget-text-editor\" data-id=\"873f30a\" data-element_type=\"widget\" data-e-type=\"widget\" data-widget_type=\"text-editor.default\">\n\t\t\t\t\t\t\t\t\t<p>Melden Sie sich jetzt f\u00fcr unseren <strong>monatlichen Newsletter<\/strong> voller Innovationen und exklusiver Einblicke aus der Praxis an.<\/p>\t\t\t\t\t\t\t\t<\/div>\n\t\t\t\t<div class=\"elementor-element elementor-element-0ea5241 elementor-button-align-start elementor-widget elementor-widget-form\" data-id=\"0ea5241\" data-element_type=\"widget\" data-e-type=\"widget\" data-settings=\"{&quot;button_width&quot;:&quot;33&quot;,&quot;button_width_mobile_extra&quot;:&quot;100&quot;,&quot;step_next_label&quot;:&quot;Weiter&quot;,&quot;step_previous_label&quot;:&quot;Zur\\u00fcck&quot;,&quot;step_type&quot;:&quot;number_text&quot;,&quot;step_icon_shape&quot;:&quot;circle&quot;}\" data-widget_type=\"form.default\">\n\t\t\t\t\t\t\t<form class=\"elementor-form\" method=\"post\" name=\"Neues Formular\" aria-label=\"Neues Formular\">\n\t\t\t<input type=\"hidden\" name=\"post_id\" value=\"7520\"\/>\n\t\t\t<input type=\"hidden\" name=\"form_id\" value=\"0ea5241\"\/>\n\t\t\t<input type=\"hidden\" name=\"referer_title\" value=\"Geodirect\" \/>\n\n\t\t\t\n\t\t\t<div class=\"elementor-form-fields-wrapper elementor-labels-above\">\n\t\t\t\t\t\t\t\t<div class=\"elementor-field-type-text elementor-field-group elementor-column elementor-field-group-name elementor-col-33\">\n\t\t\t\t\t\t\t\t\t\t\t\t\t<input size=\"1\" type=\"text\" name=\"form_fields[name]\" id=\"form-field-name\" class=\"elementor-field elementor-size-md  elementor-field-textual\" placeholder=\"Name\">\n\t\t\t\t\t\t\t\t\t\t\t<\/div>\n\t\t\t\t\t\t\t\t<div class=\"elementor-field-type-email elementor-field-group elementor-column elementor-field-group-email elementor-col-33 elementor-field-required\">\n\t\t\t\t\t\t\t\t\t\t\t\t\t<input size=\"1\" type=\"email\" name=\"form_fields[email]\" id=\"form-field-email\" class=\"elementor-field elementor-size-md  elementor-field-textual\" placeholder=\"E-Mail\" required=\"required\">\n\t\t\t\t\t\t\t\t\t\t\t<\/div>\n\t\t\t\t\t\t\t\t<div class=\"elementor-field-group elementor-column elementor-field-type-submit elementor-col-33 e-form__buttons\">\n\t\t\t\t\t<button class=\"elementor-button elementor-size-md\" type=\"submit\">\n\t\t\t\t\t\t<span class=\"elementor-button-content-wrapper\">\n\t\t\t\t\t\t\t\t\t\t\t\t\t\t\t\t\t\t\t\t\t\t<span class=\"elementor-button-text\">Anmelden<\/span>\n\t\t\t\t\t\t\t\t\t\t\t\t\t<\/span>\n\t\t\t\t\t<\/button>\n\t\t\t\t<\/div>\n\t\t\t<\/div>\n\t\t<\/form>\n\t\t\t\t\t\t<\/div>\n\t\t\t\t<\/div>\n\t\t<div class=\"elementor-element elementor-element-51ea33b e-con-full e-flex e-con e-child\" data-id=\"51ea33b\" data-element_type=\"container\" data-e-type=\"container\">\n\t\t\t\t<div class=\"elementor-element elementor-element-52e5ee1 elementor-absolute elementor-widget elementor-widget-image\" data-id=\"52e5ee1\" data-element_type=\"widget\" data-e-type=\"widget\" data-settings=\"{&quot;_position&quot;:&quot;absolute&quot;}\" data-widget_type=\"image.default\">\n\t\t\t\t\t\t\t\t\t\t\t\t\t\t\t<img fetchpriority=\"high\" decoding=\"async\" width=\"300\" height=\"352\" src=\"https:\/\/www.geodirect.nl\/wp-content\/uploads\/2025\/11\/47f33e1d2bf645d45ea64951d0b9ff3e0804a60a.png\" class=\"attachment-large size-large wp-image-7110\" alt=\"\" srcset=\"https:\/\/www.geodirect.nl\/wp-content\/uploads\/2025\/11\/47f33e1d2bf645d45ea64951d0b9ff3e0804a60a.png 300w, https:\/\/www.geodirect.nl\/wp-content\/uploads\/2025\/11\/47f33e1d2bf645d45ea64951d0b9ff3e0804a60a-256x300.png 256w\" sizes=\"(max-width: 300px) 100vw, 300px\" \/>\t\t\t\t\t\t\t\t\t\t\t\t\t\t\t<\/div>\n\t\t\t\t<\/div>\n\t\t\t\t<\/div>\n\t\t\t\t<\/div>\n\t\t\t\t\t<\/div>\n\t\t\t\t<\/div>\n\t\t<div class=\"elementor-element elementor-element-782e9f78 e-flex e-con-boxed e-con e-parent\" data-id=\"782e9f78\" data-element_type=\"container\" data-e-type=\"container\" data-settings=\"{&quot;background_background&quot;:&quot;classic&quot;}\">\n\t\t\t\t\t<div class=\"e-con-inner\">\n\t\t<div class=\"elementor-element elementor-element-10642f69 e-con-full e-flex e-con e-child\" data-id=\"10642f69\" data-element_type=\"container\" data-e-type=\"container\">\n\t\t\t\t<div class=\"elementor-element elementor-element-49166eba elementor-widget elementor-widget-text-editor\" data-id=\"49166eba\" data-element_type=\"widget\" data-e-type=\"widget\" data-widget_type=\"text-editor.default\">\n\t\t\t\t\t\t\t\t\t<p>Aus der Luft, vom Boden aus, unter Wasser und im Boden \u2013 wir helfen Ihnen, die Realit\u00e4t zu erfassen. Mit innovativen Messl\u00f6sungen und Fachwissen, das Technologie in der Praxis wirklich zum Laufen bringt. <\/p>\t\t\t\t\t\t\t\t<\/div>\n\t\t\t\t<\/div>\n\t\t\t\t\t<\/div>\n\t\t\t\t<\/div>\n\t\t\t\t<\/div>\n\t\t","protected":false},"excerpt":{"rendered":"<p>Melden Sie sich f\u00fcr unseren monatlichen Newsletter voller Innovationen und exklusiver Einblicke aus der Praxis an. Newsletter Melden Sie sich f\u00fcr unseren Newsletter an! Bleiben Sie auf dem Laufenden mit praktischen Tipps, Produkt-Updates und Schulungen, um mehr aus Ihren Mess-, GIS- und Survey-L\u00f6sungen herauszuholen. Erhalten Sie Einblicke aus der Praxis, exklusive Angebote, Fallstudien von Profis [&hellip;]<\/p>\n","protected":false},"author":1,"featured_media":7521,"parent":0,"menu_order":0,"comment_status":"closed","ping_status":"closed","template":"","meta":{"_acf_changed":false,"content-type":"","footnotes":""},"class_list":["post-7520","page","type-page","status-publish","has-post-thumbnail","hentry"],"acf":[],"yoast_head":"<!-- This site is optimized with the Yoast SEO plugin v27.3 - https:\/\/yoast.com\/product\/yoast-seo-wordpress\/ -->\n<title>Bleiben Sie \u00fcber die neuesten Nachrichten von Geodirect auf dem Laufenden! - Geodirect<\/title>\n<meta name=\"description\" content=\"Bleiben Sie \u00fcber die neuesten Nachrichten von Geodirect auf dem Laufenden. Melden Sie sich hier f\u00fcr unseren Newsletter an und erhalten Sie monatlich exklusive Einblicke &amp; Angebote!\" \/>\n<meta name=\"robots\" content=\"index, follow, max-snippet:-1, max-image-preview:large, max-video-preview:-1\" \/>\n<link rel=\"canonical\" href=\"https:\/\/www.geodirect.nl\/de\/bleiben-sie-ueber-die-neuesten-nachrichten-von-geodirect-auf-dem-laufenden\/\" \/>\n<meta property=\"og:locale\" content=\"de_DE\" \/>\n<meta property=\"og:type\" content=\"article\" \/>\n<meta property=\"og:title\" content=\"Bleiben Sie \u00fcber die neuesten Nachrichten von Geodirect auf dem Laufenden! - Geodirect\" \/>\n<meta property=\"og:description\" content=\"Bleiben Sie \u00fcber die neuesten Nachrichten von Geodirect auf dem Laufenden. Melden Sie sich hier f\u00fcr unseren Newsletter an und erhalten Sie monatlich exklusive Einblicke &amp; Angebote!\" \/>\n<meta property=\"og:url\" content=\"https:\/\/www.geodirect.nl\/de\/bleiben-sie-ueber-die-neuesten-nachrichten-von-geodirect-auf-dem-laufenden\/\" \/>\n<meta property=\"og:site_name\" content=\"Geodirect\" \/>\n<meta property=\"article:modified_time\" content=\"2026-02-23T06:37:13+00:00\" \/>\n<meta property=\"og:image\" content=\"https:\/\/www.geodirect.nl\/wp-content\/uploads\/2025\/11\/geodirect-megamenu-office.jpg\" \/>\n\t<meta property=\"og:image:width\" content=\"1200\" \/>\n\t<meta property=\"og:image:height\" content=\"800\" \/>\n\t<meta property=\"og:image:type\" content=\"image\/jpeg\" \/>\n<meta name=\"twitter:card\" content=\"summary_large_image\" \/>\n<meta name=\"twitter:label1\" content=\"Gesch\u00e4tzte Lesezeit\" \/>\n\t<meta name=\"twitter:data1\" content=\"1\u00a0Minute\" \/>\n<script type=\"application\/ld+json\" class=\"yoast-schema-graph\">{\"@context\":\"https:\\\/\\\/schema.org\",\"@graph\":[{\"@type\":\"WebPage\",\"@id\":\"https:\\\/\\\/www.geodirect.nl\\\/de\\\/bleiben-sie-ueber-die-neuesten-nachrichten-von-geodirect-auf-dem-laufenden\\\/\",\"url\":\"https:\\\/\\\/www.geodirect.nl\\\/de\\\/bleiben-sie-ueber-die-neuesten-nachrichten-von-geodirect-auf-dem-laufenden\\\/\",\"name\":\"Bleiben Sie \u00fcber die neuesten Nachrichten von Geodirect auf dem Laufenden! - Geodirect\",\"isPartOf\":{\"@id\":\"https:\\\/\\\/www.geodirect.nl\\\/de\\\/#website\"},\"primaryImageOfPage\":{\"@id\":\"https:\\\/\\\/www.geodirect.nl\\\/de\\\/bleiben-sie-ueber-die-neuesten-nachrichten-von-geodirect-auf-dem-laufenden\\\/#primaryimage\"},\"image\":{\"@id\":\"https:\\\/\\\/www.geodirect.nl\\\/de\\\/bleiben-sie-ueber-die-neuesten-nachrichten-von-geodirect-auf-dem-laufenden\\\/#primaryimage\"},\"thumbnailUrl\":\"https:\\\/\\\/www.geodirect.nl\\\/wp-content\\\/uploads\\\/2025\\\/11\\\/geodirect-megamenu-office.jpg\",\"datePublished\":\"2025-11-27T11:13:05+00:00\",\"dateModified\":\"2026-02-23T06:37:13+00:00\",\"description\":\"Bleiben Sie \u00fcber die neuesten Nachrichten von Geodirect auf dem Laufenden. Melden Sie sich hier f\u00fcr unseren Newsletter an und erhalten Sie monatlich exklusive Einblicke & Angebote!\",\"breadcrumb\":{\"@id\":\"https:\\\/\\\/www.geodirect.nl\\\/de\\\/bleiben-sie-ueber-die-neuesten-nachrichten-von-geodirect-auf-dem-laufenden\\\/#breadcrumb\"},\"inLanguage\":\"de\",\"potentialAction\":[{\"@type\":\"ReadAction\",\"target\":[\"https:\\\/\\\/www.geodirect.nl\\\/de\\\/bleiben-sie-ueber-die-neuesten-nachrichten-von-geodirect-auf-dem-laufenden\\\/\"]}]},{\"@type\":\"ImageObject\",\"inLanguage\":\"de\",\"@id\":\"https:\\\/\\\/www.geodirect.nl\\\/de\\\/bleiben-sie-ueber-die-neuesten-nachrichten-von-geodirect-auf-dem-laufenden\\\/#primaryimage\",\"url\":\"https:\\\/\\\/www.geodirect.nl\\\/wp-content\\\/uploads\\\/2025\\\/11\\\/geodirect-megamenu-office.jpg\",\"contentUrl\":\"https:\\\/\\\/www.geodirect.nl\\\/wp-content\\\/uploads\\\/2025\\\/11\\\/geodirect-megamenu-office.jpg\",\"width\":1200,\"height\":800},{\"@type\":\"BreadcrumbList\",\"@id\":\"https:\\\/\\\/www.geodirect.nl\\\/de\\\/bleiben-sie-ueber-die-neuesten-nachrichten-von-geodirect-auf-dem-laufenden\\\/#breadcrumb\",\"itemListElement\":[{\"@type\":\"ListItem\",\"position\":1,\"name\":\"Startseite\",\"item\":\"https:\\\/\\\/www.geodirect.nl\\\/de\\\/home\\\/\"},{\"@type\":\"ListItem\",\"position\":2,\"name\":\"Bleiben Sie \u00fcber die neuesten Nachrichten von Geodirect auf dem Laufenden!\"}]},{\"@type\":\"WebSite\",\"@id\":\"https:\\\/\\\/www.geodirect.nl\\\/de\\\/#website\",\"url\":\"https:\\\/\\\/www.geodirect.nl\\\/de\\\/\",\"name\":\"Geodirect\",\"description\":\"Technologie die vooruitgang drijft\",\"publisher\":{\"@id\":\"https:\\\/\\\/www.geodirect.nl\\\/de\\\/#organization\"},\"potentialAction\":[{\"@type\":\"SearchAction\",\"target\":{\"@type\":\"EntryPoint\",\"urlTemplate\":\"https:\\\/\\\/www.geodirect.nl\\\/de\\\/?s={search_term_string}\"},\"query-input\":{\"@type\":\"PropertyValueSpecification\",\"valueRequired\":true,\"valueName\":\"search_term_string\"}}],\"inLanguage\":\"de\"},{\"@type\":\"Organization\",\"@id\":\"https:\\\/\\\/www.geodirect.nl\\\/de\\\/#organization\",\"name\":\"Geodirect B.V.\",\"url\":\"https:\\\/\\\/www.geodirect.nl\\\/de\\\/\",\"logo\":{\"@type\":\"ImageObject\",\"inLanguage\":\"de\",\"@id\":\"https:\\\/\\\/www.geodirect.nl\\\/de\\\/#\\\/schema\\\/logo\\\/image\\\/\",\"url\":\"https:\\\/\\\/www.geodirect.nl\\\/wp-content\\\/uploads\\\/2025\\\/11\\\/87b06f73c1509d1450fec3e50f610637829b3ada-1.png\",\"contentUrl\":\"https:\\\/\\\/www.geodirect.nl\\\/wp-content\\\/uploads\\\/2025\\\/11\\\/87b06f73c1509d1450fec3e50f610637829b3ada-1.png\",\"width\":239,\"height\":159,\"caption\":\"Geodirect B.V.\"},\"image\":{\"@id\":\"https:\\\/\\\/www.geodirect.nl\\\/de\\\/#\\\/schema\\\/logo\\\/image\\\/\"}}]}<\/script>\n<!-- \/ Yoast SEO plugin. -->","yoast_head_json":{"title":"Bleiben Sie \u00fcber die neuesten Nachrichten von Geodirect auf dem Laufenden! - Geodirect","description":"Bleiben Sie \u00fcber die neuesten Nachrichten von Geodirect auf dem Laufenden. Melden Sie sich hier f\u00fcr unseren Newsletter an und erhalten Sie monatlich exklusive Einblicke & Angebote!","robots":{"index":"index","follow":"follow","max-snippet":"max-snippet:-1","max-image-preview":"max-image-preview:large","max-video-preview":"max-video-preview:-1"},"canonical":"https:\/\/www.geodirect.nl\/de\/bleiben-sie-ueber-die-neuesten-nachrichten-von-geodirect-auf-dem-laufenden\/","og_locale":"de_DE","og_type":"article","og_title":"Bleiben Sie \u00fcber die neuesten Nachrichten von Geodirect auf dem Laufenden! - Geodirect","og_description":"Bleiben Sie \u00fcber die neuesten Nachrichten von Geodirect auf dem Laufenden. Melden Sie sich hier f\u00fcr unseren Newsletter an und erhalten Sie monatlich exklusive Einblicke & Angebote!","og_url":"https:\/\/www.geodirect.nl\/de\/bleiben-sie-ueber-die-neuesten-nachrichten-von-geodirect-auf-dem-laufenden\/","og_site_name":"Geodirect","article_modified_time":"2026-02-23T06:37:13+00:00","og_image":[{"width":1200,"height":800,"url":"https:\/\/www.geodirect.nl\/wp-content\/uploads\/2025\/11\/geodirect-megamenu-office.jpg","type":"image\/jpeg"}],"twitter_card":"summary_large_image","twitter_misc":{"Gesch\u00e4tzte Lesezeit":"1\u00a0Minute"},"schema":{"@context":"https:\/\/schema.org","@graph":[{"@type":"WebPage","@id":"https:\/\/www.geodirect.nl\/de\/bleiben-sie-ueber-die-neuesten-nachrichten-von-geodirect-auf-dem-laufenden\/","url":"https:\/\/www.geodirect.nl\/de\/bleiben-sie-ueber-die-neuesten-nachrichten-von-geodirect-auf-dem-laufenden\/","name":"Bleiben Sie \u00fcber die neuesten Nachrichten von Geodirect auf dem Laufenden! - Geodirect","isPartOf":{"@id":"https:\/\/www.geodirect.nl\/de\/#website"},"primaryImageOfPage":{"@id":"https:\/\/www.geodirect.nl\/de\/bleiben-sie-ueber-die-neuesten-nachrichten-von-geodirect-auf-dem-laufenden\/#primaryimage"},"image":{"@id":"https:\/\/www.geodirect.nl\/de\/bleiben-sie-ueber-die-neuesten-nachrichten-von-geodirect-auf-dem-laufenden\/#primaryimage"},"thumbnailUrl":"https:\/\/www.geodirect.nl\/wp-content\/uploads\/2025\/11\/geodirect-megamenu-office.jpg","datePublished":"2025-11-27T11:13:05+00:00","dateModified":"2026-02-23T06:37:13+00:00","description":"Bleiben Sie \u00fcber die neuesten Nachrichten von Geodirect auf dem Laufenden. Melden Sie sich hier f\u00fcr unseren Newsletter an und erhalten Sie monatlich exklusive Einblicke & Angebote!","breadcrumb":{"@id":"https:\/\/www.geodirect.nl\/de\/bleiben-sie-ueber-die-neuesten-nachrichten-von-geodirect-auf-dem-laufenden\/#breadcrumb"},"inLanguage":"de","potentialAction":[{"@type":"ReadAction","target":["https:\/\/www.geodirect.nl\/de\/bleiben-sie-ueber-die-neuesten-nachrichten-von-geodirect-auf-dem-laufenden\/"]}]},{"@type":"ImageObject","inLanguage":"de","@id":"https:\/\/www.geodirect.nl\/de\/bleiben-sie-ueber-die-neuesten-nachrichten-von-geodirect-auf-dem-laufenden\/#primaryimage","url":"https:\/\/www.geodirect.nl\/wp-content\/uploads\/2025\/11\/geodirect-megamenu-office.jpg","contentUrl":"https:\/\/www.geodirect.nl\/wp-content\/uploads\/2025\/11\/geodirect-megamenu-office.jpg","width":1200,"height":800},{"@type":"BreadcrumbList","@id":"https:\/\/www.geodirect.nl\/de\/bleiben-sie-ueber-die-neuesten-nachrichten-von-geodirect-auf-dem-laufenden\/#breadcrumb","itemListElement":[{"@type":"ListItem","position":1,"name":"Startseite","item":"https:\/\/www.geodirect.nl\/de\/home\/"},{"@type":"ListItem","position":2,"name":"Bleiben Sie \u00fcber die neuesten Nachrichten von Geodirect auf dem Laufenden!"}]},{"@type":"WebSite","@id":"https:\/\/www.geodirect.nl\/de\/#website","url":"https:\/\/www.geodirect.nl\/de\/","name":"Geodirect","description":"Technologie die vooruitgang drijft","publisher":{"@id":"https:\/\/www.geodirect.nl\/de\/#organization"},"potentialAction":[{"@type":"SearchAction","target":{"@type":"EntryPoint","urlTemplate":"https:\/\/www.geodirect.nl\/de\/?s={search_term_string}"},"query-input":{"@type":"PropertyValueSpecification","valueRequired":true,"valueName":"search_term_string"}}],"inLanguage":"de"},{"@type":"Organization","@id":"https:\/\/www.geodirect.nl\/de\/#organization","name":"Geodirect B.V.","url":"https:\/\/www.geodirect.nl\/de\/","logo":{"@type":"ImageObject","inLanguage":"de","@id":"https:\/\/www.geodirect.nl\/de\/#\/schema\/logo\/image\/","url":"https:\/\/www.geodirect.nl\/wp-content\/uploads\/2025\/11\/87b06f73c1509d1450fec3e50f610637829b3ada-1.png","contentUrl":"https:\/\/www.geodirect.nl\/wp-content\/uploads\/2025\/11\/87b06f73c1509d1450fec3e50f610637829b3ada-1.png","width":239,"height":159,"caption":"Geodirect B.V."},"image":{"@id":"https:\/\/www.geodirect.nl\/de\/#\/schema\/logo\/image\/"}}]}},"_links":{"self":[{"href":"https:\/\/www.geodirect.nl\/de\/wp-json\/wp\/v2\/pages\/7520","targetHints":{"allow":["GET"]}}],"collection":[{"href":"https:\/\/www.geodirect.nl\/de\/wp-json\/wp\/v2\/pages"}],"about":[{"href":"https:\/\/www.geodirect.nl\/de\/wp-json\/wp\/v2\/types\/page"}],"author":[{"embeddable":true,"href":"https:\/\/www.geodirect.nl\/de\/wp-json\/wp\/v2\/users\/1"}],"replies":[{"embeddable":true,"href":"https:\/\/www.geodirect.nl\/de\/wp-json\/wp\/v2\/comments?post=7520"}],"version-history":[{"count":6,"href":"https:\/\/www.geodirect.nl\/de\/wp-json\/wp\/v2\/pages\/7520\/revisions"}],"predecessor-version":[{"id":9874,"href":"https:\/\/www.geodirect.nl\/de\/wp-json\/wp\/v2\/pages\/7520\/revisions\/9874"}],"wp:featuredmedia":[{"embeddable":true,"href":"https:\/\/www.geodirect.nl\/de\/wp-json\/wp\/v2\/media\/7521"}],"wp:attachment":[{"href":"https:\/\/www.geodirect.nl\/de\/wp-json\/wp\/v2\/media?parent=7520"}],"curies":[{"name":"wp","href":"https:\/\/api.w.org\/{rel}","templated":true}]}}