{"id":8343,"date":"2025-11-17T22:34:55","date_gmt":"2025-11-17T22:34:55","guid":{"rendered":"https:\/\/www.geodirect.nl\/disclaimer\/"},"modified":"2026-02-23T09:21:10","modified_gmt":"2026-02-23T09:21:10","slug":"disclaimer","status":"publish","type":"page","link":"https:\/\/www.geodirect.nl\/de\/disclaimer\/","title":{"rendered":"Disclaimer"},"content":{"rendered":"\t\t<div data-elementor-type=\"wp-page\" data-elementor-id=\"8343\" class=\"elementor elementor-8343 elementor-2034\" data-elementor-post-type=\"page\">\n\t\t\t\t<div class=\"elementor-element elementor-element-538eb2c e-con-full e-flex e-con e-parent\" data-id=\"538eb2c\" data-element_type=\"container\" data-e-type=\"container\" data-settings=\"{&quot;background_background&quot;:&quot;classic&quot;}\">\n\t\t<div class=\"elementor-element elementor-element-f88b3c8 e-con-full e-flex e-con e-child\" data-id=\"f88b3c8\" data-element_type=\"container\" data-e-type=\"container\">\n\t\t\t\t<div class=\"elementor-element elementor-element-49a1ff28 elementor-widget elementor-widget-heading\" data-id=\"49a1ff28\" data-element_type=\"widget\" data-e-type=\"widget\" data-widget_type=\"heading.default\">\n\t\t\t\t\t<h1 class=\"elementor-heading-title elementor-size-default\">Nutzungsbedingungen<\/h1>\t\t\t\t<\/div>\n\t\t\t\t<\/div>\n\t\t<div class=\"elementor-element elementor-element-724048ef e-con-full e-flex e-con e-child\" data-id=\"724048ef\" data-element_type=\"container\" data-e-type=\"container\">\n\t\t\t\t<div class=\"elementor-element elementor-element-1966d86a elementor-widget elementor-widget-heading\" data-id=\"1966d86a\" data-element_type=\"widget\" data-e-type=\"widget\" data-widget_type=\"heading.default\">\n\t\t\t\t\t<p class=\"elementor-heading-title elementor-size-default\"><span><span><a href=\"https:\/\/www.geodirect.nl\/de\/home\/\">Startseite<\/a><\/span><\/span>\n<\/p>\t\t\t\t<\/div>\n\t\t\t\t<\/div>\n\t\t\t\t<\/div>\n\t\t<div class=\"elementor-element elementor-element-57c36628 e-flex e-con-boxed e-con e-parent\" data-id=\"57c36628\" data-element_type=\"container\" data-e-type=\"container\">\n\t\t\t\t\t<div class=\"e-con-inner\">\n\t\t\t\t<div class=\"elementor-element elementor-element-1f75e7f7 elementor-widget elementor-widget-heading\" data-id=\"1f75e7f7\" data-element_type=\"widget\" data-e-type=\"widget\" data-widget_type=\"heading.default\">\n\t\t\t\t\t<h2 class=\"elementor-heading-title elementor-size-default\">Nutzungsbedingungen Geodirect.nl<\/h2>\t\t\t\t<\/div>\n\t\t\t\t<div class=\"elementor-element elementor-element-1b8d5302 elementor-widget elementor-widget-text-editor\" data-id=\"1b8d5302\" data-element_type=\"widget\" data-e-type=\"widget\" data-widget_type=\"text-editor.default\">\n\t\t\t\t\t\t\t\t\t<p><em>Zuletzt aktualisiert am 17.01.2022<\/em><\/p><p>Auf die Nutzung der Website www.geodirect.nl und aller Websites, die Geodirect oder verbundene Unternehmen damit verkn\u00fcpft haben, im Folgenden gemeinsam als Website bezeichnet, finden die folgenden Nutzungsbedingungen Anwendung.<\/p><p><strong>Eigentum an der Website und Annahme der Nutzungsbedingungen<\/strong><br>Die Website ist Eigentum der Geodirect B.V. Durch die Nutzung der Website wird davon ausgegangen, dass Sie die Nutzungsbedingungen zur Kenntnis genommen haben und sich mit ihnen einverstanden erkl\u00e4ren. Wenn Sie diesen Bedingungen nicht zustimmen, d\u00fcrfen Sie die Website nicht nutzen. Geodirect beh\u00e4lt sich das Recht vor, nach eigenem Ermessen und zu jeder Zeit Teile dieser Nutzungsbedingungen zu \u00e4ndern, anzupassen, hinzuzuf\u00fcgen oder zu entfernen. Es liegt in Ihrer Verantwortung, von Zeit zu Zeit zu pr\u00fcfen, ob die Disclaimer-Seite zwischenzeitlich ge\u00e4ndert wurde. Wenn Sie die Website nach einer \u00c4nderung der Nutzungsbedingungen weiterhin nutzen, bedeutet dies, dass Sie den \u00c4nderungen zustimmen und diese akzeptieren.    <\/p><p><strong>Nutzung von Informationen<\/strong><br>Geodirect ist bestrebt, auf der Website stets korrekte und aktuelle Informationen bereitzustellen. Obwohl diese Informationen mit gr\u00f6\u00dftm\u00f6glicher Sorgfalt zusammengestellt wurden, \u00fcbernimmt Geodirect keine Gew\u00e4hr f\u00fcr die Vollst\u00e4ndigkeit, Richtigkeit oder Aktualit\u00e4t der Informationen. Aus den Informationen k\u00f6nnen keine Rechte abgeleitet werden. Geodirect \u00fcbernimmt keine Haftung f\u00fcr Sch\u00e4den, die aus der Nutzung der Informationen oder der Website resultieren, sowie f\u00fcr ein fehlerhaftes Funktionieren der Website. Allein durch das Senden und Empfangen von Informationen \u00fcber die Website oder per E-Mail kann nicht ohne Weiteres eine Beziehung zwischen Geodirect und dem Nutzer der Website entstehen.    <\/p><p><strong>Ihre Nutzung der Website<\/strong><br>Sie d\u00fcrfen die Sicherheit der Website oder eines mit der Website verbundenen Netzwerks nicht untersuchen, messen oder testen, noch die Sicherheitsmechanismen der Website oder eines mit der Website verbundenen Netzwerks verletzen. Sie erkl\u00e4ren, dass Sie keine Aktivit\u00e4ten unternehmen werden, die eine \u00fcberm\u00e4\u00dfige oder unangemessen hohe Belastung f\u00fcr die Infrastruktur der Website oder der Systeme oder Netzwerke von Geodirect oder f\u00fcr andere mit der Website oder mit Geodirect verbundene Systeme oder Netzwerke darstellen. Sie erkl\u00e4ren, dass Sie keine Vorrichtungen, Software oder Methoden verwenden werden, die versuchen, das ordnungsgem\u00e4\u00dfe Funktionieren der Website oder die Nutzung der Website durch andere Personen zu behindern. Sie d\u00fcrfen weder die Website noch das Material f\u00fcr Zwecke nutzen, die rechtswidrig sind oder nach diesen Nutzungsbedingungen nicht zul\u00e4ssig sind, und Sie d\u00fcrfen auch keine anderen Personen zur Durchf\u00fchrung rechtswidriger Aktivit\u00e4ten oder anderer Aktivit\u00e4ten anstiften, die die Rechte von Geodirect und anderen verletzen.   <\/p><p><strong>E-Mail-Korrespondenz<\/strong><br>Geodirect garantiert nicht, dass an sie gesendete E-Mails (rechtzeitig) empfangen oder verarbeitet werden, da der rechtzeitige Empfang von E-Mails nicht garantiert werden kann. Auch die Sicherheit des E-Mail-Verkehrs kann aufgrund der damit verbundenen Sicherheitsrisiken nicht vollst\u00e4ndig garantiert werden. Indem Sie ohne Verschl\u00fcsselung oder Passwortschutz per E-Mail mit Geodirect korrespondieren, akzeptieren Sie dieses Risiko.  <\/p><p><strong>Hyperlinks: Verkn\u00fcpfungen zu anderen Websites<\/strong><br>Die Website kann Hyperlinks zu Websites Dritter enthalten. Diese Links werden ausschlie\u00dflich als Service f\u00fcr unsere Besucher angeboten. Geodirect hat keinerlei Kontrolle \u00fcber diese verlinkten Websites und ist nicht verantwortlich f\u00fcr deren Verf\u00fcgbarkeit oder Inhalt, einschlie\u00dflich aller Informationen oder Materialien, die auf diesen verlinkten Websites enthalten sind. Sie m\u00fcssen selbst entscheiden, ob und wie Sie diese verlinkten Websites nutzen m\u00f6chten. Geodirect \u00fcbernimmt daher keine Haftung f\u00fcr Sch\u00e4den, die aus der Nutzung von Websites Dritter resultieren.    <\/p><p><strong>Material und geistige Eigentumsrechte<\/strong><br>S\u00e4mtliche Texte, Abbildungen, Fotos, Videos, Musik, Marken, Logos, Illustrationen und Computercodes auf der Website, zusammenfassend als Material bezeichnet, einschlie\u00dflich, aber nicht beschr\u00e4nkt auf das Design, die Struktur, die Auswahl, die Koordination, den Ausdruck und die Anordnung dieses Materials, sind Eigentum von Geodirect, werden von Geodirect kontrolliert oder sind an Geodirect lizenziert und werden durch das Urheberrecht, das Markenrecht sowie durch verschiedene andere geistige Eigentumsrechte und Gesetze gegen unlauteren Wettbewerb gesch\u00fctzt. Sofern in diesen Nutzungsbedingungen nicht ausdr\u00fccklich anders festgelegt, darf kein Teil der Website und kein Material in irgendeiner Weise kopiert, reproduziert, hochgeladen, gepostet, \u00fcbersetzt, \u00fcbertragen oder an einen anderen Computer, Server, eine Website oder ein anderes Medium zur Ver\u00f6ffentlichung oder Verbreitung f\u00fcr kommerzielle Zwecke ohne die vorherige schriftliche Zustimmung von Geodirect verbreitet werden. Informationen \u00fcber Produkte und Dienstleistungen von Geodirect, wie Produktdatenbl\u00e4tter, Artikel aus der Wissensdatenbank und vergleichbare Informationen, die Geodirect explizit zum Herunterladen von der Website zur Verf\u00fcgung gestellt hat, d\u00fcrfen Sie verwenden, sofern Sie alle Hinweise zum Eigentumsrecht in allen Kopien solcher Dokumente beibehalten und diese Informationen ausschlie\u00dflich zu Informationszwecken verwenden, keine \u00c4nderungen an diesen Informationen vornehmen und keine zus\u00e4tzlichen Zusagen machen oder Garantien in Bezug auf diese Dokumente geben.  <\/p><p><strong>Datenschutzrichtlinie<\/strong><br>Auf die Nutzung dieser Website findet die Datenschutzrichtlinie von Geodirect Anwendung. Die Bestimmungen dieser Datenschutzrichtlinie werden aufgrund dieses Hinweises als Teil dieser Nutzungsbedingungen betrachtet. Sie k\u00f6nnen die Datenschutzrichtlinie von Geodirect einsehen, indem Sie <a href=\"https:\/\/www.geodirect.nl\/de\/datenschutzerklaerung\/\">hier klicken<\/a>. Durch die Nutzung dieser Website erkennen Sie an und akzeptieren Sie, dass Daten, die Sie \u00fcber das Internet senden, niemals vollst\u00e4ndig gesichert und gesch\u00fctzt sind. Sie verstehen, dass alle Nachrichten und Informationen, die Sie an die Website senden, von anderen gelesen oder abgefangen werden k\u00f6nnen, selbst wenn explizit angegeben wird, dass bestimmte Daten verschl\u00fcsselt gesendet werden. Die Sicherheit Ihrer Verbindung zum Internet liegt vollst\u00e4ndig au\u00dferhalb des Einflussbereichs von Geodirect.     <\/p><p><strong>Geltende Allgemeine Gesch\u00e4ftsbedingungen<\/strong><br>Es gelten allgemeine Gesch\u00e4ftsbedingungen und Bestimmungen f\u00fcr den Kauf von Produkten und Dienstleistungen sowie f\u00fcr spezifische Teile oder Funktionen der Website, einschlie\u00dflich Werbeaktionen und anderer vergleichbarer Funktionen. Sie erkl\u00e4ren, diese allgemeinen Gesch\u00e4ftsbedingungen und Bestimmungen einzuhalten. Sollte ein Widerspruch zwischen diesen Nutzungsbedingungen und den Allgemeinen Gesch\u00e4ftsbedingungen bestehen, die <a href=\"https:\/\/www.geodirect.nl\/de\/allgemeine-geschaeftsbedingungen\/\">auf der Website ver\u00f6ffentlicht<\/a> und bei der Handelskammer hinterlegt sind, oder die auf einen spezifischen Teil der Website oder einen \u00fcber die Website angebotenen Dienst anwendbar sind, so gelten die Allgemeinen Gesch\u00e4ftsbedingungen f\u00fcr Ihre Nutzung des betreffenden Teils der Website oder des betreffenden Dienstes. Alle m\u00f6glichen Verpflichtungen von Geodirect in Bezug auf seine Produkte und Dienstleistungen werden ausschlie\u00dflich durch die Vereinbarungen bestimmt, auf deren Grundlage diese Produkte und Dienstleistungen bereitgestellt werden, und nichts auf dieser Website ist als \u00c4nderung dieser Vereinbarungen auszulegen. Geodirect ist berechtigt, jederzeit und ohne vorherige Ank\u00fcndigung \u00c4nderungen an den auf der Website angebotenen Produkten oder Dienstleistungen oder an den angegebenen Preisen solcher Produkte oder Dienstleistungen vorzunehmen. Die Materialien auf dieser Website, die sich auf Produkte und Dienstleistungen beziehen, k\u00f6nnen veraltet sein, und Geodirect ist nicht verpflichtet, solche Materialien zu aktualisieren.     <\/p><p><strong>Haftungsfreistellung<\/strong><br>Sie erkl\u00e4ren, Geodirect, seine Mitarbeiter, Manager, Aktion\u00e4re, Rechtsvorg\u00e4nger, Rechtsnachfolger, Vertreter, Tochtergesellschaften und verbundenen Unternehmen von allen Forderungen, Verlusten, Haftungen, Anspr\u00fcchen oder Kosten, einschlie\u00dflich der Kosten f\u00fcr Rechtsbeistand, freizustellen, die gegen\u00fcber Geodirect von Dritten geltend gemacht werden und die im Zusammenhang mit Ihrer Nutzung der Website stehen oder daraus resultieren.<\/p>\t\t\t\t\t\t\t\t<\/div>\n\t\t\t\t\t<\/div>\n\t\t\t\t<\/div>\n\t\t\t\t<\/div>\n\t\t","protected":false},"excerpt":{"rendered":"<p>Nutzungsbedingungen Nutzungsbedingungen Geodirect.nl Zuletzt aktualisiert am 17.01.2022 Auf die Nutzung der Website www.geodirect.nl und aller Websites, die Geodirect oder verbundene Unternehmen damit verkn\u00fcpft haben, im Folgenden gemeinsam als Website bezeichnet, finden die folgenden Nutzungsbedingungen Anwendung. Eigentum an der Website und Annahme der NutzungsbedingungenDie Website ist Eigentum der Geodirect B.V. Durch die Nutzung der Website wird [&hellip;]<\/p>\n","protected":false},"author":1,"featured_media":0,"parent":0,"menu_order":0,"comment_status":"closed","ping_status":"closed","template":"","meta":{"_acf_changed":false,"content-type":"","footnotes":""},"class_list":["post-8343","page","type-page","status-publish","hentry"],"acf":[],"yoast_head":"<!-- This site is optimized with the Yoast SEO plugin v27.3 - https:\/\/yoast.com\/product\/yoast-seo-wordpress\/ -->\n<title>Disclaimer - Geodirect<\/title>\n<meta name=\"description\" content=\"Disclaimer Geodirect.\" \/>\n<meta name=\"robots\" content=\"index, follow, max-snippet:-1, max-image-preview:large, max-video-preview:-1\" \/>\n<link rel=\"canonical\" href=\"https:\/\/www.geodirect.nl\/de\/disclaimer\/\" \/>\n<meta property=\"og:locale\" content=\"de_DE\" \/>\n<meta property=\"og:type\" content=\"article\" \/>\n<meta property=\"og:title\" content=\"Disclaimer - Geodirect\" \/>\n<meta property=\"og:description\" content=\"Disclaimer Geodirect.\" \/>\n<meta property=\"og:url\" content=\"https:\/\/www.geodirect.nl\/de\/disclaimer\/\" \/>\n<meta property=\"og:site_name\" content=\"Geodirect\" \/>\n<meta property=\"article:modified_time\" content=\"2026-02-23T09:21:10+00:00\" \/>\n<meta name=\"twitter:card\" content=\"summary_large_image\" \/>\n<meta name=\"twitter:label1\" content=\"Gesch\u00e4tzte Lesezeit\" \/>\n\t<meta name=\"twitter:data1\" content=\"6 Minuten\" \/>\n<script type=\"application\/ld+json\" class=\"yoast-schema-graph\">{\"@context\":\"https:\\\/\\\/schema.org\",\"@graph\":[{\"@type\":\"WebPage\",\"@id\":\"https:\\\/\\\/www.geodirect.nl\\\/de\\\/disclaimer\\\/\",\"url\":\"https:\\\/\\\/www.geodirect.nl\\\/de\\\/disclaimer\\\/\",\"name\":\"Disclaimer - Geodirect\",\"isPartOf\":{\"@id\":\"https:\\\/\\\/www.geodirect.nl\\\/de\\\/#website\"},\"datePublished\":\"2025-11-17T22:34:55+00:00\",\"dateModified\":\"2026-02-23T09:21:10+00:00\",\"description\":\"Disclaimer Geodirect.\",\"breadcrumb\":{\"@id\":\"https:\\\/\\\/www.geodirect.nl\\\/de\\\/disclaimer\\\/#breadcrumb\"},\"inLanguage\":\"de\",\"potentialAction\":[{\"@type\":\"ReadAction\",\"target\":[\"https:\\\/\\\/www.geodirect.nl\\\/de\\\/disclaimer\\\/\"]}]},{\"@type\":\"BreadcrumbList\",\"@id\":\"https:\\\/\\\/www.geodirect.nl\\\/de\\\/disclaimer\\\/#breadcrumb\",\"itemListElement\":[{\"@type\":\"ListItem\",\"position\":1,\"name\":\"Startseite\",\"item\":\"https:\\\/\\\/www.geodirect.nl\\\/de\\\/home\\\/\"},{\"@type\":\"ListItem\",\"position\":2,\"name\":\"Disclaimer\"}]},{\"@type\":\"WebSite\",\"@id\":\"https:\\\/\\\/www.geodirect.nl\\\/de\\\/#website\",\"url\":\"https:\\\/\\\/www.geodirect.nl\\\/de\\\/\",\"name\":\"Geodirect\",\"description\":\"Technologie die vooruitgang drijft\",\"publisher\":{\"@id\":\"https:\\\/\\\/www.geodirect.nl\\\/de\\\/#organization\"},\"potentialAction\":[{\"@type\":\"SearchAction\",\"target\":{\"@type\":\"EntryPoint\",\"urlTemplate\":\"https:\\\/\\\/www.geodirect.nl\\\/de\\\/?s={search_term_string}\"},\"query-input\":{\"@type\":\"PropertyValueSpecification\",\"valueRequired\":true,\"valueName\":\"search_term_string\"}}],\"inLanguage\":\"de\"},{\"@type\":\"Organization\",\"@id\":\"https:\\\/\\\/www.geodirect.nl\\\/de\\\/#organization\",\"name\":\"Geodirect B.V.\",\"url\":\"https:\\\/\\\/www.geodirect.nl\\\/de\\\/\",\"logo\":{\"@type\":\"ImageObject\",\"inLanguage\":\"de\",\"@id\":\"https:\\\/\\\/www.geodirect.nl\\\/de\\\/#\\\/schema\\\/logo\\\/image\\\/\",\"url\":\"https:\\\/\\\/www.geodirect.nl\\\/wp-content\\\/uploads\\\/2025\\\/11\\\/87b06f73c1509d1450fec3e50f610637829b3ada-1.png\",\"contentUrl\":\"https:\\\/\\\/www.geodirect.nl\\\/wp-content\\\/uploads\\\/2025\\\/11\\\/87b06f73c1509d1450fec3e50f610637829b3ada-1.png\",\"width\":239,\"height\":159,\"caption\":\"Geodirect B.V.\"},\"image\":{\"@id\":\"https:\\\/\\\/www.geodirect.nl\\\/de\\\/#\\\/schema\\\/logo\\\/image\\\/\"}}]}<\/script>\n<!-- \/ Yoast SEO plugin. -->","yoast_head_json":{"title":"Disclaimer - Geodirect","description":"Disclaimer Geodirect.","robots":{"index":"index","follow":"follow","max-snippet":"max-snippet:-1","max-image-preview":"max-image-preview:large","max-video-preview":"max-video-preview:-1"},"canonical":"https:\/\/www.geodirect.nl\/de\/disclaimer\/","og_locale":"de_DE","og_type":"article","og_title":"Disclaimer - Geodirect","og_description":"Disclaimer Geodirect.","og_url":"https:\/\/www.geodirect.nl\/de\/disclaimer\/","og_site_name":"Geodirect","article_modified_time":"2026-02-23T09:21:10+00:00","twitter_card":"summary_large_image","twitter_misc":{"Gesch\u00e4tzte Lesezeit":"6 Minuten"},"schema":{"@context":"https:\/\/schema.org","@graph":[{"@type":"WebPage","@id":"https:\/\/www.geodirect.nl\/de\/disclaimer\/","url":"https:\/\/www.geodirect.nl\/de\/disclaimer\/","name":"Disclaimer - Geodirect","isPartOf":{"@id":"https:\/\/www.geodirect.nl\/de\/#website"},"datePublished":"2025-11-17T22:34:55+00:00","dateModified":"2026-02-23T09:21:10+00:00","description":"Disclaimer Geodirect.","breadcrumb":{"@id":"https:\/\/www.geodirect.nl\/de\/disclaimer\/#breadcrumb"},"inLanguage":"de","potentialAction":[{"@type":"ReadAction","target":["https:\/\/www.geodirect.nl\/de\/disclaimer\/"]}]},{"@type":"BreadcrumbList","@id":"https:\/\/www.geodirect.nl\/de\/disclaimer\/#breadcrumb","itemListElement":[{"@type":"ListItem","position":1,"name":"Startseite","item":"https:\/\/www.geodirect.nl\/de\/home\/"},{"@type":"ListItem","position":2,"name":"Disclaimer"}]},{"@type":"WebSite","@id":"https:\/\/www.geodirect.nl\/de\/#website","url":"https:\/\/www.geodirect.nl\/de\/","name":"Geodirect","description":"Technologie die vooruitgang drijft","publisher":{"@id":"https:\/\/www.geodirect.nl\/de\/#organization"},"potentialAction":[{"@type":"SearchAction","target":{"@type":"EntryPoint","urlTemplate":"https:\/\/www.geodirect.nl\/de\/?s={search_term_string}"},"query-input":{"@type":"PropertyValueSpecification","valueRequired":true,"valueName":"search_term_string"}}],"inLanguage":"de"},{"@type":"Organization","@id":"https:\/\/www.geodirect.nl\/de\/#organization","name":"Geodirect B.V.","url":"https:\/\/www.geodirect.nl\/de\/","logo":{"@type":"ImageObject","inLanguage":"de","@id":"https:\/\/www.geodirect.nl\/de\/#\/schema\/logo\/image\/","url":"https:\/\/www.geodirect.nl\/wp-content\/uploads\/2025\/11\/87b06f73c1509d1450fec3e50f610637829b3ada-1.png","contentUrl":"https:\/\/www.geodirect.nl\/wp-content\/uploads\/2025\/11\/87b06f73c1509d1450fec3e50f610637829b3ada-1.png","width":239,"height":159,"caption":"Geodirect B.V."},"image":{"@id":"https:\/\/www.geodirect.nl\/de\/#\/schema\/logo\/image\/"}}]}},"_links":{"self":[{"href":"https:\/\/www.geodirect.nl\/de\/wp-json\/wp\/v2\/pages\/8343","targetHints":{"allow":["GET"]}}],"collection":[{"href":"https:\/\/www.geodirect.nl\/de\/wp-json\/wp\/v2\/pages"}],"about":[{"href":"https:\/\/www.geodirect.nl\/de\/wp-json\/wp\/v2\/types\/page"}],"author":[{"embeddable":true,"href":"https:\/\/www.geodirect.nl\/de\/wp-json\/wp\/v2\/users\/1"}],"replies":[{"embeddable":true,"href":"https:\/\/www.geodirect.nl\/de\/wp-json\/wp\/v2\/comments?post=8343"}],"version-history":[{"count":4,"href":"https:\/\/www.geodirect.nl\/de\/wp-json\/wp\/v2\/pages\/8343\/revisions"}],"predecessor-version":[{"id":9924,"href":"https:\/\/www.geodirect.nl\/de\/wp-json\/wp\/v2\/pages\/8343\/revisions\/9924"}],"wp:attachment":[{"href":"https:\/\/www.geodirect.nl\/de\/wp-json\/wp\/v2\/media?parent=8343"}],"curies":[{"name":"wp","href":"https:\/\/api.w.org\/{rel}","templated":true}]}}