{"id":8476,"date":"2025-12-17T10:11:03","date_gmt":"2025-12-17T10:11:03","guid":{"rendered":"https:\/\/www.geodirect.nl\/demo-anfordern\/"},"modified":"2026-02-23T07:43:44","modified_gmt":"2026-02-23T07:43:44","slug":"demo-anfordern","status":"publish","type":"page","link":"https:\/\/www.geodirect.nl\/de\/demo-anfordern\/","title":{"rendered":"Demo anfordern"},"content":{"rendered":"\t\t<div data-elementor-type=\"wp-page\" data-elementor-id=\"8476\" class=\"elementor elementor-8476 elementor-6671\" data-elementor-post-type=\"page\">\n\t\t\t\t<div class=\"elementor-element elementor-element-37f5bcc2 e-con-full e-flex e-con e-parent\" data-id=\"37f5bcc2\" data-element_type=\"container\" data-e-type=\"container\" data-settings=\"{&quot;background_background&quot;:&quot;classic&quot;}\">\n\t\t<div class=\"elementor-element elementor-element-578d632e e-con-full e-flex e-con e-child\" data-id=\"578d632e\" data-element_type=\"container\" data-e-type=\"container\">\n\t\t\t\t<div class=\"elementor-element elementor-element-70cc3f8 elementor-widget elementor-widget-heading\" data-id=\"70cc3f8\" data-element_type=\"widget\" data-e-type=\"widget\" data-widget_type=\"heading.default\">\n\t\t\t\t\t<h1 class=\"elementor-heading-title elementor-size-default\">Fordern Sie jetzt eine Demo an!<\/h1>\t\t\t\t<\/div>\n\t\t\t\t<div class=\"elementor-element elementor-element-1a07b6d9 elementor-widget elementor-widget-heading\" data-id=\"1a07b6d9\" data-element_type=\"widget\" data-e-type=\"widget\" data-widget_type=\"heading.default\">\n\t\t\t\t\t<p class=\"elementor-heading-title elementor-size-default\">Entdecken Sie selbst die M\u00f6glichkeiten.<\/p>\t\t\t\t<\/div>\n\t\t\t\t<\/div>\n\t\t<div class=\"elementor-element elementor-element-30a033f2 e-con-full e-flex e-con e-child\" data-id=\"30a033f2\" data-element_type=\"container\" data-e-type=\"container\">\n\t\t\t\t<div class=\"elementor-element elementor-element-773e7367 elementor-widget elementor-widget-heading\" data-id=\"773e7367\" data-element_type=\"widget\" data-e-type=\"widget\" data-widget_type=\"heading.default\">\n\t\t\t\t\t<p class=\"elementor-heading-title elementor-size-default\"><span><span><a href=\"https:\/\/www.geodirect.nl\/de\/home\/\">Startseite<\/a><\/span><\/span><\/p>\t\t\t\t<\/div>\n\t\t\t\t<\/div>\n\t\t\t\t<\/div>\n\t\t<div class=\"elementor-element elementor-element-6f96457b e-flex e-con-boxed e-con e-parent\" data-id=\"6f96457b\" data-element_type=\"container\" data-e-type=\"container\">\n\t\t\t\t\t<div class=\"e-con-inner\">\n\t\t<div class=\"elementor-element elementor-element-3ad03fbd e-con-full e-flex e-con e-child\" data-id=\"3ad03fbd\" data-element_type=\"container\" data-e-type=\"container\">\n\t\t<div class=\"elementor-element elementor-element-6f0e1952 e-con-full e-flex e-con e-child\" data-id=\"6f0e1952\" data-element_type=\"container\" data-e-type=\"container\">\n\t\t\t\t<div class=\"elementor-element elementor-element-a912131 elementor-widget elementor-widget-heading\" data-id=\"a912131\" data-element_type=\"widget\" data-e-type=\"widget\" data-widget_type=\"heading.default\">\n\t\t\t\t\t<h2 class=\"elementor-heading-title elementor-size-default\">Planen Sie Ihre pers\u00f6nliche Demo<\/h2>\t\t\t\t<\/div>\n\t\t\t\t<div class=\"elementor-element elementor-element-5f551fd9 elementor-widget elementor-widget-text-editor\" data-id=\"5f551fd9\" data-element_type=\"widget\" data-e-type=\"widget\" data-widget_type=\"text-editor.default\">\n\t\t\t\t\t\t\t\t\t<section id=\"markdown-section-a454cf38-790e-4df0-bdc7-155c40ff4822-0\" class=\"markdown-section chat-fade-in\" data-markdown-raw=\"Met een persoonlijke demo ontdekt u zelf welke voordelen onze hard- en software hebben voor uw specifieke toepassing. Tijdens deze interactieve sessie laten we u zien hoe onze oplossingen naadloos aansluiten op uw werkprocessen en hoe ze uw productiviteit kunnen verhogen.\" data-section-index=\"0\">Mit einer pers\u00f6nlichen Demo entdecken Sie selbst, welche Vorteile unsere Hard- und Software f\u00fcr Ihre spezifische Anwendung bieten. W\u00e4hrend dieser interaktiven Sitzung bei Ihnen oder vor Ort bei Geodirect zeigen wir Ihnen, wie sich unsere L\u00f6sungen nahtlos in Ihre Arbeitsprozesse integrieren und wie sie Ihre Produktivit\u00e4t steigern k\u00f6nnen. <\/section><section data-markdown-raw=\"Met een persoonlijke demo ontdekt u zelf welke voordelen onze hard- en software hebben voor uw specifieke toepassing. Tijdens deze interactieve sessie laten we u zien hoe onze oplossingen naadloos aansluiten op uw werkprocessen en hoe ze uw productiviteit kunnen verhogen.\" data-section-index=\"0\"><\/section><section data-markdown-raw=\"Met een persoonlijke demo ontdekt u zelf welke voordelen onze hard- en software hebben voor uw specifieke toepassing. Tijdens deze interactieve sessie laten we u zien hoe onze oplossingen naadloos aansluiten op uw werkprocessen en hoe ze uw productiviteit kunnen verhogen.\" data-section-index=\"0\"><\/section><section class=\"markdown-section chat-fade-in\" data-markdown-raw=\"Met een persoonlijke demo ontdekt u zelf welke voordelen onze hard- en software hebben voor uw specifieke toepassing. Tijdens deze interactieve sessie laten we u zien hoe onze oplossingen naadloos aansluiten op uw werkprocessen en hoe ze uw productiviteit kunnen verhogen.\" data-section-index=\"0\">Wir kontaktieren Sie vorab f\u00fcr ein kurzes Erstgespr\u00e4ch, um Ihre Anforderungen zu besprechen und herauszufinden, f\u00fcr welche L\u00f6sungen Sie basierend auf Ihrer Branche, Region und Ihren spezifischen Bed\u00fcrfnissen eine Demo ben\u00f6tigen. Mit diesen Informationen bringen wir Sie direkt mit dem passenden Sales Engineer zusammen, der ein Spezialist auf Ihrem Fachgebiet ist. <\/section><section data-markdown-raw=\"Met een persoonlijke demo ontdekt u zelf welke voordelen onze hard- en software hebben voor uw specifieke toepassing. Tijdens deze interactieve sessie laten we u zien hoe onze oplossingen naadloos aansluiten op uw werkprocessen en hoe ze uw productiviteit kunnen verhogen.\" data-section-index=\"0\"><\/section><section class=\"markdown-section chat-fade-in\" data-markdown-raw=\"Met een persoonlijke demo ontdekt u zelf welke voordelen onze hard- en software hebben voor uw specifieke toepassing. Tijdens deze interactieve sessie laten we u zien hoe onze oplossingen naadloos aansluiten op uw werkprocessen en hoe ze uw productiviteit kunnen verhogen.\" data-section-index=\"0\">Gemeinsam besprechen wir die M\u00f6glichkeiten, schauen uns Praxisbeispiele an und beantworten alle Ihre Fragen, um sicherzustellen, dass Sie die beste Wahl f\u00fcr Ihr Unternehmen treffen.<\/section><section data-markdown-raw=\"Met een persoonlijke demo ontdekt u zelf welke voordelen onze hard- en software hebben voor uw specifieke toepassing. Tijdens deze interactieve sessie laten we u zien hoe onze oplossingen naadloos aansluiten op uw werkprocessen en hoe ze uw productiviteit kunnen verhogen.\" data-section-index=\"0\"><\/section>\t\t\t\t\t\t\t\t<\/div>\n\t\t\t\t<\/div>\n\t\t<div class=\"elementor-element elementor-element-5f2f6a9f e-con-full e-flex e-con e-child\" data-id=\"5f2f6a9f\" data-element_type=\"container\" data-e-type=\"container\">\n\t\t\t\t<div class=\"elementor-element elementor-element-3ed06fb0 elementor-widget elementor-widget-image\" data-id=\"3ed06fb0\" data-element_type=\"widget\" data-e-type=\"widget\" data-widget_type=\"image.default\">\n\t\t\t\t\t\t\t\t\t\t\t\t\t\t\t<img fetchpriority=\"high\" decoding=\"async\" width=\"800\" height=\"450\" src=\"https:\/\/www.geodirect.nl\/wp-content\/uploads\/2025\/11\/geodirect-vacature-sales-engineer-survey-1024x576.jpg\" class=\"attachment-large size-large wp-image-7455\" alt=\"\" srcset=\"https:\/\/www.geodirect.nl\/wp-content\/uploads\/2025\/11\/geodirect-vacature-sales-engineer-survey-1024x576.jpg 1024w, https:\/\/www.geodirect.nl\/wp-content\/uploads\/2025\/11\/geodirect-vacature-sales-engineer-survey-300x169.jpg 300w, https:\/\/www.geodirect.nl\/wp-content\/uploads\/2025\/11\/geodirect-vacature-sales-engineer-survey-768x432.jpg 768w, https:\/\/www.geodirect.nl\/wp-content\/uploads\/2025\/11\/geodirect-vacature-sales-engineer-survey-1536x864.jpg 1536w, https:\/\/www.geodirect.nl\/wp-content\/uploads\/2025\/11\/geodirect-vacature-sales-engineer-survey-600x338.jpg 600w, https:\/\/www.geodirect.nl\/wp-content\/uploads\/2025\/11\/geodirect-vacature-sales-engineer-survey.jpg 1920w\" sizes=\"(max-width: 800px) 100vw, 800px\" \/>\t\t\t\t\t\t\t\t\t\t\t\t\t\t\t<\/div>\n\t\t\t\t<\/div>\n\t\t\t\t<\/div>\n\t\t\t\t\t<\/div>\n\t\t\t\t<\/div>\n\t\t<div class=\"elementor-element elementor-element-501a486d e-flex e-con-boxed e-con e-parent\" data-id=\"501a486d\" data-element_type=\"container\" data-e-type=\"container\" data-settings=\"{&quot;background_background&quot;:&quot;classic&quot;}\">\n\t\t\t\t\t<div class=\"e-con-inner\">\n\t\t<div class=\"elementor-element elementor-element-6423a00c e-con-full e-flex e-con e-child\" data-id=\"6423a00c\" data-element_type=\"container\" data-e-type=\"container\" data-settings=\"{&quot;background_background&quot;:&quot;classic&quot;}\">\n\t\t<div class=\"elementor-element elementor-element-13410188 e-con-full e-flex e-con e-child\" data-id=\"13410188\" data-element_type=\"container\" data-e-type=\"container\" data-settings=\"{&quot;background_background&quot;:&quot;classic&quot;}\">\n\t\t\t\t<div class=\"elementor-element elementor-element-24f26d13 elementor-widget elementor-widget-heading\" data-id=\"24f26d13\" data-element_type=\"widget\" data-e-type=\"widget\" data-widget_type=\"heading.default\">\n\t\t\t\t\t<h2 class=\"elementor-heading-title elementor-size-default\">Demo-Anfrage<\/h2>\t\t\t\t<\/div>\n\t\t\t\t<div class=\"elementor-element elementor-element-a318e44 elementor-widget elementor-widget-text-editor\" data-id=\"a318e44\" data-element_type=\"widget\" data-e-type=\"widget\" data-widget_type=\"text-editor.default\">\n\t\t\t\t\t\t\t\t\t<p>F\u00fcllen Sie das untenstehende Formular aus und einer unserer Spezialisten wird sich mit Ihnen in Verbindung setzen.<\/p>\t\t\t\t\t\t\t\t<\/div>\n\t\t\t\t<div class=\"elementor-element elementor-element-f632dc5 elementor-button-align-stretch elementor-widget elementor-widget-form\" data-id=\"f632dc5\" data-element_type=\"widget\" data-e-type=\"widget\" data-settings=\"{&quot;step_next_label&quot;:&quot;Weiter&quot;,&quot;step_previous_label&quot;:&quot;Zur\\u00fcck&quot;,&quot;button_width&quot;:&quot;100&quot;,&quot;step_type&quot;:&quot;number_text&quot;,&quot;step_icon_shape&quot;:&quot;circle&quot;}\" data-widget_type=\"form.default\">\n\t\t\t\t\t\t\t<form class=\"elementor-form\" method=\"post\" name=\"Neues Formular\" aria-label=\"Neues Formular\">\n\t\t\t<input type=\"hidden\" name=\"post_id\" value=\"8476\"\/>\n\t\t\t<input type=\"hidden\" name=\"form_id\" value=\"f632dc5\"\/>\n\t\t\t<input type=\"hidden\" name=\"referer_title\" value=\"Demo anfordern - Geodirect\" \/>\n\n\t\t\t\t\t\t\t<input type=\"hidden\" name=\"queried_id\" value=\"8476\"\/>\n\t\t\t\n\t\t\t<div class=\"elementor-form-fields-wrapper elementor-labels-above\">\n\t\t\t\t\t\t\t\t<div class=\"elementor-field-type-text elementor-field-group elementor-column elementor-field-group-name elementor-col-100\">\n\t\t\t\t\t\t\t\t\t\t\t\t<label for=\"form-field-name\" class=\"elementor-field-label\">\n\t\t\t\t\t\t\t\tName\t\t\t\t\t\t\t<\/label>\n\t\t\t\t\t\t\t\t\t\t\t\t\t\t<input size=\"1\" type=\"text\" name=\"form_fields[name]\" id=\"form-field-name\" class=\"elementor-field elementor-size-sm  elementor-field-textual\" placeholder=\"Name\">\n\t\t\t\t\t\t\t\t\t\t\t<\/div>\n\t\t\t\t\t\t\t\t<div class=\"elementor-field-type-email elementor-field-group elementor-column elementor-field-group-email elementor-col-100 elementor-field-required\">\n\t\t\t\t\t\t\t\t\t\t\t\t<label for=\"form-field-email\" class=\"elementor-field-label\">\n\t\t\t\t\t\t\t\tE-Mail\t\t\t\t\t\t\t<\/label>\n\t\t\t\t\t\t\t\t\t\t\t\t\t\t<input size=\"1\" type=\"email\" name=\"form_fields[email]\" id=\"form-field-email\" class=\"elementor-field elementor-size-sm  elementor-field-textual\" placeholder=\"E-Mail\" required=\"required\">\n\t\t\t\t\t\t\t\t\t\t\t<\/div>\n\t\t\t\t\t\t\t\t<div class=\"elementor-field-type-text elementor-field-group elementor-column elementor-field-group-field_c0dcf0d elementor-col-100\">\n\t\t\t\t\t\t\t\t\t\t\t\t<label for=\"form-field-field_c0dcf0d\" class=\"elementor-field-label\">\n\t\t\t\t\t\t\t\tUnternehmen\t\t\t\t\t\t\t<\/label>\n\t\t\t\t\t\t\t\t\t\t\t\t\t\t<input size=\"1\" type=\"text\" name=\"form_fields[field_c0dcf0d]\" id=\"form-field-field_c0dcf0d\" class=\"elementor-field elementor-size-sm  elementor-field-textual\" placeholder=\"Ihr Unternehmensname\">\n\t\t\t\t\t\t\t\t\t\t\t<\/div>\n\t\t\t\t\t\t\t\t<div class=\"elementor-field-type-text elementor-field-group elementor-column elementor-field-group-field_5889601 elementor-col-100\">\n\t\t\t\t\t\t\t\t\t\t\t\t<label for=\"form-field-field_5889601\" class=\"elementor-field-label\">\n\t\t\t\t\t\t\t\tOrt\t\t\t\t\t\t\t<\/label>\n\t\t\t\t\t\t\t\t\t\t\t\t\t\t<input size=\"1\" type=\"text\" name=\"form_fields[field_5889601]\" id=\"form-field-field_5889601\" class=\"elementor-field elementor-size-sm  elementor-field-textual\" placeholder=\"Ortsname \/ Region\">\n\t\t\t\t\t\t\t\t\t\t\t<\/div>\n\t\t\t\t\t\t\t\t<div class=\"elementor-field-type-textarea elementor-field-group elementor-column elementor-field-group-message elementor-col-100\">\n\t\t\t\t\t\t\t\t\t\t\t\t<label for=\"form-field-message\" class=\"elementor-field-label\">\n\t\t\t\t\t\t\t\tNachricht\t\t\t\t\t\t\t<\/label>\n\t\t\t\t\t\t<textarea class=\"elementor-field-textual elementor-field  elementor-size-sm\" name=\"form_fields[message]\" id=\"form-field-message\" rows=\"4\" placeholder=\"Nachricht\"><\/textarea>\t\t\t\t<\/div>\n\t\t\t\t\t\t\t\t<div class=\"elementor-field-group elementor-column elementor-field-type-submit elementor-col-100 e-form__buttons\">\n\t\t\t\t\t<button class=\"elementor-button elementor-size-sm\" type=\"submit\">\n\t\t\t\t\t\t<span class=\"elementor-button-content-wrapper\">\n\t\t\t\t\t\t\t\t\t\t\t\t\t\t\t\t\t\t\t\t\t\t<span class=\"elementor-button-text\">Senden<\/span>\n\t\t\t\t\t\t\t\t\t\t\t\t\t<\/span>\n\t\t\t\t\t<\/button>\n\t\t\t\t<\/div>\n\t\t\t<\/div>\n\t\t<\/form>\n\t\t\t\t\t\t<\/div>\n\t\t\t\t<\/div>\n\t\t\t\t<\/div>\n\t\t\t\t\t<\/div>\n\t\t\t\t<\/div>\n\t\t<div class=\"elementor-element elementor-element-76830a86 e-flex e-con-boxed e-con e-parent\" data-id=\"76830a86\" data-element_type=\"container\" data-e-type=\"container\" data-settings=\"{&quot;background_background&quot;:&quot;classic&quot;}\">\n\t\t\t\t\t<div class=\"e-con-inner\">\n\t\t<div class=\"elementor-element elementor-element-4d9a759f e-con-full e-flex e-con e-child\" data-id=\"4d9a759f\" data-element_type=\"container\" data-e-type=\"container\">\n\t\t\t\t<div class=\"elementor-element elementor-element-791fd339 elementor-widget elementor-widget-text-editor\" data-id=\"791fd339\" data-element_type=\"widget\" data-e-type=\"widget\" data-widget_type=\"text-editor.default\">\n\t\t\t\t\t\t\t\t\t<p>Aus der Luft, vom Boden, unter Wasser und im Erdreich \u2013 wir helfen Ihnen, die Realit\u00e4t zu erfassen. Mit innovativen Messl\u00f6sungen und Fachwissen, das Technologie in der Praxis wirklich zum Laufen bringt. <\/p>\t\t\t\t\t\t\t\t<\/div>\n\t\t\t\t<\/div>\n\t\t\t\t\t<\/div>\n\t\t\t\t<\/div>\n\t\t\t\t<\/div>\n\t\t","protected":false},"excerpt":{"rendered":"<p>Fordern Sie jetzt eine Demo an! Entdecken Sie selbst die M\u00f6glichkeiten. Planen Sie Ihre pers\u00f6nliche Demo Mit einer pers\u00f6nlichen Demo entdecken Sie selbst, welche Vorteile unsere Hard- und Software f\u00fcr Ihre spezifische Anwendung bieten. W\u00e4hrend dieser interaktiven Sitzung bei Ihnen oder vor Ort bei Geodirect zeigen wir Ihnen, wie sich unsere L\u00f6sungen nahtlos in Ihre [&hellip;]<\/p>\n","protected":false},"author":2,"featured_media":0,"parent":0,"menu_order":0,"comment_status":"closed","ping_status":"closed","template":"","meta":{"_acf_changed":false,"content-type":"","footnotes":""},"class_list":["post-8476","page","type-page","status-publish","hentry"],"acf":[],"yoast_head":"<!-- This site is optimized with the Yoast SEO plugin v27.3 - https:\/\/yoast.com\/product\/yoast-seo-wordpress\/ -->\n<title>Demo anfordern - Geodirect<\/title>\n<meta name=\"robots\" content=\"index, follow, max-snippet:-1, max-image-preview:large, max-video-preview:-1\" \/>\n<link rel=\"canonical\" href=\"https:\/\/www.geodirect.nl\/de\/demo-anfordern\/\" \/>\n<meta property=\"og:locale\" content=\"de_DE\" \/>\n<meta property=\"og:type\" content=\"article\" \/>\n<meta property=\"og:title\" content=\"Demo anfordern - Geodirect\" \/>\n<meta property=\"og:description\" content=\"Fordern Sie jetzt eine Demo an! Entdecken Sie selbst die M\u00f6glichkeiten. Planen Sie Ihre pers\u00f6nliche Demo Mit einer pers\u00f6nlichen Demo entdecken Sie selbst, welche Vorteile unsere Hard- und Software f\u00fcr Ihre spezifische Anwendung bieten. W\u00e4hrend dieser interaktiven Sitzung bei Ihnen oder vor Ort bei Geodirect zeigen wir Ihnen, wie sich unsere L\u00f6sungen nahtlos in Ihre [&hellip;]\" \/>\n<meta property=\"og:url\" content=\"https:\/\/www.geodirect.nl\/de\/demo-anfordern\/\" \/>\n<meta property=\"og:site_name\" content=\"Geodirect\" \/>\n<meta property=\"article:modified_time\" content=\"2026-02-23T07:43:44+00:00\" \/>\n<meta property=\"og:image\" content=\"https:\/\/www.geodirect.nl\/wp-content\/uploads\/2025\/11\/geodirect-vacature-sales-engineer-survey.jpg\" \/>\n\t<meta property=\"og:image:width\" content=\"1920\" \/>\n\t<meta property=\"og:image:height\" content=\"1080\" \/>\n\t<meta property=\"og:image:type\" content=\"image\/jpeg\" \/>\n<meta name=\"twitter:card\" content=\"summary_large_image\" \/>\n<meta name=\"twitter:label1\" content=\"Gesch\u00e4tzte Lesezeit\" \/>\n\t<meta name=\"twitter:data1\" content=\"1\u00a0Minute\" \/>\n<script type=\"application\/ld+json\" class=\"yoast-schema-graph\">{\"@context\":\"https:\\\/\\\/schema.org\",\"@graph\":[{\"@type\":\"WebPage\",\"@id\":\"https:\\\/\\\/www.geodirect.nl\\\/de\\\/demo-anfordern\\\/\",\"url\":\"https:\\\/\\\/www.geodirect.nl\\\/de\\\/demo-anfordern\\\/\",\"name\":\"Demo anfordern - Geodirect\",\"isPartOf\":{\"@id\":\"https:\\\/\\\/www.geodirect.nl\\\/de\\\/#website\"},\"primaryImageOfPage\":{\"@id\":\"https:\\\/\\\/www.geodirect.nl\\\/de\\\/demo-anfordern\\\/#primaryimage\"},\"image\":{\"@id\":\"https:\\\/\\\/www.geodirect.nl\\\/de\\\/demo-anfordern\\\/#primaryimage\"},\"thumbnailUrl\":\"https:\\\/\\\/www.geodirect.nl\\\/wp-content\\\/uploads\\\/2025\\\/11\\\/geodirect-vacature-sales-engineer-survey-1024x576.jpg\",\"datePublished\":\"2025-12-17T10:11:03+00:00\",\"dateModified\":\"2026-02-23T07:43:44+00:00\",\"breadcrumb\":{\"@id\":\"https:\\\/\\\/www.geodirect.nl\\\/de\\\/demo-anfordern\\\/#breadcrumb\"},\"inLanguage\":\"de\",\"potentialAction\":[{\"@type\":\"ReadAction\",\"target\":[\"https:\\\/\\\/www.geodirect.nl\\\/de\\\/demo-anfordern\\\/\"]}]},{\"@type\":\"ImageObject\",\"inLanguage\":\"de\",\"@id\":\"https:\\\/\\\/www.geodirect.nl\\\/de\\\/demo-anfordern\\\/#primaryimage\",\"url\":\"https:\\\/\\\/www.geodirect.nl\\\/wp-content\\\/uploads\\\/2025\\\/11\\\/geodirect-vacature-sales-engineer-survey-1024x576.jpg\",\"contentUrl\":\"https:\\\/\\\/www.geodirect.nl\\\/wp-content\\\/uploads\\\/2025\\\/11\\\/geodirect-vacature-sales-engineer-survey-1024x576.jpg\"},{\"@type\":\"BreadcrumbList\",\"@id\":\"https:\\\/\\\/www.geodirect.nl\\\/de\\\/demo-anfordern\\\/#breadcrumb\",\"itemListElement\":[{\"@type\":\"ListItem\",\"position\":1,\"name\":\"Startseite\",\"item\":\"https:\\\/\\\/www.geodirect.nl\\\/de\\\/home\\\/\"},{\"@type\":\"ListItem\",\"position\":2,\"name\":\"Demo anfordern\"}]},{\"@type\":\"WebSite\",\"@id\":\"https:\\\/\\\/www.geodirect.nl\\\/de\\\/#website\",\"url\":\"https:\\\/\\\/www.geodirect.nl\\\/de\\\/\",\"name\":\"Geodirect\",\"description\":\"Technologie die vooruitgang drijft\",\"publisher\":{\"@id\":\"https:\\\/\\\/www.geodirect.nl\\\/de\\\/#organization\"},\"potentialAction\":[{\"@type\":\"SearchAction\",\"target\":{\"@type\":\"EntryPoint\",\"urlTemplate\":\"https:\\\/\\\/www.geodirect.nl\\\/de\\\/?s={search_term_string}\"},\"query-input\":{\"@type\":\"PropertyValueSpecification\",\"valueRequired\":true,\"valueName\":\"search_term_string\"}}],\"inLanguage\":\"de\"},{\"@type\":\"Organization\",\"@id\":\"https:\\\/\\\/www.geodirect.nl\\\/de\\\/#organization\",\"name\":\"Geodirect B.V.\",\"url\":\"https:\\\/\\\/www.geodirect.nl\\\/de\\\/\",\"logo\":{\"@type\":\"ImageObject\",\"inLanguage\":\"de\",\"@id\":\"https:\\\/\\\/www.geodirect.nl\\\/de\\\/#\\\/schema\\\/logo\\\/image\\\/\",\"url\":\"https:\\\/\\\/www.geodirect.nl\\\/wp-content\\\/uploads\\\/2025\\\/11\\\/87b06f73c1509d1450fec3e50f610637829b3ada-1.png\",\"contentUrl\":\"https:\\\/\\\/www.geodirect.nl\\\/wp-content\\\/uploads\\\/2025\\\/11\\\/87b06f73c1509d1450fec3e50f610637829b3ada-1.png\",\"width\":239,\"height\":159,\"caption\":\"Geodirect B.V.\"},\"image\":{\"@id\":\"https:\\\/\\\/www.geodirect.nl\\\/de\\\/#\\\/schema\\\/logo\\\/image\\\/\"}}]}<\/script>\n<!-- \/ Yoast SEO plugin. -->","yoast_head_json":{"title":"Demo anfordern - Geodirect","robots":{"index":"index","follow":"follow","max-snippet":"max-snippet:-1","max-image-preview":"max-image-preview:large","max-video-preview":"max-video-preview:-1"},"canonical":"https:\/\/www.geodirect.nl\/de\/demo-anfordern\/","og_locale":"de_DE","og_type":"article","og_title":"Demo anfordern - Geodirect","og_description":"Fordern Sie jetzt eine Demo an! Entdecken Sie selbst die M\u00f6glichkeiten. Planen Sie Ihre pers\u00f6nliche Demo Mit einer pers\u00f6nlichen Demo entdecken Sie selbst, welche Vorteile unsere Hard- und Software f\u00fcr Ihre spezifische Anwendung bieten. W\u00e4hrend dieser interaktiven Sitzung bei Ihnen oder vor Ort bei Geodirect zeigen wir Ihnen, wie sich unsere L\u00f6sungen nahtlos in Ihre [&hellip;]","og_url":"https:\/\/www.geodirect.nl\/de\/demo-anfordern\/","og_site_name":"Geodirect","article_modified_time":"2026-02-23T07:43:44+00:00","og_image":[{"width":1920,"height":1080,"url":"https:\/\/www.geodirect.nl\/wp-content\/uploads\/2025\/11\/geodirect-vacature-sales-engineer-survey.jpg","type":"image\/jpeg"}],"twitter_card":"summary_large_image","twitter_misc":{"Gesch\u00e4tzte Lesezeit":"1\u00a0Minute"},"schema":{"@context":"https:\/\/schema.org","@graph":[{"@type":"WebPage","@id":"https:\/\/www.geodirect.nl\/de\/demo-anfordern\/","url":"https:\/\/www.geodirect.nl\/de\/demo-anfordern\/","name":"Demo anfordern - Geodirect","isPartOf":{"@id":"https:\/\/www.geodirect.nl\/de\/#website"},"primaryImageOfPage":{"@id":"https:\/\/www.geodirect.nl\/de\/demo-anfordern\/#primaryimage"},"image":{"@id":"https:\/\/www.geodirect.nl\/de\/demo-anfordern\/#primaryimage"},"thumbnailUrl":"https:\/\/www.geodirect.nl\/wp-content\/uploads\/2025\/11\/geodirect-vacature-sales-engineer-survey-1024x576.jpg","datePublished":"2025-12-17T10:11:03+00:00","dateModified":"2026-02-23T07:43:44+00:00","breadcrumb":{"@id":"https:\/\/www.geodirect.nl\/de\/demo-anfordern\/#breadcrumb"},"inLanguage":"de","potentialAction":[{"@type":"ReadAction","target":["https:\/\/www.geodirect.nl\/de\/demo-anfordern\/"]}]},{"@type":"ImageObject","inLanguage":"de","@id":"https:\/\/www.geodirect.nl\/de\/demo-anfordern\/#primaryimage","url":"https:\/\/www.geodirect.nl\/wp-content\/uploads\/2025\/11\/geodirect-vacature-sales-engineer-survey-1024x576.jpg","contentUrl":"https:\/\/www.geodirect.nl\/wp-content\/uploads\/2025\/11\/geodirect-vacature-sales-engineer-survey-1024x576.jpg"},{"@type":"BreadcrumbList","@id":"https:\/\/www.geodirect.nl\/de\/demo-anfordern\/#breadcrumb","itemListElement":[{"@type":"ListItem","position":1,"name":"Startseite","item":"https:\/\/www.geodirect.nl\/de\/home\/"},{"@type":"ListItem","position":2,"name":"Demo anfordern"}]},{"@type":"WebSite","@id":"https:\/\/www.geodirect.nl\/de\/#website","url":"https:\/\/www.geodirect.nl\/de\/","name":"Geodirect","description":"Technologie die vooruitgang drijft","publisher":{"@id":"https:\/\/www.geodirect.nl\/de\/#organization"},"potentialAction":[{"@type":"SearchAction","target":{"@type":"EntryPoint","urlTemplate":"https:\/\/www.geodirect.nl\/de\/?s={search_term_string}"},"query-input":{"@type":"PropertyValueSpecification","valueRequired":true,"valueName":"search_term_string"}}],"inLanguage":"de"},{"@type":"Organization","@id":"https:\/\/www.geodirect.nl\/de\/#organization","name":"Geodirect B.V.","url":"https:\/\/www.geodirect.nl\/de\/","logo":{"@type":"ImageObject","inLanguage":"de","@id":"https:\/\/www.geodirect.nl\/de\/#\/schema\/logo\/image\/","url":"https:\/\/www.geodirect.nl\/wp-content\/uploads\/2025\/11\/87b06f73c1509d1450fec3e50f610637829b3ada-1.png","contentUrl":"https:\/\/www.geodirect.nl\/wp-content\/uploads\/2025\/11\/87b06f73c1509d1450fec3e50f610637829b3ada-1.png","width":239,"height":159,"caption":"Geodirect B.V."},"image":{"@id":"https:\/\/www.geodirect.nl\/de\/#\/schema\/logo\/image\/"}}]}},"_links":{"self":[{"href":"https:\/\/www.geodirect.nl\/de\/wp-json\/wp\/v2\/pages\/8476","targetHints":{"allow":["GET"]}}],"collection":[{"href":"https:\/\/www.geodirect.nl\/de\/wp-json\/wp\/v2\/pages"}],"about":[{"href":"https:\/\/www.geodirect.nl\/de\/wp-json\/wp\/v2\/types\/page"}],"author":[{"embeddable":true,"href":"https:\/\/www.geodirect.nl\/de\/wp-json\/wp\/v2\/users\/2"}],"replies":[{"embeddable":true,"href":"https:\/\/www.geodirect.nl\/de\/wp-json\/wp\/v2\/comments?post=8476"}],"version-history":[{"count":4,"href":"https:\/\/www.geodirect.nl\/de\/wp-json\/wp\/v2\/pages\/8476\/revisions"}],"predecessor-version":[{"id":9912,"href":"https:\/\/www.geodirect.nl\/de\/wp-json\/wp\/v2\/pages\/8476\/revisions\/9912"}],"wp:attachment":[{"href":"https:\/\/www.geodirect.nl\/de\/wp-json\/wp\/v2\/media?parent=8476"}],"curies":[{"name":"wp","href":"https:\/\/api.w.org\/{rel}","templated":true}]}}