{"id":8069,"date":"2025-11-22T10:25:40","date_gmt":"2025-11-22T10:25:40","guid":{"rendered":"https:\/\/www.geodirect.nl\/product\/stonex-s900\/"},"modified":"2026-02-16T15:31:26","modified_gmt":"2026-02-16T15:31:26","slug":"stonex-s900","status":"publish","type":"product","link":"https:\/\/www.geodirect.nl\/de\/produkt\/stonex-s900\/","title":{"rendered":"Stonex S900+"},"content":{"rendered":"<p>Der Stonex S900+ RTK-Empf\u00e4nger ist mit einem leistungsstarken GNSS-Board mit 1408 Kan\u00e4len ausgestattet und unterst\u00fctzt alle Satellitenkonstellationen: GPS, GLONASS, BEIDOU, GALILEO und QZSS. Das 4G-GSM-Modem sorgt f\u00fcr eine schnelle Internetverbindung zum Empfang von Korrekturdaten und zur Durchf\u00fchrung pr\u00e4ziser Messungen. <\/p>\n","protected":false},"excerpt":{"rendered":"<p>Stonex S900+ RTK-GNSS-Empf\u00e4nger<\/p>\n","protected":false},"featured_media":4366,"template":"","meta":{"_acf_changed":false,"content-type":""},"product_brand":[87],"product_cat":[131,127],"product_tag":[134],"class_list":{"0":"post-8069","1":"product","2":"type-product","3":"status-publish","4":"has-post-thumbnail","6":"product_brand-stonex","7":"product_cat-gnss-empfanger","8":"product_cat-gnss-systeme","9":"product_tag-vermietung","11":"first","12":"instock","13":"shipping-taxable","14":"product-type-simple"},"acf":[],"yoast_head":"<!-- This site is optimized with the Yoast SEO plugin v27.3 - https:\/\/yoast.com\/product\/yoast-seo-wordpress\/ -->\n<title>Stonex S900+ - Geodirect<\/title>\n<meta name=\"description\" content=\"Der Stonex S900+ RTK-Empf\u00e4nger: ausgestattet mit einem leistungsstarken GNSS-Board mit 1408 Kan\u00e4len. F\u00fcr alle Konstellationen: GPS, GLONASS, BEIDOU, GALILEO und QZSS.\" \/>\n<meta name=\"robots\" content=\"index, follow, max-snippet:-1, max-image-preview:large, max-video-preview:-1\" \/>\n<link rel=\"canonical\" href=\"https:\/\/www.geodirect.nl\/de\/produkt\/stonex-s900\/\" \/>\n<meta property=\"og:locale\" content=\"de_DE\" \/>\n<meta property=\"og:type\" content=\"article\" \/>\n<meta property=\"og:title\" content=\"Stonex S900+ - Geodirect\" \/>\n<meta property=\"og:description\" content=\"Der Stonex S900+ RTK-Empf\u00e4nger: ausgestattet mit einem leistungsstarken GNSS-Board mit 1408 Kan\u00e4len. F\u00fcr alle Konstellationen: GPS, GLONASS, BEIDOU, GALILEO und QZSS.\" \/>\n<meta property=\"og:url\" content=\"https:\/\/www.geodirect.nl\/de\/produkt\/stonex-s900\/\" \/>\n<meta property=\"og:site_name\" content=\"Geodirect\" \/>\n<meta property=\"article:modified_time\" content=\"2026-02-16T15:31:26+00:00\" \/>\n<meta property=\"og:image\" content=\"https:\/\/www.geodirect.nl\/wp-content\/uploads\/2025\/11\/stonex_S900_plus_thumbnail.jpeg\" \/>\n\t<meta property=\"og:image:width\" content=\"260\" \/>\n\t<meta property=\"og:image:height\" content=\"218\" \/>\n\t<meta property=\"og:image:type\" content=\"image\/jpeg\" \/>\n<meta name=\"twitter:card\" content=\"summary_large_image\" \/>\n<script type=\"application\/ld+json\" class=\"yoast-schema-graph\">{\"@context\":\"https:\\\/\\\/schema.org\",\"@graph\":[{\"@type\":\"WebPage\",\"@id\":\"https:\\\/\\\/www.geodirect.nl\\\/de\\\/produkt\\\/stonex-s900\\\/\",\"url\":\"https:\\\/\\\/www.geodirect.nl\\\/de\\\/produkt\\\/stonex-s900\\\/\",\"name\":\"Stonex S900+ - Geodirect\",\"isPartOf\":{\"@id\":\"https:\\\/\\\/www.geodirect.nl\\\/de\\\/#website\"},\"primaryImageOfPage\":{\"@id\":\"https:\\\/\\\/www.geodirect.nl\\\/de\\\/produkt\\\/stonex-s900\\\/#primaryimage\"},\"image\":{\"@id\":\"https:\\\/\\\/www.geodirect.nl\\\/de\\\/produkt\\\/stonex-s900\\\/#primaryimage\"},\"thumbnailUrl\":\"https:\\\/\\\/www.geodirect.nl\\\/wp-content\\\/uploads\\\/2025\\\/11\\\/stonex_S900_plus_thumbnail.jpeg\",\"datePublished\":\"2025-11-22T10:25:40+00:00\",\"dateModified\":\"2026-02-16T15:31:26+00:00\",\"description\":\"Der Stonex S900+ RTK-Empf\u00e4nger: ausgestattet mit einem leistungsstarken GNSS-Board mit 1408 Kan\u00e4len. F\u00fcr alle Konstellationen: GPS, GLONASS, BEIDOU, GALILEO und QZSS.\",\"breadcrumb\":{\"@id\":\"https:\\\/\\\/www.geodirect.nl\\\/de\\\/produkt\\\/stonex-s900\\\/#breadcrumb\"},\"inLanguage\":\"de\",\"potentialAction\":[{\"@type\":\"ReadAction\",\"target\":[\"https:\\\/\\\/www.geodirect.nl\\\/de\\\/produkt\\\/stonex-s900\\\/\"]}]},{\"@type\":\"ImageObject\",\"inLanguage\":\"de\",\"@id\":\"https:\\\/\\\/www.geodirect.nl\\\/de\\\/produkt\\\/stonex-s900\\\/#primaryimage\",\"url\":\"https:\\\/\\\/www.geodirect.nl\\\/wp-content\\\/uploads\\\/2025\\\/11\\\/stonex_S900_plus_thumbnail.jpeg\",\"contentUrl\":\"https:\\\/\\\/www.geodirect.nl\\\/wp-content\\\/uploads\\\/2025\\\/11\\\/stonex_S900_plus_thumbnail.jpeg\",\"width\":260,\"height\":218},{\"@type\":\"BreadcrumbList\",\"@id\":\"https:\\\/\\\/www.geodirect.nl\\\/de\\\/produkt\\\/stonex-s900\\\/#breadcrumb\",\"itemListElement\":[{\"@type\":\"ListItem\",\"position\":1,\"name\":\"Startseite\",\"item\":\"https:\\\/\\\/www.geodirect.nl\\\/de\\\/home\\\/\"},{\"@type\":\"ListItem\",\"position\":2,\"name\":\"Produkte\",\"item\":\"https:\\\/\\\/www.geodirect.nl\\\/de\\\/produkte\\\/\"},{\"@type\":\"ListItem\",\"position\":3,\"name\":\"Stonex S900+\"}]},{\"@type\":\"WebSite\",\"@id\":\"https:\\\/\\\/www.geodirect.nl\\\/de\\\/#website\",\"url\":\"https:\\\/\\\/www.geodirect.nl\\\/de\\\/\",\"name\":\"Geodirect\",\"description\":\"Technologie die vooruitgang drijft\",\"publisher\":{\"@id\":\"https:\\\/\\\/www.geodirect.nl\\\/de\\\/#organization\"},\"potentialAction\":[{\"@type\":\"SearchAction\",\"target\":{\"@type\":\"EntryPoint\",\"urlTemplate\":\"https:\\\/\\\/www.geodirect.nl\\\/de\\\/?s={search_term_string}\"},\"query-input\":{\"@type\":\"PropertyValueSpecification\",\"valueRequired\":true,\"valueName\":\"search_term_string\"}}],\"inLanguage\":\"de\"},{\"@type\":\"Organization\",\"@id\":\"https:\\\/\\\/www.geodirect.nl\\\/de\\\/#organization\",\"name\":\"Geodirect B.V.\",\"url\":\"https:\\\/\\\/www.geodirect.nl\\\/de\\\/\",\"logo\":{\"@type\":\"ImageObject\",\"inLanguage\":\"de\",\"@id\":\"https:\\\/\\\/www.geodirect.nl\\\/de\\\/#\\\/schema\\\/logo\\\/image\\\/\",\"url\":\"https:\\\/\\\/www.geodirect.nl\\\/wp-content\\\/uploads\\\/2025\\\/11\\\/87b06f73c1509d1450fec3e50f610637829b3ada-1.png\",\"contentUrl\":\"https:\\\/\\\/www.geodirect.nl\\\/wp-content\\\/uploads\\\/2025\\\/11\\\/87b06f73c1509d1450fec3e50f610637829b3ada-1.png\",\"width\":239,\"height\":159,\"caption\":\"Geodirect B.V.\"},\"image\":{\"@id\":\"https:\\\/\\\/www.geodirect.nl\\\/de\\\/#\\\/schema\\\/logo\\\/image\\\/\"}}]}<\/script>\n<!-- \/ Yoast SEO plugin. -->","yoast_head_json":{"title":"Stonex S900+ - Geodirect","description":"Der Stonex S900+ RTK-Empf\u00e4nger: ausgestattet mit einem leistungsstarken GNSS-Board mit 1408 Kan\u00e4len. F\u00fcr alle Konstellationen: GPS, GLONASS, BEIDOU, GALILEO und QZSS.","robots":{"index":"index","follow":"follow","max-snippet":"max-snippet:-1","max-image-preview":"max-image-preview:large","max-video-preview":"max-video-preview:-1"},"canonical":"https:\/\/www.geodirect.nl\/de\/produkt\/stonex-s900\/","og_locale":"de_DE","og_type":"article","og_title":"Stonex S900+ - Geodirect","og_description":"Der Stonex S900+ RTK-Empf\u00e4nger: ausgestattet mit einem leistungsstarken GNSS-Board mit 1408 Kan\u00e4len. F\u00fcr alle Konstellationen: GPS, GLONASS, BEIDOU, GALILEO und QZSS.","og_url":"https:\/\/www.geodirect.nl\/de\/produkt\/stonex-s900\/","og_site_name":"Geodirect","article_modified_time":"2026-02-16T15:31:26+00:00","og_image":[{"width":260,"height":218,"url":"https:\/\/www.geodirect.nl\/wp-content\/uploads\/2025\/11\/stonex_S900_plus_thumbnail.jpeg","type":"image\/jpeg"}],"twitter_card":"summary_large_image","schema":{"@context":"https:\/\/schema.org","@graph":[{"@type":"WebPage","@id":"https:\/\/www.geodirect.nl\/de\/produkt\/stonex-s900\/","url":"https:\/\/www.geodirect.nl\/de\/produkt\/stonex-s900\/","name":"Stonex S900+ - Geodirect","isPartOf":{"@id":"https:\/\/www.geodirect.nl\/de\/#website"},"primaryImageOfPage":{"@id":"https:\/\/www.geodirect.nl\/de\/produkt\/stonex-s900\/#primaryimage"},"image":{"@id":"https:\/\/www.geodirect.nl\/de\/produkt\/stonex-s900\/#primaryimage"},"thumbnailUrl":"https:\/\/www.geodirect.nl\/wp-content\/uploads\/2025\/11\/stonex_S900_plus_thumbnail.jpeg","datePublished":"2025-11-22T10:25:40+00:00","dateModified":"2026-02-16T15:31:26+00:00","description":"Der Stonex S900+ RTK-Empf\u00e4nger: ausgestattet mit einem leistungsstarken GNSS-Board mit 1408 Kan\u00e4len. F\u00fcr alle Konstellationen: GPS, GLONASS, BEIDOU, GALILEO und QZSS.","breadcrumb":{"@id":"https:\/\/www.geodirect.nl\/de\/produkt\/stonex-s900\/#breadcrumb"},"inLanguage":"de","potentialAction":[{"@type":"ReadAction","target":["https:\/\/www.geodirect.nl\/de\/produkt\/stonex-s900\/"]}]},{"@type":"ImageObject","inLanguage":"de","@id":"https:\/\/www.geodirect.nl\/de\/produkt\/stonex-s900\/#primaryimage","url":"https:\/\/www.geodirect.nl\/wp-content\/uploads\/2025\/11\/stonex_S900_plus_thumbnail.jpeg","contentUrl":"https:\/\/www.geodirect.nl\/wp-content\/uploads\/2025\/11\/stonex_S900_plus_thumbnail.jpeg","width":260,"height":218},{"@type":"BreadcrumbList","@id":"https:\/\/www.geodirect.nl\/de\/produkt\/stonex-s900\/#breadcrumb","itemListElement":[{"@type":"ListItem","position":1,"name":"Startseite","item":"https:\/\/www.geodirect.nl\/de\/home\/"},{"@type":"ListItem","position":2,"name":"Produkte","item":"https:\/\/www.geodirect.nl\/de\/produkte\/"},{"@type":"ListItem","position":3,"name":"Stonex S900+"}]},{"@type":"WebSite","@id":"https:\/\/www.geodirect.nl\/de\/#website","url":"https:\/\/www.geodirect.nl\/de\/","name":"Geodirect","description":"Technologie die vooruitgang drijft","publisher":{"@id":"https:\/\/www.geodirect.nl\/de\/#organization"},"potentialAction":[{"@type":"SearchAction","target":{"@type":"EntryPoint","urlTemplate":"https:\/\/www.geodirect.nl\/de\/?s={search_term_string}"},"query-input":{"@type":"PropertyValueSpecification","valueRequired":true,"valueName":"search_term_string"}}],"inLanguage":"de"},{"@type":"Organization","@id":"https:\/\/www.geodirect.nl\/de\/#organization","name":"Geodirect B.V.","url":"https:\/\/www.geodirect.nl\/de\/","logo":{"@type":"ImageObject","inLanguage":"de","@id":"https:\/\/www.geodirect.nl\/de\/#\/schema\/logo\/image\/","url":"https:\/\/www.geodirect.nl\/wp-content\/uploads\/2025\/11\/87b06f73c1509d1450fec3e50f610637829b3ada-1.png","contentUrl":"https:\/\/www.geodirect.nl\/wp-content\/uploads\/2025\/11\/87b06f73c1509d1450fec3e50f610637829b3ada-1.png","width":239,"height":159,"caption":"Geodirect B.V."},"image":{"@id":"https:\/\/www.geodirect.nl\/de\/#\/schema\/logo\/image\/"}}]}},"_links":{"self":[{"href":"https:\/\/www.geodirect.nl\/de\/wp-json\/wp\/v2\/product\/8069","targetHints":{"allow":["GET"]}}],"collection":[{"href":"https:\/\/www.geodirect.nl\/de\/wp-json\/wp\/v2\/product"}],"about":[{"href":"https:\/\/www.geodirect.nl\/de\/wp-json\/wp\/v2\/types\/product"}],"wp:featuredmedia":[{"embeddable":true,"href":"https:\/\/www.geodirect.nl\/de\/wp-json\/wp\/v2\/media\/4366"}],"wp:attachment":[{"href":"https:\/\/www.geodirect.nl\/de\/wp-json\/wp\/v2\/media?parent=8069"}],"wp:term":[{"taxonomy":"product_brand","embeddable":true,"href":"https:\/\/www.geodirect.nl\/de\/wp-json\/wp\/v2\/product_brand?post=8069"},{"taxonomy":"product_cat","embeddable":true,"href":"https:\/\/www.geodirect.nl\/de\/wp-json\/wp\/v2\/product_cat?post=8069"},{"taxonomy":"product_tag","embeddable":true,"href":"https:\/\/www.geodirect.nl\/de\/wp-json\/wp\/v2\/product_tag?post=8069"}],"curies":[{"name":"wp","href":"https:\/\/api.w.org\/{rel}","templated":true}]}}