{"id":8615,"date":"2025-11-22T11:02:05","date_gmt":"2025-11-22T11:02:05","guid":{"rendered":"https:\/\/www.geodirect.nl\/product\/stonex-sc2200\/"},"modified":"2026-02-16T15:44:30","modified_gmt":"2026-02-16T15:44:30","slug":"stonex-sc2200","status":"publish","type":"product","link":"https:\/\/www.geodirect.nl\/de\/produkt\/stonex-sc2200\/","title":{"rendered":"Stonex SC2200"},"content":{"rendered":"<p><strong>Der Stonex SC2200 RTK GNSS C.O.R.S. (Continuously Operating Reference Station) Empf\u00e4nger ist mit einem fortschrittlichen 555- oder 800-Kanal-GNSS-Board ausgestattet und kann alle Satellitenkonstellationen gleichzeitig empfangen, einschlie\u00dflich GPS, GLONASS, BEIDOU, GALILEO, QZSS und IRNSS. Der SC2200 erf\u00fcllt h\u00f6chste Anforderungen an Genauigkeit sowie Zuverl\u00e4ssigkeit und ist f\u00fcr den Dauerbetrieb unter extremen Bedingungen ausgelegt. <\/strong><\/p>\n","protected":false},"excerpt":{"rendered":"<p>Stonex SC2200 GNSS CORS Empf\u00e4nger<\/p>\n","protected":false},"featured_media":4412,"template":"","meta":{"_acf_changed":false,"content-type":""},"product_brand":[87],"product_cat":[135,127],"product_tag":[],"class_list":{"0":"post-8615","1":"product","2":"type-product","3":"status-publish","4":"has-post-thumbnail","6":"product_brand-stonex","7":"product_cat-cors-empfanger","8":"product_cat-gnss-systeme","10":"first","11":"instock","12":"shipping-taxable","13":"product-type-simple"},"acf":[],"yoast_head":"<!-- This site is optimized with the Yoast SEO plugin v27.3 - https:\/\/yoast.com\/product\/yoast-seo-wordpress\/ -->\n<title>Stonex SC2200 - Geodirect<\/title>\n<meta name=\"description\" content=\"Der Stonex SC2200 RTK GNSS C.O.R.S. (Continuously Operating Reference Station) Empf\u00e4nger ist mit einem fortschrittlichen 555- oder 800-Kanal-GNSS-Board ausgestattet.\" \/>\n<meta name=\"robots\" content=\"index, follow, max-snippet:-1, max-image-preview:large, max-video-preview:-1\" \/>\n<link rel=\"canonical\" href=\"https:\/\/www.geodirect.nl\/de\/produkt\/stonex-sc2200\/\" \/>\n<meta property=\"og:locale\" content=\"de_DE\" \/>\n<meta property=\"og:type\" content=\"article\" \/>\n<meta property=\"og:title\" content=\"Stonex SC2200 - Geodirect\" \/>\n<meta property=\"og:description\" content=\"Der Stonex SC2200 RTK GNSS C.O.R.S. (Continuously Operating Reference Station) Empf\u00e4nger ist mit einem fortschrittlichen 555- oder 800-Kanal-GNSS-Board ausgestattet.\" \/>\n<meta property=\"og:url\" content=\"https:\/\/www.geodirect.nl\/de\/produkt\/stonex-sc2200\/\" \/>\n<meta property=\"og:site_name\" content=\"Geodirect\" \/>\n<meta property=\"article:modified_time\" content=\"2026-02-16T15:44:30+00:00\" \/>\n<meta property=\"og:image\" content=\"https:\/\/www.geodirect.nl\/wp-content\/uploads\/2025\/11\/SC2200_thumbnail.jpg\" \/>\n\t<meta property=\"og:image:width\" content=\"260\" \/>\n\t<meta property=\"og:image:height\" content=\"218\" \/>\n\t<meta property=\"og:image:type\" content=\"image\/jpeg\" \/>\n<meta name=\"twitter:card\" content=\"summary_large_image\" \/>\n<script type=\"application\/ld+json\" class=\"yoast-schema-graph\">{\"@context\":\"https:\\\/\\\/schema.org\",\"@graph\":[{\"@type\":\"WebPage\",\"@id\":\"https:\\\/\\\/www.geodirect.nl\\\/de\\\/produkt\\\/stonex-sc2200\\\/\",\"url\":\"https:\\\/\\\/www.geodirect.nl\\\/de\\\/produkt\\\/stonex-sc2200\\\/\",\"name\":\"Stonex SC2200 - Geodirect\",\"isPartOf\":{\"@id\":\"https:\\\/\\\/www.geodirect.nl\\\/de\\\/#website\"},\"primaryImageOfPage\":{\"@id\":\"https:\\\/\\\/www.geodirect.nl\\\/de\\\/produkt\\\/stonex-sc2200\\\/#primaryimage\"},\"image\":{\"@id\":\"https:\\\/\\\/www.geodirect.nl\\\/de\\\/produkt\\\/stonex-sc2200\\\/#primaryimage\"},\"thumbnailUrl\":\"https:\\\/\\\/www.geodirect.nl\\\/wp-content\\\/uploads\\\/2025\\\/11\\\/SC2200_thumbnail.jpg\",\"datePublished\":\"2025-11-22T11:02:05+00:00\",\"dateModified\":\"2026-02-16T15:44:30+00:00\",\"description\":\"Der Stonex SC2200 RTK GNSS C.O.R.S. (Continuously Operating Reference Station) Empf\u00e4nger ist mit einem fortschrittlichen 555- oder 800-Kanal-GNSS-Board ausgestattet.\",\"breadcrumb\":{\"@id\":\"https:\\\/\\\/www.geodirect.nl\\\/de\\\/produkt\\\/stonex-sc2200\\\/#breadcrumb\"},\"inLanguage\":\"de\",\"potentialAction\":[{\"@type\":\"ReadAction\",\"target\":[\"https:\\\/\\\/www.geodirect.nl\\\/de\\\/produkt\\\/stonex-sc2200\\\/\"]}]},{\"@type\":\"ImageObject\",\"inLanguage\":\"de\",\"@id\":\"https:\\\/\\\/www.geodirect.nl\\\/de\\\/produkt\\\/stonex-sc2200\\\/#primaryimage\",\"url\":\"https:\\\/\\\/www.geodirect.nl\\\/wp-content\\\/uploads\\\/2025\\\/11\\\/SC2200_thumbnail.jpg\",\"contentUrl\":\"https:\\\/\\\/www.geodirect.nl\\\/wp-content\\\/uploads\\\/2025\\\/11\\\/SC2200_thumbnail.jpg\",\"width\":260,\"height\":218},{\"@type\":\"BreadcrumbList\",\"@id\":\"https:\\\/\\\/www.geodirect.nl\\\/de\\\/produkt\\\/stonex-sc2200\\\/#breadcrumb\",\"itemListElement\":[{\"@type\":\"ListItem\",\"position\":1,\"name\":\"Startseite\",\"item\":\"https:\\\/\\\/www.geodirect.nl\\\/de\\\/home\\\/\"},{\"@type\":\"ListItem\",\"position\":2,\"name\":\"Produkte\",\"item\":\"https:\\\/\\\/www.geodirect.nl\\\/de\\\/produkte\\\/\"},{\"@type\":\"ListItem\",\"position\":3,\"name\":\"Stonex SC2200\"}]},{\"@type\":\"WebSite\",\"@id\":\"https:\\\/\\\/www.geodirect.nl\\\/de\\\/#website\",\"url\":\"https:\\\/\\\/www.geodirect.nl\\\/de\\\/\",\"name\":\"Geodirect\",\"description\":\"Technologie die vooruitgang drijft\",\"publisher\":{\"@id\":\"https:\\\/\\\/www.geodirect.nl\\\/de\\\/#organization\"},\"potentialAction\":[{\"@type\":\"SearchAction\",\"target\":{\"@type\":\"EntryPoint\",\"urlTemplate\":\"https:\\\/\\\/www.geodirect.nl\\\/de\\\/?s={search_term_string}\"},\"query-input\":{\"@type\":\"PropertyValueSpecification\",\"valueRequired\":true,\"valueName\":\"search_term_string\"}}],\"inLanguage\":\"de\"},{\"@type\":\"Organization\",\"@id\":\"https:\\\/\\\/www.geodirect.nl\\\/de\\\/#organization\",\"name\":\"Geodirect B.V.\",\"url\":\"https:\\\/\\\/www.geodirect.nl\\\/de\\\/\",\"logo\":{\"@type\":\"ImageObject\",\"inLanguage\":\"de\",\"@id\":\"https:\\\/\\\/www.geodirect.nl\\\/de\\\/#\\\/schema\\\/logo\\\/image\\\/\",\"url\":\"https:\\\/\\\/www.geodirect.nl\\\/wp-content\\\/uploads\\\/2025\\\/11\\\/87b06f73c1509d1450fec3e50f610637829b3ada-1.png\",\"contentUrl\":\"https:\\\/\\\/www.geodirect.nl\\\/wp-content\\\/uploads\\\/2025\\\/11\\\/87b06f73c1509d1450fec3e50f610637829b3ada-1.png\",\"width\":239,\"height\":159,\"caption\":\"Geodirect B.V.\"},\"image\":{\"@id\":\"https:\\\/\\\/www.geodirect.nl\\\/de\\\/#\\\/schema\\\/logo\\\/image\\\/\"}}]}<\/script>\n<!-- \/ Yoast SEO plugin. -->","yoast_head_json":{"title":"Stonex SC2200 - Geodirect","description":"Der Stonex SC2200 RTK GNSS C.O.R.S. (Continuously Operating Reference Station) Empf\u00e4nger ist mit einem fortschrittlichen 555- oder 800-Kanal-GNSS-Board ausgestattet.","robots":{"index":"index","follow":"follow","max-snippet":"max-snippet:-1","max-image-preview":"max-image-preview:large","max-video-preview":"max-video-preview:-1"},"canonical":"https:\/\/www.geodirect.nl\/de\/produkt\/stonex-sc2200\/","og_locale":"de_DE","og_type":"article","og_title":"Stonex SC2200 - Geodirect","og_description":"Der Stonex SC2200 RTK GNSS C.O.R.S. (Continuously Operating Reference Station) Empf\u00e4nger ist mit einem fortschrittlichen 555- oder 800-Kanal-GNSS-Board ausgestattet.","og_url":"https:\/\/www.geodirect.nl\/de\/produkt\/stonex-sc2200\/","og_site_name":"Geodirect","article_modified_time":"2026-02-16T15:44:30+00:00","og_image":[{"width":260,"height":218,"url":"https:\/\/www.geodirect.nl\/wp-content\/uploads\/2025\/11\/SC2200_thumbnail.jpg","type":"image\/jpeg"}],"twitter_card":"summary_large_image","schema":{"@context":"https:\/\/schema.org","@graph":[{"@type":"WebPage","@id":"https:\/\/www.geodirect.nl\/de\/produkt\/stonex-sc2200\/","url":"https:\/\/www.geodirect.nl\/de\/produkt\/stonex-sc2200\/","name":"Stonex SC2200 - Geodirect","isPartOf":{"@id":"https:\/\/www.geodirect.nl\/de\/#website"},"primaryImageOfPage":{"@id":"https:\/\/www.geodirect.nl\/de\/produkt\/stonex-sc2200\/#primaryimage"},"image":{"@id":"https:\/\/www.geodirect.nl\/de\/produkt\/stonex-sc2200\/#primaryimage"},"thumbnailUrl":"https:\/\/www.geodirect.nl\/wp-content\/uploads\/2025\/11\/SC2200_thumbnail.jpg","datePublished":"2025-11-22T11:02:05+00:00","dateModified":"2026-02-16T15:44:30+00:00","description":"Der Stonex SC2200 RTK GNSS C.O.R.S. (Continuously Operating Reference Station) Empf\u00e4nger ist mit einem fortschrittlichen 555- oder 800-Kanal-GNSS-Board ausgestattet.","breadcrumb":{"@id":"https:\/\/www.geodirect.nl\/de\/produkt\/stonex-sc2200\/#breadcrumb"},"inLanguage":"de","potentialAction":[{"@type":"ReadAction","target":["https:\/\/www.geodirect.nl\/de\/produkt\/stonex-sc2200\/"]}]},{"@type":"ImageObject","inLanguage":"de","@id":"https:\/\/www.geodirect.nl\/de\/produkt\/stonex-sc2200\/#primaryimage","url":"https:\/\/www.geodirect.nl\/wp-content\/uploads\/2025\/11\/SC2200_thumbnail.jpg","contentUrl":"https:\/\/www.geodirect.nl\/wp-content\/uploads\/2025\/11\/SC2200_thumbnail.jpg","width":260,"height":218},{"@type":"BreadcrumbList","@id":"https:\/\/www.geodirect.nl\/de\/produkt\/stonex-sc2200\/#breadcrumb","itemListElement":[{"@type":"ListItem","position":1,"name":"Startseite","item":"https:\/\/www.geodirect.nl\/de\/home\/"},{"@type":"ListItem","position":2,"name":"Produkte","item":"https:\/\/www.geodirect.nl\/de\/produkte\/"},{"@type":"ListItem","position":3,"name":"Stonex SC2200"}]},{"@type":"WebSite","@id":"https:\/\/www.geodirect.nl\/de\/#website","url":"https:\/\/www.geodirect.nl\/de\/","name":"Geodirect","description":"Technologie die vooruitgang drijft","publisher":{"@id":"https:\/\/www.geodirect.nl\/de\/#organization"},"potentialAction":[{"@type":"SearchAction","target":{"@type":"EntryPoint","urlTemplate":"https:\/\/www.geodirect.nl\/de\/?s={search_term_string}"},"query-input":{"@type":"PropertyValueSpecification","valueRequired":true,"valueName":"search_term_string"}}],"inLanguage":"de"},{"@type":"Organization","@id":"https:\/\/www.geodirect.nl\/de\/#organization","name":"Geodirect B.V.","url":"https:\/\/www.geodirect.nl\/de\/","logo":{"@type":"ImageObject","inLanguage":"de","@id":"https:\/\/www.geodirect.nl\/de\/#\/schema\/logo\/image\/","url":"https:\/\/www.geodirect.nl\/wp-content\/uploads\/2025\/11\/87b06f73c1509d1450fec3e50f610637829b3ada-1.png","contentUrl":"https:\/\/www.geodirect.nl\/wp-content\/uploads\/2025\/11\/87b06f73c1509d1450fec3e50f610637829b3ada-1.png","width":239,"height":159,"caption":"Geodirect B.V."},"image":{"@id":"https:\/\/www.geodirect.nl\/de\/#\/schema\/logo\/image\/"}}]}},"_links":{"self":[{"href":"https:\/\/www.geodirect.nl\/de\/wp-json\/wp\/v2\/product\/8615","targetHints":{"allow":["GET"]}}],"collection":[{"href":"https:\/\/www.geodirect.nl\/de\/wp-json\/wp\/v2\/product"}],"about":[{"href":"https:\/\/www.geodirect.nl\/de\/wp-json\/wp\/v2\/types\/product"}],"wp:featuredmedia":[{"embeddable":true,"href":"https:\/\/www.geodirect.nl\/de\/wp-json\/wp\/v2\/media\/4412"}],"wp:attachment":[{"href":"https:\/\/www.geodirect.nl\/de\/wp-json\/wp\/v2\/media?parent=8615"}],"wp:term":[{"taxonomy":"product_brand","embeddable":true,"href":"https:\/\/www.geodirect.nl\/de\/wp-json\/wp\/v2\/product_brand?post=8615"},{"taxonomy":"product_cat","embeddable":true,"href":"https:\/\/www.geodirect.nl\/de\/wp-json\/wp\/v2\/product_cat?post=8615"},{"taxonomy":"product_tag","embeddable":true,"href":"https:\/\/www.geodirect.nl\/de\/wp-json\/wp\/v2\/product_tag?post=8615"}],"curies":[{"name":"wp","href":"https:\/\/api.w.org\/{rel}","templated":true}]}}