{"id":8619,"date":"2025-11-22T10:36:02","date_gmt":"2025-11-22T10:36:02","guid":{"rendered":"https:\/\/www.geodirect.nl\/product\/stonex-s999\/"},"modified":"2026-02-19T10:42:29","modified_gmt":"2026-02-19T10:42:29","slug":"stonex-s999","status":"publish","type":"product","link":"https:\/\/www.geodirect.nl\/de\/produkt\/stonex-s999\/","title":{"rendered":"Stonex S999"},"content":{"rendered":"<p><strong>Bringen Sie Ihre Vermessungsprojekte auf das n\u00e4chste Level mit dem Stonex S999 GNSS-Empf\u00e4nger. Ausgestattet mit fortschrittlicher Technologie bietet der S999 eine pr\u00e4zise und zuverl\u00e4ssige Positionsbestimmung mit 1408 Multi-Konstellationskan\u00e4len und Unterst\u00fctzung aller wichtigen GNSS-Signale wie GPS, GLONASS, Galileo, QZSS, IRNSS und BeiDou. Dieser Empf\u00e4nger wurde entwickelt, um die Produktivit\u00e4t zu steigern und Arbeitsabl\u00e4ufe zu vereinfachen \u2013 ideal f\u00fcr Profis, die Wert auf Leistung, Langlebigkeit und nahtlose Konnektivit\u00e4t legen.  <\/strong><\/p>\n<p><iframe title=\"YouTube Video Player\" src=\"https:\/\/www.youtube.com\/embed\/bythxOHfn9E?si=kKeWa7kZjzO_Sbmx\" width=\"560\" height=\"315\" frameborder=\"0\" allowfullscreen=\"allowfullscreen\"><\/iframe><\/p>\n","protected":false},"excerpt":{"rendered":"<p>Stonex S999 RTK GNSS-Empf\u00e4nger<\/p>\n","protected":false},"featured_media":4382,"template":"","meta":{"_acf_changed":false,"content-type":""},"product_brand":[87],"product_cat":[131,127],"product_tag":[],"class_list":{"0":"post-8619","1":"product","2":"type-product","3":"status-publish","4":"has-post-thumbnail","6":"product_brand-stonex","7":"product_cat-gnss-empfanger","8":"product_cat-gnss-systeme","10":"first","11":"instock","12":"shipping-taxable","13":"product-type-simple"},"acf":[],"yoast_head":"<!-- This site is optimized with the Yoast SEO plugin v27.3 - https:\/\/yoast.com\/product\/yoast-seo-wordpress\/ -->\n<title>Stonex S999 - Geodirect<\/title>\n<meta name=\"description\" content=\"Der S999: pr\u00e4zise und zuverl\u00e4ssige Positionsbestimmung mit 1408 Multi-Konstellationskan\u00e4len und Unterst\u00fctzung aller wichtigen GNSS-Signale.\" \/>\n<meta name=\"robots\" content=\"index, follow, max-snippet:-1, max-image-preview:large, max-video-preview:-1\" \/>\n<link rel=\"canonical\" href=\"https:\/\/www.geodirect.nl\/de\/produkt\/stonex-s999\/\" \/>\n<meta property=\"og:locale\" content=\"de_DE\" \/>\n<meta property=\"og:type\" content=\"article\" \/>\n<meta property=\"og:title\" content=\"Stonex S999 - Geodirect\" \/>\n<meta property=\"og:description\" content=\"Der S999: pr\u00e4zise und zuverl\u00e4ssige Positionsbestimmung mit 1408 Multi-Konstellationskan\u00e4len und Unterst\u00fctzung aller wichtigen GNSS-Signale.\" \/>\n<meta property=\"og:url\" content=\"https:\/\/www.geodirect.nl\/de\/produkt\/stonex-s999\/\" \/>\n<meta property=\"og:site_name\" content=\"Geodirect\" \/>\n<meta property=\"article:modified_time\" content=\"2026-02-19T10:42:29+00:00\" \/>\n<meta property=\"og:image\" content=\"https:\/\/www.geodirect.nl\/wp-content\/uploads\/2025\/11\/stonex_S9999_thumbnail.jpg\" \/>\n\t<meta property=\"og:image:width\" content=\"260\" \/>\n\t<meta property=\"og:image:height\" content=\"218\" \/>\n\t<meta property=\"og:image:type\" content=\"image\/jpeg\" \/>\n<meta name=\"twitter:card\" content=\"summary_large_image\" \/>\n<script type=\"application\/ld+json\" class=\"yoast-schema-graph\">{\"@context\":\"https:\\\/\\\/schema.org\",\"@graph\":[{\"@type\":\"WebPage\",\"@id\":\"https:\\\/\\\/www.geodirect.nl\\\/de\\\/produkt\\\/stonex-s999\\\/\",\"url\":\"https:\\\/\\\/www.geodirect.nl\\\/de\\\/produkt\\\/stonex-s999\\\/\",\"name\":\"Stonex S999 - Geodirect\",\"isPartOf\":{\"@id\":\"https:\\\/\\\/www.geodirect.nl\\\/de\\\/#website\"},\"primaryImageOfPage\":{\"@id\":\"https:\\\/\\\/www.geodirect.nl\\\/de\\\/produkt\\\/stonex-s999\\\/#primaryimage\"},\"image\":{\"@id\":\"https:\\\/\\\/www.geodirect.nl\\\/de\\\/produkt\\\/stonex-s999\\\/#primaryimage\"},\"thumbnailUrl\":\"https:\\\/\\\/www.geodirect.nl\\\/wp-content\\\/uploads\\\/2025\\\/11\\\/stonex_S9999_thumbnail.jpg\",\"datePublished\":\"2025-11-22T10:36:02+00:00\",\"dateModified\":\"2026-02-19T10:42:29+00:00\",\"description\":\"Der S999: pr\u00e4zise und zuverl\u00e4ssige Positionsbestimmung mit 1408 Multi-Konstellationskan\u00e4len und Unterst\u00fctzung aller wichtigen GNSS-Signale.\",\"breadcrumb\":{\"@id\":\"https:\\\/\\\/www.geodirect.nl\\\/de\\\/produkt\\\/stonex-s999\\\/#breadcrumb\"},\"inLanguage\":\"de\",\"potentialAction\":[{\"@type\":\"ReadAction\",\"target\":[\"https:\\\/\\\/www.geodirect.nl\\\/de\\\/produkt\\\/stonex-s999\\\/\"]}]},{\"@type\":\"ImageObject\",\"inLanguage\":\"de\",\"@id\":\"https:\\\/\\\/www.geodirect.nl\\\/de\\\/produkt\\\/stonex-s999\\\/#primaryimage\",\"url\":\"https:\\\/\\\/www.geodirect.nl\\\/wp-content\\\/uploads\\\/2025\\\/11\\\/stonex_S9999_thumbnail.jpg\",\"contentUrl\":\"https:\\\/\\\/www.geodirect.nl\\\/wp-content\\\/uploads\\\/2025\\\/11\\\/stonex_S9999_thumbnail.jpg\",\"width\":260,\"height\":218},{\"@type\":\"BreadcrumbList\",\"@id\":\"https:\\\/\\\/www.geodirect.nl\\\/de\\\/produkt\\\/stonex-s999\\\/#breadcrumb\",\"itemListElement\":[{\"@type\":\"ListItem\",\"position\":1,\"name\":\"Startseite\",\"item\":\"https:\\\/\\\/www.geodirect.nl\\\/de\\\/home\\\/\"},{\"@type\":\"ListItem\",\"position\":2,\"name\":\"Produkte\",\"item\":\"https:\\\/\\\/www.geodirect.nl\\\/de\\\/produkte\\\/\"},{\"@type\":\"ListItem\",\"position\":3,\"name\":\"GNSS-Systeme\",\"item\":\"https:\\\/\\\/www.geodirect.nl\\\/de\\\/product-categorie\\\/gnss-systeme\\\/\"},{\"@type\":\"ListItem\",\"position\":4,\"name\":\"GNSS-Empf\u00e4nger\",\"item\":\"https:\\\/\\\/www.geodirect.nl\\\/de\\\/product-categorie\\\/gnss-systeme\\\/gnss-empfanger\\\/\"},{\"@type\":\"ListItem\",\"position\":5,\"name\":\"Stonex S999\"}]},{\"@type\":\"WebSite\",\"@id\":\"https:\\\/\\\/www.geodirect.nl\\\/de\\\/#website\",\"url\":\"https:\\\/\\\/www.geodirect.nl\\\/de\\\/\",\"name\":\"Geodirect\",\"description\":\"Technologie die vooruitgang drijft\",\"publisher\":{\"@id\":\"https:\\\/\\\/www.geodirect.nl\\\/de\\\/#organization\"},\"potentialAction\":[{\"@type\":\"SearchAction\",\"target\":{\"@type\":\"EntryPoint\",\"urlTemplate\":\"https:\\\/\\\/www.geodirect.nl\\\/de\\\/?s={search_term_string}\"},\"query-input\":{\"@type\":\"PropertyValueSpecification\",\"valueRequired\":true,\"valueName\":\"search_term_string\"}}],\"inLanguage\":\"de\"},{\"@type\":\"Organization\",\"@id\":\"https:\\\/\\\/www.geodirect.nl\\\/de\\\/#organization\",\"name\":\"Geodirect B.V.\",\"url\":\"https:\\\/\\\/www.geodirect.nl\\\/de\\\/\",\"logo\":{\"@type\":\"ImageObject\",\"inLanguage\":\"de\",\"@id\":\"https:\\\/\\\/www.geodirect.nl\\\/de\\\/#\\\/schema\\\/logo\\\/image\\\/\",\"url\":\"https:\\\/\\\/www.geodirect.nl\\\/wp-content\\\/uploads\\\/2025\\\/11\\\/87b06f73c1509d1450fec3e50f610637829b3ada-1.png\",\"contentUrl\":\"https:\\\/\\\/www.geodirect.nl\\\/wp-content\\\/uploads\\\/2025\\\/11\\\/87b06f73c1509d1450fec3e50f610637829b3ada-1.png\",\"width\":239,\"height\":159,\"caption\":\"Geodirect B.V.\"},\"image\":{\"@id\":\"https:\\\/\\\/www.geodirect.nl\\\/de\\\/#\\\/schema\\\/logo\\\/image\\\/\"}}]}<\/script>\n<!-- \/ Yoast SEO plugin. -->","yoast_head_json":{"title":"Stonex S999 - Geodirect","description":"Der S999: pr\u00e4zise und zuverl\u00e4ssige Positionsbestimmung mit 1408 Multi-Konstellationskan\u00e4len und Unterst\u00fctzung aller wichtigen GNSS-Signale.","robots":{"index":"index","follow":"follow","max-snippet":"max-snippet:-1","max-image-preview":"max-image-preview:large","max-video-preview":"max-video-preview:-1"},"canonical":"https:\/\/www.geodirect.nl\/de\/produkt\/stonex-s999\/","og_locale":"de_DE","og_type":"article","og_title":"Stonex S999 - Geodirect","og_description":"Der S999: pr\u00e4zise und zuverl\u00e4ssige Positionsbestimmung mit 1408 Multi-Konstellationskan\u00e4len und Unterst\u00fctzung aller wichtigen GNSS-Signale.","og_url":"https:\/\/www.geodirect.nl\/de\/produkt\/stonex-s999\/","og_site_name":"Geodirect","article_modified_time":"2026-02-19T10:42:29+00:00","og_image":[{"width":260,"height":218,"url":"https:\/\/www.geodirect.nl\/wp-content\/uploads\/2025\/11\/stonex_S9999_thumbnail.jpg","type":"image\/jpeg"}],"twitter_card":"summary_large_image","schema":{"@context":"https:\/\/schema.org","@graph":[{"@type":"WebPage","@id":"https:\/\/www.geodirect.nl\/de\/produkt\/stonex-s999\/","url":"https:\/\/www.geodirect.nl\/de\/produkt\/stonex-s999\/","name":"Stonex S999 - Geodirect","isPartOf":{"@id":"https:\/\/www.geodirect.nl\/de\/#website"},"primaryImageOfPage":{"@id":"https:\/\/www.geodirect.nl\/de\/produkt\/stonex-s999\/#primaryimage"},"image":{"@id":"https:\/\/www.geodirect.nl\/de\/produkt\/stonex-s999\/#primaryimage"},"thumbnailUrl":"https:\/\/www.geodirect.nl\/wp-content\/uploads\/2025\/11\/stonex_S9999_thumbnail.jpg","datePublished":"2025-11-22T10:36:02+00:00","dateModified":"2026-02-19T10:42:29+00:00","description":"Der S999: pr\u00e4zise und zuverl\u00e4ssige Positionsbestimmung mit 1408 Multi-Konstellationskan\u00e4len und Unterst\u00fctzung aller wichtigen GNSS-Signale.","breadcrumb":{"@id":"https:\/\/www.geodirect.nl\/de\/produkt\/stonex-s999\/#breadcrumb"},"inLanguage":"de","potentialAction":[{"@type":"ReadAction","target":["https:\/\/www.geodirect.nl\/de\/produkt\/stonex-s999\/"]}]},{"@type":"ImageObject","inLanguage":"de","@id":"https:\/\/www.geodirect.nl\/de\/produkt\/stonex-s999\/#primaryimage","url":"https:\/\/www.geodirect.nl\/wp-content\/uploads\/2025\/11\/stonex_S9999_thumbnail.jpg","contentUrl":"https:\/\/www.geodirect.nl\/wp-content\/uploads\/2025\/11\/stonex_S9999_thumbnail.jpg","width":260,"height":218},{"@type":"BreadcrumbList","@id":"https:\/\/www.geodirect.nl\/de\/produkt\/stonex-s999\/#breadcrumb","itemListElement":[{"@type":"ListItem","position":1,"name":"Startseite","item":"https:\/\/www.geodirect.nl\/de\/home\/"},{"@type":"ListItem","position":2,"name":"Produkte","item":"https:\/\/www.geodirect.nl\/de\/produkte\/"},{"@type":"ListItem","position":3,"name":"GNSS-Systeme","item":"https:\/\/www.geodirect.nl\/de\/product-categorie\/gnss-systeme\/"},{"@type":"ListItem","position":4,"name":"GNSS-Empf\u00e4nger","item":"https:\/\/www.geodirect.nl\/de\/product-categorie\/gnss-systeme\/gnss-empfanger\/"},{"@type":"ListItem","position":5,"name":"Stonex S999"}]},{"@type":"WebSite","@id":"https:\/\/www.geodirect.nl\/de\/#website","url":"https:\/\/www.geodirect.nl\/de\/","name":"Geodirect","description":"Technologie die vooruitgang drijft","publisher":{"@id":"https:\/\/www.geodirect.nl\/de\/#organization"},"potentialAction":[{"@type":"SearchAction","target":{"@type":"EntryPoint","urlTemplate":"https:\/\/www.geodirect.nl\/de\/?s={search_term_string}"},"query-input":{"@type":"PropertyValueSpecification","valueRequired":true,"valueName":"search_term_string"}}],"inLanguage":"de"},{"@type":"Organization","@id":"https:\/\/www.geodirect.nl\/de\/#organization","name":"Geodirect B.V.","url":"https:\/\/www.geodirect.nl\/de\/","logo":{"@type":"ImageObject","inLanguage":"de","@id":"https:\/\/www.geodirect.nl\/de\/#\/schema\/logo\/image\/","url":"https:\/\/www.geodirect.nl\/wp-content\/uploads\/2025\/11\/87b06f73c1509d1450fec3e50f610637829b3ada-1.png","contentUrl":"https:\/\/www.geodirect.nl\/wp-content\/uploads\/2025\/11\/87b06f73c1509d1450fec3e50f610637829b3ada-1.png","width":239,"height":159,"caption":"Geodirect B.V."},"image":{"@id":"https:\/\/www.geodirect.nl\/de\/#\/schema\/logo\/image\/"}}]}},"_links":{"self":[{"href":"https:\/\/www.geodirect.nl\/de\/wp-json\/wp\/v2\/product\/8619","targetHints":{"allow":["GET"]}}],"collection":[{"href":"https:\/\/www.geodirect.nl\/de\/wp-json\/wp\/v2\/product"}],"about":[{"href":"https:\/\/www.geodirect.nl\/de\/wp-json\/wp\/v2\/types\/product"}],"wp:featuredmedia":[{"embeddable":true,"href":"https:\/\/www.geodirect.nl\/de\/wp-json\/wp\/v2\/media\/4382"}],"wp:attachment":[{"href":"https:\/\/www.geodirect.nl\/de\/wp-json\/wp\/v2\/media?parent=8619"}],"wp:term":[{"taxonomy":"product_brand","embeddable":true,"href":"https:\/\/www.geodirect.nl\/de\/wp-json\/wp\/v2\/product_brand?post=8619"},{"taxonomy":"product_cat","embeddable":true,"href":"https:\/\/www.geodirect.nl\/de\/wp-json\/wp\/v2\/product_cat?post=8619"},{"taxonomy":"product_tag","embeddable":true,"href":"https:\/\/www.geodirect.nl\/de\/wp-json\/wp\/v2\/product_tag?post=8619"}],"curies":[{"name":"wp","href":"https:\/\/api.w.org\/{rel}","templated":true}]}}