{"id":8858,"date":"2025-11-22T12:36:39","date_gmt":"2025-11-22T12:36:39","guid":{"rendered":"https:\/\/www.geodirect.nl\/product\/wingtra-one\/"},"modified":"2026-02-16T15:51:48","modified_gmt":"2026-02-16T15:51:48","slug":"wingtra-one","status":"publish","type":"product","link":"https:\/\/www.geodirect.nl\/de\/produkt\/wingtra-one\/","title":{"rendered":"Wingtra ONE"},"content":{"rendered":"<p><strong>Mit der WingtraOne GEN II verf\u00fcgen Sie \u00fcber eine leistungsstarke Mapping-Drohne, mit der Sie Vermessungsprojekte schneller, pr\u00e4ziser und kosteng\u00fcnstiger durchf\u00fchren k\u00f6nnen. Dank der Kombination aus fortschrittlicher Technologie, Benutzerfreundlichkeit und Pr\u00e4zision ist diese Drohne ideal f\u00fcr gro\u00dffl\u00e4chige Anwendungen wie Infrastrukturprojekte, Bergbau und Baustellen. Mit einem einzigen Flug k\u00f6nnen Sie gro\u00dfe Gebiete kartieren, wobei die Daten sofort f\u00fcr die weitere Analyse bereitstehen. Die WingtraOne erm\u00f6glicht es Ihnen, Projekte schneller abzuschlie\u00dfen, wodurch Sie Zeit und Kosten sparen.   <\/strong><\/p>\n<p><iframe title=\"YouTube-Videoplayer\" src=\"https:\/\/www.youtube.com\/embed\/_D8Ok9_cHiM?si=vnjUMy-qZqgLJDKD\" width=\"560\" height=\"315\" frameborder=\"0\" allowfullscreen=\"allowfullscreen\"><\/iframe><\/p>\n","protected":false},"excerpt":{"rendered":"<p>Wingtra ONE GEN II VTOL-Drohne<\/p>\n","protected":false},"featured_media":4606,"template":"","meta":{"_acf_changed":false,"content-type":""},"product_brand":[89],"product_cat":[171,167],"product_tag":[],"class_list":{"0":"post-8858","1":"product","2":"type-product","3":"status-publish","4":"has-post-thumbnail","6":"product_brand-wingtra","7":"product_cat-drohnen","8":"product_cat-drohnen-mapping","10":"first","11":"instock","12":"shipping-taxable","13":"product-type-simple"},"acf":[],"yoast_head":"<!-- This site is optimized with the Yoast SEO plugin v27.3 - https:\/\/yoast.com\/product\/yoast-seo-wordpress\/ -->\n<title>Wingtra ONE - Geodirect<\/title>\n<meta name=\"description\" content=\"Mit der WingtraOne GEN II verf\u00fcgen Sie \u00fcber eine leistungsstarke Mapping-Drohne, mit der Sie Vermessungsprojekte schneller, pr\u00e4ziser und kosteng\u00fcnstiger durchf\u00fchren k\u00f6nnen.\" \/>\n<meta name=\"robots\" content=\"index, follow, max-snippet:-1, max-image-preview:large, max-video-preview:-1\" \/>\n<link rel=\"canonical\" href=\"https:\/\/www.geodirect.nl\/de\/produkt\/wingtra-one\/\" \/>\n<meta property=\"og:locale\" content=\"de_DE\" \/>\n<meta property=\"og:type\" content=\"article\" \/>\n<meta property=\"og:title\" content=\"Wingtra ONE - Geodirect\" \/>\n<meta property=\"og:description\" content=\"Mit der WingtraOne GEN II verf\u00fcgen Sie \u00fcber eine leistungsstarke Mapping-Drohne, mit der Sie Vermessungsprojekte schneller, pr\u00e4ziser und kosteng\u00fcnstiger durchf\u00fchren k\u00f6nnen.\" \/>\n<meta property=\"og:url\" content=\"https:\/\/www.geodirect.nl\/de\/produkt\/wingtra-one\/\" \/>\n<meta property=\"og:site_name\" content=\"Geodirect\" \/>\n<meta property=\"article:modified_time\" content=\"2026-02-16T15:51:48+00:00\" \/>\n<meta property=\"og:image\" content=\"https:\/\/www.geodirect.nl\/wp-content\/uploads\/2025\/11\/wingtra-one-survey-drone.jpg\" \/>\n\t<meta property=\"og:image:width\" content=\"259\" \/>\n\t<meta property=\"og:image:height\" content=\"218\" \/>\n\t<meta property=\"og:image:type\" content=\"image\/jpeg\" \/>\n<meta name=\"twitter:card\" content=\"summary_large_image\" \/>\n<script type=\"application\/ld+json\" class=\"yoast-schema-graph\">{\"@context\":\"https:\\\/\\\/schema.org\",\"@graph\":[{\"@type\":\"WebPage\",\"@id\":\"https:\\\/\\\/www.geodirect.nl\\\/de\\\/produkt\\\/wingtra-one\\\/\",\"url\":\"https:\\\/\\\/www.geodirect.nl\\\/de\\\/produkt\\\/wingtra-one\\\/\",\"name\":\"Wingtra ONE - Geodirect\",\"isPartOf\":{\"@id\":\"https:\\\/\\\/www.geodirect.nl\\\/de\\\/#website\"},\"primaryImageOfPage\":{\"@id\":\"https:\\\/\\\/www.geodirect.nl\\\/de\\\/produkt\\\/wingtra-one\\\/#primaryimage\"},\"image\":{\"@id\":\"https:\\\/\\\/www.geodirect.nl\\\/de\\\/produkt\\\/wingtra-one\\\/#primaryimage\"},\"thumbnailUrl\":\"https:\\\/\\\/www.geodirect.nl\\\/wp-content\\\/uploads\\\/2025\\\/11\\\/wingtra-one-survey-drone.jpg\",\"datePublished\":\"2025-11-22T12:36:39+00:00\",\"dateModified\":\"2026-02-16T15:51:48+00:00\",\"description\":\"Mit der WingtraOne GEN II verf\u00fcgen Sie \u00fcber eine leistungsstarke Mapping-Drohne, mit der Sie Vermessungsprojekte schneller, pr\u00e4ziser und kosteng\u00fcnstiger durchf\u00fchren k\u00f6nnen.\",\"breadcrumb\":{\"@id\":\"https:\\\/\\\/www.geodirect.nl\\\/de\\\/produkt\\\/wingtra-one\\\/#breadcrumb\"},\"inLanguage\":\"de\",\"potentialAction\":[{\"@type\":\"ReadAction\",\"target\":[\"https:\\\/\\\/www.geodirect.nl\\\/de\\\/produkt\\\/wingtra-one\\\/\"]}]},{\"@type\":\"ImageObject\",\"inLanguage\":\"de\",\"@id\":\"https:\\\/\\\/www.geodirect.nl\\\/de\\\/produkt\\\/wingtra-one\\\/#primaryimage\",\"url\":\"https:\\\/\\\/www.geodirect.nl\\\/wp-content\\\/uploads\\\/2025\\\/11\\\/wingtra-one-survey-drone.jpg\",\"contentUrl\":\"https:\\\/\\\/www.geodirect.nl\\\/wp-content\\\/uploads\\\/2025\\\/11\\\/wingtra-one-survey-drone.jpg\",\"width\":259,\"height\":218},{\"@type\":\"BreadcrumbList\",\"@id\":\"https:\\\/\\\/www.geodirect.nl\\\/de\\\/produkt\\\/wingtra-one\\\/#breadcrumb\",\"itemListElement\":[{\"@type\":\"ListItem\",\"position\":1,\"name\":\"Startseite\",\"item\":\"https:\\\/\\\/www.geodirect.nl\\\/de\\\/home\\\/\"},{\"@type\":\"ListItem\",\"position\":2,\"name\":\"Produkte\",\"item\":\"https:\\\/\\\/www.geodirect.nl\\\/de\\\/produkte\\\/\"},{\"@type\":\"ListItem\",\"position\":3,\"name\":\"Wingtra ONE\"}]},{\"@type\":\"WebSite\",\"@id\":\"https:\\\/\\\/www.geodirect.nl\\\/de\\\/#website\",\"url\":\"https:\\\/\\\/www.geodirect.nl\\\/de\\\/\",\"name\":\"Geodirect\",\"description\":\"Technologie die vooruitgang drijft\",\"publisher\":{\"@id\":\"https:\\\/\\\/www.geodirect.nl\\\/de\\\/#organization\"},\"potentialAction\":[{\"@type\":\"SearchAction\",\"target\":{\"@type\":\"EntryPoint\",\"urlTemplate\":\"https:\\\/\\\/www.geodirect.nl\\\/de\\\/?s={search_term_string}\"},\"query-input\":{\"@type\":\"PropertyValueSpecification\",\"valueRequired\":true,\"valueName\":\"search_term_string\"}}],\"inLanguage\":\"de\"},{\"@type\":\"Organization\",\"@id\":\"https:\\\/\\\/www.geodirect.nl\\\/de\\\/#organization\",\"name\":\"Geodirect B.V.\",\"url\":\"https:\\\/\\\/www.geodirect.nl\\\/de\\\/\",\"logo\":{\"@type\":\"ImageObject\",\"inLanguage\":\"de\",\"@id\":\"https:\\\/\\\/www.geodirect.nl\\\/de\\\/#\\\/schema\\\/logo\\\/image\\\/\",\"url\":\"https:\\\/\\\/www.geodirect.nl\\\/wp-content\\\/uploads\\\/2025\\\/11\\\/87b06f73c1509d1450fec3e50f610637829b3ada-1.png\",\"contentUrl\":\"https:\\\/\\\/www.geodirect.nl\\\/wp-content\\\/uploads\\\/2025\\\/11\\\/87b06f73c1509d1450fec3e50f610637829b3ada-1.png\",\"width\":239,\"height\":159,\"caption\":\"Geodirect B.V.\"},\"image\":{\"@id\":\"https:\\\/\\\/www.geodirect.nl\\\/de\\\/#\\\/schema\\\/logo\\\/image\\\/\"}}]}<\/script>\n<!-- \/ Yoast SEO plugin. -->","yoast_head_json":{"title":"Wingtra ONE - Geodirect","description":"Mit der WingtraOne GEN II verf\u00fcgen Sie \u00fcber eine leistungsstarke Mapping-Drohne, mit der Sie Vermessungsprojekte schneller, pr\u00e4ziser und kosteng\u00fcnstiger durchf\u00fchren k\u00f6nnen.","robots":{"index":"index","follow":"follow","max-snippet":"max-snippet:-1","max-image-preview":"max-image-preview:large","max-video-preview":"max-video-preview:-1"},"canonical":"https:\/\/www.geodirect.nl\/de\/produkt\/wingtra-one\/","og_locale":"de_DE","og_type":"article","og_title":"Wingtra ONE - Geodirect","og_description":"Mit der WingtraOne GEN II verf\u00fcgen Sie \u00fcber eine leistungsstarke Mapping-Drohne, mit der Sie Vermessungsprojekte schneller, pr\u00e4ziser und kosteng\u00fcnstiger durchf\u00fchren k\u00f6nnen.","og_url":"https:\/\/www.geodirect.nl\/de\/produkt\/wingtra-one\/","og_site_name":"Geodirect","article_modified_time":"2026-02-16T15:51:48+00:00","og_image":[{"width":259,"height":218,"url":"https:\/\/www.geodirect.nl\/wp-content\/uploads\/2025\/11\/wingtra-one-survey-drone.jpg","type":"image\/jpeg"}],"twitter_card":"summary_large_image","schema":{"@context":"https:\/\/schema.org","@graph":[{"@type":"WebPage","@id":"https:\/\/www.geodirect.nl\/de\/produkt\/wingtra-one\/","url":"https:\/\/www.geodirect.nl\/de\/produkt\/wingtra-one\/","name":"Wingtra ONE - Geodirect","isPartOf":{"@id":"https:\/\/www.geodirect.nl\/de\/#website"},"primaryImageOfPage":{"@id":"https:\/\/www.geodirect.nl\/de\/produkt\/wingtra-one\/#primaryimage"},"image":{"@id":"https:\/\/www.geodirect.nl\/de\/produkt\/wingtra-one\/#primaryimage"},"thumbnailUrl":"https:\/\/www.geodirect.nl\/wp-content\/uploads\/2025\/11\/wingtra-one-survey-drone.jpg","datePublished":"2025-11-22T12:36:39+00:00","dateModified":"2026-02-16T15:51:48+00:00","description":"Mit der WingtraOne GEN II verf\u00fcgen Sie \u00fcber eine leistungsstarke Mapping-Drohne, mit der Sie Vermessungsprojekte schneller, pr\u00e4ziser und kosteng\u00fcnstiger durchf\u00fchren k\u00f6nnen.","breadcrumb":{"@id":"https:\/\/www.geodirect.nl\/de\/produkt\/wingtra-one\/#breadcrumb"},"inLanguage":"de","potentialAction":[{"@type":"ReadAction","target":["https:\/\/www.geodirect.nl\/de\/produkt\/wingtra-one\/"]}]},{"@type":"ImageObject","inLanguage":"de","@id":"https:\/\/www.geodirect.nl\/de\/produkt\/wingtra-one\/#primaryimage","url":"https:\/\/www.geodirect.nl\/wp-content\/uploads\/2025\/11\/wingtra-one-survey-drone.jpg","contentUrl":"https:\/\/www.geodirect.nl\/wp-content\/uploads\/2025\/11\/wingtra-one-survey-drone.jpg","width":259,"height":218},{"@type":"BreadcrumbList","@id":"https:\/\/www.geodirect.nl\/de\/produkt\/wingtra-one\/#breadcrumb","itemListElement":[{"@type":"ListItem","position":1,"name":"Startseite","item":"https:\/\/www.geodirect.nl\/de\/home\/"},{"@type":"ListItem","position":2,"name":"Produkte","item":"https:\/\/www.geodirect.nl\/de\/produkte\/"},{"@type":"ListItem","position":3,"name":"Wingtra ONE"}]},{"@type":"WebSite","@id":"https:\/\/www.geodirect.nl\/de\/#website","url":"https:\/\/www.geodirect.nl\/de\/","name":"Geodirect","description":"Technologie die vooruitgang drijft","publisher":{"@id":"https:\/\/www.geodirect.nl\/de\/#organization"},"potentialAction":[{"@type":"SearchAction","target":{"@type":"EntryPoint","urlTemplate":"https:\/\/www.geodirect.nl\/de\/?s={search_term_string}"},"query-input":{"@type":"PropertyValueSpecification","valueRequired":true,"valueName":"search_term_string"}}],"inLanguage":"de"},{"@type":"Organization","@id":"https:\/\/www.geodirect.nl\/de\/#organization","name":"Geodirect B.V.","url":"https:\/\/www.geodirect.nl\/de\/","logo":{"@type":"ImageObject","inLanguage":"de","@id":"https:\/\/www.geodirect.nl\/de\/#\/schema\/logo\/image\/","url":"https:\/\/www.geodirect.nl\/wp-content\/uploads\/2025\/11\/87b06f73c1509d1450fec3e50f610637829b3ada-1.png","contentUrl":"https:\/\/www.geodirect.nl\/wp-content\/uploads\/2025\/11\/87b06f73c1509d1450fec3e50f610637829b3ada-1.png","width":239,"height":159,"caption":"Geodirect B.V."},"image":{"@id":"https:\/\/www.geodirect.nl\/de\/#\/schema\/logo\/image\/"}}]}},"_links":{"self":[{"href":"https:\/\/www.geodirect.nl\/de\/wp-json\/wp\/v2\/product\/8858","targetHints":{"allow":["GET"]}}],"collection":[{"href":"https:\/\/www.geodirect.nl\/de\/wp-json\/wp\/v2\/product"}],"about":[{"href":"https:\/\/www.geodirect.nl\/de\/wp-json\/wp\/v2\/types\/product"}],"wp:featuredmedia":[{"embeddable":true,"href":"https:\/\/www.geodirect.nl\/de\/wp-json\/wp\/v2\/media\/4606"}],"wp:attachment":[{"href":"https:\/\/www.geodirect.nl\/de\/wp-json\/wp\/v2\/media?parent=8858"}],"wp:term":[{"taxonomy":"product_brand","embeddable":true,"href":"https:\/\/www.geodirect.nl\/de\/wp-json\/wp\/v2\/product_brand?post=8858"},{"taxonomy":"product_cat","embeddable":true,"href":"https:\/\/www.geodirect.nl\/de\/wp-json\/wp\/v2\/product_cat?post=8858"},{"taxonomy":"product_tag","embeddable":true,"href":"https:\/\/www.geodirect.nl\/de\/wp-json\/wp\/v2\/product_tag?post=8858"}],"curies":[{"name":"wp","href":"https:\/\/api.w.org\/{rel}","templated":true}]}}