{"id":8934,"date":"2025-11-22T12:26:21","date_gmt":"2025-11-22T12:26:21","guid":{"rendered":"https:\/\/www.geodirect.nl\/product\/dji-matrice-350-rtk\/"},"modified":"2026-02-16T15:51:53","modified_gmt":"2026-02-16T15:51:53","slug":"dji-matrice-350-rtk","status":"publish","type":"product","link":"https:\/\/www.geodirect.nl\/de\/produkt\/dji-matrice-350-rtk\/","title":{"rendered":"DJI Matrice 350 RTK"},"content":{"rendered":"<p><strong>Heben Sie Ihre Drohnen-Mapping-Aktivit\u00e4ten auf ein neues Niveau mit der DJI Matrice 350 RTK, einer fortschrittlichen Flaggschiff-Drohnenplattform, die neue Ma\u00dfst\u00e4be in der UAV-Industrie setzt. Diese hochmoderne Drohne verf\u00fcgt \u00fcber eine Vielzahl zukunftsweisender Funktionen, darunter ein v\u00f6llig neues Video\u00fcbertragungssystem, effizientere Batteriesysteme und umfassende Sicherheitsma\u00dfnahmen \u2013 allesamt entwickelt f\u00fcr eine unvergleichliche Leistung in jeder Umgebung. <\/strong><\/p>\n<p><iframe title=\"YouTube-Videoplayer\" src=\"https:\/\/www.youtube.com\/embed\/8VJP8GhAZ9Y?si=-YhIOBWsYjuR2iu6\" width=\"560\" height=\"315\" frameborder=\"0\" allowfullscreen=\"allowfullscreen\"><\/iframe><\/p>\n","protected":false},"excerpt":{"rendered":"<p>DJI Matrice 350 RTK Enterprise-Drohne<\/p>\n","protected":false},"featured_media":4550,"template":"","meta":{"_acf_changed":false,"content-type":""},"product_brand":[88],"product_cat":[171,167],"product_tag":[134],"class_list":{"0":"post-8934","1":"product","2":"type-product","3":"status-publish","4":"has-post-thumbnail","6":"product_brand-dji","7":"product_cat-drohnen","8":"product_cat-drohnen-mapping","9":"product_tag-vermietung","11":"first","12":"instock","13":"shipping-taxable","14":"product-type-simple"},"acf":[],"yoast_head":"<!-- This site is optimized with the Yoast SEO plugin v27.3 - https:\/\/yoast.com\/product\/yoast-seo-wordpress\/ -->\n<title>DJI Matrice 350 RTK - Geodirect<\/title>\n<meta name=\"description\" content=\"Bringen Sie Ihre Drohnen-Mapping-Aktivit\u00e4ten auf ein neues Niveau mit der DJI Matrice 350 RTK, einer fortschrittlichen Flaggschiff-Drohnenplattform, die neue Ma\u00dfst\u00e4be f\u00fcr UAVs setzt.\" \/>\n<meta name=\"robots\" content=\"index, follow, max-snippet:-1, max-image-preview:large, max-video-preview:-1\" \/>\n<link rel=\"canonical\" href=\"https:\/\/www.geodirect.nl\/de\/produkt\/dji-matrice-350-rtk\/\" \/>\n<meta property=\"og:locale\" content=\"de_DE\" \/>\n<meta property=\"og:type\" content=\"article\" \/>\n<meta property=\"og:title\" content=\"DJI Matrice 350 RTK - Geodirect\" \/>\n<meta property=\"og:description\" content=\"Bringen Sie Ihre Drohnen-Mapping-Aktivit\u00e4ten auf ein neues Niveau mit der DJI Matrice 350 RTK, einer fortschrittlichen Flaggschiff-Drohnenplattform, die neue Ma\u00dfst\u00e4be f\u00fcr UAVs setzt.\" \/>\n<meta property=\"og:url\" content=\"https:\/\/www.geodirect.nl\/de\/produkt\/dji-matrice-350-rtk\/\" \/>\n<meta property=\"og:site_name\" content=\"Geodirect\" \/>\n<meta property=\"article:modified_time\" content=\"2026-02-16T15:51:53+00:00\" \/>\n<meta property=\"og:image\" content=\"https:\/\/www.geodirect.nl\/wp-content\/uploads\/2025\/11\/geodirect-dji-matrice-350-rtk_thumbnail.jpg\" \/>\n\t<meta property=\"og:image:width\" content=\"259\" \/>\n\t<meta property=\"og:image:height\" content=\"218\" \/>\n\t<meta property=\"og:image:type\" content=\"image\/jpeg\" \/>\n<meta name=\"twitter:card\" content=\"summary_large_image\" \/>\n<script type=\"application\/ld+json\" class=\"yoast-schema-graph\">{\"@context\":\"https:\\\/\\\/schema.org\",\"@graph\":[{\"@type\":\"WebPage\",\"@id\":\"https:\\\/\\\/www.geodirect.nl\\\/de\\\/produkt\\\/dji-matrice-350-rtk\\\/\",\"url\":\"https:\\\/\\\/www.geodirect.nl\\\/de\\\/produkt\\\/dji-matrice-350-rtk\\\/\",\"name\":\"DJI Matrice 350 RTK - Geodirect\",\"isPartOf\":{\"@id\":\"https:\\\/\\\/www.geodirect.nl\\\/de\\\/#website\"},\"primaryImageOfPage\":{\"@id\":\"https:\\\/\\\/www.geodirect.nl\\\/de\\\/produkt\\\/dji-matrice-350-rtk\\\/#primaryimage\"},\"image\":{\"@id\":\"https:\\\/\\\/www.geodirect.nl\\\/de\\\/produkt\\\/dji-matrice-350-rtk\\\/#primaryimage\"},\"thumbnailUrl\":\"https:\\\/\\\/www.geodirect.nl\\\/wp-content\\\/uploads\\\/2025\\\/11\\\/geodirect-dji-matrice-350-rtk_thumbnail.jpg\",\"datePublished\":\"2025-11-22T12:26:21+00:00\",\"dateModified\":\"2026-02-16T15:51:53+00:00\",\"description\":\"Bringen Sie Ihre Drohnen-Mapping-Aktivit\u00e4ten auf ein neues Niveau mit der DJI Matrice 350 RTK, einer fortschrittlichen Flaggschiff-Drohnenplattform, die neue Ma\u00dfst\u00e4be f\u00fcr UAVs setzt.\",\"breadcrumb\":{\"@id\":\"https:\\\/\\\/www.geodirect.nl\\\/de\\\/produkt\\\/dji-matrice-350-rtk\\\/#breadcrumb\"},\"inLanguage\":\"de\",\"potentialAction\":[{\"@type\":\"ReadAction\",\"target\":[\"https:\\\/\\\/www.geodirect.nl\\\/de\\\/produkt\\\/dji-matrice-350-rtk\\\/\"]}]},{\"@type\":\"ImageObject\",\"inLanguage\":\"de\",\"@id\":\"https:\\\/\\\/www.geodirect.nl\\\/de\\\/produkt\\\/dji-matrice-350-rtk\\\/#primaryimage\",\"url\":\"https:\\\/\\\/www.geodirect.nl\\\/wp-content\\\/uploads\\\/2025\\\/11\\\/geodirect-dji-matrice-350-rtk_thumbnail.jpg\",\"contentUrl\":\"https:\\\/\\\/www.geodirect.nl\\\/wp-content\\\/uploads\\\/2025\\\/11\\\/geodirect-dji-matrice-350-rtk_thumbnail.jpg\",\"width\":259,\"height\":218},{\"@type\":\"BreadcrumbList\",\"@id\":\"https:\\\/\\\/www.geodirect.nl\\\/de\\\/produkt\\\/dji-matrice-350-rtk\\\/#breadcrumb\",\"itemListElement\":[{\"@type\":\"ListItem\",\"position\":1,\"name\":\"Startseite\",\"item\":\"https:\\\/\\\/www.geodirect.nl\\\/de\\\/home\\\/\"},{\"@type\":\"ListItem\",\"position\":2,\"name\":\"Produkte\",\"item\":\"https:\\\/\\\/www.geodirect.nl\\\/de\\\/produkte\\\/\"},{\"@type\":\"ListItem\",\"position\":3,\"name\":\"DJI Matrice 350 RTK\"}]},{\"@type\":\"WebSite\",\"@id\":\"https:\\\/\\\/www.geodirect.nl\\\/de\\\/#website\",\"url\":\"https:\\\/\\\/www.geodirect.nl\\\/de\\\/\",\"name\":\"Geodirect\",\"description\":\"Technologie die vooruitgang drijft\",\"publisher\":{\"@id\":\"https:\\\/\\\/www.geodirect.nl\\\/de\\\/#organization\"},\"potentialAction\":[{\"@type\":\"SearchAction\",\"target\":{\"@type\":\"EntryPoint\",\"urlTemplate\":\"https:\\\/\\\/www.geodirect.nl\\\/de\\\/?s={search_term_string}\"},\"query-input\":{\"@type\":\"PropertyValueSpecification\",\"valueRequired\":true,\"valueName\":\"search_term_string\"}}],\"inLanguage\":\"de\"},{\"@type\":\"Organization\",\"@id\":\"https:\\\/\\\/www.geodirect.nl\\\/de\\\/#organization\",\"name\":\"Geodirect B.V.\",\"url\":\"https:\\\/\\\/www.geodirect.nl\\\/de\\\/\",\"logo\":{\"@type\":\"ImageObject\",\"inLanguage\":\"de\",\"@id\":\"https:\\\/\\\/www.geodirect.nl\\\/de\\\/#\\\/schema\\\/logo\\\/image\\\/\",\"url\":\"https:\\\/\\\/www.geodirect.nl\\\/wp-content\\\/uploads\\\/2025\\\/11\\\/87b06f73c1509d1450fec3e50f610637829b3ada-1.png\",\"contentUrl\":\"https:\\\/\\\/www.geodirect.nl\\\/wp-content\\\/uploads\\\/2025\\\/11\\\/87b06f73c1509d1450fec3e50f610637829b3ada-1.png\",\"width\":239,\"height\":159,\"caption\":\"Geodirect B.V.\"},\"image\":{\"@id\":\"https:\\\/\\\/www.geodirect.nl\\\/de\\\/#\\\/schema\\\/logo\\\/image\\\/\"}}]}<\/script>\n<!-- \/ Yoast SEO plugin. -->","yoast_head_json":{"title":"DJI Matrice 350 RTK - Geodirect","description":"Bringen Sie Ihre Drohnen-Mapping-Aktivit\u00e4ten auf ein neues Niveau mit der DJI Matrice 350 RTK, einer fortschrittlichen Flaggschiff-Drohnenplattform, die neue Ma\u00dfst\u00e4be f\u00fcr UAVs setzt.","robots":{"index":"index","follow":"follow","max-snippet":"max-snippet:-1","max-image-preview":"max-image-preview:large","max-video-preview":"max-video-preview:-1"},"canonical":"https:\/\/www.geodirect.nl\/de\/produkt\/dji-matrice-350-rtk\/","og_locale":"de_DE","og_type":"article","og_title":"DJI Matrice 350 RTK - Geodirect","og_description":"Bringen Sie Ihre Drohnen-Mapping-Aktivit\u00e4ten auf ein neues Niveau mit der DJI Matrice 350 RTK, einer fortschrittlichen Flaggschiff-Drohnenplattform, die neue Ma\u00dfst\u00e4be f\u00fcr UAVs setzt.","og_url":"https:\/\/www.geodirect.nl\/de\/produkt\/dji-matrice-350-rtk\/","og_site_name":"Geodirect","article_modified_time":"2026-02-16T15:51:53+00:00","og_image":[{"width":259,"height":218,"url":"https:\/\/www.geodirect.nl\/wp-content\/uploads\/2025\/11\/geodirect-dji-matrice-350-rtk_thumbnail.jpg","type":"image\/jpeg"}],"twitter_card":"summary_large_image","schema":{"@context":"https:\/\/schema.org","@graph":[{"@type":"WebPage","@id":"https:\/\/www.geodirect.nl\/de\/produkt\/dji-matrice-350-rtk\/","url":"https:\/\/www.geodirect.nl\/de\/produkt\/dji-matrice-350-rtk\/","name":"DJI Matrice 350 RTK - Geodirect","isPartOf":{"@id":"https:\/\/www.geodirect.nl\/de\/#website"},"primaryImageOfPage":{"@id":"https:\/\/www.geodirect.nl\/de\/produkt\/dji-matrice-350-rtk\/#primaryimage"},"image":{"@id":"https:\/\/www.geodirect.nl\/de\/produkt\/dji-matrice-350-rtk\/#primaryimage"},"thumbnailUrl":"https:\/\/www.geodirect.nl\/wp-content\/uploads\/2025\/11\/geodirect-dji-matrice-350-rtk_thumbnail.jpg","datePublished":"2025-11-22T12:26:21+00:00","dateModified":"2026-02-16T15:51:53+00:00","description":"Bringen Sie Ihre Drohnen-Mapping-Aktivit\u00e4ten auf ein neues Niveau mit der DJI Matrice 350 RTK, einer fortschrittlichen Flaggschiff-Drohnenplattform, die neue Ma\u00dfst\u00e4be f\u00fcr UAVs setzt.","breadcrumb":{"@id":"https:\/\/www.geodirect.nl\/de\/produkt\/dji-matrice-350-rtk\/#breadcrumb"},"inLanguage":"de","potentialAction":[{"@type":"ReadAction","target":["https:\/\/www.geodirect.nl\/de\/produkt\/dji-matrice-350-rtk\/"]}]},{"@type":"ImageObject","inLanguage":"de","@id":"https:\/\/www.geodirect.nl\/de\/produkt\/dji-matrice-350-rtk\/#primaryimage","url":"https:\/\/www.geodirect.nl\/wp-content\/uploads\/2025\/11\/geodirect-dji-matrice-350-rtk_thumbnail.jpg","contentUrl":"https:\/\/www.geodirect.nl\/wp-content\/uploads\/2025\/11\/geodirect-dji-matrice-350-rtk_thumbnail.jpg","width":259,"height":218},{"@type":"BreadcrumbList","@id":"https:\/\/www.geodirect.nl\/de\/produkt\/dji-matrice-350-rtk\/#breadcrumb","itemListElement":[{"@type":"ListItem","position":1,"name":"Startseite","item":"https:\/\/www.geodirect.nl\/de\/home\/"},{"@type":"ListItem","position":2,"name":"Produkte","item":"https:\/\/www.geodirect.nl\/de\/produkte\/"},{"@type":"ListItem","position":3,"name":"DJI Matrice 350 RTK"}]},{"@type":"WebSite","@id":"https:\/\/www.geodirect.nl\/de\/#website","url":"https:\/\/www.geodirect.nl\/de\/","name":"Geodirect","description":"Technologie die vooruitgang drijft","publisher":{"@id":"https:\/\/www.geodirect.nl\/de\/#organization"},"potentialAction":[{"@type":"SearchAction","target":{"@type":"EntryPoint","urlTemplate":"https:\/\/www.geodirect.nl\/de\/?s={search_term_string}"},"query-input":{"@type":"PropertyValueSpecification","valueRequired":true,"valueName":"search_term_string"}}],"inLanguage":"de"},{"@type":"Organization","@id":"https:\/\/www.geodirect.nl\/de\/#organization","name":"Geodirect B.V.","url":"https:\/\/www.geodirect.nl\/de\/","logo":{"@type":"ImageObject","inLanguage":"de","@id":"https:\/\/www.geodirect.nl\/de\/#\/schema\/logo\/image\/","url":"https:\/\/www.geodirect.nl\/wp-content\/uploads\/2025\/11\/87b06f73c1509d1450fec3e50f610637829b3ada-1.png","contentUrl":"https:\/\/www.geodirect.nl\/wp-content\/uploads\/2025\/11\/87b06f73c1509d1450fec3e50f610637829b3ada-1.png","width":239,"height":159,"caption":"Geodirect B.V."},"image":{"@id":"https:\/\/www.geodirect.nl\/de\/#\/schema\/logo\/image\/"}}]}},"_links":{"self":[{"href":"https:\/\/www.geodirect.nl\/de\/wp-json\/wp\/v2\/product\/8934","targetHints":{"allow":["GET"]}}],"collection":[{"href":"https:\/\/www.geodirect.nl\/de\/wp-json\/wp\/v2\/product"}],"about":[{"href":"https:\/\/www.geodirect.nl\/de\/wp-json\/wp\/v2\/types\/product"}],"wp:featuredmedia":[{"embeddable":true,"href":"https:\/\/www.geodirect.nl\/de\/wp-json\/wp\/v2\/media\/4550"}],"wp:attachment":[{"href":"https:\/\/www.geodirect.nl\/de\/wp-json\/wp\/v2\/media?parent=8934"}],"wp:term":[{"taxonomy":"product_brand","embeddable":true,"href":"https:\/\/www.geodirect.nl\/de\/wp-json\/wp\/v2\/product_brand?post=8934"},{"taxonomy":"product_cat","embeddable":true,"href":"https:\/\/www.geodirect.nl\/de\/wp-json\/wp\/v2\/product_cat?post=8934"},{"taxonomy":"product_tag","embeddable":true,"href":"https:\/\/www.geodirect.nl\/de\/wp-json\/wp\/v2\/product_tag?post=8934"}],"curies":[{"name":"wp","href":"https:\/\/api.w.org\/{rel}","templated":true}]}}