{"id":9061,"date":"2025-11-22T11:55:57","date_gmt":"2025-11-22T11:55:57","guid":{"rendered":"https:\/\/www.geodirect.nl\/product\/stonex-r180\/"},"modified":"2026-02-16T15:52:03","modified_gmt":"2026-02-16T15:52:03","slug":"stonex-r180","status":"publish","type":"product","link":"https:\/\/www.geodirect.nl\/de\/produkt\/stonex-r180\/","title":{"rendered":"Stonex R180"},"content":{"rendered":"<p><strong>Die Stonex R180 ist eine hochpr\u00e4zise und schnelle Robotic Totalstation auf Basis des Android-Betriebssystems. Das Instrument verf\u00fcgt \u00fcber eine Rotationsgeschwindigkeit von 180\u00b0 pro Sekunde und eine EDM-Genauigkeit von 1 mm + 1 ppm bei einer Reichweite von bis zu 1.000 m ohne Prisma. Die Stonex R180 ist mit einer Winkelgenauigkeit von 0,5\u2033 oder 1\u2033 erh\u00e4ltlich. Bei beiden Modellen geh\u00f6ren die Ger\u00e4uschlosigkeit der Instrumentenrotationen und die Leichtg\u00e4ngigkeit bei der Prismensuche zu den am meisten gesch\u00e4tzten Merkmalen.   <\/strong><\/p>\n<p><iframe title=\"YouTube Video-Player\" src=\"https:\/\/www.youtube.com\/embed\/evUV1XO7HHA?si=Tjq6jXBbFmmHBbvI\" width=\"560\" height=\"315\" frameborder=\"0\" allowfullscreen=\"allowfullscreen\"><\/iframe><\/p>\n","protected":false},"excerpt":{"rendered":"<p>Stonex R180 Totalstation<\/p>\n","protected":false},"featured_media":4488,"template":"","meta":{"_acf_changed":false,"content-type":""},"product_brand":[87],"product_cat":[185,186],"product_tag":[134],"class_list":{"0":"post-9061","1":"product","2":"type-product","3":"status-publish","4":"has-post-thumbnail","6":"product_brand-stonex","7":"product_cat-optische-messung","8":"product_cat-totalstationen","9":"product_tag-vermietung","11":"first","12":"instock","13":"shipping-taxable","14":"product-type-simple"},"acf":[],"yoast_head":"<!-- This site is optimized with the Yoast SEO plugin v27.3 - https:\/\/yoast.com\/product\/yoast-seo-wordpress\/ -->\n<title>Stonex R180 - Geodirect<\/title>\n<meta name=\"description\" content=\"Die Stonex R180 ist eine hochpr\u00e4zise und schnelle Robotic Totalstation auf Basis des Android-Betriebssystems mit einer Rotationsgeschwindigkeit von 180\u00b0 pro Sekunde.\" \/>\n<meta name=\"robots\" content=\"index, follow, max-snippet:-1, max-image-preview:large, max-video-preview:-1\" \/>\n<link rel=\"canonical\" href=\"https:\/\/www.geodirect.nl\/de\/produkt\/stonex-r180\/\" \/>\n<meta property=\"og:locale\" content=\"de_DE\" \/>\n<meta property=\"og:type\" content=\"article\" \/>\n<meta property=\"og:title\" content=\"Stonex R180 - Geodirect\" \/>\n<meta property=\"og:description\" content=\"Die Stonex R180 ist eine hochpr\u00e4zise und schnelle Robotic Totalstation auf Basis des Android-Betriebssystems mit einer Rotationsgeschwindigkeit von 180\u00b0 pro Sekunde.\" \/>\n<meta property=\"og:url\" content=\"https:\/\/www.geodirect.nl\/de\/produkt\/stonex-r180\/\" \/>\n<meta property=\"og:site_name\" content=\"Geodirect\" \/>\n<meta property=\"article:modified_time\" content=\"2026-02-16T15:52:03+00:00\" \/>\n<meta property=\"og:image\" content=\"https:\/\/www.geodirect.nl\/wp-content\/uploads\/2025\/11\/Stonex_R180_thumbnail.jpeg\" \/>\n\t<meta property=\"og:image:width\" content=\"260\" \/>\n\t<meta property=\"og:image:height\" content=\"218\" \/>\n\t<meta property=\"og:image:type\" content=\"image\/jpeg\" \/>\n<meta name=\"twitter:card\" content=\"summary_large_image\" \/>\n<script type=\"application\/ld+json\" class=\"yoast-schema-graph\">{\"@context\":\"https:\\\/\\\/schema.org\",\"@graph\":[{\"@type\":\"WebPage\",\"@id\":\"https:\\\/\\\/www.geodirect.nl\\\/de\\\/produkt\\\/stonex-r180\\\/\",\"url\":\"https:\\\/\\\/www.geodirect.nl\\\/de\\\/produkt\\\/stonex-r180\\\/\",\"name\":\"Stonex R180 - Geodirect\",\"isPartOf\":{\"@id\":\"https:\\\/\\\/www.geodirect.nl\\\/de\\\/#website\"},\"primaryImageOfPage\":{\"@id\":\"https:\\\/\\\/www.geodirect.nl\\\/de\\\/produkt\\\/stonex-r180\\\/#primaryimage\"},\"image\":{\"@id\":\"https:\\\/\\\/www.geodirect.nl\\\/de\\\/produkt\\\/stonex-r180\\\/#primaryimage\"},\"thumbnailUrl\":\"https:\\\/\\\/www.geodirect.nl\\\/wp-content\\\/uploads\\\/2025\\\/11\\\/Stonex_R180_thumbnail.jpeg\",\"datePublished\":\"2025-11-22T11:55:57+00:00\",\"dateModified\":\"2026-02-16T15:52:03+00:00\",\"description\":\"Die Stonex R180 ist eine hochpr\u00e4zise und schnelle Robotic Totalstation auf Basis des Android-Betriebssystems mit einer Rotationsgeschwindigkeit von 180\u00b0 pro Sekunde.\",\"breadcrumb\":{\"@id\":\"https:\\\/\\\/www.geodirect.nl\\\/de\\\/produkt\\\/stonex-r180\\\/#breadcrumb\"},\"inLanguage\":\"de\",\"potentialAction\":[{\"@type\":\"ReadAction\",\"target\":[\"https:\\\/\\\/www.geodirect.nl\\\/de\\\/produkt\\\/stonex-r180\\\/\"]}]},{\"@type\":\"ImageObject\",\"inLanguage\":\"de\",\"@id\":\"https:\\\/\\\/www.geodirect.nl\\\/de\\\/produkt\\\/stonex-r180\\\/#primaryimage\",\"url\":\"https:\\\/\\\/www.geodirect.nl\\\/wp-content\\\/uploads\\\/2025\\\/11\\\/Stonex_R180_thumbnail.jpeg\",\"contentUrl\":\"https:\\\/\\\/www.geodirect.nl\\\/wp-content\\\/uploads\\\/2025\\\/11\\\/Stonex_R180_thumbnail.jpeg\",\"width\":260,\"height\":218},{\"@type\":\"BreadcrumbList\",\"@id\":\"https:\\\/\\\/www.geodirect.nl\\\/de\\\/produkt\\\/stonex-r180\\\/#breadcrumb\",\"itemListElement\":[{\"@type\":\"ListItem\",\"position\":1,\"name\":\"Startseite\",\"item\":\"https:\\\/\\\/www.geodirect.nl\\\/de\\\/home\\\/\"},{\"@type\":\"ListItem\",\"position\":2,\"name\":\"Produkte\",\"item\":\"https:\\\/\\\/www.geodirect.nl\\\/de\\\/produkte\\\/\"},{\"@type\":\"ListItem\",\"position\":3,\"name\":\"Stonex R180\"}]},{\"@type\":\"WebSite\",\"@id\":\"https:\\\/\\\/www.geodirect.nl\\\/de\\\/#website\",\"url\":\"https:\\\/\\\/www.geodirect.nl\\\/de\\\/\",\"name\":\"Geodirect\",\"description\":\"Technologie die vooruitgang drijft\",\"publisher\":{\"@id\":\"https:\\\/\\\/www.geodirect.nl\\\/de\\\/#organization\"},\"potentialAction\":[{\"@type\":\"SearchAction\",\"target\":{\"@type\":\"EntryPoint\",\"urlTemplate\":\"https:\\\/\\\/www.geodirect.nl\\\/de\\\/?s={search_term_string}\"},\"query-input\":{\"@type\":\"PropertyValueSpecification\",\"valueRequired\":true,\"valueName\":\"search_term_string\"}}],\"inLanguage\":\"de\"},{\"@type\":\"Organization\",\"@id\":\"https:\\\/\\\/www.geodirect.nl\\\/de\\\/#organization\",\"name\":\"Geodirect B.V.\",\"url\":\"https:\\\/\\\/www.geodirect.nl\\\/de\\\/\",\"logo\":{\"@type\":\"ImageObject\",\"inLanguage\":\"de\",\"@id\":\"https:\\\/\\\/www.geodirect.nl\\\/de\\\/#\\\/schema\\\/logo\\\/image\\\/\",\"url\":\"https:\\\/\\\/www.geodirect.nl\\\/wp-content\\\/uploads\\\/2025\\\/11\\\/87b06f73c1509d1450fec3e50f610637829b3ada-1.png\",\"contentUrl\":\"https:\\\/\\\/www.geodirect.nl\\\/wp-content\\\/uploads\\\/2025\\\/11\\\/87b06f73c1509d1450fec3e50f610637829b3ada-1.png\",\"width\":239,\"height\":159,\"caption\":\"Geodirect B.V.\"},\"image\":{\"@id\":\"https:\\\/\\\/www.geodirect.nl\\\/de\\\/#\\\/schema\\\/logo\\\/image\\\/\"}}]}<\/script>\n<!-- \/ Yoast SEO plugin. -->","yoast_head_json":{"title":"Stonex R180 - Geodirect","description":"Die Stonex R180 ist eine hochpr\u00e4zise und schnelle Robotic Totalstation auf Basis des Android-Betriebssystems mit einer Rotationsgeschwindigkeit von 180\u00b0 pro Sekunde.","robots":{"index":"index","follow":"follow","max-snippet":"max-snippet:-1","max-image-preview":"max-image-preview:large","max-video-preview":"max-video-preview:-1"},"canonical":"https:\/\/www.geodirect.nl\/de\/produkt\/stonex-r180\/","og_locale":"de_DE","og_type":"article","og_title":"Stonex R180 - Geodirect","og_description":"Die Stonex R180 ist eine hochpr\u00e4zise und schnelle Robotic Totalstation auf Basis des Android-Betriebssystems mit einer Rotationsgeschwindigkeit von 180\u00b0 pro Sekunde.","og_url":"https:\/\/www.geodirect.nl\/de\/produkt\/stonex-r180\/","og_site_name":"Geodirect","article_modified_time":"2026-02-16T15:52:03+00:00","og_image":[{"width":260,"height":218,"url":"https:\/\/www.geodirect.nl\/wp-content\/uploads\/2025\/11\/Stonex_R180_thumbnail.jpeg","type":"image\/jpeg"}],"twitter_card":"summary_large_image","schema":{"@context":"https:\/\/schema.org","@graph":[{"@type":"WebPage","@id":"https:\/\/www.geodirect.nl\/de\/produkt\/stonex-r180\/","url":"https:\/\/www.geodirect.nl\/de\/produkt\/stonex-r180\/","name":"Stonex R180 - Geodirect","isPartOf":{"@id":"https:\/\/www.geodirect.nl\/de\/#website"},"primaryImageOfPage":{"@id":"https:\/\/www.geodirect.nl\/de\/produkt\/stonex-r180\/#primaryimage"},"image":{"@id":"https:\/\/www.geodirect.nl\/de\/produkt\/stonex-r180\/#primaryimage"},"thumbnailUrl":"https:\/\/www.geodirect.nl\/wp-content\/uploads\/2025\/11\/Stonex_R180_thumbnail.jpeg","datePublished":"2025-11-22T11:55:57+00:00","dateModified":"2026-02-16T15:52:03+00:00","description":"Die Stonex R180 ist eine hochpr\u00e4zise und schnelle Robotic Totalstation auf Basis des Android-Betriebssystems mit einer Rotationsgeschwindigkeit von 180\u00b0 pro Sekunde.","breadcrumb":{"@id":"https:\/\/www.geodirect.nl\/de\/produkt\/stonex-r180\/#breadcrumb"},"inLanguage":"de","potentialAction":[{"@type":"ReadAction","target":["https:\/\/www.geodirect.nl\/de\/produkt\/stonex-r180\/"]}]},{"@type":"ImageObject","inLanguage":"de","@id":"https:\/\/www.geodirect.nl\/de\/produkt\/stonex-r180\/#primaryimage","url":"https:\/\/www.geodirect.nl\/wp-content\/uploads\/2025\/11\/Stonex_R180_thumbnail.jpeg","contentUrl":"https:\/\/www.geodirect.nl\/wp-content\/uploads\/2025\/11\/Stonex_R180_thumbnail.jpeg","width":260,"height":218},{"@type":"BreadcrumbList","@id":"https:\/\/www.geodirect.nl\/de\/produkt\/stonex-r180\/#breadcrumb","itemListElement":[{"@type":"ListItem","position":1,"name":"Startseite","item":"https:\/\/www.geodirect.nl\/de\/home\/"},{"@type":"ListItem","position":2,"name":"Produkte","item":"https:\/\/www.geodirect.nl\/de\/produkte\/"},{"@type":"ListItem","position":3,"name":"Stonex R180"}]},{"@type":"WebSite","@id":"https:\/\/www.geodirect.nl\/de\/#website","url":"https:\/\/www.geodirect.nl\/de\/","name":"Geodirect","description":"Technologie die vooruitgang drijft","publisher":{"@id":"https:\/\/www.geodirect.nl\/de\/#organization"},"potentialAction":[{"@type":"SearchAction","target":{"@type":"EntryPoint","urlTemplate":"https:\/\/www.geodirect.nl\/de\/?s={search_term_string}"},"query-input":{"@type":"PropertyValueSpecification","valueRequired":true,"valueName":"search_term_string"}}],"inLanguage":"de"},{"@type":"Organization","@id":"https:\/\/www.geodirect.nl\/de\/#organization","name":"Geodirect B.V.","url":"https:\/\/www.geodirect.nl\/de\/","logo":{"@type":"ImageObject","inLanguage":"de","@id":"https:\/\/www.geodirect.nl\/de\/#\/schema\/logo\/image\/","url":"https:\/\/www.geodirect.nl\/wp-content\/uploads\/2025\/11\/87b06f73c1509d1450fec3e50f610637829b3ada-1.png","contentUrl":"https:\/\/www.geodirect.nl\/wp-content\/uploads\/2025\/11\/87b06f73c1509d1450fec3e50f610637829b3ada-1.png","width":239,"height":159,"caption":"Geodirect B.V."},"image":{"@id":"https:\/\/www.geodirect.nl\/de\/#\/schema\/logo\/image\/"}}]}},"_links":{"self":[{"href":"https:\/\/www.geodirect.nl\/de\/wp-json\/wp\/v2\/product\/9061","targetHints":{"allow":["GET"]}}],"collection":[{"href":"https:\/\/www.geodirect.nl\/de\/wp-json\/wp\/v2\/product"}],"about":[{"href":"https:\/\/www.geodirect.nl\/de\/wp-json\/wp\/v2\/types\/product"}],"wp:featuredmedia":[{"embeddable":true,"href":"https:\/\/www.geodirect.nl\/de\/wp-json\/wp\/v2\/media\/4488"}],"wp:attachment":[{"href":"https:\/\/www.geodirect.nl\/de\/wp-json\/wp\/v2\/media?parent=9061"}],"wp:term":[{"taxonomy":"product_brand","embeddable":true,"href":"https:\/\/www.geodirect.nl\/de\/wp-json\/wp\/v2\/product_brand?post=9061"},{"taxonomy":"product_cat","embeddable":true,"href":"https:\/\/www.geodirect.nl\/de\/wp-json\/wp\/v2\/product_cat?post=9061"},{"taxonomy":"product_tag","embeddable":true,"href":"https:\/\/www.geodirect.nl\/de\/wp-json\/wp\/v2\/product_tag?post=9061"}],"curies":[{"name":"wp","href":"https:\/\/api.w.org\/{rel}","templated":true}]}}