{"id":9157,"date":"2025-11-22T11:43:08","date_gmt":"2025-11-22T11:43:08","guid":{"rendered":"https:\/\/www.geodirect.nl\/product\/stonex-r20\/"},"modified":"2026-02-16T15:52:15","modified_gmt":"2026-02-16T15:52:15","slug":"stonex-r20","status":"publish","type":"product","link":"https:\/\/www.geodirect.nl\/de\/produkt\/stonex-r20\/","title":{"rendered":"Stonex R20"},"content":{"rendered":"<p><b>Stonex Totalstationen sind einfach zu bedienen und darauf ausgelegt, alle Benutzeranforderungen zu erf\u00fcllen. Die Stonex R20 kombiniert Funktionalit\u00e4t und Zuverl\u00e4ssigkeit mit 2\u2033 Winkelmessgenauigkeit. Dieses Instrument liefert optimale Messergebnisse bis zu 5000 Meter mit Prisma und misst bis zu 600 Meter reflektorfrei.  <\/b><\/p>\n","protected":false},"excerpt":{"rendered":"<p>Stonex R20 Totalstation<\/p>\n","protected":false},"featured_media":4467,"template":"","meta":{"_acf_changed":false,"content-type":""},"product_brand":[87],"product_cat":[185,186],"product_tag":[],"class_list":{"0":"post-9157","1":"product","2":"type-product","3":"status-publish","4":"has-post-thumbnail","6":"product_brand-stonex","7":"product_cat-optische-messung","8":"product_cat-totalstationen","10":"first","11":"instock","12":"shipping-taxable","13":"product-type-simple"},"acf":[],"yoast_head":"<!-- This site is optimized with the Yoast SEO plugin v27.3 - https:\/\/yoast.com\/product\/yoast-seo-wordpress\/ -->\n<title>Stonex R20 - Geodirect<\/title>\n<meta name=\"description\" content=\"Stonex R20 Totalstation: Funktionalit\u00e4t und Zuverl\u00e4ssigkeit mit 2\u2033 Winkelmessgenauigkeit. Misst bis zu 5000 Meter mit Prisma und bis zu 600 Meter reflektorfrei.\" \/>\n<meta name=\"robots\" content=\"index, follow, max-snippet:-1, max-image-preview:large, max-video-preview:-1\" \/>\n<link rel=\"canonical\" href=\"https:\/\/www.geodirect.nl\/de\/produkt\/stonex-r20\/\" \/>\n<meta property=\"og:locale\" content=\"de_DE\" \/>\n<meta property=\"og:type\" content=\"article\" \/>\n<meta property=\"og:title\" content=\"Stonex R20 - Geodirect\" \/>\n<meta property=\"og:description\" content=\"Stonex R20 Totalstation: Funktionalit\u00e4t und Zuverl\u00e4ssigkeit mit 2\u2033 Winkelmessgenauigkeit. Misst bis zu 5000 Meter mit Prisma und bis zu 600 Meter reflektorfrei.\" \/>\n<meta property=\"og:url\" content=\"https:\/\/www.geodirect.nl\/de\/produkt\/stonex-r20\/\" \/>\n<meta property=\"og:site_name\" content=\"Geodirect\" \/>\n<meta property=\"article:modified_time\" content=\"2026-02-16T15:52:15+00:00\" \/>\n<meta property=\"og:image\" content=\"https:\/\/www.geodirect.nl\/wp-content\/uploads\/2025\/11\/R20_thumbnail_ok-1.jpg\" \/>\n\t<meta property=\"og:image:width\" content=\"260\" \/>\n\t<meta property=\"og:image:height\" content=\"218\" \/>\n\t<meta property=\"og:image:type\" content=\"image\/jpeg\" \/>\n<meta name=\"twitter:card\" content=\"summary_large_image\" \/>\n<script type=\"application\/ld+json\" class=\"yoast-schema-graph\">{\"@context\":\"https:\\\/\\\/schema.org\",\"@graph\":[{\"@type\":\"WebPage\",\"@id\":\"https:\\\/\\\/www.geodirect.nl\\\/de\\\/produkt\\\/stonex-r20\\\/\",\"url\":\"https:\\\/\\\/www.geodirect.nl\\\/de\\\/produkt\\\/stonex-r20\\\/\",\"name\":\"Stonex R20 - Geodirect\",\"isPartOf\":{\"@id\":\"https:\\\/\\\/www.geodirect.nl\\\/de\\\/#website\"},\"primaryImageOfPage\":{\"@id\":\"https:\\\/\\\/www.geodirect.nl\\\/de\\\/produkt\\\/stonex-r20\\\/#primaryimage\"},\"image\":{\"@id\":\"https:\\\/\\\/www.geodirect.nl\\\/de\\\/produkt\\\/stonex-r20\\\/#primaryimage\"},\"thumbnailUrl\":\"https:\\\/\\\/www.geodirect.nl\\\/wp-content\\\/uploads\\\/2025\\\/11\\\/R20_thumbnail_ok-1.jpg\",\"datePublished\":\"2025-11-22T11:43:08+00:00\",\"dateModified\":\"2026-02-16T15:52:15+00:00\",\"description\":\"Stonex R20 Totalstation: Funktionalit\u00e4t und Zuverl\u00e4ssigkeit mit 2\u2033 Winkelmessgenauigkeit. Misst bis zu 5000 Meter mit Prisma und bis zu 600 Meter reflektorfrei.\",\"breadcrumb\":{\"@id\":\"https:\\\/\\\/www.geodirect.nl\\\/de\\\/produkt\\\/stonex-r20\\\/#breadcrumb\"},\"inLanguage\":\"de\",\"potentialAction\":[{\"@type\":\"ReadAction\",\"target\":[\"https:\\\/\\\/www.geodirect.nl\\\/de\\\/produkt\\\/stonex-r20\\\/\"]}]},{\"@type\":\"ImageObject\",\"inLanguage\":\"de\",\"@id\":\"https:\\\/\\\/www.geodirect.nl\\\/de\\\/produkt\\\/stonex-r20\\\/#primaryimage\",\"url\":\"https:\\\/\\\/www.geodirect.nl\\\/wp-content\\\/uploads\\\/2025\\\/11\\\/R20_thumbnail_ok-1.jpg\",\"contentUrl\":\"https:\\\/\\\/www.geodirect.nl\\\/wp-content\\\/uploads\\\/2025\\\/11\\\/R20_thumbnail_ok-1.jpg\",\"width\":260,\"height\":218},{\"@type\":\"BreadcrumbList\",\"@id\":\"https:\\\/\\\/www.geodirect.nl\\\/de\\\/produkt\\\/stonex-r20\\\/#breadcrumb\",\"itemListElement\":[{\"@type\":\"ListItem\",\"position\":1,\"name\":\"Startseite\",\"item\":\"https:\\\/\\\/www.geodirect.nl\\\/de\\\/home\\\/\"},{\"@type\":\"ListItem\",\"position\":2,\"name\":\"Produkte\",\"item\":\"https:\\\/\\\/www.geodirect.nl\\\/de\\\/produkte\\\/\"},{\"@type\":\"ListItem\",\"position\":3,\"name\":\"Stonex R20\"}]},{\"@type\":\"WebSite\",\"@id\":\"https:\\\/\\\/www.geodirect.nl\\\/de\\\/#website\",\"url\":\"https:\\\/\\\/www.geodirect.nl\\\/de\\\/\",\"name\":\"Geodirect\",\"description\":\"Technologie die vooruitgang drijft\",\"publisher\":{\"@id\":\"https:\\\/\\\/www.geodirect.nl\\\/de\\\/#organization\"},\"potentialAction\":[{\"@type\":\"SearchAction\",\"target\":{\"@type\":\"EntryPoint\",\"urlTemplate\":\"https:\\\/\\\/www.geodirect.nl\\\/de\\\/?s={search_term_string}\"},\"query-input\":{\"@type\":\"PropertyValueSpecification\",\"valueRequired\":true,\"valueName\":\"search_term_string\"}}],\"inLanguage\":\"de\"},{\"@type\":\"Organization\",\"@id\":\"https:\\\/\\\/www.geodirect.nl\\\/de\\\/#organization\",\"name\":\"Geodirect B.V.\",\"url\":\"https:\\\/\\\/www.geodirect.nl\\\/de\\\/\",\"logo\":{\"@type\":\"ImageObject\",\"inLanguage\":\"de\",\"@id\":\"https:\\\/\\\/www.geodirect.nl\\\/de\\\/#\\\/schema\\\/logo\\\/image\\\/\",\"url\":\"https:\\\/\\\/www.geodirect.nl\\\/wp-content\\\/uploads\\\/2025\\\/11\\\/87b06f73c1509d1450fec3e50f610637829b3ada-1.png\",\"contentUrl\":\"https:\\\/\\\/www.geodirect.nl\\\/wp-content\\\/uploads\\\/2025\\\/11\\\/87b06f73c1509d1450fec3e50f610637829b3ada-1.png\",\"width\":239,\"height\":159,\"caption\":\"Geodirect B.V.\"},\"image\":{\"@id\":\"https:\\\/\\\/www.geodirect.nl\\\/de\\\/#\\\/schema\\\/logo\\\/image\\\/\"}}]}<\/script>\n<!-- \/ Yoast SEO plugin. -->","yoast_head_json":{"title":"Stonex R20 - Geodirect","description":"Stonex R20 Totalstation: Funktionalit\u00e4t und Zuverl\u00e4ssigkeit mit 2\u2033 Winkelmessgenauigkeit. Misst bis zu 5000 Meter mit Prisma und bis zu 600 Meter reflektorfrei.","robots":{"index":"index","follow":"follow","max-snippet":"max-snippet:-1","max-image-preview":"max-image-preview:large","max-video-preview":"max-video-preview:-1"},"canonical":"https:\/\/www.geodirect.nl\/de\/produkt\/stonex-r20\/","og_locale":"de_DE","og_type":"article","og_title":"Stonex R20 - Geodirect","og_description":"Stonex R20 Totalstation: Funktionalit\u00e4t und Zuverl\u00e4ssigkeit mit 2\u2033 Winkelmessgenauigkeit. Misst bis zu 5000 Meter mit Prisma und bis zu 600 Meter reflektorfrei.","og_url":"https:\/\/www.geodirect.nl\/de\/produkt\/stonex-r20\/","og_site_name":"Geodirect","article_modified_time":"2026-02-16T15:52:15+00:00","og_image":[{"width":260,"height":218,"url":"https:\/\/www.geodirect.nl\/wp-content\/uploads\/2025\/11\/R20_thumbnail_ok-1.jpg","type":"image\/jpeg"}],"twitter_card":"summary_large_image","schema":{"@context":"https:\/\/schema.org","@graph":[{"@type":"WebPage","@id":"https:\/\/www.geodirect.nl\/de\/produkt\/stonex-r20\/","url":"https:\/\/www.geodirect.nl\/de\/produkt\/stonex-r20\/","name":"Stonex R20 - Geodirect","isPartOf":{"@id":"https:\/\/www.geodirect.nl\/de\/#website"},"primaryImageOfPage":{"@id":"https:\/\/www.geodirect.nl\/de\/produkt\/stonex-r20\/#primaryimage"},"image":{"@id":"https:\/\/www.geodirect.nl\/de\/produkt\/stonex-r20\/#primaryimage"},"thumbnailUrl":"https:\/\/www.geodirect.nl\/wp-content\/uploads\/2025\/11\/R20_thumbnail_ok-1.jpg","datePublished":"2025-11-22T11:43:08+00:00","dateModified":"2026-02-16T15:52:15+00:00","description":"Stonex R20 Totalstation: Funktionalit\u00e4t und Zuverl\u00e4ssigkeit mit 2\u2033 Winkelmessgenauigkeit. Misst bis zu 5000 Meter mit Prisma und bis zu 600 Meter reflektorfrei.","breadcrumb":{"@id":"https:\/\/www.geodirect.nl\/de\/produkt\/stonex-r20\/#breadcrumb"},"inLanguage":"de","potentialAction":[{"@type":"ReadAction","target":["https:\/\/www.geodirect.nl\/de\/produkt\/stonex-r20\/"]}]},{"@type":"ImageObject","inLanguage":"de","@id":"https:\/\/www.geodirect.nl\/de\/produkt\/stonex-r20\/#primaryimage","url":"https:\/\/www.geodirect.nl\/wp-content\/uploads\/2025\/11\/R20_thumbnail_ok-1.jpg","contentUrl":"https:\/\/www.geodirect.nl\/wp-content\/uploads\/2025\/11\/R20_thumbnail_ok-1.jpg","width":260,"height":218},{"@type":"BreadcrumbList","@id":"https:\/\/www.geodirect.nl\/de\/produkt\/stonex-r20\/#breadcrumb","itemListElement":[{"@type":"ListItem","position":1,"name":"Startseite","item":"https:\/\/www.geodirect.nl\/de\/home\/"},{"@type":"ListItem","position":2,"name":"Produkte","item":"https:\/\/www.geodirect.nl\/de\/produkte\/"},{"@type":"ListItem","position":3,"name":"Stonex R20"}]},{"@type":"WebSite","@id":"https:\/\/www.geodirect.nl\/de\/#website","url":"https:\/\/www.geodirect.nl\/de\/","name":"Geodirect","description":"Technologie die vooruitgang drijft","publisher":{"@id":"https:\/\/www.geodirect.nl\/de\/#organization"},"potentialAction":[{"@type":"SearchAction","target":{"@type":"EntryPoint","urlTemplate":"https:\/\/www.geodirect.nl\/de\/?s={search_term_string}"},"query-input":{"@type":"PropertyValueSpecification","valueRequired":true,"valueName":"search_term_string"}}],"inLanguage":"de"},{"@type":"Organization","@id":"https:\/\/www.geodirect.nl\/de\/#organization","name":"Geodirect B.V.","url":"https:\/\/www.geodirect.nl\/de\/","logo":{"@type":"ImageObject","inLanguage":"de","@id":"https:\/\/www.geodirect.nl\/de\/#\/schema\/logo\/image\/","url":"https:\/\/www.geodirect.nl\/wp-content\/uploads\/2025\/11\/87b06f73c1509d1450fec3e50f610637829b3ada-1.png","contentUrl":"https:\/\/www.geodirect.nl\/wp-content\/uploads\/2025\/11\/87b06f73c1509d1450fec3e50f610637829b3ada-1.png","width":239,"height":159,"caption":"Geodirect B.V."},"image":{"@id":"https:\/\/www.geodirect.nl\/de\/#\/schema\/logo\/image\/"}}]}},"_links":{"self":[{"href":"https:\/\/www.geodirect.nl\/de\/wp-json\/wp\/v2\/product\/9157","targetHints":{"allow":["GET"]}}],"collection":[{"href":"https:\/\/www.geodirect.nl\/de\/wp-json\/wp\/v2\/product"}],"about":[{"href":"https:\/\/www.geodirect.nl\/de\/wp-json\/wp\/v2\/types\/product"}],"wp:featuredmedia":[{"embeddable":true,"href":"https:\/\/www.geodirect.nl\/de\/wp-json\/wp\/v2\/media\/4467"}],"wp:attachment":[{"href":"https:\/\/www.geodirect.nl\/de\/wp-json\/wp\/v2\/media?parent=9157"}],"wp:term":[{"taxonomy":"product_brand","embeddable":true,"href":"https:\/\/www.geodirect.nl\/de\/wp-json\/wp\/v2\/product_brand?post=9157"},{"taxonomy":"product_cat","embeddable":true,"href":"https:\/\/www.geodirect.nl\/de\/wp-json\/wp\/v2\/product_cat?post=9157"},{"taxonomy":"product_tag","embeddable":true,"href":"https:\/\/www.geodirect.nl\/de\/wp-json\/wp\/v2\/product_tag?post=9157"}],"curies":[{"name":"wp","href":"https:\/\/api.w.org\/{rel}","templated":true}]}}