{"id":9590,"date":"2025-11-22T13:54:55","date_gmt":"2025-11-22T13:54:55","guid":{"rendered":"https:\/\/www.geodirect.nl\/product\/ga-52cx\/"},"modified":"2026-02-16T17:02:22","modified_gmt":"2026-02-16T17:02:22","slug":"ga-52cx","status":"publish","type":"product","link":"https:\/\/www.geodirect.nl\/de\/produkt\/ga-52cx\/","title":{"rendered":"GA-52CX"},"content":{"rendered":"<p><strong>Seit mehr als einem halben Jahrhundert ist Schonstedt weltweit f\u00fchrend in der Entwicklung und Herstellung von magnetischen Ortungsger\u00e4ten f\u00fcr unterirdische Anwendungen, auch Magnetometer genannt. Unsere Schonstedt Magnetometer sind f\u00fcr die Lokalisierung und Verfolgung von tief vergrabenen Rohren, Rohrverbindungen und Schwei\u00dfn\u00e4hten in der Wasser-, Gas- und petrochemischen Industrie konzipiert. <\/strong><\/p>\n<p><iframe title=\"YouTube Video Player\" src=\"https:\/\/www.youtube.com\/embed\/c6fk5vuZnrs?si=MSawf4GE1X5K9WcS\" width=\"560\" height=\"315\" frameborder=\"0\" allowfullscreen=\"allowfullscreen\"><\/iframe><\/p>\n","protected":false},"excerpt":{"rendered":"<p>Schonstedt GA-52CX Magnetometer<\/p>\n","protected":false},"featured_media":4775,"template":"","meta":{"_acf_changed":false,"content-type":""},"product_brand":[92],"product_cat":[205,206],"product_tag":[],"class_list":{"0":"post-9590","1":"product","2":"type-product","3":"status-publish","4":"has-post-thumbnail","6":"product_brand-schonstedt","7":"product_cat-detektion","8":"product_cat-magnetische-ortungsgerate","10":"first","11":"instock","12":"shipping-taxable","13":"product-type-simple"},"acf":[],"yoast_head":"<!-- This site is optimized with the Yoast SEO plugin v27.3 - https:\/\/yoast.com\/product\/yoast-seo-wordpress\/ -->\n<title>GA-52CX - Geodirect<\/title>\n<meta name=\"description\" content=\"Schonstedt Magnetometer zur Lokalisierung und Verfolgung von Rohren, Leitungen und Schwei\u00dfn\u00e4hten in der Wasser-, Gas- und petrochemischen Industrie.\" \/>\n<meta name=\"robots\" content=\"index, follow, max-snippet:-1, max-image-preview:large, max-video-preview:-1\" \/>\n<link rel=\"canonical\" href=\"https:\/\/www.geodirect.nl\/de\/produkt\/ga-52cx\/\" \/>\n<meta property=\"og:locale\" content=\"de_DE\" \/>\n<meta property=\"og:type\" content=\"article\" \/>\n<meta property=\"og:title\" content=\"GA-52CX - Geodirect\" \/>\n<meta property=\"og:description\" content=\"Schonstedt Magnetometer zur Lokalisierung und Verfolgung von Rohren, Leitungen und Schwei\u00dfn\u00e4hten in der Wasser-, Gas- und petrochemischen Industrie.\" \/>\n<meta property=\"og:url\" content=\"https:\/\/www.geodirect.nl\/de\/produkt\/ga-52cx\/\" \/>\n<meta property=\"og:site_name\" content=\"Geodirect\" \/>\n<meta property=\"article:modified_time\" content=\"2026-02-16T17:02:22+00:00\" \/>\n<meta property=\"og:image\" content=\"https:\/\/www.geodirect.nl\/wp-content\/uploads\/2025\/11\/ga52-thumbnail.jpg\" \/>\n\t<meta property=\"og:image:width\" content=\"259\" \/>\n\t<meta property=\"og:image:height\" content=\"218\" \/>\n\t<meta property=\"og:image:type\" content=\"image\/jpeg\" \/>\n<meta name=\"twitter:card\" content=\"summary_large_image\" \/>\n<script type=\"application\/ld+json\" class=\"yoast-schema-graph\">{\"@context\":\"https:\\\/\\\/schema.org\",\"@graph\":[{\"@type\":\"WebPage\",\"@id\":\"https:\\\/\\\/www.geodirect.nl\\\/de\\\/produkt\\\/ga-52cx\\\/\",\"url\":\"https:\\\/\\\/www.geodirect.nl\\\/de\\\/produkt\\\/ga-52cx\\\/\",\"name\":\"GA-52CX - Geodirect\",\"isPartOf\":{\"@id\":\"https:\\\/\\\/www.geodirect.nl\\\/de\\\/#website\"},\"primaryImageOfPage\":{\"@id\":\"https:\\\/\\\/www.geodirect.nl\\\/de\\\/produkt\\\/ga-52cx\\\/#primaryimage\"},\"image\":{\"@id\":\"https:\\\/\\\/www.geodirect.nl\\\/de\\\/produkt\\\/ga-52cx\\\/#primaryimage\"},\"thumbnailUrl\":\"https:\\\/\\\/www.geodirect.nl\\\/wp-content\\\/uploads\\\/2025\\\/11\\\/ga52-thumbnail.jpg\",\"datePublished\":\"2025-11-22T13:54:55+00:00\",\"dateModified\":\"2026-02-16T17:02:22+00:00\",\"description\":\"Schonstedt Magnetometer zur Lokalisierung und Verfolgung von Rohren, Leitungen und Schwei\u00dfn\u00e4hten in der Wasser-, Gas- und petrochemischen Industrie.\",\"breadcrumb\":{\"@id\":\"https:\\\/\\\/www.geodirect.nl\\\/de\\\/produkt\\\/ga-52cx\\\/#breadcrumb\"},\"inLanguage\":\"de\",\"potentialAction\":[{\"@type\":\"ReadAction\",\"target\":[\"https:\\\/\\\/www.geodirect.nl\\\/de\\\/produkt\\\/ga-52cx\\\/\"]}]},{\"@type\":\"ImageObject\",\"inLanguage\":\"de\",\"@id\":\"https:\\\/\\\/www.geodirect.nl\\\/de\\\/produkt\\\/ga-52cx\\\/#primaryimage\",\"url\":\"https:\\\/\\\/www.geodirect.nl\\\/wp-content\\\/uploads\\\/2025\\\/11\\\/ga52-thumbnail.jpg\",\"contentUrl\":\"https:\\\/\\\/www.geodirect.nl\\\/wp-content\\\/uploads\\\/2025\\\/11\\\/ga52-thumbnail.jpg\",\"width\":259,\"height\":218},{\"@type\":\"BreadcrumbList\",\"@id\":\"https:\\\/\\\/www.geodirect.nl\\\/de\\\/produkt\\\/ga-52cx\\\/#breadcrumb\",\"itemListElement\":[{\"@type\":\"ListItem\",\"position\":1,\"name\":\"Startseite\",\"item\":\"https:\\\/\\\/www.geodirect.nl\\\/de\\\/home\\\/\"},{\"@type\":\"ListItem\",\"position\":2,\"name\":\"Produkte\",\"item\":\"https:\\\/\\\/www.geodirect.nl\\\/de\\\/produkte\\\/\"},{\"@type\":\"ListItem\",\"position\":3,\"name\":\"GA-52CX\"}]},{\"@type\":\"WebSite\",\"@id\":\"https:\\\/\\\/www.geodirect.nl\\\/de\\\/#website\",\"url\":\"https:\\\/\\\/www.geodirect.nl\\\/de\\\/\",\"name\":\"Geodirect\",\"description\":\"Technologie die vooruitgang drijft\",\"publisher\":{\"@id\":\"https:\\\/\\\/www.geodirect.nl\\\/de\\\/#organization\"},\"potentialAction\":[{\"@type\":\"SearchAction\",\"target\":{\"@type\":\"EntryPoint\",\"urlTemplate\":\"https:\\\/\\\/www.geodirect.nl\\\/de\\\/?s={search_term_string}\"},\"query-input\":{\"@type\":\"PropertyValueSpecification\",\"valueRequired\":true,\"valueName\":\"search_term_string\"}}],\"inLanguage\":\"de\"},{\"@type\":\"Organization\",\"@id\":\"https:\\\/\\\/www.geodirect.nl\\\/de\\\/#organization\",\"name\":\"Geodirect B.V.\",\"url\":\"https:\\\/\\\/www.geodirect.nl\\\/de\\\/\",\"logo\":{\"@type\":\"ImageObject\",\"inLanguage\":\"de\",\"@id\":\"https:\\\/\\\/www.geodirect.nl\\\/de\\\/#\\\/schema\\\/logo\\\/image\\\/\",\"url\":\"https:\\\/\\\/www.geodirect.nl\\\/wp-content\\\/uploads\\\/2025\\\/11\\\/87b06f73c1509d1450fec3e50f610637829b3ada-1.png\",\"contentUrl\":\"https:\\\/\\\/www.geodirect.nl\\\/wp-content\\\/uploads\\\/2025\\\/11\\\/87b06f73c1509d1450fec3e50f610637829b3ada-1.png\",\"width\":239,\"height\":159,\"caption\":\"Geodirect B.V.\"},\"image\":{\"@id\":\"https:\\\/\\\/www.geodirect.nl\\\/de\\\/#\\\/schema\\\/logo\\\/image\\\/\"}}]}<\/script>\n<!-- \/ Yoast SEO plugin. -->","yoast_head_json":{"title":"GA-52CX - Geodirect","description":"Schonstedt Magnetometer zur Lokalisierung und Verfolgung von Rohren, Leitungen und Schwei\u00dfn\u00e4hten in der Wasser-, Gas- und petrochemischen Industrie.","robots":{"index":"index","follow":"follow","max-snippet":"max-snippet:-1","max-image-preview":"max-image-preview:large","max-video-preview":"max-video-preview:-1"},"canonical":"https:\/\/www.geodirect.nl\/de\/produkt\/ga-52cx\/","og_locale":"de_DE","og_type":"article","og_title":"GA-52CX - Geodirect","og_description":"Schonstedt Magnetometer zur Lokalisierung und Verfolgung von Rohren, Leitungen und Schwei\u00dfn\u00e4hten in der Wasser-, Gas- und petrochemischen Industrie.","og_url":"https:\/\/www.geodirect.nl\/de\/produkt\/ga-52cx\/","og_site_name":"Geodirect","article_modified_time":"2026-02-16T17:02:22+00:00","og_image":[{"width":259,"height":218,"url":"https:\/\/www.geodirect.nl\/wp-content\/uploads\/2025\/11\/ga52-thumbnail.jpg","type":"image\/jpeg"}],"twitter_card":"summary_large_image","schema":{"@context":"https:\/\/schema.org","@graph":[{"@type":"WebPage","@id":"https:\/\/www.geodirect.nl\/de\/produkt\/ga-52cx\/","url":"https:\/\/www.geodirect.nl\/de\/produkt\/ga-52cx\/","name":"GA-52CX - Geodirect","isPartOf":{"@id":"https:\/\/www.geodirect.nl\/de\/#website"},"primaryImageOfPage":{"@id":"https:\/\/www.geodirect.nl\/de\/produkt\/ga-52cx\/#primaryimage"},"image":{"@id":"https:\/\/www.geodirect.nl\/de\/produkt\/ga-52cx\/#primaryimage"},"thumbnailUrl":"https:\/\/www.geodirect.nl\/wp-content\/uploads\/2025\/11\/ga52-thumbnail.jpg","datePublished":"2025-11-22T13:54:55+00:00","dateModified":"2026-02-16T17:02:22+00:00","description":"Schonstedt Magnetometer zur Lokalisierung und Verfolgung von Rohren, Leitungen und Schwei\u00dfn\u00e4hten in der Wasser-, Gas- und petrochemischen Industrie.","breadcrumb":{"@id":"https:\/\/www.geodirect.nl\/de\/produkt\/ga-52cx\/#breadcrumb"},"inLanguage":"de","potentialAction":[{"@type":"ReadAction","target":["https:\/\/www.geodirect.nl\/de\/produkt\/ga-52cx\/"]}]},{"@type":"ImageObject","inLanguage":"de","@id":"https:\/\/www.geodirect.nl\/de\/produkt\/ga-52cx\/#primaryimage","url":"https:\/\/www.geodirect.nl\/wp-content\/uploads\/2025\/11\/ga52-thumbnail.jpg","contentUrl":"https:\/\/www.geodirect.nl\/wp-content\/uploads\/2025\/11\/ga52-thumbnail.jpg","width":259,"height":218},{"@type":"BreadcrumbList","@id":"https:\/\/www.geodirect.nl\/de\/produkt\/ga-52cx\/#breadcrumb","itemListElement":[{"@type":"ListItem","position":1,"name":"Startseite","item":"https:\/\/www.geodirect.nl\/de\/home\/"},{"@type":"ListItem","position":2,"name":"Produkte","item":"https:\/\/www.geodirect.nl\/de\/produkte\/"},{"@type":"ListItem","position":3,"name":"GA-52CX"}]},{"@type":"WebSite","@id":"https:\/\/www.geodirect.nl\/de\/#website","url":"https:\/\/www.geodirect.nl\/de\/","name":"Geodirect","description":"Technologie die vooruitgang drijft","publisher":{"@id":"https:\/\/www.geodirect.nl\/de\/#organization"},"potentialAction":[{"@type":"SearchAction","target":{"@type":"EntryPoint","urlTemplate":"https:\/\/www.geodirect.nl\/de\/?s={search_term_string}"},"query-input":{"@type":"PropertyValueSpecification","valueRequired":true,"valueName":"search_term_string"}}],"inLanguage":"de"},{"@type":"Organization","@id":"https:\/\/www.geodirect.nl\/de\/#organization","name":"Geodirect B.V.","url":"https:\/\/www.geodirect.nl\/de\/","logo":{"@type":"ImageObject","inLanguage":"de","@id":"https:\/\/www.geodirect.nl\/de\/#\/schema\/logo\/image\/","url":"https:\/\/www.geodirect.nl\/wp-content\/uploads\/2025\/11\/87b06f73c1509d1450fec3e50f610637829b3ada-1.png","contentUrl":"https:\/\/www.geodirect.nl\/wp-content\/uploads\/2025\/11\/87b06f73c1509d1450fec3e50f610637829b3ada-1.png","width":239,"height":159,"caption":"Geodirect B.V."},"image":{"@id":"https:\/\/www.geodirect.nl\/de\/#\/schema\/logo\/image\/"}}]}},"_links":{"self":[{"href":"https:\/\/www.geodirect.nl\/de\/wp-json\/wp\/v2\/product\/9590","targetHints":{"allow":["GET"]}}],"collection":[{"href":"https:\/\/www.geodirect.nl\/de\/wp-json\/wp\/v2\/product"}],"about":[{"href":"https:\/\/www.geodirect.nl\/de\/wp-json\/wp\/v2\/types\/product"}],"wp:featuredmedia":[{"embeddable":true,"href":"https:\/\/www.geodirect.nl\/de\/wp-json\/wp\/v2\/media\/4775"}],"wp:attachment":[{"href":"https:\/\/www.geodirect.nl\/de\/wp-json\/wp\/v2\/media?parent=9590"}],"wp:term":[{"taxonomy":"product_brand","embeddable":true,"href":"https:\/\/www.geodirect.nl\/de\/wp-json\/wp\/v2\/product_brand?post=9590"},{"taxonomy":"product_cat","embeddable":true,"href":"https:\/\/www.geodirect.nl\/de\/wp-json\/wp\/v2\/product_cat?post=9590"},{"taxonomy":"product_tag","embeddable":true,"href":"https:\/\/www.geodirect.nl\/de\/wp-json\/wp\/v2\/product_tag?post=9590"}],"curies":[{"name":"wp","href":"https:\/\/api.w.org\/{rel}","templated":true}]}}