{"id":7281,"date":"2025-11-14T11:31:06","date_gmt":"2025-11-14T11:31:06","guid":{"rendered":"https:\/\/www.geodirect.nl\/entretien-reparation\/"},"modified":"2026-02-23T11:49:50","modified_gmt":"2026-02-23T11:49:50","slug":"entretien-reparation","status":"publish","type":"page","link":"https:\/\/www.geodirect.nl\/fr\/entretien-reparation\/","title":{"rendered":"Entretien &amp; R\u00e9paration"},"content":{"rendered":"\t\t<div data-elementor-type=\"wp-page\" data-elementor-id=\"7281\" class=\"elementor elementor-7281 elementor-1289\" data-elementor-post-type=\"page\">\n\t\t\t\t<div class=\"elementor-element elementor-element-40f6dbe7 e-con-full e-flex e-con e-parent\" data-id=\"40f6dbe7\" data-element_type=\"container\" data-e-type=\"container\" data-settings=\"{&quot;background_background&quot;:&quot;classic&quot;}\">\n\t\t<div class=\"elementor-element elementor-element-5ddfdfb9 e-con-full e-flex e-con e-child\" data-id=\"5ddfdfb9\" data-element_type=\"container\" data-e-type=\"container\">\n\t\t\t\t<div class=\"elementor-element elementor-element-726bd02f elementor-widget elementor-widget-heading\" data-id=\"726bd02f\" data-element_type=\"widget\" data-e-type=\"widget\" data-widget_type=\"heading.default\">\n\t\t\t\t\t<h1 class=\"elementor-heading-title elementor-size-default\">Entretien &amp; R\u00e9paration<\/h1>\t\t\t\t<\/div>\n\t\t\t\t<div class=\"elementor-element elementor-element-5d9064e5 elementor-widget elementor-widget-heading\" data-id=\"5d9064e5\" data-element_type=\"widget\" data-e-type=\"widget\" data-widget_type=\"heading.default\">\n\t\t\t\t\t<p class=\"elementor-heading-title elementor-size-default\">Maintenez votre \u00e9quipement de mesure en parfait \u00e9tat<\/p>\t\t\t\t<\/div>\n\t\t\t\t<\/div>\n\t\t<div class=\"elementor-element elementor-element-71320505 e-con-full e-flex e-con e-child\" data-id=\"71320505\" data-element_type=\"container\" data-e-type=\"container\">\n\t\t\t\t<div class=\"elementor-element elementor-element-4565dc54 elementor-widget elementor-widget-heading\" data-id=\"4565dc54\" data-element_type=\"widget\" data-e-type=\"widget\" data-widget_type=\"heading.default\">\n\t\t\t\t\t<p class=\"elementor-heading-title elementor-size-default\"><span><span><a href=\"https:\/\/www.geodirect.nl\/fr\/accueil\/\">Accueil<\/a><\/span><\/span>\n<\/p>\t\t\t\t<\/div>\n\t\t\t\t<\/div>\n\t\t\t\t<\/div>\n\t\t<div class=\"elementor-element elementor-element-3e4d64d5 e-flex e-con-boxed e-con e-parent\" data-id=\"3e4d64d5\" data-element_type=\"container\" data-e-type=\"container\">\n\t\t\t\t\t<div class=\"e-con-inner\">\n\t\t<div class=\"elementor-element elementor-element-7c724cbf e-con-full e-flex e-con e-child\" data-id=\"7c724cbf\" data-element_type=\"container\" data-e-type=\"container\">\n\t\t<div class=\"elementor-element elementor-element-662e9416 e-con-full e-flex e-con e-child\" data-id=\"662e9416\" data-element_type=\"container\" data-e-type=\"container\">\n\t\t\t\t<div class=\"elementor-element elementor-element-578ef05e elementor-widget elementor-widget-heading\" data-id=\"578ef05e\" data-element_type=\"widget\" data-e-type=\"widget\" data-widget_type=\"heading.default\">\n\t\t\t\t\t<h2 class=\"elementor-heading-title elementor-size-default\">Service Geodirect<\/h2>\t\t\t\t<\/div>\n\t\t\t\t<div class=\"elementor-element elementor-element-5fa16db9 elementor-widget elementor-widget-text-editor\" data-id=\"5fa16db9\" data-element_type=\"widget\" data-e-type=\"widget\" data-widget_type=\"text-editor.default\">\n\t\t\t\t\t\t\t\t\t<p>L\u2019\u00e9quipement de mesure doit toujours fonctionner. Sur le chantier, sur le terrain ou sur l\u2019eau, l\u2019immobilisation n\u2019est tout simplement pas une option. Un entretien r\u00e9gulier et des r\u00e9parations opportunes sont essentiels pour garantir la pr\u00e9cision, pr\u00e9venir les pannes et prolonger la dur\u00e9e de vie de vos instruments. Si un dysfonctionnement survient malgr\u00e9 tout, vous souhaitez \u00eatre aid\u00e9 rapidement par des personnes qui connaissent vos syst\u00e8mes. Le service apr\u00e8s-vente de Geodirect fournit le service que vous \u00eates en droit d\u2019attendre : ad\u00e9quat, rapide et professionnel.    <\/p>\t\t\t\t\t\t\t\t<\/div>\n\t\t\t\t<div class=\"elementor-element elementor-element-76b4c248 elementor-widget elementor-widget-text-editor\" data-id=\"76b4c248\" data-element_type=\"widget\" data-e-type=\"widget\" data-widget_type=\"text-editor.default\">\n\t\t\t\t\t\t\t\t\t<p><strong>Centre de service certifi\u00e9 \u00e0 Mijdrecht<\/strong><\/p><p>Geodirect dispose d\u2019un centre de service certifi\u00e9 \u00e0 Mijdrecht, enti\u00e8rement \u00e9quip\u00e9 pour l\u2019entretien et la r\u00e9paration de stations totales, de r\u00e9cepteurs GNSS, de scanners laser, de carnets de terrain, d\u2019instruments de nivellement, de drones, de syst\u00e8mes de d\u00e9tection et d\u2019\u00e9quipements hydrographiques. Nos ing\u00e9nieurs de service qualifi\u00e9s peuvent effectuer eux-m\u00eames la grande majorit\u00e9 des r\u00e9parations. Cela signifie des d\u00e9lais d\u2019ex\u00e9cution courts et un retour d\u2019information clair sur l\u2019\u00e9tat de votre \u00e9quipement.  <\/p><p>Lorsqu\u2019une r\u00e9paration n\u00e9cessite plus de temps et que vous ne pouvez pas vous passer d\u2019instrument, un \u00e9quipement de remplacement est disponible via notre service de location. Si vous n\u2019avez pas la possibilit\u00e9 de passer, vous pouvez utiliser notre service d\u2019enl\u00e8vement et de retour (pick-up &amp; return). Ainsi, l\u2019impact sur vos projets reste aussi limit\u00e9 que possible et vous gardez la ma\u00eetrise de votre planning.  <\/p><p>Nous vous accompagnons \u00e9galement dans la mise en place et l\u2019int\u00e9gration de syst\u00e8mes de mesure complets, tels que des kits GNSS, des flux de travail de num\u00e9risation et des configurations hydrographiques. Tous les composants sont install\u00e9s en toute s\u00e9curit\u00e9, test\u00e9s et livr\u00e9s comme un syst\u00e8me unique, avec un c\u00e2blage, une alimentation et un agencement de mallette bien pens\u00e9s. Vous recevez un syst\u00e8me pr\u00eat \u00e0 l\u2019emploi, incluant les instructions et la documentation. Des d\u00e9viations par rapport aux configurations standard sont possibles.   <\/p><p><strong>Contactez-nous<\/strong><\/p><p>C\u2019est seulement en fournissant un excellent service que nous nous assurons que vous recommanderez Geodirect en toute confiance \u00e0 vos coll\u00e8gues et clients. Vous souhaitez en savoir plus sur l\u2019entretien, la r\u00e9paration ou l\u2019int\u00e9gration de syst\u00e8mes, ou planifier directement un rendez-vous avec notre service apr\u00e8s-vente ? <\/p><p><strong>Appelez-nous au +31 (0)297 893 063 ou envoyez un e-mail \u00e0 <a href=\"mailto:service@geodirect.nl\">service@geodirect.nl<\/a>. Nous veillons \u00e0 ce que votre \u00e9quipement fonctionne comme vous l\u2019attendez. <\/strong><\/p><p><\/p>\t\t\t\t\t\t\t\t<\/div>\n\t\t\t\t<\/div>\n\t\t<div class=\"elementor-element elementor-element-20bdaa7c e-con-full e-flex e-con e-child\" data-id=\"20bdaa7c\" data-element_type=\"container\" data-e-type=\"container\">\n\t\t\t\t<div class=\"elementor-element elementor-element-9a4f074 elementor-widget elementor-widget-image\" data-id=\"9a4f074\" data-element_type=\"widget\" data-e-type=\"widget\" data-widget_type=\"image.default\">\n\t\t\t\t\t\t\t\t\t\t\t\t\t\t\t<img fetchpriority=\"high\" decoding=\"async\" width=\"550\" height=\"490\" src=\"https:\/\/www.geodirect.nl\/wp-content\/uploads\/2025\/11\/geodirect-servicecenter.jpg\" class=\"attachment-large size-large wp-image-7282\" alt=\"\" srcset=\"https:\/\/www.geodirect.nl\/wp-content\/uploads\/2025\/11\/geodirect-servicecenter.jpg 550w, https:\/\/www.geodirect.nl\/wp-content\/uploads\/2025\/11\/geodirect-servicecenter-300x267.jpg 300w\" sizes=\"(max-width: 550px) 100vw, 550px\" \/>\t\t\t\t\t\t\t\t\t\t\t\t\t\t\t<\/div>\n\t\t\t\t<\/div>\n\t\t\t\t<\/div>\n\t\t\t\t\t<\/div>\n\t\t\t\t<\/div>\n\t\t\t\t<\/div>\n\t\t","protected":false},"excerpt":{"rendered":"<p>Entretien &amp; R\u00e9paration Maintenez votre \u00e9quipement de mesure en parfait \u00e9tat Service Geodirect L\u2019\u00e9quipement de mesure doit toujours fonctionner. Sur le chantier, sur le terrain ou sur l\u2019eau, l\u2019immobilisation n\u2019est tout simplement pas une option. Un entretien r\u00e9gulier et des r\u00e9parations opportunes sont essentiels pour garantir la pr\u00e9cision, pr\u00e9venir les pannes et prolonger la dur\u00e9e [&hellip;]<\/p>\n","protected":false},"author":1,"featured_media":6642,"parent":0,"menu_order":0,"comment_status":"closed","ping_status":"closed","template":"","meta":{"_acf_changed":false,"content-type":"","footnotes":""},"class_list":["post-7281","page","type-page","status-publish","has-post-thumbnail","hentry"],"acf":[],"yoast_head":"<!-- This site is optimized with the Yoast SEO plugin v27.3 - https:\/\/yoast.com\/product\/yoast-seo-wordpress\/ -->\n<title>Entretien &amp; R\u00e9paration - Geodirect<\/title>\n<meta name=\"description\" content=\"Afin de pr\u00e9server le plus longtemps possible la haute qualit\u00e9 de l\u2019\u00e9quipement que vous achetez chez nous, nous proposons \u00e9galement des services d\u2019entretien &amp; de r\u00e9paration.\" \/>\n<meta name=\"robots\" content=\"index, follow, max-snippet:-1, max-image-preview:large, max-video-preview:-1\" \/>\n<link rel=\"canonical\" href=\"https:\/\/www.geodirect.nl\/fr\/entretien-reparation\/\" \/>\n<meta property=\"og:locale\" content=\"fr_FR\" \/>\n<meta property=\"og:type\" content=\"article\" \/>\n<meta property=\"og:title\" content=\"Entretien &amp; R\u00e9paration - Geodirect\" \/>\n<meta property=\"og:description\" content=\"Afin de pr\u00e9server le plus longtemps possible la haute qualit\u00e9 de l\u2019\u00e9quipement que vous achetez chez nous, nous proposons \u00e9galement des services d\u2019entretien &amp; de r\u00e9paration.\" \/>\n<meta property=\"og:url\" content=\"https:\/\/www.geodirect.nl\/fr\/entretien-reparation\/\" \/>\n<meta property=\"og:site_name\" content=\"Geodirect\" \/>\n<meta property=\"article:modified_time\" content=\"2026-02-23T11:49:50+00:00\" \/>\n<meta property=\"og:image\" content=\"https:\/\/www.geodirect.nl\/wp-content\/uploads\/2025\/11\/gedoirect-service-support-home.jpg\" \/>\n\t<meta property=\"og:image:width\" content=\"1200\" \/>\n\t<meta property=\"og:image:height\" content=\"800\" \/>\n\t<meta property=\"og:image:type\" content=\"image\/jpeg\" \/>\n<meta name=\"twitter:card\" content=\"summary_large_image\" \/>\n<meta name=\"twitter:label1\" content=\"Dur\u00e9e de lecture estim\u00e9e\" \/>\n\t<meta name=\"twitter:data1\" content=\"2 minutes\" \/>\n<script type=\"application\/ld+json\" class=\"yoast-schema-graph\">{\"@context\":\"https:\\\/\\\/schema.org\",\"@graph\":[{\"@type\":\"WebPage\",\"@id\":\"https:\\\/\\\/www.geodirect.nl\\\/fr\\\/entretien-reparation\\\/\",\"url\":\"https:\\\/\\\/www.geodirect.nl\\\/fr\\\/entretien-reparation\\\/\",\"name\":\"Entretien &amp; R\u00e9paration - Geodirect\",\"isPartOf\":{\"@id\":\"https:\\\/\\\/www.geodirect.nl\\\/fr\\\/#website\"},\"primaryImageOfPage\":{\"@id\":\"https:\\\/\\\/www.geodirect.nl\\\/fr\\\/entretien-reparation\\\/#primaryimage\"},\"image\":{\"@id\":\"https:\\\/\\\/www.geodirect.nl\\\/fr\\\/entretien-reparation\\\/#primaryimage\"},\"thumbnailUrl\":\"https:\\\/\\\/www.geodirect.nl\\\/wp-content\\\/uploads\\\/2025\\\/11\\\/gedoirect-service-support-home.jpg\",\"datePublished\":\"2025-11-14T11:31:06+00:00\",\"dateModified\":\"2026-02-23T11:49:50+00:00\",\"description\":\"Afin de pr\u00e9server le plus longtemps possible la haute qualit\u00e9 de l\u2019\u00e9quipement que vous achetez chez nous, nous proposons \u00e9galement des services d\u2019entretien & de r\u00e9paration.\",\"breadcrumb\":{\"@id\":\"https:\\\/\\\/www.geodirect.nl\\\/fr\\\/entretien-reparation\\\/#breadcrumb\"},\"inLanguage\":\"fr-FR\",\"potentialAction\":[{\"@type\":\"ReadAction\",\"target\":[\"https:\\\/\\\/www.geodirect.nl\\\/fr\\\/entretien-reparation\\\/\"]}]},{\"@type\":\"ImageObject\",\"inLanguage\":\"fr-FR\",\"@id\":\"https:\\\/\\\/www.geodirect.nl\\\/fr\\\/entretien-reparation\\\/#primaryimage\",\"url\":\"https:\\\/\\\/www.geodirect.nl\\\/wp-content\\\/uploads\\\/2025\\\/11\\\/gedoirect-service-support-home.jpg\",\"contentUrl\":\"https:\\\/\\\/www.geodirect.nl\\\/wp-content\\\/uploads\\\/2025\\\/11\\\/gedoirect-service-support-home.jpg\",\"width\":1200,\"height\":800},{\"@type\":\"BreadcrumbList\",\"@id\":\"https:\\\/\\\/www.geodirect.nl\\\/fr\\\/entretien-reparation\\\/#breadcrumb\",\"itemListElement\":[{\"@type\":\"ListItem\",\"position\":1,\"name\":\"Accueil\",\"item\":\"https:\\\/\\\/www.geodirect.nl\\\/fr\\\/accueil\\\/\"},{\"@type\":\"ListItem\",\"position\":2,\"name\":\"Entretien &amp; R\u00e9paration\"}]},{\"@type\":\"WebSite\",\"@id\":\"https:\\\/\\\/www.geodirect.nl\\\/fr\\\/#website\",\"url\":\"https:\\\/\\\/www.geodirect.nl\\\/fr\\\/\",\"name\":\"Geodirect\",\"description\":\"Technologie die vooruitgang drijft\",\"publisher\":{\"@id\":\"https:\\\/\\\/www.geodirect.nl\\\/fr\\\/#organization\"},\"potentialAction\":[{\"@type\":\"SearchAction\",\"target\":{\"@type\":\"EntryPoint\",\"urlTemplate\":\"https:\\\/\\\/www.geodirect.nl\\\/fr\\\/?s={search_term_string}\"},\"query-input\":{\"@type\":\"PropertyValueSpecification\",\"valueRequired\":true,\"valueName\":\"search_term_string\"}}],\"inLanguage\":\"fr-FR\"},{\"@type\":\"Organization\",\"@id\":\"https:\\\/\\\/www.geodirect.nl\\\/fr\\\/#organization\",\"name\":\"Geodirect B.V.\",\"url\":\"https:\\\/\\\/www.geodirect.nl\\\/fr\\\/\",\"logo\":{\"@type\":\"ImageObject\",\"inLanguage\":\"fr-FR\",\"@id\":\"https:\\\/\\\/www.geodirect.nl\\\/fr\\\/#\\\/schema\\\/logo\\\/image\\\/\",\"url\":\"https:\\\/\\\/www.geodirect.nl\\\/wp-content\\\/uploads\\\/2025\\\/11\\\/87b06f73c1509d1450fec3e50f610637829b3ada-1.png\",\"contentUrl\":\"https:\\\/\\\/www.geodirect.nl\\\/wp-content\\\/uploads\\\/2025\\\/11\\\/87b06f73c1509d1450fec3e50f610637829b3ada-1.png\",\"width\":239,\"height\":159,\"caption\":\"Geodirect B.V.\"},\"image\":{\"@id\":\"https:\\\/\\\/www.geodirect.nl\\\/fr\\\/#\\\/schema\\\/logo\\\/image\\\/\"}}]}<\/script>\n<!-- \/ Yoast SEO plugin. -->","yoast_head_json":{"title":"Entretien &amp; R\u00e9paration - Geodirect","description":"Afin de pr\u00e9server le plus longtemps possible la haute qualit\u00e9 de l\u2019\u00e9quipement que vous achetez chez nous, nous proposons \u00e9galement des services d\u2019entretien & de r\u00e9paration.","robots":{"index":"index","follow":"follow","max-snippet":"max-snippet:-1","max-image-preview":"max-image-preview:large","max-video-preview":"max-video-preview:-1"},"canonical":"https:\/\/www.geodirect.nl\/fr\/entretien-reparation\/","og_locale":"fr_FR","og_type":"article","og_title":"Entretien &amp; R\u00e9paration - Geodirect","og_description":"Afin de pr\u00e9server le plus longtemps possible la haute qualit\u00e9 de l\u2019\u00e9quipement que vous achetez chez nous, nous proposons \u00e9galement des services d\u2019entretien & de r\u00e9paration.","og_url":"https:\/\/www.geodirect.nl\/fr\/entretien-reparation\/","og_site_name":"Geodirect","article_modified_time":"2026-02-23T11:49:50+00:00","og_image":[{"width":1200,"height":800,"url":"https:\/\/www.geodirect.nl\/wp-content\/uploads\/2025\/11\/gedoirect-service-support-home.jpg","type":"image\/jpeg"}],"twitter_card":"summary_large_image","twitter_misc":{"Dur\u00e9e de lecture estim\u00e9e":"2 minutes"},"schema":{"@context":"https:\/\/schema.org","@graph":[{"@type":"WebPage","@id":"https:\/\/www.geodirect.nl\/fr\/entretien-reparation\/","url":"https:\/\/www.geodirect.nl\/fr\/entretien-reparation\/","name":"Entretien &amp; R\u00e9paration - Geodirect","isPartOf":{"@id":"https:\/\/www.geodirect.nl\/fr\/#website"},"primaryImageOfPage":{"@id":"https:\/\/www.geodirect.nl\/fr\/entretien-reparation\/#primaryimage"},"image":{"@id":"https:\/\/www.geodirect.nl\/fr\/entretien-reparation\/#primaryimage"},"thumbnailUrl":"https:\/\/www.geodirect.nl\/wp-content\/uploads\/2025\/11\/gedoirect-service-support-home.jpg","datePublished":"2025-11-14T11:31:06+00:00","dateModified":"2026-02-23T11:49:50+00:00","description":"Afin de pr\u00e9server le plus longtemps possible la haute qualit\u00e9 de l\u2019\u00e9quipement que vous achetez chez nous, nous proposons \u00e9galement des services d\u2019entretien & de r\u00e9paration.","breadcrumb":{"@id":"https:\/\/www.geodirect.nl\/fr\/entretien-reparation\/#breadcrumb"},"inLanguage":"fr-FR","potentialAction":[{"@type":"ReadAction","target":["https:\/\/www.geodirect.nl\/fr\/entretien-reparation\/"]}]},{"@type":"ImageObject","inLanguage":"fr-FR","@id":"https:\/\/www.geodirect.nl\/fr\/entretien-reparation\/#primaryimage","url":"https:\/\/www.geodirect.nl\/wp-content\/uploads\/2025\/11\/gedoirect-service-support-home.jpg","contentUrl":"https:\/\/www.geodirect.nl\/wp-content\/uploads\/2025\/11\/gedoirect-service-support-home.jpg","width":1200,"height":800},{"@type":"BreadcrumbList","@id":"https:\/\/www.geodirect.nl\/fr\/entretien-reparation\/#breadcrumb","itemListElement":[{"@type":"ListItem","position":1,"name":"Accueil","item":"https:\/\/www.geodirect.nl\/fr\/accueil\/"},{"@type":"ListItem","position":2,"name":"Entretien &amp; R\u00e9paration"}]},{"@type":"WebSite","@id":"https:\/\/www.geodirect.nl\/fr\/#website","url":"https:\/\/www.geodirect.nl\/fr\/","name":"Geodirect","description":"Technologie die vooruitgang drijft","publisher":{"@id":"https:\/\/www.geodirect.nl\/fr\/#organization"},"potentialAction":[{"@type":"SearchAction","target":{"@type":"EntryPoint","urlTemplate":"https:\/\/www.geodirect.nl\/fr\/?s={search_term_string}"},"query-input":{"@type":"PropertyValueSpecification","valueRequired":true,"valueName":"search_term_string"}}],"inLanguage":"fr-FR"},{"@type":"Organization","@id":"https:\/\/www.geodirect.nl\/fr\/#organization","name":"Geodirect B.V.","url":"https:\/\/www.geodirect.nl\/fr\/","logo":{"@type":"ImageObject","inLanguage":"fr-FR","@id":"https:\/\/www.geodirect.nl\/fr\/#\/schema\/logo\/image\/","url":"https:\/\/www.geodirect.nl\/wp-content\/uploads\/2025\/11\/87b06f73c1509d1450fec3e50f610637829b3ada-1.png","contentUrl":"https:\/\/www.geodirect.nl\/wp-content\/uploads\/2025\/11\/87b06f73c1509d1450fec3e50f610637829b3ada-1.png","width":239,"height":159,"caption":"Geodirect B.V."},"image":{"@id":"https:\/\/www.geodirect.nl\/fr\/#\/schema\/logo\/image\/"}}]}},"_links":{"self":[{"href":"https:\/\/www.geodirect.nl\/fr\/wp-json\/wp\/v2\/pages\/7281","targetHints":{"allow":["GET"]}}],"collection":[{"href":"https:\/\/www.geodirect.nl\/fr\/wp-json\/wp\/v2\/pages"}],"about":[{"href":"https:\/\/www.geodirect.nl\/fr\/wp-json\/wp\/v2\/types\/page"}],"author":[{"embeddable":true,"href":"https:\/\/www.geodirect.nl\/fr\/wp-json\/wp\/v2\/users\/1"}],"replies":[{"embeddable":true,"href":"https:\/\/www.geodirect.nl\/fr\/wp-json\/wp\/v2\/comments?post=7281"}],"version-history":[{"count":4,"href":"https:\/\/www.geodirect.nl\/fr\/wp-json\/wp\/v2\/pages\/7281\/revisions"}],"predecessor-version":[{"id":10008,"href":"https:\/\/www.geodirect.nl\/fr\/wp-json\/wp\/v2\/pages\/7281\/revisions\/10008"}],"wp:featuredmedia":[{"embeddable":true,"href":"https:\/\/www.geodirect.nl\/fr\/wp-json\/wp\/v2\/media\/6642"}],"wp:attachment":[{"href":"https:\/\/www.geodirect.nl\/fr\/wp-json\/wp\/v2\/media?parent=7281"}],"curies":[{"name":"wp","href":"https:\/\/api.w.org\/{rel}","templated":true}]}}