{"id":7398,"date":"2025-11-17T22:26:43","date_gmt":"2025-11-17T22:26:43","guid":{"rendered":"https:\/\/www.geodirect.nl\/politique-de-confidentialite\/"},"modified":"2026-02-23T11:57:31","modified_gmt":"2026-02-23T11:57:31","slug":"politique-de-confidentialite","status":"publish","type":"page","link":"https:\/\/www.geodirect.nl\/fr\/politique-de-confidentialite\/","title":{"rendered":"Politique de confidentialit\u00e9"},"content":{"rendered":"\t\t<div data-elementor-type=\"wp-page\" data-elementor-id=\"7398\" class=\"elementor elementor-7398 elementor-2022\" data-elementor-post-type=\"page\">\n\t\t\t\t<div class=\"elementor-element elementor-element-618aa799 e-con-full e-flex e-con e-parent\" data-id=\"618aa799\" data-element_type=\"container\" data-e-type=\"container\" data-settings=\"{&quot;background_background&quot;:&quot;classic&quot;}\">\n\t\t<div class=\"elementor-element elementor-element-717137c9 e-con-full e-flex e-con e-child\" data-id=\"717137c9\" data-element_type=\"container\" data-e-type=\"container\">\n\t\t\t\t<div class=\"elementor-element elementor-element-5cecd6ee elementor-widget elementor-widget-heading\" data-id=\"5cecd6ee\" data-element_type=\"widget\" data-e-type=\"widget\" data-widget_type=\"heading.default\">\n\t\t\t\t\t<h1 class=\"elementor-heading-title elementor-size-default\">Politique de confidentialit\u00e9<\/h1>\t\t\t\t<\/div>\n\t\t\t\t<\/div>\n\t\t<div class=\"elementor-element elementor-element-1302b6d2 e-con-full e-flex e-con e-child\" data-id=\"1302b6d2\" data-element_type=\"container\" data-e-type=\"container\">\n\t\t\t\t<div class=\"elementor-element elementor-element-2e139ed8 elementor-widget elementor-widget-heading\" data-id=\"2e139ed8\" data-element_type=\"widget\" data-e-type=\"widget\" data-widget_type=\"heading.default\">\n\t\t\t\t\t<p class=\"elementor-heading-title elementor-size-default\"><span><span><a href=\"https:\/\/www.geodirect.nl\/fr\/accueil\/\">Accueil<\/a><\/span><\/span>\n<\/p>\t\t\t\t<\/div>\n\t\t\t\t<\/div>\n\t\t\t\t<\/div>\n\t\t<div class=\"elementor-element elementor-element-3338662e e-flex e-con-boxed e-con e-parent\" data-id=\"3338662e\" data-element_type=\"container\" data-e-type=\"container\">\n\t\t\t\t\t<div class=\"e-con-inner\">\n\t\t\t\t<div class=\"elementor-element elementor-element-2c8aa498 elementor-widget elementor-widget-heading\" data-id=\"2c8aa498\" data-element_type=\"widget\" data-e-type=\"widget\" data-widget_type=\"heading.default\">\n\t\t\t\t\t<h2 class=\"elementor-heading-title elementor-size-default\">D\u00e9claration de confidentialit\u00e9 de Geodirect B.V.\n<\/h2>\t\t\t\t<\/div>\n\t\t\t\t<div class=\"elementor-element elementor-element-36aa080a elementor-widget elementor-widget-text-editor\" data-id=\"36aa080a\" data-element_type=\"widget\" data-e-type=\"widget\" data-widget_type=\"text-editor.default\">\n\t\t\t\t\t\t\t\t\t<div class=\"pr-company-details\"><p><em>derni\u00e8re mise \u00e0 jour le 17\/01\/2022<\/em><\/p><p>Geodirect est consciente de la confiance que vous nous accordez. Nous consid\u00e9rons donc qu\u2019il est de notre responsabilit\u00e9 de prot\u00e9ger votre vie priv\u00e9e. Dans cette d\u00e9claration de confidentialit\u00e9, nous vous informons des donn\u00e9es que nous traitons.  <\/p><p><strong>Donn\u00e9es \u00e0 caract\u00e8re personnel que nous traitons<\/strong><br>Geodirect traite les donn\u00e9es \u00e0 caract\u00e8re personnel que vous nous fournissez activement en utilisant nos services, que ce soit avant la conclusion d\u2019un contrat ou si cela est n\u00e9cessaire \u00e0 l\u2019ex\u00e9cution d\u2019un contrat. Geodirect respecte votre vie priv\u00e9e et veille \u00e0 ce que les informations personnelles que vous nous fournissez soient trait\u00e9es de mani\u00e8re confidentielle. Vous trouverez ci-dessous un aper\u00e7u des donn\u00e9es \u00e0 caract\u00e8re personnel que nous traitons :  <\/p><ul><li>Pr\u00e9nom et nom ;<\/li><li>Sexe ;<\/li><li>Num\u00e9ro de t\u00e9l\u00e9phone (mobile) professionnel ;<\/li><li>Adresse e-mail professionnelle ;<\/li><li>Fonction ;<\/li><li>Autres donn\u00e9es \u00e0 caract\u00e8re personnel que vous fournissez activement, par exemple en utilisant un formulaire sur notre site web ou par d\u2019autres formes de correspondance ou de contact t\u00e9l\u00e9phonique.<\/li><\/ul><p><strong>Finalit\u00e9 et base juridique du traitement des donn\u00e9es \u00e0 caract\u00e8re personnel<\/strong><br>Geodirect traite vos donn\u00e9es \u00e0 caract\u00e8re personnel, n\u00e9cessaires \u00e0 votre demande avant la conclusion d\u2019un contrat et pour l\u2019ex\u00e9cution d\u2019un contrat, aux fins suivantes :<\/p><ul><li>Fourniture de conseils (d\u2019achat) ;<\/li><li>Envoi d\u2019un devis ;<\/li><li>Ex\u00e9cution d\u2019une commande, y compris la livraison de biens, de services et le traitement de votre paiement ;<\/li><li>Vous informer des mises \u00e0 jour de produits et des modifications de nos services ;<\/li><li>Pouvoir vous appeler ou vous envoyer un e-mail si n\u00e9cessaire pour assurer la prestation de nos services ;<\/li><li>Geodirect traite \u00e9galement des donn\u00e9es \u00e0 caract\u00e8re personnel lorsque nous y sommes l\u00e9galement oblig\u00e9s, comme les donn\u00e9es n\u00e9cessaires \u00e0 la d\u00e9claration fiscale ;<\/li><li>Nous pouvons \u00e9galement utiliser vos donn\u00e9es \u00e0 caract\u00e8re personnel \u00e0 des fins internes telles que des audits, l\u2019analyse de donn\u00e9es et la recherche afin d\u2019am\u00e9liorer les produits, les services et la communication.<\/li><\/ul><p><strong>Dur\u00e9e de conservation des donn\u00e9es \u00e0 caract\u00e8re personnel<\/strong><br>Geodirect ne conserve pas vos donn\u00e9es \u00e0 caract\u00e8re personnel plus longtemps que ce qui est strictement n\u00e9cessaire pour atteindre les objectifs pour lesquels vos donn\u00e9es sont collect\u00e9es.<\/p><p><strong>Partage de donn\u00e9es \u00e0 caract\u00e8re personnel avec des tiers<\/strong><br>Geodirect ne vend pas vos donn\u00e9es \u00e0 des tiers et ne les fournit que si cela est n\u00e9cessaire \u00e0 l\u2019ex\u00e9cution de notre contrat avec vous ou pour se conformer \u00e0 une obligation l\u00e9gale. Nous concluons un accord de traitement avec les entreprises qui traitent vos donn\u00e9es pour notre compte afin de garantir le m\u00eame niveau de s\u00e9curit\u00e9 et de confidentialit\u00e9 de vos donn\u00e9es. Geodirect reste responsable de ces traitements.  <\/p><p><strong>Consultation, modification ou suppression des donn\u00e9es<\/strong><br>Vous avez le droit de consulter, de rectifier ou de supprimer vos donn\u00e9es \u00e0 caract\u00e8re personnel \u00e0 tout moment. Vous pouvez envoyer une demande de consultation, de rectification ou de suppression de vos donn\u00e9es \u00e0 caract\u00e8re personnel via le <a href=\"https:\/\/www.geodirect.nl\/fr\/contact\/\">formulaire de contact<\/a>. Afin de s\u2019assurer que la demande de consultation a bien \u00e9t\u00e9 effectu\u00e9e par vous, nous vous demandons de joindre une copie de votre pi\u00e8ce d\u2019identit\u00e9 \u00e0 la demande. Dans cette copie, nous vous demandons de rendre illisibles votre photo de passeport, la zone MRZ, le num\u00e9ro de passeport et le num\u00e9ro de service citoyen (BSN), afin de prot\u00e9ger votre vie priv\u00e9e. Geodirect r\u00e9pondra \u00e0 votre demande dans les plus brefs d\u00e9lais, et au plus tard dans un d\u00e9lai de quatre semaines. Geodirect tient \u00e9galement \u00e0 vous informer que vous avez la possibilit\u00e9 de d\u00e9poser une plainte aupr\u00e8s de l\u2019autorit\u00e9 de contr\u00f4le nationale, l\u2019Autorit\u00e9 de protection des donn\u00e9es.     <\/p><p><strong>Cookies que nous utilisons et sites de tiers<\/strong><br>Geodirect utilise uniquement des cookies techniques, fonctionnels et analytiques qui ne portent pas atteinte \u00e0 votre vie priv\u00e9e. Un cookie est un petit fichier texte qui est stock\u00e9 sur votre ordinateur, tablette ou smartphone lors de votre premi\u00e8re visite sur notre site web. Les cookies que nous utilisons sont n\u00e9cessaires au fonctionnement technique du site web et \u00e0 votre confort d\u2019utilisation. Ils permettent au site web de fonctionner correctement et de l\u2019optimiser. La plupart des navigateurs sont configur\u00e9s par d\u00e9faut pour accepter les cookies, mais vous pouvez configurer votre navigateur pour qu\u2019il refuse les cookies ou pour qu\u2019il vous avertisse lorsqu\u2019un cookie est envoy\u00e9. En outre, vous pouvez \u00e9galement supprimer les informations pr\u00e9c\u00e9demment stock\u00e9es via les param\u00e8tres de votre navigateur.     <\/p><p>Les sites web, produits et services de Geodirect peuvent contenir des liens vers des sites web, produits et services de tiers. Les donn\u00e9es collect\u00e9es par des tiers, qui peuvent inclure des donn\u00e9es \u00e0 caract\u00e8re personnel, sont r\u00e9gies par leur propre politique de confidentialit\u00e9. Nous vous recommandons de prendre connaissance de la politique de confidentialit\u00e9 de ces tiers. Geodirect n\u2019est pas responsable de l\u2019utilisation des cookies par les sites web de tiers vers lesquels vous pouvez \u00eatre redirig\u00e9 en tant que visiteur, ni par les r\u00e9seaux sociaux, notamment YouTube, Twitter, LinkedIn et Facebook.   <\/p><p><strong>Comment nous s\u00e9curisons les donn\u00e9es \u00e0 caract\u00e8re personnel<\/strong><br>Geodirect prend la protection de vos donn\u00e9es au s\u00e9rieux et prend des mesures appropri\u00e9es pour pr\u00e9venir les abus, les pertes, les acc\u00e8s non autoris\u00e9s, les divulgations ind\u00e9sirables et les modifications non autoris\u00e9es. Nous communiquons nos directives en mati\u00e8re de confidentialit\u00e9 et de s\u00e9curit\u00e9 \u00e0 tous les employ\u00e9s de Geodirect et appliquons des mesures strictes au sein de l\u2019entreprise pour garantir la s\u00e9curit\u00e9 de vos donn\u00e9es \u00e0 caract\u00e8re personnel. Si vous avez l\u2019impression que vos donn\u00e9es ne sont pas correctement s\u00e9curis\u00e9es ou s\u2019il y a des indices d\u2019abus, veuillez nous <a href=\"https:\/\/www.geodirect.nl\/fr\/contact\/\">contacter<\/a>.  <\/p><\/div>\t\t\t\t\t\t\t\t<\/div>\n\t\t\t\t\t<\/div>\n\t\t\t\t<\/div>\n\t\t\t\t<\/div>\n\t\t","protected":false},"excerpt":{"rendered":"<p>Politique de confidentialit\u00e9 D\u00e9claration de confidentialit\u00e9 de Geodirect B.V. derni\u00e8re mise \u00e0 jour le 17\/01\/2022 Geodirect est consciente de la confiance que vous nous accordez. Nous consid\u00e9rons donc qu\u2019il est de notre responsabilit\u00e9 de prot\u00e9ger votre vie priv\u00e9e. Dans cette d\u00e9claration de confidentialit\u00e9, nous vous informons des donn\u00e9es que nous traitons. Donn\u00e9es \u00e0 caract\u00e8re personnel [&hellip;]<\/p>\n","protected":false},"author":1,"featured_media":0,"parent":0,"menu_order":0,"comment_status":"closed","ping_status":"closed","template":"","meta":{"_acf_changed":false,"content-type":"","footnotes":""},"class_list":["post-7398","page","type-page","status-publish","hentry"],"acf":[],"yoast_head":"<!-- This site is optimized with the Yoast SEO plugin v27.3 - https:\/\/yoast.com\/product\/yoast-seo-wordpress\/ -->\n<title>Politique de confidentialit\u00e9 - Geodirect<\/title>\n<meta name=\"description\" content=\"D\u00e9couvrez ici plus d\u2019informations sur la politique de confidentialit\u00e9 applicable \u00e0 toutes les communications avec Geodirect.\" \/>\n<meta name=\"robots\" content=\"index, follow, max-snippet:-1, max-image-preview:large, max-video-preview:-1\" \/>\n<link rel=\"canonical\" href=\"https:\/\/www.geodirect.nl\/fr\/politique-de-confidentialite\/\" \/>\n<meta property=\"og:locale\" content=\"fr_FR\" \/>\n<meta property=\"og:type\" content=\"article\" \/>\n<meta property=\"og:title\" content=\"Politique de confidentialit\u00e9 - Geodirect\" \/>\n<meta property=\"og:description\" content=\"D\u00e9couvrez ici plus d\u2019informations sur la politique de confidentialit\u00e9 applicable \u00e0 toutes les communications avec Geodirect.\" \/>\n<meta property=\"og:url\" content=\"https:\/\/www.geodirect.nl\/fr\/politique-de-confidentialite\/\" \/>\n<meta property=\"og:site_name\" content=\"Geodirect\" \/>\n<meta property=\"article:modified_time\" content=\"2026-02-23T11:57:31+00:00\" \/>\n<meta name=\"twitter:card\" content=\"summary_large_image\" \/>\n<meta name=\"twitter:label1\" content=\"Dur\u00e9e de lecture estim\u00e9e\" \/>\n\t<meta name=\"twitter:data1\" content=\"5 minutes\" \/>\n<script type=\"application\/ld+json\" class=\"yoast-schema-graph\">{\"@context\":\"https:\\\/\\\/schema.org\",\"@graph\":[{\"@type\":\"WebPage\",\"@id\":\"https:\\\/\\\/www.geodirect.nl\\\/fr\\\/politique-de-confidentialite\\\/\",\"url\":\"https:\\\/\\\/www.geodirect.nl\\\/fr\\\/politique-de-confidentialite\\\/\",\"name\":\"Politique de confidentialit\u00e9 - Geodirect\",\"isPartOf\":{\"@id\":\"https:\\\/\\\/www.geodirect.nl\\\/fr\\\/#website\"},\"datePublished\":\"2025-11-17T22:26:43+00:00\",\"dateModified\":\"2026-02-23T11:57:31+00:00\",\"description\":\"D\u00e9couvrez ici plus d\u2019informations sur la politique de confidentialit\u00e9 applicable \u00e0 toutes les communications avec Geodirect.\",\"breadcrumb\":{\"@id\":\"https:\\\/\\\/www.geodirect.nl\\\/fr\\\/politique-de-confidentialite\\\/#breadcrumb\"},\"inLanguage\":\"fr-FR\",\"potentialAction\":[{\"@type\":\"ReadAction\",\"target\":[\"https:\\\/\\\/www.geodirect.nl\\\/fr\\\/politique-de-confidentialite\\\/\"]}]},{\"@type\":\"BreadcrumbList\",\"@id\":\"https:\\\/\\\/www.geodirect.nl\\\/fr\\\/politique-de-confidentialite\\\/#breadcrumb\",\"itemListElement\":[{\"@type\":\"ListItem\",\"position\":1,\"name\":\"Accueil\",\"item\":\"https:\\\/\\\/www.geodirect.nl\\\/fr\\\/accueil\\\/\"},{\"@type\":\"ListItem\",\"position\":2,\"name\":\"Politique de confidentialit\u00e9\"}]},{\"@type\":\"WebSite\",\"@id\":\"https:\\\/\\\/www.geodirect.nl\\\/fr\\\/#website\",\"url\":\"https:\\\/\\\/www.geodirect.nl\\\/fr\\\/\",\"name\":\"Geodirect\",\"description\":\"Technologie die vooruitgang drijft\",\"publisher\":{\"@id\":\"https:\\\/\\\/www.geodirect.nl\\\/fr\\\/#organization\"},\"potentialAction\":[{\"@type\":\"SearchAction\",\"target\":{\"@type\":\"EntryPoint\",\"urlTemplate\":\"https:\\\/\\\/www.geodirect.nl\\\/fr\\\/?s={search_term_string}\"},\"query-input\":{\"@type\":\"PropertyValueSpecification\",\"valueRequired\":true,\"valueName\":\"search_term_string\"}}],\"inLanguage\":\"fr-FR\"},{\"@type\":\"Organization\",\"@id\":\"https:\\\/\\\/www.geodirect.nl\\\/fr\\\/#organization\",\"name\":\"Geodirect B.V.\",\"url\":\"https:\\\/\\\/www.geodirect.nl\\\/fr\\\/\",\"logo\":{\"@type\":\"ImageObject\",\"inLanguage\":\"fr-FR\",\"@id\":\"https:\\\/\\\/www.geodirect.nl\\\/fr\\\/#\\\/schema\\\/logo\\\/image\\\/\",\"url\":\"https:\\\/\\\/www.geodirect.nl\\\/wp-content\\\/uploads\\\/2025\\\/11\\\/87b06f73c1509d1450fec3e50f610637829b3ada-1.png\",\"contentUrl\":\"https:\\\/\\\/www.geodirect.nl\\\/wp-content\\\/uploads\\\/2025\\\/11\\\/87b06f73c1509d1450fec3e50f610637829b3ada-1.png\",\"width\":239,\"height\":159,\"caption\":\"Geodirect B.V.\"},\"image\":{\"@id\":\"https:\\\/\\\/www.geodirect.nl\\\/fr\\\/#\\\/schema\\\/logo\\\/image\\\/\"}}]}<\/script>\n<!-- \/ Yoast SEO plugin. -->","yoast_head_json":{"title":"Politique de confidentialit\u00e9 - Geodirect","description":"D\u00e9couvrez ici plus d\u2019informations sur la politique de confidentialit\u00e9 applicable \u00e0 toutes les communications avec Geodirect.","robots":{"index":"index","follow":"follow","max-snippet":"max-snippet:-1","max-image-preview":"max-image-preview:large","max-video-preview":"max-video-preview:-1"},"canonical":"https:\/\/www.geodirect.nl\/fr\/politique-de-confidentialite\/","og_locale":"fr_FR","og_type":"article","og_title":"Politique de confidentialit\u00e9 - Geodirect","og_description":"D\u00e9couvrez ici plus d\u2019informations sur la politique de confidentialit\u00e9 applicable \u00e0 toutes les communications avec Geodirect.","og_url":"https:\/\/www.geodirect.nl\/fr\/politique-de-confidentialite\/","og_site_name":"Geodirect","article_modified_time":"2026-02-23T11:57:31+00:00","twitter_card":"summary_large_image","twitter_misc":{"Dur\u00e9e de lecture estim\u00e9e":"5 minutes"},"schema":{"@context":"https:\/\/schema.org","@graph":[{"@type":"WebPage","@id":"https:\/\/www.geodirect.nl\/fr\/politique-de-confidentialite\/","url":"https:\/\/www.geodirect.nl\/fr\/politique-de-confidentialite\/","name":"Politique de confidentialit\u00e9 - Geodirect","isPartOf":{"@id":"https:\/\/www.geodirect.nl\/fr\/#website"},"datePublished":"2025-11-17T22:26:43+00:00","dateModified":"2026-02-23T11:57:31+00:00","description":"D\u00e9couvrez ici plus d\u2019informations sur la politique de confidentialit\u00e9 applicable \u00e0 toutes les communications avec Geodirect.","breadcrumb":{"@id":"https:\/\/www.geodirect.nl\/fr\/politique-de-confidentialite\/#breadcrumb"},"inLanguage":"fr-FR","potentialAction":[{"@type":"ReadAction","target":["https:\/\/www.geodirect.nl\/fr\/politique-de-confidentialite\/"]}]},{"@type":"BreadcrumbList","@id":"https:\/\/www.geodirect.nl\/fr\/politique-de-confidentialite\/#breadcrumb","itemListElement":[{"@type":"ListItem","position":1,"name":"Accueil","item":"https:\/\/www.geodirect.nl\/fr\/accueil\/"},{"@type":"ListItem","position":2,"name":"Politique de confidentialit\u00e9"}]},{"@type":"WebSite","@id":"https:\/\/www.geodirect.nl\/fr\/#website","url":"https:\/\/www.geodirect.nl\/fr\/","name":"Geodirect","description":"Technologie die vooruitgang drijft","publisher":{"@id":"https:\/\/www.geodirect.nl\/fr\/#organization"},"potentialAction":[{"@type":"SearchAction","target":{"@type":"EntryPoint","urlTemplate":"https:\/\/www.geodirect.nl\/fr\/?s={search_term_string}"},"query-input":{"@type":"PropertyValueSpecification","valueRequired":true,"valueName":"search_term_string"}}],"inLanguage":"fr-FR"},{"@type":"Organization","@id":"https:\/\/www.geodirect.nl\/fr\/#organization","name":"Geodirect B.V.","url":"https:\/\/www.geodirect.nl\/fr\/","logo":{"@type":"ImageObject","inLanguage":"fr-FR","@id":"https:\/\/www.geodirect.nl\/fr\/#\/schema\/logo\/image\/","url":"https:\/\/www.geodirect.nl\/wp-content\/uploads\/2025\/11\/87b06f73c1509d1450fec3e50f610637829b3ada-1.png","contentUrl":"https:\/\/www.geodirect.nl\/wp-content\/uploads\/2025\/11\/87b06f73c1509d1450fec3e50f610637829b3ada-1.png","width":239,"height":159,"caption":"Geodirect B.V."},"image":{"@id":"https:\/\/www.geodirect.nl\/fr\/#\/schema\/logo\/image\/"}}]}},"_links":{"self":[{"href":"https:\/\/www.geodirect.nl\/fr\/wp-json\/wp\/v2\/pages\/7398","targetHints":{"allow":["GET"]}}],"collection":[{"href":"https:\/\/www.geodirect.nl\/fr\/wp-json\/wp\/v2\/pages"}],"about":[{"href":"https:\/\/www.geodirect.nl\/fr\/wp-json\/wp\/v2\/types\/page"}],"author":[{"embeddable":true,"href":"https:\/\/www.geodirect.nl\/fr\/wp-json\/wp\/v2\/users\/1"}],"replies":[{"embeddable":true,"href":"https:\/\/www.geodirect.nl\/fr\/wp-json\/wp\/v2\/comments?post=7398"}],"version-history":[{"count":4,"href":"https:\/\/www.geodirect.nl\/fr\/wp-json\/wp\/v2\/pages\/7398\/revisions"}],"predecessor-version":[{"id":10022,"href":"https:\/\/www.geodirect.nl\/fr\/wp-json\/wp\/v2\/pages\/7398\/revisions\/10022"}],"wp:attachment":[{"href":"https:\/\/www.geodirect.nl\/fr\/wp-json\/wp\/v2\/media?parent=7398"}],"curies":[{"name":"wp","href":"https:\/\/api.w.org\/{rel}","templated":true}]}}