{"id":7649,"date":"2025-12-17T10:11:03","date_gmt":"2025-12-17T10:11:03","guid":{"rendered":"https:\/\/www.geodirect.nl\/demander-une-demo\/"},"modified":"2026-02-23T07:40:04","modified_gmt":"2026-02-23T07:40:04","slug":"demander-une-demo","status":"publish","type":"page","link":"https:\/\/www.geodirect.nl\/fr\/demander-une-demo\/","title":{"rendered":"Demander une d\u00e9mo"},"content":{"rendered":"\t\t<div data-elementor-type=\"wp-page\" data-elementor-id=\"7649\" class=\"elementor elementor-7649 elementor-6671\" data-elementor-post-type=\"page\">\n\t\t\t\t<div class=\"elementor-element elementor-element-37f5bcc2 e-con-full e-flex e-con e-parent\" data-id=\"37f5bcc2\" data-element_type=\"container\" data-e-type=\"container\" data-settings=\"{&quot;background_background&quot;:&quot;classic&quot;}\">\n\t\t<div class=\"elementor-element elementor-element-578d632e e-con-full e-flex e-con e-child\" data-id=\"578d632e\" data-element_type=\"container\" data-e-type=\"container\">\n\t\t\t\t<div class=\"elementor-element elementor-element-70cc3f8 elementor-widget elementor-widget-heading\" data-id=\"70cc3f8\" data-element_type=\"widget\" data-e-type=\"widget\" data-widget_type=\"heading.default\">\n\t\t\t\t\t<h1 class=\"elementor-heading-title elementor-size-default\">Demandez une d\u00e9mo d\u00e8s maintenant !<\/h1>\t\t\t\t<\/div>\n\t\t\t\t<div class=\"elementor-element elementor-element-1a07b6d9 elementor-widget elementor-widget-heading\" data-id=\"1a07b6d9\" data-element_type=\"widget\" data-e-type=\"widget\" data-widget_type=\"heading.default\">\n\t\t\t\t\t<p class=\"elementor-heading-title elementor-size-default\">D\u00e9couvrez les possibilit\u00e9s par vous-m\u00eame.<\/p>\t\t\t\t<\/div>\n\t\t\t\t<\/div>\n\t\t<div class=\"elementor-element elementor-element-30a033f2 e-con-full e-flex e-con e-child\" data-id=\"30a033f2\" data-element_type=\"container\" data-e-type=\"container\">\n\t\t\t\t<div class=\"elementor-element elementor-element-773e7367 elementor-widget elementor-widget-heading\" data-id=\"773e7367\" data-element_type=\"widget\" data-e-type=\"widget\" data-widget_type=\"heading.default\">\n\t\t\t\t\t<p class=\"elementor-heading-title elementor-size-default\"><span><span><a href=\"https:\/\/www.geodirect.nl\/fr\/accueil\/\">Accueil<\/a><\/span><\/span><\/p>\t\t\t\t<\/div>\n\t\t\t\t<\/div>\n\t\t\t\t<\/div>\n\t\t<div class=\"elementor-element elementor-element-6f96457b e-flex e-con-boxed e-con e-parent\" data-id=\"6f96457b\" data-element_type=\"container\" data-e-type=\"container\">\n\t\t\t\t\t<div class=\"e-con-inner\">\n\t\t<div class=\"elementor-element elementor-element-3ad03fbd e-con-full e-flex e-con e-child\" data-id=\"3ad03fbd\" data-element_type=\"container\" data-e-type=\"container\">\n\t\t<div class=\"elementor-element elementor-element-6f0e1952 e-con-full e-flex e-con e-child\" data-id=\"6f0e1952\" data-element_type=\"container\" data-e-type=\"container\">\n\t\t\t\t<div class=\"elementor-element elementor-element-a912131 elementor-widget elementor-widget-heading\" data-id=\"a912131\" data-element_type=\"widget\" data-e-type=\"widget\" data-widget_type=\"heading.default\">\n\t\t\t\t\t<h2 class=\"elementor-heading-title elementor-size-default\">Planifiez votre d\u00e9mo personnalis\u00e9e<\/h2>\t\t\t\t<\/div>\n\t\t\t\t<div class=\"elementor-element elementor-element-5f551fd9 elementor-widget elementor-widget-text-editor\" data-id=\"5f551fd9\" data-element_type=\"widget\" data-e-type=\"widget\" data-widget_type=\"text-editor.default\">\n\t\t\t\t\t\t\t\t\t<section id=\"markdown-section-a454cf38-790e-4df0-bdc7-155c40ff4822-0\" class=\"markdown-section chat-fade-in\" data-markdown-raw=\"Met een persoonlijke demo ontdekt u zelf welke voordelen onze hard- en software hebben voor uw specifieke toepassing. Tijdens deze interactieve sessie laten we u zien hoe onze oplossingen naadloos aansluiten op uw werkprocessen en hoe ze uw productiviteit kunnen verhogen.\" data-section-index=\"0\">Gr\u00e2ce \u00e0 une d\u00e9monstration personnalis\u00e9e, vous d\u00e9couvrirez par vous-m\u00eame les avantages de nos solutions mat\u00e9rielles et logicielles pour votre application sp\u00e9cifique. Lors de cette s\u00e9ance interactive, chez vous ou dans les locaux de Geodirect, nous vous montrerons comment nos solutions s\u2019int\u00e8grent parfaitement \u00e0 vos processus de travail et comment elles peuvent accro\u00eetre votre productivit\u00e9. <\/section><section data-markdown-raw=\"Met een persoonlijke demo ontdekt u zelf welke voordelen onze hard- en software hebben voor uw specifieke toepassing. Tijdens deze interactieve sessie laten we u zien hoe onze oplossingen naadloos aansluiten op uw werkprocessen en hoe ze uw productiviteit kunnen verhogen.\" data-section-index=\"0\"><\/section><section data-markdown-raw=\"Met een persoonlijke demo ontdekt u zelf welke voordelen onze hard- en software hebben voor uw specifieke toepassing. Tijdens deze interactieve sessie laten we u zien hoe onze oplossingen naadloos aansluiten op uw werkprocessen en hoe ze uw productiviteit kunnen verhogen.\" data-section-index=\"0\"><\/section><section class=\"markdown-section chat-fade-in\" data-markdown-raw=\"Met een persoonlijke demo ontdekt u zelf welke voordelen onze hard- en software hebben voor uw specifieke toepassing. Tijdens deze interactieve sessie laten we u zien hoe onze oplossingen naadloos aansluiten op uw werkprocessen en hoe ze uw productiviteit kunnen verhogen.\" data-section-index=\"0\">Nous vous contacterons au pr\u00e9alable pour un bref entretien afin de discuter de vos besoins et de d\u00e9terminer les solutions dont vous devriez voir une d\u00e9monstration en fonction de votre secteur, de votre r\u00e9gion et de vos besoins sp\u00e9cifiques. Gr\u00e2ce \u00e0 ces informations, nous vous mettrons directement en relation avec l\u2019ing\u00e9nieur commercial ad\u00e9quat, sp\u00e9cialiste de votre domaine. <\/section><section data-markdown-raw=\"Met een persoonlijke demo ontdekt u zelf welke voordelen onze hard- en software hebben voor uw specifieke toepassing. Tijdens deze interactieve sessie laten we u zien hoe onze oplossingen naadloos aansluiten op uw werkprocessen en hoe ze uw productiviteit kunnen verhogen.\" data-section-index=\"0\"><\/section><section class=\"markdown-section chat-fade-in\" data-markdown-raw=\"Met een persoonlijke demo ontdekt u zelf welke voordelen onze hard- en software hebben voor uw specifieke toepassing. Tijdens deze interactieve sessie laten we u zien hoe onze oplossingen naadloos aansluiten op uw werkprocessen en hoe ze uw productiviteit kunnen verhogen.\" data-section-index=\"0\">Ensemble, nous discuterons des possibilit\u00e9s, examinerons des exemples concrets et r\u00e9pondrons \u00e0 toutes vos questions afin de nous assurer que vous fassiez le meilleur choix pour votre organisation.<\/section><section data-markdown-raw=\"Met een persoonlijke demo ontdekt u zelf welke voordelen onze hard- en software hebben voor uw specifieke toepassing. Tijdens deze interactieve sessie laten we u zien hoe onze oplossingen naadloos aansluiten op uw werkprocessen en hoe ze uw productiviteit kunnen verhogen.\" data-section-index=\"0\"><\/section>\t\t\t\t\t\t\t\t<\/div>\n\t\t\t\t<\/div>\n\t\t<div class=\"elementor-element elementor-element-5f2f6a9f e-con-full e-flex e-con e-child\" data-id=\"5f2f6a9f\" data-element_type=\"container\" data-e-type=\"container\">\n\t\t\t\t<div class=\"elementor-element elementor-element-3ed06fb0 elementor-widget elementor-widget-image\" data-id=\"3ed06fb0\" data-element_type=\"widget\" data-e-type=\"widget\" data-widget_type=\"image.default\">\n\t\t\t\t\t\t\t\t\t\t\t\t\t\t\t<img fetchpriority=\"high\" decoding=\"async\" width=\"800\" height=\"450\" src=\"https:\/\/www.geodirect.nl\/wp-content\/uploads\/2025\/11\/geodirect-vacature-sales-engineer-survey-1024x576.jpg\" class=\"attachment-large size-large wp-image-7465\" alt=\"\" srcset=\"https:\/\/www.geodirect.nl\/wp-content\/uploads\/2025\/11\/geodirect-vacature-sales-engineer-survey-1024x576.jpg 1024w, https:\/\/www.geodirect.nl\/wp-content\/uploads\/2025\/11\/geodirect-vacature-sales-engineer-survey-300x169.jpg 300w, https:\/\/www.geodirect.nl\/wp-content\/uploads\/2025\/11\/geodirect-vacature-sales-engineer-survey-768x432.jpg 768w, https:\/\/www.geodirect.nl\/wp-content\/uploads\/2025\/11\/geodirect-vacature-sales-engineer-survey-1536x864.jpg 1536w, https:\/\/www.geodirect.nl\/wp-content\/uploads\/2025\/11\/geodirect-vacature-sales-engineer-survey-600x338.jpg 600w, https:\/\/www.geodirect.nl\/wp-content\/uploads\/2025\/11\/geodirect-vacature-sales-engineer-survey.jpg 1920w\" sizes=\"(max-width: 800px) 100vw, 800px\" \/>\t\t\t\t\t\t\t\t\t\t\t\t\t\t\t<\/div>\n\t\t\t\t<\/div>\n\t\t\t\t<\/div>\n\t\t\t\t\t<\/div>\n\t\t\t\t<\/div>\n\t\t<div class=\"elementor-element elementor-element-501a486d e-flex e-con-boxed e-con e-parent\" data-id=\"501a486d\" data-element_type=\"container\" data-e-type=\"container\" data-settings=\"{&quot;background_background&quot;:&quot;classic&quot;}\">\n\t\t\t\t\t<div class=\"e-con-inner\">\n\t\t<div class=\"elementor-element elementor-element-6423a00c e-con-full e-flex e-con e-child\" data-id=\"6423a00c\" data-element_type=\"container\" data-e-type=\"container\" data-settings=\"{&quot;background_background&quot;:&quot;classic&quot;}\">\n\t\t<div class=\"elementor-element elementor-element-13410188 e-con-full e-flex e-con e-child\" data-id=\"13410188\" data-element_type=\"container\" data-e-type=\"container\" data-settings=\"{&quot;background_background&quot;:&quot;classic&quot;}\">\n\t\t\t\t<div class=\"elementor-element elementor-element-24f26d13 elementor-widget elementor-widget-heading\" data-id=\"24f26d13\" data-element_type=\"widget\" data-e-type=\"widget\" data-widget_type=\"heading.default\">\n\t\t\t\t\t<h2 class=\"elementor-heading-title elementor-size-default\">Demande de d\u00e9mo<\/h2>\t\t\t\t<\/div>\n\t\t\t\t<div class=\"elementor-element elementor-element-a318e44 elementor-widget elementor-widget-text-editor\" data-id=\"a318e44\" data-element_type=\"widget\" data-e-type=\"widget\" data-widget_type=\"text-editor.default\">\n\t\t\t\t\t\t\t\t\t<p>Remplissez le formulaire ci-dessous et l\u2019un de nos sp\u00e9cialistes vous contactera.<\/p>\t\t\t\t\t\t\t\t<\/div>\n\t\t\t\t<div class=\"elementor-element elementor-element-f632dc5 elementor-button-align-stretch elementor-widget elementor-widget-form\" data-id=\"f632dc5\" data-element_type=\"widget\" data-e-type=\"widget\" data-settings=\"{&quot;step_next_label&quot;:&quot;Suivant&quot;,&quot;step_previous_label&quot;:&quot;Pr\\u00e9c\\u00e9dent&quot;,&quot;button_width&quot;:&quot;100&quot;,&quot;step_type&quot;:&quot;number_text&quot;,&quot;step_icon_shape&quot;:&quot;circle&quot;}\" data-widget_type=\"form.default\">\n\t\t\t\t\t\t\t<form class=\"elementor-form\" method=\"post\" name=\"Nouveau formulaire\" aria-label=\"Nouveau formulaire\">\n\t\t\t<input type=\"hidden\" name=\"post_id\" value=\"7649\"\/>\n\t\t\t<input type=\"hidden\" name=\"form_id\" value=\"f632dc5\"\/>\n\t\t\t<input type=\"hidden\" name=\"referer_title\" value=\"Demander une d\u00e9mo - Geodirect\" \/>\n\n\t\t\t\t\t\t\t<input type=\"hidden\" name=\"queried_id\" value=\"7649\"\/>\n\t\t\t\n\t\t\t<div class=\"elementor-form-fields-wrapper elementor-labels-above\">\n\t\t\t\t\t\t\t\t<div class=\"elementor-field-type-text elementor-field-group elementor-column elementor-field-group-name elementor-col-100\">\n\t\t\t\t\t\t\t\t\t\t\t\t<label for=\"form-field-name\" class=\"elementor-field-label\">\n\t\t\t\t\t\t\t\tNom\t\t\t\t\t\t\t<\/label>\n\t\t\t\t\t\t\t\t\t\t\t\t\t\t<input size=\"1\" type=\"text\" name=\"form_fields[name]\" id=\"form-field-name\" class=\"elementor-field elementor-size-sm  elementor-field-textual\" placeholder=\"Nom\">\n\t\t\t\t\t\t\t\t\t\t\t<\/div>\n\t\t\t\t\t\t\t\t<div class=\"elementor-field-type-email elementor-field-group elementor-column elementor-field-group-email elementor-col-100 elementor-field-required\">\n\t\t\t\t\t\t\t\t\t\t\t\t<label for=\"form-field-email\" class=\"elementor-field-label\">\n\t\t\t\t\t\t\t\tE-mail\t\t\t\t\t\t\t<\/label>\n\t\t\t\t\t\t\t\t\t\t\t\t\t\t<input size=\"1\" type=\"email\" name=\"form_fields[email]\" id=\"form-field-email\" class=\"elementor-field elementor-size-sm  elementor-field-textual\" placeholder=\"E-mail\" required=\"required\">\n\t\t\t\t\t\t\t\t\t\t\t<\/div>\n\t\t\t\t\t\t\t\t<div class=\"elementor-field-type-text elementor-field-group elementor-column elementor-field-group-field_c0dcf0d elementor-col-100\">\n\t\t\t\t\t\t\t\t\t\t\t\t<label for=\"form-field-field_c0dcf0d\" class=\"elementor-field-label\">\n\t\t\t\t\t\t\t\tEntreprise\t\t\t\t\t\t\t<\/label>\n\t\t\t\t\t\t\t\t\t\t\t\t\t\t<input size=\"1\" type=\"text\" name=\"form_fields[field_c0dcf0d]\" id=\"form-field-field_c0dcf0d\" class=\"elementor-field elementor-size-sm  elementor-field-textual\" placeholder=\"Le nom de votre entreprise\">\n\t\t\t\t\t\t\t\t\t\t\t<\/div>\n\t\t\t\t\t\t\t\t<div class=\"elementor-field-type-text elementor-field-group elementor-column elementor-field-group-field_5889601 elementor-col-100\">\n\t\t\t\t\t\t\t\t\t\t\t\t<label for=\"form-field-field_5889601\" class=\"elementor-field-label\">\n\t\t\t\t\t\t\t\tVille\t\t\t\t\t\t\t<\/label>\n\t\t\t\t\t\t\t\t\t\t\t\t\t\t<input size=\"1\" type=\"text\" name=\"form_fields[field_5889601]\" id=\"form-field-field_5889601\" class=\"elementor-field elementor-size-sm  elementor-field-textual\" placeholder=\"Nom de la ville \/ r\u00e9gion\">\n\t\t\t\t\t\t\t\t\t\t\t<\/div>\n\t\t\t\t\t\t\t\t<div class=\"elementor-field-type-textarea elementor-field-group elementor-column elementor-field-group-message elementor-col-100\">\n\t\t\t\t\t\t\t\t\t\t\t\t<label for=\"form-field-message\" class=\"elementor-field-label\">\n\t\t\t\t\t\t\t\tMessage\t\t\t\t\t\t\t<\/label>\n\t\t\t\t\t\t<textarea class=\"elementor-field-textual elementor-field  elementor-size-sm\" name=\"form_fields[message]\" id=\"form-field-message\" rows=\"4\" placeholder=\"Message\"><\/textarea>\t\t\t\t<\/div>\n\t\t\t\t\t\t\t\t<div class=\"elementor-field-group elementor-column elementor-field-type-submit elementor-col-100 e-form__buttons\">\n\t\t\t\t\t<button class=\"elementor-button elementor-size-sm\" type=\"submit\">\n\t\t\t\t\t\t<span class=\"elementor-button-content-wrapper\">\n\t\t\t\t\t\t\t\t\t\t\t\t\t\t\t\t\t\t\t\t\t\t<span class=\"elementor-button-text\">Envoyer<\/span>\n\t\t\t\t\t\t\t\t\t\t\t\t\t<\/span>\n\t\t\t\t\t<\/button>\n\t\t\t\t<\/div>\n\t\t\t<\/div>\n\t\t<\/form>\n\t\t\t\t\t\t<\/div>\n\t\t\t\t<\/div>\n\t\t\t\t<\/div>\n\t\t\t\t\t<\/div>\n\t\t\t\t<\/div>\n\t\t<div class=\"elementor-element elementor-element-76830a86 e-flex e-con-boxed e-con e-parent\" data-id=\"76830a86\" data-element_type=\"container\" data-e-type=\"container\" data-settings=\"{&quot;background_background&quot;:&quot;classic&quot;}\">\n\t\t\t\t\t<div class=\"e-con-inner\">\n\t\t<div class=\"elementor-element elementor-element-4d9a759f e-con-full e-flex e-con e-child\" data-id=\"4d9a759f\" data-element_type=\"container\" data-e-type=\"container\">\n\t\t\t\t<div class=\"elementor-element elementor-element-791fd339 elementor-widget elementor-widget-text-editor\" data-id=\"791fd339\" data-element_type=\"widget\" data-e-type=\"widget\" data-widget_type=\"text-editor.default\">\n\t\t\t\t\t\t\t\t\t<p>Depuis les airs, depuis le sol, sous l\u2019eau et dans le sol, nous vous aidons \u00e0 capturer la r\u00e9alit\u00e9. Avec des solutions de mesure innovantes et une expertise qui permet \u00e0 la technologie de r\u00e9ellement fonctionner dans la pratique. <\/p>\t\t\t\t\t\t\t\t<\/div>\n\t\t\t\t<\/div>\n\t\t\t\t\t<\/div>\n\t\t\t\t<\/div>\n\t\t\t\t<\/div>\n\t\t","protected":false},"excerpt":{"rendered":"<p>Demandez une d\u00e9mo d\u00e8s maintenant ! D\u00e9couvrez les possibilit\u00e9s par vous-m\u00eame. Planifiez votre d\u00e9mo personnalis\u00e9e Gr\u00e2ce \u00e0 une d\u00e9monstration personnalis\u00e9e, vous d\u00e9couvrirez par vous-m\u00eame les avantages de nos solutions mat\u00e9rielles et logicielles pour votre application sp\u00e9cifique. Lors de cette s\u00e9ance interactive, chez vous ou dans les locaux de Geodirect, nous vous montrerons comment nos solutions [&hellip;]<\/p>\n","protected":false},"author":2,"featured_media":0,"parent":0,"menu_order":0,"comment_status":"closed","ping_status":"closed","template":"","meta":{"_acf_changed":false,"content-type":"","footnotes":""},"class_list":["post-7649","page","type-page","status-publish","hentry"],"acf":[],"yoast_head":"<!-- This site is optimized with the Yoast SEO plugin v27.3 - https:\/\/yoast.com\/product\/yoast-seo-wordpress\/ -->\n<title>Demander une d\u00e9mo - Geodirect<\/title>\n<meta name=\"robots\" content=\"index, follow, max-snippet:-1, max-image-preview:large, max-video-preview:-1\" \/>\n<link rel=\"canonical\" href=\"https:\/\/www.geodirect.nl\/fr\/demander-une-demo\/\" \/>\n<meta property=\"og:locale\" content=\"fr_FR\" \/>\n<meta property=\"og:type\" content=\"article\" \/>\n<meta property=\"og:title\" content=\"Demander une d\u00e9mo - Geodirect\" \/>\n<meta property=\"og:description\" content=\"Demandez une d\u00e9mo d\u00e8s maintenant ! D\u00e9couvrez les possibilit\u00e9s par vous-m\u00eame. Planifiez votre d\u00e9mo personnalis\u00e9e Gr\u00e2ce \u00e0 une d\u00e9monstration personnalis\u00e9e, vous d\u00e9couvrirez par vous-m\u00eame les avantages de nos solutions mat\u00e9rielles et logicielles pour votre application sp\u00e9cifique. Lors de cette s\u00e9ance interactive, chez vous ou dans les locaux de Geodirect, nous vous montrerons comment nos solutions [&hellip;]\" \/>\n<meta property=\"og:url\" content=\"https:\/\/www.geodirect.nl\/fr\/demander-une-demo\/\" \/>\n<meta property=\"og:site_name\" content=\"Geodirect\" \/>\n<meta property=\"article:modified_time\" content=\"2026-02-23T07:40:04+00:00\" \/>\n<meta property=\"og:image\" content=\"https:\/\/www.geodirect.nl\/wp-content\/uploads\/2025\/11\/geodirect-vacature-sales-engineer-survey.jpg\" \/>\n\t<meta property=\"og:image:width\" content=\"1920\" \/>\n\t<meta property=\"og:image:height\" content=\"1080\" \/>\n\t<meta property=\"og:image:type\" content=\"image\/jpeg\" \/>\n<meta name=\"twitter:card\" content=\"summary_large_image\" \/>\n<meta name=\"twitter:label1\" content=\"Dur\u00e9e de lecture estim\u00e9e\" \/>\n\t<meta name=\"twitter:data1\" content=\"1 minute\" \/>\n<script type=\"application\/ld+json\" class=\"yoast-schema-graph\">{\"@context\":\"https:\\\/\\\/schema.org\",\"@graph\":[{\"@type\":\"WebPage\",\"@id\":\"https:\\\/\\\/www.geodirect.nl\\\/fr\\\/demander-une-demo\\\/\",\"url\":\"https:\\\/\\\/www.geodirect.nl\\\/fr\\\/demander-une-demo\\\/\",\"name\":\"Demander une d\u00e9mo - Geodirect\",\"isPartOf\":{\"@id\":\"https:\\\/\\\/www.geodirect.nl\\\/fr\\\/#website\"},\"primaryImageOfPage\":{\"@id\":\"https:\\\/\\\/www.geodirect.nl\\\/fr\\\/demander-une-demo\\\/#primaryimage\"},\"image\":{\"@id\":\"https:\\\/\\\/www.geodirect.nl\\\/fr\\\/demander-une-demo\\\/#primaryimage\"},\"thumbnailUrl\":\"https:\\\/\\\/www.geodirect.nl\\\/wp-content\\\/uploads\\\/2025\\\/11\\\/geodirect-vacature-sales-engineer-survey-1024x576.jpg\",\"datePublished\":\"2025-12-17T10:11:03+00:00\",\"dateModified\":\"2026-02-23T07:40:04+00:00\",\"breadcrumb\":{\"@id\":\"https:\\\/\\\/www.geodirect.nl\\\/fr\\\/demander-une-demo\\\/#breadcrumb\"},\"inLanguage\":\"fr-FR\",\"potentialAction\":[{\"@type\":\"ReadAction\",\"target\":[\"https:\\\/\\\/www.geodirect.nl\\\/fr\\\/demander-une-demo\\\/\"]}]},{\"@type\":\"ImageObject\",\"inLanguage\":\"fr-FR\",\"@id\":\"https:\\\/\\\/www.geodirect.nl\\\/fr\\\/demander-une-demo\\\/#primaryimage\",\"url\":\"https:\\\/\\\/www.geodirect.nl\\\/wp-content\\\/uploads\\\/2025\\\/11\\\/geodirect-vacature-sales-engineer-survey-1024x576.jpg\",\"contentUrl\":\"https:\\\/\\\/www.geodirect.nl\\\/wp-content\\\/uploads\\\/2025\\\/11\\\/geodirect-vacature-sales-engineer-survey-1024x576.jpg\"},{\"@type\":\"BreadcrumbList\",\"@id\":\"https:\\\/\\\/www.geodirect.nl\\\/fr\\\/demander-une-demo\\\/#breadcrumb\",\"itemListElement\":[{\"@type\":\"ListItem\",\"position\":1,\"name\":\"Accueil\",\"item\":\"https:\\\/\\\/www.geodirect.nl\\\/fr\\\/accueil\\\/\"},{\"@type\":\"ListItem\",\"position\":2,\"name\":\"Demander une d\u00e9mo\"}]},{\"@type\":\"WebSite\",\"@id\":\"https:\\\/\\\/www.geodirect.nl\\\/fr\\\/#website\",\"url\":\"https:\\\/\\\/www.geodirect.nl\\\/fr\\\/\",\"name\":\"Geodirect\",\"description\":\"Technologie die vooruitgang drijft\",\"publisher\":{\"@id\":\"https:\\\/\\\/www.geodirect.nl\\\/fr\\\/#organization\"},\"potentialAction\":[{\"@type\":\"SearchAction\",\"target\":{\"@type\":\"EntryPoint\",\"urlTemplate\":\"https:\\\/\\\/www.geodirect.nl\\\/fr\\\/?s={search_term_string}\"},\"query-input\":{\"@type\":\"PropertyValueSpecification\",\"valueRequired\":true,\"valueName\":\"search_term_string\"}}],\"inLanguage\":\"fr-FR\"},{\"@type\":\"Organization\",\"@id\":\"https:\\\/\\\/www.geodirect.nl\\\/fr\\\/#organization\",\"name\":\"Geodirect B.V.\",\"url\":\"https:\\\/\\\/www.geodirect.nl\\\/fr\\\/\",\"logo\":{\"@type\":\"ImageObject\",\"inLanguage\":\"fr-FR\",\"@id\":\"https:\\\/\\\/www.geodirect.nl\\\/fr\\\/#\\\/schema\\\/logo\\\/image\\\/\",\"url\":\"https:\\\/\\\/www.geodirect.nl\\\/wp-content\\\/uploads\\\/2025\\\/11\\\/87b06f73c1509d1450fec3e50f610637829b3ada-1.png\",\"contentUrl\":\"https:\\\/\\\/www.geodirect.nl\\\/wp-content\\\/uploads\\\/2025\\\/11\\\/87b06f73c1509d1450fec3e50f610637829b3ada-1.png\",\"width\":239,\"height\":159,\"caption\":\"Geodirect B.V.\"},\"image\":{\"@id\":\"https:\\\/\\\/www.geodirect.nl\\\/fr\\\/#\\\/schema\\\/logo\\\/image\\\/\"}}]}<\/script>\n<!-- \/ Yoast SEO plugin. -->","yoast_head_json":{"title":"Demander une d\u00e9mo - Geodirect","robots":{"index":"index","follow":"follow","max-snippet":"max-snippet:-1","max-image-preview":"max-image-preview:large","max-video-preview":"max-video-preview:-1"},"canonical":"https:\/\/www.geodirect.nl\/fr\/demander-une-demo\/","og_locale":"fr_FR","og_type":"article","og_title":"Demander une d\u00e9mo - Geodirect","og_description":"Demandez une d\u00e9mo d\u00e8s maintenant ! D\u00e9couvrez les possibilit\u00e9s par vous-m\u00eame. Planifiez votre d\u00e9mo personnalis\u00e9e Gr\u00e2ce \u00e0 une d\u00e9monstration personnalis\u00e9e, vous d\u00e9couvrirez par vous-m\u00eame les avantages de nos solutions mat\u00e9rielles et logicielles pour votre application sp\u00e9cifique. Lors de cette s\u00e9ance interactive, chez vous ou dans les locaux de Geodirect, nous vous montrerons comment nos solutions [&hellip;]","og_url":"https:\/\/www.geodirect.nl\/fr\/demander-une-demo\/","og_site_name":"Geodirect","article_modified_time":"2026-02-23T07:40:04+00:00","og_image":[{"width":1920,"height":1080,"url":"https:\/\/www.geodirect.nl\/wp-content\/uploads\/2025\/11\/geodirect-vacature-sales-engineer-survey.jpg","type":"image\/jpeg"}],"twitter_card":"summary_large_image","twitter_misc":{"Dur\u00e9e de lecture estim\u00e9e":"1 minute"},"schema":{"@context":"https:\/\/schema.org","@graph":[{"@type":"WebPage","@id":"https:\/\/www.geodirect.nl\/fr\/demander-une-demo\/","url":"https:\/\/www.geodirect.nl\/fr\/demander-une-demo\/","name":"Demander une d\u00e9mo - Geodirect","isPartOf":{"@id":"https:\/\/www.geodirect.nl\/fr\/#website"},"primaryImageOfPage":{"@id":"https:\/\/www.geodirect.nl\/fr\/demander-une-demo\/#primaryimage"},"image":{"@id":"https:\/\/www.geodirect.nl\/fr\/demander-une-demo\/#primaryimage"},"thumbnailUrl":"https:\/\/www.geodirect.nl\/wp-content\/uploads\/2025\/11\/geodirect-vacature-sales-engineer-survey-1024x576.jpg","datePublished":"2025-12-17T10:11:03+00:00","dateModified":"2026-02-23T07:40:04+00:00","breadcrumb":{"@id":"https:\/\/www.geodirect.nl\/fr\/demander-une-demo\/#breadcrumb"},"inLanguage":"fr-FR","potentialAction":[{"@type":"ReadAction","target":["https:\/\/www.geodirect.nl\/fr\/demander-une-demo\/"]}]},{"@type":"ImageObject","inLanguage":"fr-FR","@id":"https:\/\/www.geodirect.nl\/fr\/demander-une-demo\/#primaryimage","url":"https:\/\/www.geodirect.nl\/wp-content\/uploads\/2025\/11\/geodirect-vacature-sales-engineer-survey-1024x576.jpg","contentUrl":"https:\/\/www.geodirect.nl\/wp-content\/uploads\/2025\/11\/geodirect-vacature-sales-engineer-survey-1024x576.jpg"},{"@type":"BreadcrumbList","@id":"https:\/\/www.geodirect.nl\/fr\/demander-une-demo\/#breadcrumb","itemListElement":[{"@type":"ListItem","position":1,"name":"Accueil","item":"https:\/\/www.geodirect.nl\/fr\/accueil\/"},{"@type":"ListItem","position":2,"name":"Demander une d\u00e9mo"}]},{"@type":"WebSite","@id":"https:\/\/www.geodirect.nl\/fr\/#website","url":"https:\/\/www.geodirect.nl\/fr\/","name":"Geodirect","description":"Technologie die vooruitgang drijft","publisher":{"@id":"https:\/\/www.geodirect.nl\/fr\/#organization"},"potentialAction":[{"@type":"SearchAction","target":{"@type":"EntryPoint","urlTemplate":"https:\/\/www.geodirect.nl\/fr\/?s={search_term_string}"},"query-input":{"@type":"PropertyValueSpecification","valueRequired":true,"valueName":"search_term_string"}}],"inLanguage":"fr-FR"},{"@type":"Organization","@id":"https:\/\/www.geodirect.nl\/fr\/#organization","name":"Geodirect B.V.","url":"https:\/\/www.geodirect.nl\/fr\/","logo":{"@type":"ImageObject","inLanguage":"fr-FR","@id":"https:\/\/www.geodirect.nl\/fr\/#\/schema\/logo\/image\/","url":"https:\/\/www.geodirect.nl\/wp-content\/uploads\/2025\/11\/87b06f73c1509d1450fec3e50f610637829b3ada-1.png","contentUrl":"https:\/\/www.geodirect.nl\/wp-content\/uploads\/2025\/11\/87b06f73c1509d1450fec3e50f610637829b3ada-1.png","width":239,"height":159,"caption":"Geodirect B.V."},"image":{"@id":"https:\/\/www.geodirect.nl\/fr\/#\/schema\/logo\/image\/"}}]}},"_links":{"self":[{"href":"https:\/\/www.geodirect.nl\/fr\/wp-json\/wp\/v2\/pages\/7649","targetHints":{"allow":["GET"]}}],"collection":[{"href":"https:\/\/www.geodirect.nl\/fr\/wp-json\/wp\/v2\/pages"}],"about":[{"href":"https:\/\/www.geodirect.nl\/fr\/wp-json\/wp\/v2\/types\/page"}],"author":[{"embeddable":true,"href":"https:\/\/www.geodirect.nl\/fr\/wp-json\/wp\/v2\/users\/2"}],"replies":[{"embeddable":true,"href":"https:\/\/www.geodirect.nl\/fr\/wp-json\/wp\/v2\/comments?post=7649"}],"version-history":[{"count":4,"href":"https:\/\/www.geodirect.nl\/fr\/wp-json\/wp\/v2\/pages\/7649\/revisions"}],"predecessor-version":[{"id":9910,"href":"https:\/\/www.geodirect.nl\/fr\/wp-json\/wp\/v2\/pages\/7649\/revisions\/9910"}],"wp:attachment":[{"href":"https:\/\/www.geodirect.nl\/fr\/wp-json\/wp\/v2\/media?parent=7649"}],"curies":[{"name":"wp","href":"https:\/\/api.w.org\/{rel}","templated":true}]}}