{"id":8224,"date":"2025-11-14T11:31:13","date_gmt":"2025-11-14T11:31:13","guid":{"rendered":"https:\/\/www.geodirect.nl\/helpdesk-et-assistance\/"},"modified":"2026-02-23T10:20:00","modified_gmt":"2026-02-23T10:20:00","slug":"helpdesk-et-assistance","status":"publish","type":"page","link":"https:\/\/www.geodirect.nl\/fr\/helpdesk-et-assistance\/","title":{"rendered":"Helpdesk et assistance"},"content":{"rendered":"\t\t<div data-elementor-type=\"wp-page\" data-elementor-id=\"8224\" class=\"elementor elementor-8224 elementor-1291\" data-elementor-post-type=\"page\">\n\t\t\t\t<div class=\"elementor-element elementor-element-64e7a159 e-con-full e-flex e-con e-parent\" data-id=\"64e7a159\" data-element_type=\"container\" data-e-type=\"container\" data-settings=\"{&quot;background_background&quot;:&quot;classic&quot;}\">\n\t\t<div class=\"elementor-element elementor-element-15014004 e-con-full e-flex e-con e-child\" data-id=\"15014004\" data-element_type=\"container\" data-e-type=\"container\">\n\t\t\t\t<div class=\"elementor-element elementor-element-47d88f21 elementor-widget elementor-widget-heading\" data-id=\"47d88f21\" data-element_type=\"widget\" data-e-type=\"widget\" data-widget_type=\"heading.default\">\n\t\t\t\t\t<h1 class=\"elementor-heading-title elementor-size-default\">Helpdesk et assistance<\/h1>\t\t\t\t<\/div>\n\t\t\t\t<div class=\"elementor-element elementor-element-10289ad0 elementor-widget elementor-widget-heading\" data-id=\"10289ad0\" data-element_type=\"widget\" data-e-type=\"widget\" data-widget_type=\"heading.default\">\n\t\t\t\t\t<p class=\"elementor-heading-title elementor-size-default\">Support technique direct pour votre \u00e9quipement et vos logiciels<\/p>\t\t\t\t<\/div>\n\t\t\t\t<\/div>\n\t\t<div class=\"elementor-element elementor-element-2db34ef5 e-con-full e-flex e-con e-child\" data-id=\"2db34ef5\" data-element_type=\"container\" data-e-type=\"container\">\n\t\t\t\t<div class=\"elementor-element elementor-element-691a0b36 elementor-widget elementor-widget-heading\" data-id=\"691a0b36\" data-element_type=\"widget\" data-e-type=\"widget\" data-widget_type=\"heading.default\">\n\t\t\t\t\t<p class=\"elementor-heading-title elementor-size-default\"><span><span><a href=\"https:\/\/www.geodirect.nl\/fr\/accueil\/\">Accueil<\/a><\/span><\/span>\n<\/p>\t\t\t\t<\/div>\n\t\t\t\t<\/div>\n\t\t\t\t<\/div>\n\t\t<div class=\"elementor-element elementor-element-b6c0029 e-flex e-con-boxed e-con e-parent\" data-id=\"b6c0029\" data-element_type=\"container\" data-e-type=\"container\">\n\t\t\t\t\t<div class=\"e-con-inner\">\n\t\t<div class=\"elementor-element elementor-element-05c6bf2 e-con-full e-flex e-con e-child\" data-id=\"05c6bf2\" data-element_type=\"container\" data-e-type=\"container\">\n\t\t<div class=\"elementor-element elementor-element-9469444 e-con-full e-flex e-con e-child\" data-id=\"9469444\" data-element_type=\"container\" data-e-type=\"container\">\n\t\t\t\t<div class=\"elementor-element elementor-element-6294a3e elementor-widget elementor-widget-heading\" data-id=\"6294a3e\" data-element_type=\"widget\" data-e-type=\"widget\" data-widget_type=\"heading.default\">\n\t\t\t\t\t<h2 class=\"elementor-heading-title elementor-size-default\">Helpdesk Geodirect<\/h2>\t\t\t\t<\/div>\n\t\t\t\t<div class=\"elementor-element elementor-element-735c0b0 elementor-widget elementor-widget-text-editor\" data-id=\"735c0b0\" data-element_type=\"widget\" data-e-type=\"widget\" data-widget_type=\"text-editor.default\">\n\t\t\t\t\t\t\t\t\t<p><strong>Un support efficace quand vous en avez besoin<\/strong><\/p><p>Chez Geodirect, vous savez toujours vers qui vous tourner. Nos ing\u00e9nieurs support vous aident lorsque l&rsquo;\u00e9quipement, le logiciel ou le flux de travail ne r\u00e9pond pas \u00e0 vos attentes. Ils connaissent le m\u00e9tier du g\u00e9om\u00e8tre, du chef de chantier et du chef de projet, et veillent \u00e0 ce que vous puissiez reprendre le travail sans longs d\u00e9lais d&rsquo;attente ni proc\u00e9dures compliqu\u00e9es. Chez nous, le support n&rsquo;est pas un num\u00e9ro de ticket, mais un contact direct avec quelqu&rsquo;un qui comprend votre question.   <\/p><p><\/p>\t\t\t\t\t\t\t\t<\/div>\n\t\t\t\t<div class=\"elementor-element elementor-element-362d43b elementor-widget elementor-widget-text-editor\" data-id=\"362d43b\" data-element_type=\"widget\" data-e-type=\"widget\" data-widget_type=\"text-editor.default\">\n\t\t\t\t\t\t\t\t\t<p><strong>Assistance par des sp\u00e9cialistes du terrain<\/strong><\/p><p>Lorsque vous \u00eates bloqu\u00e9 dans un param\u00e8tre, qu&rsquo;une connexion avec une application externe ne fonctionne pas ou qu&rsquo;un fichier de projet n&rsquo;est pas lu correctement, vous recevez l&rsquo;aide de personnes qui travaillent quotidiennement avec les m\u00eames syst\u00e8mes. Peu importe qu&rsquo;il s&rsquo;agisse de GNSS, de stations totales, de scan 3D, de syst\u00e8mes de d\u00e9tection, de guidage d&rsquo;engins ou de logiciels de terrain. Nos sp\u00e9cialistes r\u00e9fl\u00e9chissent avec vous, d\u00e9terminent les \u00e9tapes appropri\u00e9es et veillent \u00e0 ce que vous puissiez continuer sans retard sur le chantier ou sur le terrain.  <\/p><p>Pour les utilisateurs qui commencent \u00e0 travailler avec de nouveaux \u00e9quipements pour la premi\u00e8re fois, le service de support est \u00e9galement le point de contact. Vous b\u00e9n\u00e9ficiez d&rsquo;un accompagnement adapt\u00e9 \u00e0 la r\u00e9alit\u00e9 de votre travail, de sorte que vous n&rsquo;ayez pas \u00e0 chercher dans les manuels lorsque vous \u00eates sous pression. <\/p><p><span class=\"notion-enable-hover\" style=\"font-weight: 600;\" data-token-index=\"0\">Accessibilit\u00e9 et m\u00e9thode de travail<\/span><\/p><p>Notre service de support est joignable les jours ouvrables de 07h00 \u00e0 17h00. Si vous appelez et que tous nos ing\u00e9nieurs support sont en ligne, votre nom et votre num\u00e9ro de contact seront not\u00e9s par la r\u00e9ception. Vous serez ensuite rappel\u00e9 dans les minutes qui suivent, ou \u00e0 un moment ult\u00e9rieur qui vous convient mieux. Vous n&rsquo;avez donc pas besoin de rester en attente et vous gardez le contr\u00f4le de votre temps.   <\/p><p><\/p><p>Pour les questions en dehors de nos heures d&rsquo;ouverture, ou lorsqu&rsquo;il ne s&rsquo;agit pas d&rsquo;une urgence, vous pouvez envoyer un e-mail \u00e0 <a href=\"mailto:support@geodirect.nl\">support@geodirect.nl<\/a>. Nous r\u00e9pondons toujours dans un d\u00e9lai d&rsquo;un jour ouvrable et, si possible, dans les trente minutes. Ainsi, votre processus de travail se poursuit et vous savez \u00e0 quoi vous en tenir.  <\/p>\t\t\t\t\t\t\t\t<\/div>\n\t\t\t\t<div class=\"elementor-element elementor-element-eb9706f elementor-widget elementor-widget-text-editor\" data-id=\"eb9706f\" data-element_type=\"widget\" data-e-type=\"widget\" data-widget_type=\"text-editor.default\">\n\t\t\t\t\t\t\t\t\t<p><strong>Assistance en ligne<\/strong><\/p><p>Pour les questions techniques difficiles \u00e0 expliquer par t\u00e9l\u00e9phone, nous proposons une assistance \u00e0 distance via TeamViewer. Avec votre autorisation, nos sp\u00e9cialistes peuvent visualiser votre syst\u00e8me Windows, Mac, iOS ou Android. Ils analysent directement ce qui se passe, ajustent les param\u00e8tres si n\u00e9cessaire et vous guident \u00e9tape par \u00e9tape. Vous n&rsquo;avez pas besoin de rassembler des captures d&rsquo;\u00e9cran, des photos ou des vid\u00e9os, et le risque de mauvaise communication est consid\u00e9rablement r\u00e9duit. Pour le support \u00e0 distance, vous recevrez de notre part le plugin TeamViewer appropri\u00e9.    <\/p><p><\/p><p>Lorsque nos collaborateurs du support vous demandent une assistance \u00e0 distance, vous pouvez simplement t\u00e9l\u00e9charger le plugin de support TeamViewer et vous connecter imm\u00e9diatement. Pas de tracas, juste un support rapide et efficace. <\/p><p>Avez-vous besoin d&rsquo;assistance ? <b>Cliquez ci-dessous et lancez directement le support<\/b> :<\/p>\t\t\t\t\t\t\t\t<\/div>\n\t\t\t\t<div class=\"elementor-element elementor-element-62e07ed elementor-widget elementor-widget-image\" data-id=\"62e07ed\" data-element_type=\"widget\" data-e-type=\"widget\" data-widget_type=\"image.default\">\n\t\t\t\t\t\t\t\t\t\t\t\t\t\t\t\t<a href=\"https:\/\/get.teamviewer.com\/4j2uvcp\" target=\"_blank\">\n\t\t\t\t\t\t\t<img decoding=\"async\" width=\"300\" height=\"40\" src=\"https:\/\/www.geodirect.nl\/wp-content\/uploads\/2025\/11\/TeamViewer_logo_new.svg-300x40.png\" class=\"attachment-medium size-medium wp-image-8227\" alt=\"\" srcset=\"https:\/\/www.geodirect.nl\/wp-content\/uploads\/2025\/11\/TeamViewer_logo_new.svg-300x40.png 300w, https:\/\/www.geodirect.nl\/wp-content\/uploads\/2025\/11\/TeamViewer_logo_new.svg-1024x137.png 1024w, https:\/\/www.geodirect.nl\/wp-content\/uploads\/2025\/11\/TeamViewer_logo_new.svg-768x103.png 768w, https:\/\/www.geodirect.nl\/wp-content\/uploads\/2025\/11\/TeamViewer_logo_new.svg-600x81.png 600w, https:\/\/www.geodirect.nl\/wp-content\/uploads\/2025\/11\/TeamViewer_logo_new.svg.png 1200w\" sizes=\"(max-width: 300px) 100vw, 300px\" \/>\t\t\t\t\t\t\t\t<\/a>\n\t\t\t\t\t\t\t\t\t\t\t\t\t\t\t<\/div>\n\t\t\t\t<div class=\"elementor-element elementor-element-b301d78 elementor-widget elementor-widget-text-editor\" data-id=\"b301d78\" data-element_type=\"widget\" data-e-type=\"widget\" data-widget_type=\"text-editor.default\">\n\t\t\t\t\t\t\t\t\t<p><strong>Quand b\u00e9n\u00e9ficiez-vous de l&rsquo;assistance<\/strong><\/p><p>Le meilleur support est possible lorsque les bases sont solides. C&rsquo;est pourquoi l&rsquo;assistance de notre service technique est gratuite pour les utilisateurs ayant suivi une formation collective ou sur mesure chez nous. Vous disposez alors des connaissances fondamentales n\u00e9cessaires pour suivre les instructions, comprendre les param\u00e8tres et effectuer des ajustements de mani\u00e8re autonome. Nous veillons ainsi \u00e0 ce que vous soyez aid\u00e9 rapidement et que chaque contact soit utile.   <\/p><p><strong>Contact direct et personnel<\/strong><\/p><p>Vous avez une question, un doute ou un d\u00e9fi technique ? Appelez-nous au +31 (0)297 893 063 ou envoyez un e-mail \u00e0 <a href=\"mailto:support@geodirect.nl\">support@geodirect.nl<\/a>. Nous vous aiderons \u00e0 avancer, afin que vous ne soyez pas bloqu\u00e9 au moment o\u00f9 vous devez progresser.  <\/p><p><\/p>\t\t\t\t\t\t\t\t<\/div>\n\t\t\t\t<\/div>\n\t\t<div class=\"elementor-element elementor-element-e1699df e-con-full e-flex e-con e-child\" data-id=\"e1699df\" data-element_type=\"container\" data-e-type=\"container\">\n\t\t\t\t<div class=\"elementor-element elementor-element-5e10b51 elementor-widget elementor-widget-image\" data-id=\"5e10b51\" data-element_type=\"widget\" data-e-type=\"widget\" data-widget_type=\"image.default\">\n\t\t\t\t\t\t\t\t\t\t\t\t\t\t\t<img fetchpriority=\"high\" decoding=\"async\" width=\"550\" height=\"490\" src=\"https:\/\/www.geodirect.nl\/wp-content\/uploads\/2025\/11\/geodirect-servicecenter.jpg\" class=\"attachment-large size-large wp-image-7282\" alt=\"\" srcset=\"https:\/\/www.geodirect.nl\/wp-content\/uploads\/2025\/11\/geodirect-servicecenter.jpg 550w, https:\/\/www.geodirect.nl\/wp-content\/uploads\/2025\/11\/geodirect-servicecenter-300x267.jpg 300w\" sizes=\"(max-width: 550px) 100vw, 550px\" \/>\t\t\t\t\t\t\t\t\t\t\t\t\t\t\t<\/div>\n\t\t\t\t<\/div>\n\t\t\t\t<\/div>\n\t\t\t\t\t<\/div>\n\t\t\t\t<\/div>\n\t\t\t\t<\/div>\n\t\t","protected":false},"excerpt":{"rendered":"<p>Helpdesk et assistance Support technique direct pour votre \u00e9quipement et vos logiciels Helpdesk Geodirect Un support efficace quand vous en avez besoin Chez Geodirect, vous savez toujours vers qui vous tourner. Nos ing\u00e9nieurs support vous aident lorsque l&rsquo;\u00e9quipement, le logiciel ou le flux de travail ne r\u00e9pond pas \u00e0 vos attentes. Ils connaissent le m\u00e9tier [&hellip;]<\/p>\n","protected":false},"author":1,"featured_media":6642,"parent":0,"menu_order":0,"comment_status":"closed","ping_status":"closed","template":"","meta":{"_acf_changed":false,"content-type":"","footnotes":""},"class_list":["post-8224","page","type-page","status-publish","has-post-thumbnail","hentry"],"acf":[],"yoast_head":"<!-- This site is optimized with the Yoast SEO plugin v27.3 - https:\/\/yoast.com\/product\/yoast-seo-wordpress\/ -->\n<title>Helpdesk et assistance - Geodirect<\/title>\n<meta name=\"description\" content=\"D\u00e9couvrez-en plus ici sur notre support, notre helpdesk et l&#039;assistance compl\u00e9mentaire disponible pour les solutions de Geodirect.\" \/>\n<meta name=\"robots\" content=\"index, follow, max-snippet:-1, max-image-preview:large, max-video-preview:-1\" \/>\n<link rel=\"canonical\" href=\"https:\/\/www.geodirect.nl\/fr\/helpdesk-et-assistance\/\" \/>\n<meta property=\"og:locale\" content=\"fr_FR\" \/>\n<meta property=\"og:type\" content=\"article\" \/>\n<meta property=\"og:title\" content=\"Helpdesk et assistance - Geodirect\" \/>\n<meta property=\"og:description\" content=\"D\u00e9couvrez-en plus ici sur notre support, notre helpdesk et l&#039;assistance compl\u00e9mentaire disponible pour les solutions de Geodirect.\" \/>\n<meta property=\"og:url\" content=\"https:\/\/www.geodirect.nl\/fr\/helpdesk-et-assistance\/\" \/>\n<meta property=\"og:site_name\" content=\"Geodirect\" \/>\n<meta property=\"article:modified_time\" content=\"2026-02-23T10:20:00+00:00\" \/>\n<meta property=\"og:image\" content=\"https:\/\/www.geodirect.nl\/wp-content\/uploads\/2025\/11\/gedoirect-service-support-home.jpg\" \/>\n\t<meta property=\"og:image:width\" content=\"1200\" \/>\n\t<meta property=\"og:image:height\" content=\"800\" \/>\n\t<meta property=\"og:image:type\" content=\"image\/jpeg\" \/>\n<meta name=\"twitter:card\" content=\"summary_large_image\" \/>\n<meta name=\"twitter:label1\" content=\"Dur\u00e9e de lecture estim\u00e9e\" \/>\n\t<meta name=\"twitter:data1\" content=\"3 minutes\" \/>\n<script type=\"application\/ld+json\" class=\"yoast-schema-graph\">{\"@context\":\"https:\\\/\\\/schema.org\",\"@graph\":[{\"@type\":\"WebPage\",\"@id\":\"https:\\\/\\\/www.geodirect.nl\\\/fr\\\/helpdesk-et-assistance\\\/\",\"url\":\"https:\\\/\\\/www.geodirect.nl\\\/fr\\\/helpdesk-et-assistance\\\/\",\"name\":\"Helpdesk et assistance - Geodirect\",\"isPartOf\":{\"@id\":\"https:\\\/\\\/www.geodirect.nl\\\/fr\\\/#website\"},\"primaryImageOfPage\":{\"@id\":\"https:\\\/\\\/www.geodirect.nl\\\/fr\\\/helpdesk-et-assistance\\\/#primaryimage\"},\"image\":{\"@id\":\"https:\\\/\\\/www.geodirect.nl\\\/fr\\\/helpdesk-et-assistance\\\/#primaryimage\"},\"thumbnailUrl\":\"https:\\\/\\\/www.geodirect.nl\\\/wp-content\\\/uploads\\\/2025\\\/11\\\/gedoirect-service-support-home.jpg\",\"datePublished\":\"2025-11-14T11:31:13+00:00\",\"dateModified\":\"2026-02-23T10:20:00+00:00\",\"description\":\"D\u00e9couvrez-en plus ici sur notre support, notre helpdesk et l'assistance compl\u00e9mentaire disponible pour les solutions de Geodirect.\",\"breadcrumb\":{\"@id\":\"https:\\\/\\\/www.geodirect.nl\\\/fr\\\/helpdesk-et-assistance\\\/#breadcrumb\"},\"inLanguage\":\"fr-FR\",\"potentialAction\":[{\"@type\":\"ReadAction\",\"target\":[\"https:\\\/\\\/www.geodirect.nl\\\/fr\\\/helpdesk-et-assistance\\\/\"]}]},{\"@type\":\"ImageObject\",\"inLanguage\":\"fr-FR\",\"@id\":\"https:\\\/\\\/www.geodirect.nl\\\/fr\\\/helpdesk-et-assistance\\\/#primaryimage\",\"url\":\"https:\\\/\\\/www.geodirect.nl\\\/wp-content\\\/uploads\\\/2025\\\/11\\\/gedoirect-service-support-home.jpg\",\"contentUrl\":\"https:\\\/\\\/www.geodirect.nl\\\/wp-content\\\/uploads\\\/2025\\\/11\\\/gedoirect-service-support-home.jpg\",\"width\":1200,\"height\":800},{\"@type\":\"BreadcrumbList\",\"@id\":\"https:\\\/\\\/www.geodirect.nl\\\/fr\\\/helpdesk-et-assistance\\\/#breadcrumb\",\"itemListElement\":[{\"@type\":\"ListItem\",\"position\":1,\"name\":\"Accueil\",\"item\":\"https:\\\/\\\/www.geodirect.nl\\\/fr\\\/accueil\\\/\"},{\"@type\":\"ListItem\",\"position\":2,\"name\":\"Helpdesk et assistance\"}]},{\"@type\":\"WebSite\",\"@id\":\"https:\\\/\\\/www.geodirect.nl\\\/fr\\\/#website\",\"url\":\"https:\\\/\\\/www.geodirect.nl\\\/fr\\\/\",\"name\":\"Geodirect\",\"description\":\"Technologie die vooruitgang drijft\",\"publisher\":{\"@id\":\"https:\\\/\\\/www.geodirect.nl\\\/fr\\\/#organization\"},\"potentialAction\":[{\"@type\":\"SearchAction\",\"target\":{\"@type\":\"EntryPoint\",\"urlTemplate\":\"https:\\\/\\\/www.geodirect.nl\\\/fr\\\/?s={search_term_string}\"},\"query-input\":{\"@type\":\"PropertyValueSpecification\",\"valueRequired\":true,\"valueName\":\"search_term_string\"}}],\"inLanguage\":\"fr-FR\"},{\"@type\":\"Organization\",\"@id\":\"https:\\\/\\\/www.geodirect.nl\\\/fr\\\/#organization\",\"name\":\"Geodirect B.V.\",\"url\":\"https:\\\/\\\/www.geodirect.nl\\\/fr\\\/\",\"logo\":{\"@type\":\"ImageObject\",\"inLanguage\":\"fr-FR\",\"@id\":\"https:\\\/\\\/www.geodirect.nl\\\/fr\\\/#\\\/schema\\\/logo\\\/image\\\/\",\"url\":\"https:\\\/\\\/www.geodirect.nl\\\/wp-content\\\/uploads\\\/2025\\\/11\\\/87b06f73c1509d1450fec3e50f610637829b3ada-1.png\",\"contentUrl\":\"https:\\\/\\\/www.geodirect.nl\\\/wp-content\\\/uploads\\\/2025\\\/11\\\/87b06f73c1509d1450fec3e50f610637829b3ada-1.png\",\"width\":239,\"height\":159,\"caption\":\"Geodirect B.V.\"},\"image\":{\"@id\":\"https:\\\/\\\/www.geodirect.nl\\\/fr\\\/#\\\/schema\\\/logo\\\/image\\\/\"}}]}<\/script>\n<!-- \/ Yoast SEO plugin. -->","yoast_head_json":{"title":"Helpdesk et assistance - Geodirect","description":"D\u00e9couvrez-en plus ici sur notre support, notre helpdesk et l'assistance compl\u00e9mentaire disponible pour les solutions de Geodirect.","robots":{"index":"index","follow":"follow","max-snippet":"max-snippet:-1","max-image-preview":"max-image-preview:large","max-video-preview":"max-video-preview:-1"},"canonical":"https:\/\/www.geodirect.nl\/fr\/helpdesk-et-assistance\/","og_locale":"fr_FR","og_type":"article","og_title":"Helpdesk et assistance - Geodirect","og_description":"D\u00e9couvrez-en plus ici sur notre support, notre helpdesk et l'assistance compl\u00e9mentaire disponible pour les solutions de Geodirect.","og_url":"https:\/\/www.geodirect.nl\/fr\/helpdesk-et-assistance\/","og_site_name":"Geodirect","article_modified_time":"2026-02-23T10:20:00+00:00","og_image":[{"width":1200,"height":800,"url":"https:\/\/www.geodirect.nl\/wp-content\/uploads\/2025\/11\/gedoirect-service-support-home.jpg","type":"image\/jpeg"}],"twitter_card":"summary_large_image","twitter_misc":{"Dur\u00e9e de lecture estim\u00e9e":"3 minutes"},"schema":{"@context":"https:\/\/schema.org","@graph":[{"@type":"WebPage","@id":"https:\/\/www.geodirect.nl\/fr\/helpdesk-et-assistance\/","url":"https:\/\/www.geodirect.nl\/fr\/helpdesk-et-assistance\/","name":"Helpdesk et assistance - Geodirect","isPartOf":{"@id":"https:\/\/www.geodirect.nl\/fr\/#website"},"primaryImageOfPage":{"@id":"https:\/\/www.geodirect.nl\/fr\/helpdesk-et-assistance\/#primaryimage"},"image":{"@id":"https:\/\/www.geodirect.nl\/fr\/helpdesk-et-assistance\/#primaryimage"},"thumbnailUrl":"https:\/\/www.geodirect.nl\/wp-content\/uploads\/2025\/11\/gedoirect-service-support-home.jpg","datePublished":"2025-11-14T11:31:13+00:00","dateModified":"2026-02-23T10:20:00+00:00","description":"D\u00e9couvrez-en plus ici sur notre support, notre helpdesk et l'assistance compl\u00e9mentaire disponible pour les solutions de Geodirect.","breadcrumb":{"@id":"https:\/\/www.geodirect.nl\/fr\/helpdesk-et-assistance\/#breadcrumb"},"inLanguage":"fr-FR","potentialAction":[{"@type":"ReadAction","target":["https:\/\/www.geodirect.nl\/fr\/helpdesk-et-assistance\/"]}]},{"@type":"ImageObject","inLanguage":"fr-FR","@id":"https:\/\/www.geodirect.nl\/fr\/helpdesk-et-assistance\/#primaryimage","url":"https:\/\/www.geodirect.nl\/wp-content\/uploads\/2025\/11\/gedoirect-service-support-home.jpg","contentUrl":"https:\/\/www.geodirect.nl\/wp-content\/uploads\/2025\/11\/gedoirect-service-support-home.jpg","width":1200,"height":800},{"@type":"BreadcrumbList","@id":"https:\/\/www.geodirect.nl\/fr\/helpdesk-et-assistance\/#breadcrumb","itemListElement":[{"@type":"ListItem","position":1,"name":"Accueil","item":"https:\/\/www.geodirect.nl\/fr\/accueil\/"},{"@type":"ListItem","position":2,"name":"Helpdesk et assistance"}]},{"@type":"WebSite","@id":"https:\/\/www.geodirect.nl\/fr\/#website","url":"https:\/\/www.geodirect.nl\/fr\/","name":"Geodirect","description":"Technologie die vooruitgang drijft","publisher":{"@id":"https:\/\/www.geodirect.nl\/fr\/#organization"},"potentialAction":[{"@type":"SearchAction","target":{"@type":"EntryPoint","urlTemplate":"https:\/\/www.geodirect.nl\/fr\/?s={search_term_string}"},"query-input":{"@type":"PropertyValueSpecification","valueRequired":true,"valueName":"search_term_string"}}],"inLanguage":"fr-FR"},{"@type":"Organization","@id":"https:\/\/www.geodirect.nl\/fr\/#organization","name":"Geodirect B.V.","url":"https:\/\/www.geodirect.nl\/fr\/","logo":{"@type":"ImageObject","inLanguage":"fr-FR","@id":"https:\/\/www.geodirect.nl\/fr\/#\/schema\/logo\/image\/","url":"https:\/\/www.geodirect.nl\/wp-content\/uploads\/2025\/11\/87b06f73c1509d1450fec3e50f610637829b3ada-1.png","contentUrl":"https:\/\/www.geodirect.nl\/wp-content\/uploads\/2025\/11\/87b06f73c1509d1450fec3e50f610637829b3ada-1.png","width":239,"height":159,"caption":"Geodirect B.V."},"image":{"@id":"https:\/\/www.geodirect.nl\/fr\/#\/schema\/logo\/image\/"}}]}},"_links":{"self":[{"href":"https:\/\/www.geodirect.nl\/fr\/wp-json\/wp\/v2\/pages\/8224","targetHints":{"allow":["GET"]}}],"collection":[{"href":"https:\/\/www.geodirect.nl\/fr\/wp-json\/wp\/v2\/pages"}],"about":[{"href":"https:\/\/www.geodirect.nl\/fr\/wp-json\/wp\/v2\/types\/page"}],"author":[{"embeddable":true,"href":"https:\/\/www.geodirect.nl\/fr\/wp-json\/wp\/v2\/users\/1"}],"replies":[{"embeddable":true,"href":"https:\/\/www.geodirect.nl\/fr\/wp-json\/wp\/v2\/comments?post=8224"}],"version-history":[{"count":4,"href":"https:\/\/www.geodirect.nl\/fr\/wp-json\/wp\/v2\/pages\/8224\/revisions"}],"predecessor-version":[{"id":9938,"href":"https:\/\/www.geodirect.nl\/fr\/wp-json\/wp\/v2\/pages\/8224\/revisions\/9938"}],"wp:featuredmedia":[{"embeddable":true,"href":"https:\/\/www.geodirect.nl\/fr\/wp-json\/wp\/v2\/media\/6642"}],"wp:attachment":[{"href":"https:\/\/www.geodirect.nl\/fr\/wp-json\/wp\/v2\/media?parent=8224"}],"curies":[{"name":"wp","href":"https:\/\/api.w.org\/{rel}","templated":true}]}}