{"id":8298,"date":"2025-11-27T11:13:05","date_gmt":"2025-11-27T11:13:05","guid":{"rendered":"https:\/\/www.geodirect.nl\/restez-informe-des-dernieres-actualites-de-geodirect\/"},"modified":"2026-02-23T06:35:59","modified_gmt":"2026-02-23T06:35:59","slug":"restez-informe-des-dernieres-actualites-de-geodirect","status":"publish","type":"page","link":"https:\/\/www.geodirect.nl\/fr\/restez-informe-des-dernieres-actualites-de-geodirect\/","title":{"rendered":"Restez inform\u00e9 des derni\u00e8res actualit\u00e9s de Geodirect !"},"content":{"rendered":"\t\t<div data-elementor-type=\"wp-page\" data-elementor-id=\"8298\" class=\"elementor elementor-8298 elementor-6099\" data-elementor-post-type=\"page\">\n\t\t\t\t<div class=\"elementor-element elementor-element-26b9e82b e-con-full e-flex e-con e-parent\" data-id=\"26b9e82b\" data-element_type=\"container\" data-e-type=\"container\" data-settings=\"{&quot;background_background&quot;:&quot;classic&quot;}\">\n\t\t<div class=\"elementor-element elementor-element-342bf6e5 e-con-full e-flex e-con e-child\" data-id=\"342bf6e5\" data-element_type=\"container\" data-e-type=\"container\">\n\t\t\t\t<div class=\"elementor-element elementor-element-51e912ee elementor-widget elementor-widget-heading\" data-id=\"51e912ee\" data-element_type=\"widget\" data-e-type=\"widget\" data-widget_type=\"heading.default\">\n\t\t\t\t\t<h1 class=\"elementor-heading-title elementor-size-default\">Restez inform\u00e9 des derni\u00e8res actualit\u00e9s de Geodirect !<\/h1>\t\t\t\t<\/div>\n\t\t\t\t<div class=\"elementor-element elementor-element-2e98b0de elementor-widget__width-initial elementor-widget elementor-widget-heading\" data-id=\"2e98b0de\" data-element_type=\"widget\" data-e-type=\"widget\" data-widget_type=\"heading.default\">\n\t\t\t\t\t<p class=\"elementor-heading-title elementor-size-default\">Inscrivez-vous \u00e0 notre newsletter mensuelle, riche en innovations et en perspectives pratiques exclusives.<\/p>\t\t\t\t<\/div>\n\t\t\t\t<\/div>\n\t\t<div class=\"elementor-element elementor-element-60c3cf2a e-con-full e-flex e-con e-child\" data-id=\"60c3cf2a\" data-element_type=\"container\" data-e-type=\"container\">\n\t\t\t\t<div class=\"elementor-element elementor-element-5ea76668 elementor-widget elementor-widget-heading\" data-id=\"5ea76668\" data-element_type=\"widget\" data-e-type=\"widget\" data-widget_type=\"heading.default\">\n\t\t\t\t\t<p class=\"elementor-heading-title elementor-size-default\"><span><span><a href=\"https:\/\/www.geodirect.nl\/fr\/accueil\/\">Accueil<\/a><\/span><\/span>\n<\/p>\t\t\t\t<\/div>\n\t\t\t\t<\/div>\n\t\t\t\t<\/div>\n\t\t<div class=\"elementor-element elementor-element-765157e6 e-flex e-con-boxed e-con e-parent\" data-id=\"765157e6\" data-element_type=\"container\" data-e-type=\"container\">\n\t\t\t\t\t<div class=\"e-con-inner\">\n\t\t<div class=\"elementor-element elementor-element-465d9288 e-con-full e-flex e-con e-child\" data-id=\"465d9288\" data-element_type=\"container\" data-e-type=\"container\">\n\t\t\t\t<div class=\"elementor-element elementor-element-472038d4 elementor-widget elementor-widget-heading\" data-id=\"472038d4\" data-element_type=\"widget\" data-e-type=\"widget\" data-widget_type=\"heading.default\">\n\t\t\t\t\t<p class=\"elementor-heading-title elementor-size-default\">Newsletter<\/p>\t\t\t\t<\/div>\n\t\t\t\t<div class=\"elementor-element elementor-element-610fe4e9 elementor-widget elementor-widget-heading\" data-id=\"610fe4e9\" data-element_type=\"widget\" data-e-type=\"widget\" data-widget_type=\"heading.default\">\n\t\t\t\t\t<h2 class=\"elementor-heading-title elementor-size-default\">Inscrivez-vous \u00e0 notre newsletter !<\/h2>\t\t\t\t<\/div>\n\t\t\t\t<\/div>\n\t\t\t\t<div class=\"elementor-element elementor-element-9e8dddf elementor-widget elementor-widget-text-editor\" data-id=\"9e8dddf\" data-element_type=\"widget\" data-e-type=\"widget\" data-widget_type=\"text-editor.default\">\n\t\t\t\t\t\t\t\t\t<p>Restez inform\u00e9 des conseils pratiques, des mises \u00e0 jour de produits et des formations pour tirer le meilleur parti de vos solutions de mesure, de SIG et de lev\u00e9. Recevez des retours d\u2019exp\u00e9rience, des offres exclusives, des \u00e9tudes de cas de professionnels et les derni\u00e8res informations sur les nouveaux flux de travail qui rendent vos activit\u00e9s quotidiennes plus rapides et plus pr\u00e9cises. <\/p>\t\t\t\t\t\t\t\t<\/div>\n\t\t<div class=\"elementor-element elementor-element-6eab9dc5 e-con-full e-flex e-con e-child\" data-id=\"6eab9dc5\" data-element_type=\"container\" data-e-type=\"container\">\n\t\t<div class=\"elementor-element elementor-element-8dc4e18 e-con-full e-flex e-con e-child\" data-id=\"8dc4e18\" data-element_type=\"container\" data-e-type=\"container\" data-settings=\"{&quot;background_background&quot;:&quot;classic&quot;}\">\n\t\t<div class=\"elementor-element elementor-element-552fd43 e-con-full e-flex e-con e-child\" data-id=\"552fd43\" data-element_type=\"container\" data-e-type=\"container\">\n\t\t\t\t<div class=\"elementor-element elementor-element-8765e0b elementor-widget elementor-widget-heading\" data-id=\"8765e0b\" data-element_type=\"widget\" data-e-type=\"widget\" data-widget_type=\"heading.default\">\n\t\t\t\t\t<h2 class=\"elementor-heading-title elementor-size-default\">Vous souhaitez rester inform\u00e9 de toutes les derni\u00e8res \u00e9volutions ?<\/h2>\t\t\t\t<\/div>\n\t\t\t\t<div class=\"elementor-element elementor-element-873f30a elementor-widget elementor-widget-text-editor\" data-id=\"873f30a\" data-element_type=\"widget\" data-e-type=\"widget\" data-widget_type=\"text-editor.default\">\n\t\t\t\t\t\t\t\t\t<p>Inscrivez-vous d\u00e8s maintenant \u00e0 notre <strong>newsletter mensuelle<\/strong> riche en innovations et en perspectives pratiques exclusives.<\/p>\t\t\t\t\t\t\t\t<\/div>\n\t\t\t\t<div class=\"elementor-element elementor-element-0ea5241 elementor-button-align-start elementor-widget elementor-widget-form\" data-id=\"0ea5241\" data-element_type=\"widget\" data-e-type=\"widget\" data-settings=\"{&quot;button_width&quot;:&quot;33&quot;,&quot;button_width_mobile_extra&quot;:&quot;100&quot;,&quot;step_next_label&quot;:&quot;Suivant&quot;,&quot;step_previous_label&quot;:&quot;Pr\\u00e9c\\u00e9dent&quot;,&quot;step_type&quot;:&quot;number_text&quot;,&quot;step_icon_shape&quot;:&quot;circle&quot;}\" data-widget_type=\"form.default\">\n\t\t\t\t\t\t\t<form class=\"elementor-form\" method=\"post\" name=\"Nouveau formulaire\" aria-label=\"Nouveau formulaire\">\n\t\t\t<input type=\"hidden\" name=\"post_id\" value=\"8298\"\/>\n\t\t\t<input type=\"hidden\" name=\"form_id\" value=\"0ea5241\"\/>\n\t\t\t<input type=\"hidden\" name=\"referer_title\" value=\"Geodirect\" \/>\n\n\t\t\t\n\t\t\t<div class=\"elementor-form-fields-wrapper elementor-labels-above\">\n\t\t\t\t\t\t\t\t<div class=\"elementor-field-type-text elementor-field-group elementor-column elementor-field-group-name elementor-col-33\">\n\t\t\t\t\t\t\t\t\t\t\t\t\t<input size=\"1\" type=\"text\" name=\"form_fields[name]\" id=\"form-field-name\" class=\"elementor-field elementor-size-md  elementor-field-textual\" placeholder=\"Nom\">\n\t\t\t\t\t\t\t\t\t\t\t<\/div>\n\t\t\t\t\t\t\t\t<div class=\"elementor-field-type-email elementor-field-group elementor-column elementor-field-group-email elementor-col-33 elementor-field-required\">\n\t\t\t\t\t\t\t\t\t\t\t\t\t<input size=\"1\" type=\"email\" name=\"form_fields[email]\" id=\"form-field-email\" class=\"elementor-field elementor-size-md  elementor-field-textual\" placeholder=\"E-mail\" required=\"required\">\n\t\t\t\t\t\t\t\t\t\t\t<\/div>\n\t\t\t\t\t\t\t\t<div class=\"elementor-field-group elementor-column elementor-field-type-submit elementor-col-33 e-form__buttons\">\n\t\t\t\t\t<button class=\"elementor-button elementor-size-md\" type=\"submit\">\n\t\t\t\t\t\t<span class=\"elementor-button-content-wrapper\">\n\t\t\t\t\t\t\t\t\t\t\t\t\t\t\t\t\t\t\t\t\t\t<span class=\"elementor-button-text\">S\u2019inscrire<\/span>\n\t\t\t\t\t\t\t\t\t\t\t\t\t<\/span>\n\t\t\t\t\t<\/button>\n\t\t\t\t<\/div>\n\t\t\t<\/div>\n\t\t<\/form>\n\t\t\t\t\t\t<\/div>\n\t\t\t\t<\/div>\n\t\t<div class=\"elementor-element elementor-element-51ea33b e-con-full e-flex e-con e-child\" data-id=\"51ea33b\" data-element_type=\"container\" data-e-type=\"container\">\n\t\t\t\t<div class=\"elementor-element elementor-element-52e5ee1 elementor-absolute elementor-widget elementor-widget-image\" data-id=\"52e5ee1\" data-element_type=\"widget\" data-e-type=\"widget\" data-settings=\"{&quot;_position&quot;:&quot;absolute&quot;}\" data-widget_type=\"image.default\">\n\t\t\t\t\t\t\t\t\t\t\t\t\t\t\t<img fetchpriority=\"high\" decoding=\"async\" width=\"300\" height=\"352\" src=\"https:\/\/www.geodirect.nl\/wp-content\/uploads\/2025\/11\/47f33e1d2bf645d45ea64951d0b9ff3e0804a60a.png\" class=\"attachment-large size-large wp-image-6857\" alt=\"\" srcset=\"https:\/\/www.geodirect.nl\/wp-content\/uploads\/2025\/11\/47f33e1d2bf645d45ea64951d0b9ff3e0804a60a.png 300w, https:\/\/www.geodirect.nl\/wp-content\/uploads\/2025\/11\/47f33e1d2bf645d45ea64951d0b9ff3e0804a60a-256x300.png 256w\" sizes=\"(max-width: 300px) 100vw, 300px\" \/>\t\t\t\t\t\t\t\t\t\t\t\t\t\t\t<\/div>\n\t\t\t\t<\/div>\n\t\t\t\t<\/div>\n\t\t\t\t<\/div>\n\t\t\t\t\t<\/div>\n\t\t\t\t<\/div>\n\t\t<div class=\"elementor-element elementor-element-782e9f78 e-flex e-con-boxed e-con e-parent\" data-id=\"782e9f78\" data-element_type=\"container\" data-e-type=\"container\" data-settings=\"{&quot;background_background&quot;:&quot;classic&quot;}\">\n\t\t\t\t\t<div class=\"e-con-inner\">\n\t\t<div class=\"elementor-element elementor-element-10642f69 e-con-full e-flex e-con e-child\" data-id=\"10642f69\" data-element_type=\"container\" data-e-type=\"container\">\n\t\t\t\t<div class=\"elementor-element elementor-element-49166eba elementor-widget elementor-widget-text-editor\" data-id=\"49166eba\" data-element_type=\"widget\" data-e-type=\"widget\" data-widget_type=\"text-editor.default\">\n\t\t\t\t\t\t\t\t\t<p>Depuis les airs, depuis le sol, sous l\u2019eau et dans le sol, nous vous aidons \u00e0 capturer la r\u00e9alit\u00e9. Avec des solutions de mesure innovantes et une expertise qui permet \u00e0 la technologie de r\u00e9ellement fonctionner sur le terrain. <\/p>\t\t\t\t\t\t\t\t<\/div>\n\t\t\t\t<\/div>\n\t\t\t\t\t<\/div>\n\t\t\t\t<\/div>\n\t\t\t\t<\/div>\n\t\t","protected":false},"excerpt":{"rendered":"<p>Inscrivez-vous \u00e0 notre newsletter mensuelle, riche en innovations et en perspectives pratiques exclusives. Newsletter Inscrivez-vous \u00e0 notre newsletter ! Restez inform\u00e9 des conseils pratiques, des mises \u00e0 jour de produits et des formations pour tirer le meilleur parti de vos solutions de mesure, de SIG et de lev\u00e9. Recevez des retours d\u2019exp\u00e9rience, des offres exclusives, [&hellip;]<\/p>\n","protected":false},"author":1,"featured_media":8299,"parent":0,"menu_order":0,"comment_status":"closed","ping_status":"closed","template":"","meta":{"_acf_changed":false,"content-type":"","footnotes":""},"class_list":["post-8298","page","type-page","status-publish","has-post-thumbnail","hentry"],"acf":[],"yoast_head":"<!-- This site is optimized with the Yoast SEO plugin v27.3 - https:\/\/yoast.com\/product\/yoast-seo-wordpress\/ -->\n<title>Restez inform\u00e9 des derni\u00e8res actualit\u00e9s de Geodirect ! - Geodirect<\/title>\n<meta name=\"description\" content=\"Restez inform\u00e9 des derni\u00e8res actualit\u00e9s de Geodirect. Inscrivez-vous ici \u00e0 notre newsletter et recevez chaque mois des perspectives et des offres exclusives !\" \/>\n<meta name=\"robots\" content=\"index, follow, max-snippet:-1, max-image-preview:large, max-video-preview:-1\" \/>\n<link rel=\"canonical\" href=\"https:\/\/www.geodirect.nl\/fr\/restez-informe-des-dernieres-actualites-de-geodirect\/\" \/>\n<meta property=\"og:locale\" content=\"fr_FR\" \/>\n<meta property=\"og:type\" content=\"article\" \/>\n<meta property=\"og:title\" content=\"Restez inform\u00e9 des derni\u00e8res actualit\u00e9s de Geodirect ! - Geodirect\" \/>\n<meta property=\"og:description\" content=\"Restez inform\u00e9 des derni\u00e8res actualit\u00e9s de Geodirect. Inscrivez-vous ici \u00e0 notre newsletter et recevez chaque mois des perspectives et des offres exclusives !\" \/>\n<meta property=\"og:url\" content=\"https:\/\/www.geodirect.nl\/fr\/restez-informe-des-dernieres-actualites-de-geodirect\/\" \/>\n<meta property=\"og:site_name\" content=\"Geodirect\" \/>\n<meta property=\"article:modified_time\" content=\"2026-02-23T06:35:59+00:00\" \/>\n<meta property=\"og:image\" content=\"https:\/\/www.geodirect.nl\/wp-content\/uploads\/2025\/11\/geodirect-megamenu-office.jpg\" \/>\n\t<meta property=\"og:image:width\" content=\"1200\" \/>\n\t<meta property=\"og:image:height\" content=\"800\" \/>\n\t<meta property=\"og:image:type\" content=\"image\/jpeg\" \/>\n<meta name=\"twitter:card\" content=\"summary_large_image\" \/>\n<meta name=\"twitter:label1\" content=\"Dur\u00e9e de lecture estim\u00e9e\" \/>\n\t<meta name=\"twitter:data1\" content=\"1 minute\" \/>\n<script type=\"application\/ld+json\" class=\"yoast-schema-graph\">{\"@context\":\"https:\\\/\\\/schema.org\",\"@graph\":[{\"@type\":\"WebPage\",\"@id\":\"https:\\\/\\\/www.geodirect.nl\\\/fr\\\/restez-informe-des-dernieres-actualites-de-geodirect\\\/\",\"url\":\"https:\\\/\\\/www.geodirect.nl\\\/fr\\\/restez-informe-des-dernieres-actualites-de-geodirect\\\/\",\"name\":\"Restez inform\u00e9 des derni\u00e8res actualit\u00e9s de Geodirect ! - Geodirect\",\"isPartOf\":{\"@id\":\"https:\\\/\\\/www.geodirect.nl\\\/fr\\\/#website\"},\"primaryImageOfPage\":{\"@id\":\"https:\\\/\\\/www.geodirect.nl\\\/fr\\\/restez-informe-des-dernieres-actualites-de-geodirect\\\/#primaryimage\"},\"image\":{\"@id\":\"https:\\\/\\\/www.geodirect.nl\\\/fr\\\/restez-informe-des-dernieres-actualites-de-geodirect\\\/#primaryimage\"},\"thumbnailUrl\":\"https:\\\/\\\/www.geodirect.nl\\\/wp-content\\\/uploads\\\/2025\\\/11\\\/geodirect-megamenu-office.jpg\",\"datePublished\":\"2025-11-27T11:13:05+00:00\",\"dateModified\":\"2026-02-23T06:35:59+00:00\",\"description\":\"Restez inform\u00e9 des derni\u00e8res actualit\u00e9s de Geodirect. Inscrivez-vous ici \u00e0 notre newsletter et recevez chaque mois des perspectives et des offres exclusives !\",\"breadcrumb\":{\"@id\":\"https:\\\/\\\/www.geodirect.nl\\\/fr\\\/restez-informe-des-dernieres-actualites-de-geodirect\\\/#breadcrumb\"},\"inLanguage\":\"fr-FR\",\"potentialAction\":[{\"@type\":\"ReadAction\",\"target\":[\"https:\\\/\\\/www.geodirect.nl\\\/fr\\\/restez-informe-des-dernieres-actualites-de-geodirect\\\/\"]}]},{\"@type\":\"ImageObject\",\"inLanguage\":\"fr-FR\",\"@id\":\"https:\\\/\\\/www.geodirect.nl\\\/fr\\\/restez-informe-des-dernieres-actualites-de-geodirect\\\/#primaryimage\",\"url\":\"https:\\\/\\\/www.geodirect.nl\\\/wp-content\\\/uploads\\\/2025\\\/11\\\/geodirect-megamenu-office.jpg\",\"contentUrl\":\"https:\\\/\\\/www.geodirect.nl\\\/wp-content\\\/uploads\\\/2025\\\/11\\\/geodirect-megamenu-office.jpg\",\"width\":1200,\"height\":800},{\"@type\":\"BreadcrumbList\",\"@id\":\"https:\\\/\\\/www.geodirect.nl\\\/fr\\\/restez-informe-des-dernieres-actualites-de-geodirect\\\/#breadcrumb\",\"itemListElement\":[{\"@type\":\"ListItem\",\"position\":1,\"name\":\"Accueil\",\"item\":\"https:\\\/\\\/www.geodirect.nl\\\/fr\\\/accueil\\\/\"},{\"@type\":\"ListItem\",\"position\":2,\"name\":\"Restez inform\u00e9 des derni\u00e8res actualit\u00e9s de Geodirect !\"}]},{\"@type\":\"WebSite\",\"@id\":\"https:\\\/\\\/www.geodirect.nl\\\/fr\\\/#website\",\"url\":\"https:\\\/\\\/www.geodirect.nl\\\/fr\\\/\",\"name\":\"Geodirect\",\"description\":\"Technologie die vooruitgang drijft\",\"publisher\":{\"@id\":\"https:\\\/\\\/www.geodirect.nl\\\/fr\\\/#organization\"},\"potentialAction\":[{\"@type\":\"SearchAction\",\"target\":{\"@type\":\"EntryPoint\",\"urlTemplate\":\"https:\\\/\\\/www.geodirect.nl\\\/fr\\\/?s={search_term_string}\"},\"query-input\":{\"@type\":\"PropertyValueSpecification\",\"valueRequired\":true,\"valueName\":\"search_term_string\"}}],\"inLanguage\":\"fr-FR\"},{\"@type\":\"Organization\",\"@id\":\"https:\\\/\\\/www.geodirect.nl\\\/fr\\\/#organization\",\"name\":\"Geodirect B.V.\",\"url\":\"https:\\\/\\\/www.geodirect.nl\\\/fr\\\/\",\"logo\":{\"@type\":\"ImageObject\",\"inLanguage\":\"fr-FR\",\"@id\":\"https:\\\/\\\/www.geodirect.nl\\\/fr\\\/#\\\/schema\\\/logo\\\/image\\\/\",\"url\":\"https:\\\/\\\/www.geodirect.nl\\\/wp-content\\\/uploads\\\/2025\\\/11\\\/87b06f73c1509d1450fec3e50f610637829b3ada-1.png\",\"contentUrl\":\"https:\\\/\\\/www.geodirect.nl\\\/wp-content\\\/uploads\\\/2025\\\/11\\\/87b06f73c1509d1450fec3e50f610637829b3ada-1.png\",\"width\":239,\"height\":159,\"caption\":\"Geodirect B.V.\"},\"image\":{\"@id\":\"https:\\\/\\\/www.geodirect.nl\\\/fr\\\/#\\\/schema\\\/logo\\\/image\\\/\"}}]}<\/script>\n<!-- \/ Yoast SEO plugin. -->","yoast_head_json":{"title":"Restez inform\u00e9 des derni\u00e8res actualit\u00e9s de Geodirect ! - Geodirect","description":"Restez inform\u00e9 des derni\u00e8res actualit\u00e9s de Geodirect. Inscrivez-vous ici \u00e0 notre newsletter et recevez chaque mois des perspectives et des offres exclusives !","robots":{"index":"index","follow":"follow","max-snippet":"max-snippet:-1","max-image-preview":"max-image-preview:large","max-video-preview":"max-video-preview:-1"},"canonical":"https:\/\/www.geodirect.nl\/fr\/restez-informe-des-dernieres-actualites-de-geodirect\/","og_locale":"fr_FR","og_type":"article","og_title":"Restez inform\u00e9 des derni\u00e8res actualit\u00e9s de Geodirect ! - Geodirect","og_description":"Restez inform\u00e9 des derni\u00e8res actualit\u00e9s de Geodirect. Inscrivez-vous ici \u00e0 notre newsletter et recevez chaque mois des perspectives et des offres exclusives !","og_url":"https:\/\/www.geodirect.nl\/fr\/restez-informe-des-dernieres-actualites-de-geodirect\/","og_site_name":"Geodirect","article_modified_time":"2026-02-23T06:35:59+00:00","og_image":[{"width":1200,"height":800,"url":"https:\/\/www.geodirect.nl\/wp-content\/uploads\/2025\/11\/geodirect-megamenu-office.jpg","type":"image\/jpeg"}],"twitter_card":"summary_large_image","twitter_misc":{"Dur\u00e9e de lecture estim\u00e9e":"1 minute"},"schema":{"@context":"https:\/\/schema.org","@graph":[{"@type":"WebPage","@id":"https:\/\/www.geodirect.nl\/fr\/restez-informe-des-dernieres-actualites-de-geodirect\/","url":"https:\/\/www.geodirect.nl\/fr\/restez-informe-des-dernieres-actualites-de-geodirect\/","name":"Restez inform\u00e9 des derni\u00e8res actualit\u00e9s de Geodirect ! - Geodirect","isPartOf":{"@id":"https:\/\/www.geodirect.nl\/fr\/#website"},"primaryImageOfPage":{"@id":"https:\/\/www.geodirect.nl\/fr\/restez-informe-des-dernieres-actualites-de-geodirect\/#primaryimage"},"image":{"@id":"https:\/\/www.geodirect.nl\/fr\/restez-informe-des-dernieres-actualites-de-geodirect\/#primaryimage"},"thumbnailUrl":"https:\/\/www.geodirect.nl\/wp-content\/uploads\/2025\/11\/geodirect-megamenu-office.jpg","datePublished":"2025-11-27T11:13:05+00:00","dateModified":"2026-02-23T06:35:59+00:00","description":"Restez inform\u00e9 des derni\u00e8res actualit\u00e9s de Geodirect. Inscrivez-vous ici \u00e0 notre newsletter et recevez chaque mois des perspectives et des offres exclusives !","breadcrumb":{"@id":"https:\/\/www.geodirect.nl\/fr\/restez-informe-des-dernieres-actualites-de-geodirect\/#breadcrumb"},"inLanguage":"fr-FR","potentialAction":[{"@type":"ReadAction","target":["https:\/\/www.geodirect.nl\/fr\/restez-informe-des-dernieres-actualites-de-geodirect\/"]}]},{"@type":"ImageObject","inLanguage":"fr-FR","@id":"https:\/\/www.geodirect.nl\/fr\/restez-informe-des-dernieres-actualites-de-geodirect\/#primaryimage","url":"https:\/\/www.geodirect.nl\/wp-content\/uploads\/2025\/11\/geodirect-megamenu-office.jpg","contentUrl":"https:\/\/www.geodirect.nl\/wp-content\/uploads\/2025\/11\/geodirect-megamenu-office.jpg","width":1200,"height":800},{"@type":"BreadcrumbList","@id":"https:\/\/www.geodirect.nl\/fr\/restez-informe-des-dernieres-actualites-de-geodirect\/#breadcrumb","itemListElement":[{"@type":"ListItem","position":1,"name":"Accueil","item":"https:\/\/www.geodirect.nl\/fr\/accueil\/"},{"@type":"ListItem","position":2,"name":"Restez inform\u00e9 des derni\u00e8res actualit\u00e9s de Geodirect !"}]},{"@type":"WebSite","@id":"https:\/\/www.geodirect.nl\/fr\/#website","url":"https:\/\/www.geodirect.nl\/fr\/","name":"Geodirect","description":"Technologie die vooruitgang drijft","publisher":{"@id":"https:\/\/www.geodirect.nl\/fr\/#organization"},"potentialAction":[{"@type":"SearchAction","target":{"@type":"EntryPoint","urlTemplate":"https:\/\/www.geodirect.nl\/fr\/?s={search_term_string}"},"query-input":{"@type":"PropertyValueSpecification","valueRequired":true,"valueName":"search_term_string"}}],"inLanguage":"fr-FR"},{"@type":"Organization","@id":"https:\/\/www.geodirect.nl\/fr\/#organization","name":"Geodirect B.V.","url":"https:\/\/www.geodirect.nl\/fr\/","logo":{"@type":"ImageObject","inLanguage":"fr-FR","@id":"https:\/\/www.geodirect.nl\/fr\/#\/schema\/logo\/image\/","url":"https:\/\/www.geodirect.nl\/wp-content\/uploads\/2025\/11\/87b06f73c1509d1450fec3e50f610637829b3ada-1.png","contentUrl":"https:\/\/www.geodirect.nl\/wp-content\/uploads\/2025\/11\/87b06f73c1509d1450fec3e50f610637829b3ada-1.png","width":239,"height":159,"caption":"Geodirect B.V."},"image":{"@id":"https:\/\/www.geodirect.nl\/fr\/#\/schema\/logo\/image\/"}}]}},"_links":{"self":[{"href":"https:\/\/www.geodirect.nl\/fr\/wp-json\/wp\/v2\/pages\/8298","targetHints":{"allow":["GET"]}}],"collection":[{"href":"https:\/\/www.geodirect.nl\/fr\/wp-json\/wp\/v2\/pages"}],"about":[{"href":"https:\/\/www.geodirect.nl\/fr\/wp-json\/wp\/v2\/types\/page"}],"author":[{"embeddable":true,"href":"https:\/\/www.geodirect.nl\/fr\/wp-json\/wp\/v2\/users\/1"}],"replies":[{"embeddable":true,"href":"https:\/\/www.geodirect.nl\/fr\/wp-json\/wp\/v2\/comments?post=8298"}],"version-history":[{"count":4,"href":"https:\/\/www.geodirect.nl\/fr\/wp-json\/wp\/v2\/pages\/8298\/revisions"}],"predecessor-version":[{"id":9870,"href":"https:\/\/www.geodirect.nl\/fr\/wp-json\/wp\/v2\/pages\/8298\/revisions\/9870"}],"wp:featuredmedia":[{"embeddable":true,"href":"https:\/\/www.geodirect.nl\/fr\/wp-json\/wp\/v2\/media\/8299"}],"wp:attachment":[{"href":"https:\/\/www.geodirect.nl\/fr\/wp-json\/wp\/v2\/media?parent=8298"}],"curies":[{"name":"wp","href":"https:\/\/api.w.org\/{rel}","templated":true}]}}