{"id":8336,"date":"2025-11-17T22:34:55","date_gmt":"2025-11-17T22:34:55","guid":{"rendered":"https:\/\/www.geodirect.nl\/avis-de-non-responsabilite\/"},"modified":"2026-02-23T09:20:10","modified_gmt":"2026-02-23T09:20:10","slug":"avis-de-non-responsabilite","status":"publish","type":"page","link":"https:\/\/www.geodirect.nl\/fr\/avis-de-non-responsabilite\/","title":{"rendered":"Avis de non-responsabilit\u00e9"},"content":{"rendered":"\t\t<div data-elementor-type=\"wp-page\" data-elementor-id=\"8336\" class=\"elementor elementor-8336 elementor-2034\" data-elementor-post-type=\"page\">\n\t\t\t\t<div class=\"elementor-element elementor-element-538eb2c e-con-full e-flex e-con e-parent\" data-id=\"538eb2c\" data-element_type=\"container\" data-e-type=\"container\" data-settings=\"{&quot;background_background&quot;:&quot;classic&quot;}\">\n\t\t<div class=\"elementor-element elementor-element-f88b3c8 e-con-full e-flex e-con e-child\" data-id=\"f88b3c8\" data-element_type=\"container\" data-e-type=\"container\">\n\t\t\t\t<div class=\"elementor-element elementor-element-49a1ff28 elementor-widget elementor-widget-heading\" data-id=\"49a1ff28\" data-element_type=\"widget\" data-e-type=\"widget\" data-widget_type=\"heading.default\">\n\t\t\t\t\t<h1 class=\"elementor-heading-title elementor-size-default\">Conditions d\u2019utilisation<\/h1>\t\t\t\t<\/div>\n\t\t\t\t<\/div>\n\t\t<div class=\"elementor-element elementor-element-724048ef e-con-full e-flex e-con e-child\" data-id=\"724048ef\" data-element_type=\"container\" data-e-type=\"container\">\n\t\t\t\t<div class=\"elementor-element elementor-element-1966d86a elementor-widget elementor-widget-heading\" data-id=\"1966d86a\" data-element_type=\"widget\" data-e-type=\"widget\" data-widget_type=\"heading.default\">\n\t\t\t\t\t<p class=\"elementor-heading-title elementor-size-default\"><span><span><a href=\"https:\/\/www.geodirect.nl\/fr\/accueil\/\">Accueil<\/a><\/span><\/span>\n<\/p>\t\t\t\t<\/div>\n\t\t\t\t<\/div>\n\t\t\t\t<\/div>\n\t\t<div class=\"elementor-element elementor-element-57c36628 e-flex e-con-boxed e-con e-parent\" data-id=\"57c36628\" data-element_type=\"container\" data-e-type=\"container\">\n\t\t\t\t\t<div class=\"e-con-inner\">\n\t\t\t\t<div class=\"elementor-element elementor-element-1f75e7f7 elementor-widget elementor-widget-heading\" data-id=\"1f75e7f7\" data-element_type=\"widget\" data-e-type=\"widget\" data-widget_type=\"heading.default\">\n\t\t\t\t\t<h2 class=\"elementor-heading-title elementor-size-default\">Conditions d\u2019utilisation Geodirect.nl<\/h2>\t\t\t\t<\/div>\n\t\t\t\t<div class=\"elementor-element elementor-element-1b8d5302 elementor-widget elementor-widget-text-editor\" data-id=\"1b8d5302\" data-element_type=\"widget\" data-e-type=\"widget\" data-widget_type=\"text-editor.default\">\n\t\t\t\t\t\t\t\t\t<p><em>derni\u00e8re mise \u00e0 jour le 17\/01\/2022<\/em><\/p><p>Les pr\u00e9sentes conditions d\u2019utilisation s\u2019appliquent \u00e0 l\u2019utilisation du site web www.geodirect.nl et de tous les sites web auxquels Geodirect ou ses soci\u00e9t\u00e9s affili\u00e9es l\u2019ont li\u00e9, ci-apr\u00e8s d\u00e9nomm\u00e9s collectivement le site web.<\/p><p><strong>Propri\u00e9t\u00e9 du site web et acceptation des conditions d\u2019utilisation<\/strong><br>Le site web est la propri\u00e9t\u00e9 de Geodirect B.V. En utilisant le site web, vous \u00eates r\u00e9put\u00e9 avoir pris connaissance des conditions d\u2019utilisation et vous d\u00e9clarez les accepter. Si vous n\u2019acceptez pas ces conditions, vous ne devez pas utiliser le site web. Geodirect se r\u00e9serve le droit, \u00e0 sa seule discr\u00e9tion et \u00e0 tout moment, de modifier, d\u2019adapter, d\u2019ajouter ou de supprimer des parties des pr\u00e9sentes conditions d\u2019utilisation. Il est de votre responsabilit\u00e9 de v\u00e9rifier p\u00e9riodiquement si la page de l\u2019avis de non-responsabilit\u00e9 a \u00e9t\u00e9 modifi\u00e9e entre-temps. Si vous continuez \u00e0 utiliser le site web apr\u00e8s la modification des conditions d\u2019utilisation, cela signifie que vous acceptez les modifications.    <\/p><p><strong>Utilisation des informations<\/strong><br>Geodirect s\u2019efforce de toujours proposer des informations exactes et actualis\u00e9es sur le site web. Bien que ces informations aient \u00e9t\u00e9 compil\u00e9es avec le plus grand soin, Geodirect ne garantit pas l\u2019exhaustivit\u00e9, l\u2019exactitude ou l\u2019actualit\u00e9 des informations. Aucun droit ne peut \u00eatre tir\u00e9 de ces informations. Geodirect d\u00e9cline toute responsabilit\u00e9 pour les dommages r\u00e9sultant de l\u2019utilisation des informations ou du site web, ainsi que pour le mauvais fonctionnement du site web. L\u2019envoi et la r\u00e9ception d\u2019informations via le site web ou par e-mail ne cr\u00e9ent pas automatiquement de relation entre Geodirect et l\u2019utilisateur du site web.    <\/p><p><strong>Votre utilisation du site web<\/strong><br>Vous ne devez pas sonder, mesurer ou tester la s\u00e9curit\u00e9 du site web ou de tout r\u00e9seau connect\u00e9 au site web, ni enfreindre les m\u00e9canismes de s\u00e9curit\u00e9 du site web ou de tout r\u00e9seau connect\u00e9 au site web. Vous d\u00e9clarez que vous n\u2019entreprendrez aucune activit\u00e9 imposant une charge excessive ou d\u00e9raisonnable \u00e0 l\u2019infrastructure du site web ou aux syst\u00e8mes ou r\u00e9seaux de Geodirect, ou \u00e0 tout autre syst\u00e8me ou r\u00e9seau connect\u00e9 au site web ou \u00e0 Geodirect. Vous d\u00e9clarez que vous n\u2019utiliserez aucun dispositif, logiciel ou m\u00e9thode pour tenter d\u2019entraver le bon fonctionnement du site web ou l\u2019utilisation du site web par d\u2019autres personnes. Vous ne pouvez pas utiliser le site web ni le mat\u00e9riel \u00e0 des fins ill\u00e9gales ou interdites par les pr\u00e9sentes conditions d\u2019utilisation, ni inciter autrui \u00e0 mener des activit\u00e9s ill\u00e9gales ou d\u2019autres activit\u00e9s portant atteinte aux droits de Geodirect et d\u2019autrui.   <\/p><p><strong>Correspondance par e-mail<\/strong><br>Geodirect ne garantit pas que les e-mails qui lui sont envoy\u00e9s soient re\u00e7us ou trait\u00e9s (en temps utile), car la r\u00e9ception opportune des e-mails ne peut \u00eatre garantie. De m\u00eame, la s\u00e9curit\u00e9 du trafic par e-mail ne peut \u00eatre totalement garantie en raison des risques de s\u00e9curit\u00e9 qui y sont li\u00e9s. En correspondant avec Geodirect par e-mail sans cryptage ni protection par mot de passe, vous acceptez ce risque.  <\/p><p><strong>Hyperliens : liens vers d\u2019autres sites web<\/strong><br>Le site web peut contenir des hyperliens vers des sites web de tiers. Ces liens sont propos\u00e9s uniquement \u00e0 titre de service pour nos visiteurs. Geodirect n\u2019a aucun contr\u00f4le sur ces sites web li\u00e9s et n\u2019est pas responsable de leur disponibilit\u00e9 ou de leur contenu, y compris de toutes les informations ou mat\u00e9riels figurant sur ces sites web li\u00e9s. Il vous appartient de d\u00e9terminer si et comment vous souhaitez utiliser ces sites web li\u00e9s. Geodirect d\u00e9cline donc toute responsabilit\u00e9 pour les dommages r\u00e9sultant de l\u2019utilisation de sites web de tiers.    <\/p><p><strong>Mat\u00e9riel et droits de propri\u00e9t\u00e9 intellectuelle<\/strong><br>Tous les textes, images, photos, vid\u00e9os, musiques, marques commerciales, logos, illustrations et codes informatiques pr\u00e9sents sur le site web, collectivement d\u00e9nomm\u00e9s mat\u00e9riel, y compris, mais sans s\u2019y limiter, la conception, la structure, la s\u00e9lection, la coordination, l\u2019expression et l\u2019agencement de ce mat\u00e9riel, sont la propri\u00e9t\u00e9 de, sont contr\u00f4l\u00e9s par ou sont conc\u00e9d\u00e9s sous licence \u00e0 Geodirect et sont prot\u00e9g\u00e9s par le droit d\u2019auteur, le droit des marques et par divers autres droits de propri\u00e9t\u00e9 intellectuelle et lois sur la concurrence d\u00e9loyale. Sauf disposition contraire expresse dans les pr\u00e9sentes conditions d\u2019utilisation, aucune partie du site web ni aucun mat\u00e9riel ne peut \u00eatre copi\u00e9, reproduit, t\u00e9l\u00e9charg\u00e9, publi\u00e9, traduit, transmis ou distribu\u00e9 de quelque mani\u00e8re que ce soit vers un autre ordinateur, serveur, site web ou autre support de publication ou de distribution \u00e0 des fins commerciales, sans l\u2019autorisation \u00e9crite pr\u00e9alable de Geodirect. Vous pouvez utiliser les informations sur les produits et services de Geodirect, telles que les fiches produits, les articles de la base de connaissances et les informations similaires, que Geodirect a explicitement mises \u00e0 disposition pour \u00eatre t\u00e9l\u00e9charg\u00e9es depuis le site web, \u00e0 condition de conserver toutes les mentions relatives au droit de propri\u00e9t\u00e9 dans toutes les copies de ces documents et d\u2019utiliser ces informations exclusivement \u00e0 des fins informatives, de n\u2019apporter aucune modification \u00e0 ces informations et de ne faire aucun engagement ou garantie suppl\u00e9mentaire concernant ces documents.  <\/p><p><strong>Politique de confidentialit\u00e9<\/strong><br>La politique de confidentialit\u00e9 de Geodirect s\u2019applique \u00e0 l\u2019utilisation de ce site web. Les conditions de cette politique de confidentialit\u00e9 sont consid\u00e9r\u00e9es comme faisant partie des pr\u00e9sentes conditions d\u2019utilisation en vertu de cette mention. Vous pouvez consulter la politique de confidentialit\u00e9 de Geodirect en <a href=\"https:\/\/www.geodirect.nl\/fr\/politique-de-confidentialite\/\">cliquant ici<\/a>. En utilisant ce site web, vous reconnaissez et acceptez que les donn\u00e9es que vous envoyez via Internet ne sont jamais totalement s\u00e9curis\u00e9es et prot\u00e9g\u00e9es. Vous comprenez que tous les messages et informations que vous envoyez au site web peuvent \u00eatre lus ou intercept\u00e9s par d\u2019autres, m\u00eame s\u2019il est explicitement indiqu\u00e9 que certaines donn\u00e9es sont envoy\u00e9es de mani\u00e8re crypt\u00e9e. La s\u00e9curit\u00e9 de votre connexion \u00e0 Internet \u00e9chappe totalement \u00e0 la sph\u00e8re d\u2019influence de Geodirect.     <\/p><p><strong>Conditions g\u00e9n\u00e9rales en vigueur<\/strong><br>Des conditions g\u00e9n\u00e9rales s\u2019appliquent \u00e0 l\u2019achat de produits et services ainsi qu\u2019\u00e0 des parties ou fonctionnalit\u00e9s sp\u00e9cifiques du site web, y compris les promotions et autres fonctionnalit\u00e9s similaires. Vous d\u00e9clarez respecter ces conditions g\u00e9n\u00e9rales. En cas de contradiction entre les pr\u00e9sentes conditions d\u2019utilisation et les conditions g\u00e9n\u00e9rales, lesquelles sont <a href=\"https:\/\/www.geodirect.nl\/fr\/conditions-generales\/\">publi\u00e9es sur le site web<\/a> et d\u00e9pos\u00e9es aupr\u00e8s de la Chambre de Commerce, pour ou applicables \u00e0 une partie sp\u00e9cifique du site web ou \u00e0 tout service propos\u00e9 sur ou via le site web, les conditions g\u00e9n\u00e9rales s\u2019appliqueront \u00e0 votre utilisation de la partie concern\u00e9e du site web ou du service concern\u00e9. Toutes les obligations \u00e9ventuelles de Geodirect concernant ses produits et services sont exclusivement d\u00e9termin\u00e9es par les accords sur la base desquels ces produits et services sont fournis et rien sur ce site web ne doit \u00eatre interpr\u00e9t\u00e9 comme une modification de ces accords. Geodirect est en droit d\u2019apporter des modifications aux produits ou services propos\u00e9s sur le site web, ou aux prix indiqu\u00e9s pour ces produits ou services, \u00e0 tout moment et sans pr\u00e9avis. Les mat\u00e9riels sur ce site web relatifs aux produits et services peuvent \u00eatre obsol\u00e8tes et Geodirect n\u2019est pas tenu de les actualiser.     <\/p><p><strong>Indemnisation<\/strong><br>Vous d\u00e9clarez que vous indemniserez Geodirect, ses employ\u00e9s, dirigeants, actionnaires, pr\u00e9d\u00e9cesseurs, successeurs, repr\u00e9sentants, filiales et soci\u00e9t\u00e9s affili\u00e9es contre toute demande, perte, responsabilit\u00e9, r\u00e9clamation ou frais, y compris les frais d\u2019assistance juridique, formul\u00e9s \u00e0 l\u2019encontre de Geodirect par des tiers et li\u00e9s \u00e0 ou d\u00e9coulant de votre utilisation du site web.<\/p>\t\t\t\t\t\t\t\t<\/div>\n\t\t\t\t\t<\/div>\n\t\t\t\t<\/div>\n\t\t\t\t<\/div>\n\t\t","protected":false},"excerpt":{"rendered":"<p>Conditions d\u2019utilisation Conditions d\u2019utilisation Geodirect.nl derni\u00e8re mise \u00e0 jour le 17\/01\/2022 Les pr\u00e9sentes conditions d\u2019utilisation s\u2019appliquent \u00e0 l\u2019utilisation du site web www.geodirect.nl et de tous les sites web auxquels Geodirect ou ses soci\u00e9t\u00e9s affili\u00e9es l\u2019ont li\u00e9, ci-apr\u00e8s d\u00e9nomm\u00e9s collectivement le site web. Propri\u00e9t\u00e9 du site web et acceptation des conditions d\u2019utilisationLe site web est la [&hellip;]<\/p>\n","protected":false},"author":1,"featured_media":0,"parent":0,"menu_order":0,"comment_status":"closed","ping_status":"closed","template":"","meta":{"_acf_changed":false,"content-type":"","footnotes":""},"class_list":["post-8336","page","type-page","status-publish","hentry"],"acf":[],"yoast_head":"<!-- This site is optimized with the Yoast SEO plugin v27.3 - https:\/\/yoast.com\/product\/yoast-seo-wordpress\/ -->\n<title>Avis de non-responsabilit\u00e9 - Geodirect<\/title>\n<meta name=\"description\" content=\"Avis de non-responsabilit\u00e9 Geodirect.\" \/>\n<meta name=\"robots\" content=\"index, follow, max-snippet:-1, max-image-preview:large, max-video-preview:-1\" \/>\n<link rel=\"canonical\" href=\"https:\/\/www.geodirect.nl\/fr\/avis-de-non-responsabilite\/\" \/>\n<meta property=\"og:locale\" content=\"fr_FR\" \/>\n<meta property=\"og:type\" content=\"article\" \/>\n<meta property=\"og:title\" content=\"Avis de non-responsabilit\u00e9 - Geodirect\" \/>\n<meta property=\"og:description\" content=\"Avis de non-responsabilit\u00e9 Geodirect.\" \/>\n<meta property=\"og:url\" content=\"https:\/\/www.geodirect.nl\/fr\/avis-de-non-responsabilite\/\" \/>\n<meta property=\"og:site_name\" content=\"Geodirect\" \/>\n<meta property=\"article:modified_time\" content=\"2026-02-23T09:20:10+00:00\" \/>\n<meta name=\"twitter:card\" content=\"summary_large_image\" \/>\n<meta name=\"twitter:label1\" content=\"Dur\u00e9e de lecture estim\u00e9e\" \/>\n\t<meta name=\"twitter:data1\" content=\"7 minutes\" \/>\n<script type=\"application\/ld+json\" class=\"yoast-schema-graph\">{\"@context\":\"https:\\\/\\\/schema.org\",\"@graph\":[{\"@type\":\"WebPage\",\"@id\":\"https:\\\/\\\/www.geodirect.nl\\\/fr\\\/avis-de-non-responsabilite\\\/\",\"url\":\"https:\\\/\\\/www.geodirect.nl\\\/fr\\\/avis-de-non-responsabilite\\\/\",\"name\":\"Avis de non-responsabilit\u00e9 - Geodirect\",\"isPartOf\":{\"@id\":\"https:\\\/\\\/www.geodirect.nl\\\/fr\\\/#website\"},\"datePublished\":\"2025-11-17T22:34:55+00:00\",\"dateModified\":\"2026-02-23T09:20:10+00:00\",\"description\":\"Avis de non-responsabilit\u00e9 Geodirect.\",\"breadcrumb\":{\"@id\":\"https:\\\/\\\/www.geodirect.nl\\\/fr\\\/avis-de-non-responsabilite\\\/#breadcrumb\"},\"inLanguage\":\"fr-FR\",\"potentialAction\":[{\"@type\":\"ReadAction\",\"target\":[\"https:\\\/\\\/www.geodirect.nl\\\/fr\\\/avis-de-non-responsabilite\\\/\"]}]},{\"@type\":\"BreadcrumbList\",\"@id\":\"https:\\\/\\\/www.geodirect.nl\\\/fr\\\/avis-de-non-responsabilite\\\/#breadcrumb\",\"itemListElement\":[{\"@type\":\"ListItem\",\"position\":1,\"name\":\"Accueil\",\"item\":\"https:\\\/\\\/www.geodirect.nl\\\/fr\\\/accueil\\\/\"},{\"@type\":\"ListItem\",\"position\":2,\"name\":\"Avis de non-responsabilit\u00e9\"}]},{\"@type\":\"WebSite\",\"@id\":\"https:\\\/\\\/www.geodirect.nl\\\/fr\\\/#website\",\"url\":\"https:\\\/\\\/www.geodirect.nl\\\/fr\\\/\",\"name\":\"Geodirect\",\"description\":\"Technologie die vooruitgang drijft\",\"publisher\":{\"@id\":\"https:\\\/\\\/www.geodirect.nl\\\/fr\\\/#organization\"},\"potentialAction\":[{\"@type\":\"SearchAction\",\"target\":{\"@type\":\"EntryPoint\",\"urlTemplate\":\"https:\\\/\\\/www.geodirect.nl\\\/fr\\\/?s={search_term_string}\"},\"query-input\":{\"@type\":\"PropertyValueSpecification\",\"valueRequired\":true,\"valueName\":\"search_term_string\"}}],\"inLanguage\":\"fr-FR\"},{\"@type\":\"Organization\",\"@id\":\"https:\\\/\\\/www.geodirect.nl\\\/fr\\\/#organization\",\"name\":\"Geodirect B.V.\",\"url\":\"https:\\\/\\\/www.geodirect.nl\\\/fr\\\/\",\"logo\":{\"@type\":\"ImageObject\",\"inLanguage\":\"fr-FR\",\"@id\":\"https:\\\/\\\/www.geodirect.nl\\\/fr\\\/#\\\/schema\\\/logo\\\/image\\\/\",\"url\":\"https:\\\/\\\/www.geodirect.nl\\\/wp-content\\\/uploads\\\/2025\\\/11\\\/87b06f73c1509d1450fec3e50f610637829b3ada-1.png\",\"contentUrl\":\"https:\\\/\\\/www.geodirect.nl\\\/wp-content\\\/uploads\\\/2025\\\/11\\\/87b06f73c1509d1450fec3e50f610637829b3ada-1.png\",\"width\":239,\"height\":159,\"caption\":\"Geodirect B.V.\"},\"image\":{\"@id\":\"https:\\\/\\\/www.geodirect.nl\\\/fr\\\/#\\\/schema\\\/logo\\\/image\\\/\"}}]}<\/script>\n<!-- \/ Yoast SEO plugin. -->","yoast_head_json":{"title":"Avis de non-responsabilit\u00e9 - Geodirect","description":"Avis de non-responsabilit\u00e9 Geodirect.","robots":{"index":"index","follow":"follow","max-snippet":"max-snippet:-1","max-image-preview":"max-image-preview:large","max-video-preview":"max-video-preview:-1"},"canonical":"https:\/\/www.geodirect.nl\/fr\/avis-de-non-responsabilite\/","og_locale":"fr_FR","og_type":"article","og_title":"Avis de non-responsabilit\u00e9 - Geodirect","og_description":"Avis de non-responsabilit\u00e9 Geodirect.","og_url":"https:\/\/www.geodirect.nl\/fr\/avis-de-non-responsabilite\/","og_site_name":"Geodirect","article_modified_time":"2026-02-23T09:20:10+00:00","twitter_card":"summary_large_image","twitter_misc":{"Dur\u00e9e de lecture estim\u00e9e":"7 minutes"},"schema":{"@context":"https:\/\/schema.org","@graph":[{"@type":"WebPage","@id":"https:\/\/www.geodirect.nl\/fr\/avis-de-non-responsabilite\/","url":"https:\/\/www.geodirect.nl\/fr\/avis-de-non-responsabilite\/","name":"Avis de non-responsabilit\u00e9 - Geodirect","isPartOf":{"@id":"https:\/\/www.geodirect.nl\/fr\/#website"},"datePublished":"2025-11-17T22:34:55+00:00","dateModified":"2026-02-23T09:20:10+00:00","description":"Avis de non-responsabilit\u00e9 Geodirect.","breadcrumb":{"@id":"https:\/\/www.geodirect.nl\/fr\/avis-de-non-responsabilite\/#breadcrumb"},"inLanguage":"fr-FR","potentialAction":[{"@type":"ReadAction","target":["https:\/\/www.geodirect.nl\/fr\/avis-de-non-responsabilite\/"]}]},{"@type":"BreadcrumbList","@id":"https:\/\/www.geodirect.nl\/fr\/avis-de-non-responsabilite\/#breadcrumb","itemListElement":[{"@type":"ListItem","position":1,"name":"Accueil","item":"https:\/\/www.geodirect.nl\/fr\/accueil\/"},{"@type":"ListItem","position":2,"name":"Avis de non-responsabilit\u00e9"}]},{"@type":"WebSite","@id":"https:\/\/www.geodirect.nl\/fr\/#website","url":"https:\/\/www.geodirect.nl\/fr\/","name":"Geodirect","description":"Technologie die vooruitgang drijft","publisher":{"@id":"https:\/\/www.geodirect.nl\/fr\/#organization"},"potentialAction":[{"@type":"SearchAction","target":{"@type":"EntryPoint","urlTemplate":"https:\/\/www.geodirect.nl\/fr\/?s={search_term_string}"},"query-input":{"@type":"PropertyValueSpecification","valueRequired":true,"valueName":"search_term_string"}}],"inLanguage":"fr-FR"},{"@type":"Organization","@id":"https:\/\/www.geodirect.nl\/fr\/#organization","name":"Geodirect B.V.","url":"https:\/\/www.geodirect.nl\/fr\/","logo":{"@type":"ImageObject","inLanguage":"fr-FR","@id":"https:\/\/www.geodirect.nl\/fr\/#\/schema\/logo\/image\/","url":"https:\/\/www.geodirect.nl\/wp-content\/uploads\/2025\/11\/87b06f73c1509d1450fec3e50f610637829b3ada-1.png","contentUrl":"https:\/\/www.geodirect.nl\/wp-content\/uploads\/2025\/11\/87b06f73c1509d1450fec3e50f610637829b3ada-1.png","width":239,"height":159,"caption":"Geodirect B.V."},"image":{"@id":"https:\/\/www.geodirect.nl\/fr\/#\/schema\/logo\/image\/"}}]}},"_links":{"self":[{"href":"https:\/\/www.geodirect.nl\/fr\/wp-json\/wp\/v2\/pages\/8336","targetHints":{"allow":["GET"]}}],"collection":[{"href":"https:\/\/www.geodirect.nl\/fr\/wp-json\/wp\/v2\/pages"}],"about":[{"href":"https:\/\/www.geodirect.nl\/fr\/wp-json\/wp\/v2\/types\/page"}],"author":[{"embeddable":true,"href":"https:\/\/www.geodirect.nl\/fr\/wp-json\/wp\/v2\/users\/1"}],"replies":[{"embeddable":true,"href":"https:\/\/www.geodirect.nl\/fr\/wp-json\/wp\/v2\/comments?post=8336"}],"version-history":[{"count":4,"href":"https:\/\/www.geodirect.nl\/fr\/wp-json\/wp\/v2\/pages\/8336\/revisions"}],"predecessor-version":[{"id":9922,"href":"https:\/\/www.geodirect.nl\/fr\/wp-json\/wp\/v2\/pages\/8336\/revisions\/9922"}],"wp:attachment":[{"href":"https:\/\/www.geodirect.nl\/fr\/wp-json\/wp\/v2\/media?parent=8336"}],"curies":[{"name":"wp","href":"https:\/\/api.w.org\/{rel}","templated":true}]}}