{"id":8705,"date":"2025-11-22T12:44:13","date_gmt":"2025-11-22T12:44:13","guid":{"rendered":"https:\/\/www.geodirect.nl\/product\/stonex-stx-dig-1d\/"},"modified":"2026-02-16T15:50:51","modified_gmt":"2026-02-16T15:50:51","slug":"stonex-stx-dig-1d","status":"publish","type":"product","link":"https:\/\/www.geodirect.nl\/fr\/produit\/stonex-stx-dig-1d\/","title":{"rendered":"Stonex STX-DIG 1D"},"content":{"rendered":"<p><strong>Les solutions de guidage d\u2019engins Stonex offrent un syst\u00e8me facile \u00e0 installer pour presque toutes les pelles et mini-pelles. Gr\u00e2ce au logiciel Android intuitif, tous les composants communiquent de mani\u00e8re fluide, vous permettant de d\u00e9marrer rapidement. Le syst\u00e8me est \u00e9volutif et s\u2019adapte \u00e0 vos besoins. Ce syst\u00e8me convivial vous permet de travailler efficacement sans barri\u00e8res techniques.   <\/strong><\/p>\n<p><iframe title=\"Lecteur vid\u00e9o YouTube\" src=\"https:\/\/www.youtube.com\/embed\/d6SKT5-1MKA?si=aHJQntnXE_Ylu4-g\" width=\"560\" height=\"315\" frameborder=\"0\" allowfullscreen=\"allowfullscreen\"><\/iframe><\/p>\n","protected":false},"excerpt":{"rendered":"<p>Guidage d\u2019engins Stonex STX-DIG 1D<\/p>\n","protected":false},"featured_media":4625,"template":"","meta":{"_acf_changed":false,"content-type":""},"product_brand":[87],"product_cat":[153,155],"product_tag":[],"class_list":{"0":"post-8705","1":"product","2":"type-product","3":"status-publish","4":"has-post-thumbnail","6":"product_brand-stonex","7":"product_cat-guidage-dengins","8":"product_cat-terrassement","10":"first","11":"instock","12":"shipping-taxable","13":"product-type-simple"},"acf":[],"yoast_head":"<!-- This site is optimized with the Yoast SEO plugin v27.3 - https:\/\/yoast.com\/product\/yoast-seo-wordpress\/ -->\n<title>Stonex STX-DIG 1D - Geodirect<\/title>\n<meta name=\"description\" content=\"Solutions de guidage d\u2019engins Stonex : un syst\u00e8me facile \u00e0 installer pour presque toutes les pelles et mini-pelles. Logiciel Android intuitif.\" \/>\n<meta name=\"robots\" content=\"index, follow, max-snippet:-1, max-image-preview:large, max-video-preview:-1\" \/>\n<link rel=\"canonical\" href=\"https:\/\/www.geodirect.nl\/fr\/produit\/stonex-stx-dig-1d\/\" \/>\n<meta property=\"og:locale\" content=\"fr_FR\" \/>\n<meta property=\"og:type\" content=\"article\" \/>\n<meta property=\"og:title\" content=\"Stonex STX-DIG 1D - Geodirect\" \/>\n<meta property=\"og:description\" content=\"Solutions de guidage d\u2019engins Stonex : un syst\u00e8me facile \u00e0 installer pour presque toutes les pelles et mini-pelles. Logiciel Android intuitif.\" \/>\n<meta property=\"og:url\" content=\"https:\/\/www.geodirect.nl\/fr\/produit\/stonex-stx-dig-1d\/\" \/>\n<meta property=\"og:site_name\" content=\"Geodirect\" \/>\n<meta property=\"article:modified_time\" content=\"2026-02-16T15:50:51+00:00\" \/>\n<meta property=\"og:image\" content=\"https:\/\/www.geodirect.nl\/wp-content\/uploads\/2025\/11\/geodirect-stonex-stx-dig-2d-thumbnail.jpg\" \/>\n\t<meta property=\"og:image:width\" content=\"260\" \/>\n\t<meta property=\"og:image:height\" content=\"218\" \/>\n\t<meta property=\"og:image:type\" content=\"image\/jpeg\" \/>\n<meta name=\"twitter:card\" content=\"summary_large_image\" \/>\n<script type=\"application\/ld+json\" class=\"yoast-schema-graph\">{\"@context\":\"https:\\\/\\\/schema.org\",\"@graph\":[{\"@type\":\"WebPage\",\"@id\":\"https:\\\/\\\/www.geodirect.nl\\\/fr\\\/produit\\\/stonex-stx-dig-1d\\\/\",\"url\":\"https:\\\/\\\/www.geodirect.nl\\\/fr\\\/produit\\\/stonex-stx-dig-1d\\\/\",\"name\":\"Stonex STX-DIG 1D - Geodirect\",\"isPartOf\":{\"@id\":\"https:\\\/\\\/www.geodirect.nl\\\/fr\\\/#website\"},\"primaryImageOfPage\":{\"@id\":\"https:\\\/\\\/www.geodirect.nl\\\/fr\\\/produit\\\/stonex-stx-dig-1d\\\/#primaryimage\"},\"image\":{\"@id\":\"https:\\\/\\\/www.geodirect.nl\\\/fr\\\/produit\\\/stonex-stx-dig-1d\\\/#primaryimage\"},\"thumbnailUrl\":\"https:\\\/\\\/www.geodirect.nl\\\/wp-content\\\/uploads\\\/2025\\\/11\\\/geodirect-stonex-stx-dig-2d-thumbnail.jpg\",\"datePublished\":\"2025-11-22T12:44:13+00:00\",\"dateModified\":\"2026-02-16T15:50:51+00:00\",\"description\":\"Solutions de guidage d\u2019engins Stonex : un syst\u00e8me facile \u00e0 installer pour presque toutes les pelles et mini-pelles. Logiciel Android intuitif.\",\"breadcrumb\":{\"@id\":\"https:\\\/\\\/www.geodirect.nl\\\/fr\\\/produit\\\/stonex-stx-dig-1d\\\/#breadcrumb\"},\"inLanguage\":\"fr-FR\",\"potentialAction\":[{\"@type\":\"ReadAction\",\"target\":[\"https:\\\/\\\/www.geodirect.nl\\\/fr\\\/produit\\\/stonex-stx-dig-1d\\\/\"]}]},{\"@type\":\"ImageObject\",\"inLanguage\":\"fr-FR\",\"@id\":\"https:\\\/\\\/www.geodirect.nl\\\/fr\\\/produit\\\/stonex-stx-dig-1d\\\/#primaryimage\",\"url\":\"https:\\\/\\\/www.geodirect.nl\\\/wp-content\\\/uploads\\\/2025\\\/11\\\/geodirect-stonex-stx-dig-2d-thumbnail.jpg\",\"contentUrl\":\"https:\\\/\\\/www.geodirect.nl\\\/wp-content\\\/uploads\\\/2025\\\/11\\\/geodirect-stonex-stx-dig-2d-thumbnail.jpg\",\"width\":260,\"height\":218},{\"@type\":\"BreadcrumbList\",\"@id\":\"https:\\\/\\\/www.geodirect.nl\\\/fr\\\/produit\\\/stonex-stx-dig-1d\\\/#breadcrumb\",\"itemListElement\":[{\"@type\":\"ListItem\",\"position\":1,\"name\":\"Accueil\",\"item\":\"https:\\\/\\\/www.geodirect.nl\\\/fr\\\/accueil\\\/\"},{\"@type\":\"ListItem\",\"position\":2,\"name\":\"Produits\",\"item\":\"https:\\\/\\\/www.geodirect.nl\\\/fr\\\/produits\\\/\"},{\"@type\":\"ListItem\",\"position\":3,\"name\":\"Guidage d\u2019engins\",\"item\":\"https:\\\/\\\/www.geodirect.nl\\\/fr\\\/product-categorie\\\/guidage-dengins\\\/\"},{\"@type\":\"ListItem\",\"position\":4,\"name\":\"Terrassement\",\"item\":\"https:\\\/\\\/www.geodirect.nl\\\/fr\\\/product-categorie\\\/guidage-dengins\\\/terrassement\\\/\"},{\"@type\":\"ListItem\",\"position\":5,\"name\":\"Stonex STX-DIG 1D\"}]},{\"@type\":\"WebSite\",\"@id\":\"https:\\\/\\\/www.geodirect.nl\\\/fr\\\/#website\",\"url\":\"https:\\\/\\\/www.geodirect.nl\\\/fr\\\/\",\"name\":\"Geodirect\",\"description\":\"Technologie die vooruitgang drijft\",\"publisher\":{\"@id\":\"https:\\\/\\\/www.geodirect.nl\\\/fr\\\/#organization\"},\"potentialAction\":[{\"@type\":\"SearchAction\",\"target\":{\"@type\":\"EntryPoint\",\"urlTemplate\":\"https:\\\/\\\/www.geodirect.nl\\\/fr\\\/?s={search_term_string}\"},\"query-input\":{\"@type\":\"PropertyValueSpecification\",\"valueRequired\":true,\"valueName\":\"search_term_string\"}}],\"inLanguage\":\"fr-FR\"},{\"@type\":\"Organization\",\"@id\":\"https:\\\/\\\/www.geodirect.nl\\\/fr\\\/#organization\",\"name\":\"Geodirect B.V.\",\"url\":\"https:\\\/\\\/www.geodirect.nl\\\/fr\\\/\",\"logo\":{\"@type\":\"ImageObject\",\"inLanguage\":\"fr-FR\",\"@id\":\"https:\\\/\\\/www.geodirect.nl\\\/fr\\\/#\\\/schema\\\/logo\\\/image\\\/\",\"url\":\"https:\\\/\\\/www.geodirect.nl\\\/wp-content\\\/uploads\\\/2025\\\/11\\\/87b06f73c1509d1450fec3e50f610637829b3ada-1.png\",\"contentUrl\":\"https:\\\/\\\/www.geodirect.nl\\\/wp-content\\\/uploads\\\/2025\\\/11\\\/87b06f73c1509d1450fec3e50f610637829b3ada-1.png\",\"width\":239,\"height\":159,\"caption\":\"Geodirect B.V.\"},\"image\":{\"@id\":\"https:\\\/\\\/www.geodirect.nl\\\/fr\\\/#\\\/schema\\\/logo\\\/image\\\/\"}}]}<\/script>\n<!-- \/ Yoast SEO plugin. -->","yoast_head_json":{"title":"Stonex STX-DIG 1D - Geodirect","description":"Solutions de guidage d\u2019engins Stonex : un syst\u00e8me facile \u00e0 installer pour presque toutes les pelles et mini-pelles. Logiciel Android intuitif.","robots":{"index":"index","follow":"follow","max-snippet":"max-snippet:-1","max-image-preview":"max-image-preview:large","max-video-preview":"max-video-preview:-1"},"canonical":"https:\/\/www.geodirect.nl\/fr\/produit\/stonex-stx-dig-1d\/","og_locale":"fr_FR","og_type":"article","og_title":"Stonex STX-DIG 1D - Geodirect","og_description":"Solutions de guidage d\u2019engins Stonex : un syst\u00e8me facile \u00e0 installer pour presque toutes les pelles et mini-pelles. Logiciel Android intuitif.","og_url":"https:\/\/www.geodirect.nl\/fr\/produit\/stonex-stx-dig-1d\/","og_site_name":"Geodirect","article_modified_time":"2026-02-16T15:50:51+00:00","og_image":[{"width":260,"height":218,"url":"https:\/\/www.geodirect.nl\/wp-content\/uploads\/2025\/11\/geodirect-stonex-stx-dig-2d-thumbnail.jpg","type":"image\/jpeg"}],"twitter_card":"summary_large_image","schema":{"@context":"https:\/\/schema.org","@graph":[{"@type":"WebPage","@id":"https:\/\/www.geodirect.nl\/fr\/produit\/stonex-stx-dig-1d\/","url":"https:\/\/www.geodirect.nl\/fr\/produit\/stonex-stx-dig-1d\/","name":"Stonex STX-DIG 1D - Geodirect","isPartOf":{"@id":"https:\/\/www.geodirect.nl\/fr\/#website"},"primaryImageOfPage":{"@id":"https:\/\/www.geodirect.nl\/fr\/produit\/stonex-stx-dig-1d\/#primaryimage"},"image":{"@id":"https:\/\/www.geodirect.nl\/fr\/produit\/stonex-stx-dig-1d\/#primaryimage"},"thumbnailUrl":"https:\/\/www.geodirect.nl\/wp-content\/uploads\/2025\/11\/geodirect-stonex-stx-dig-2d-thumbnail.jpg","datePublished":"2025-11-22T12:44:13+00:00","dateModified":"2026-02-16T15:50:51+00:00","description":"Solutions de guidage d\u2019engins Stonex : un syst\u00e8me facile \u00e0 installer pour presque toutes les pelles et mini-pelles. Logiciel Android intuitif.","breadcrumb":{"@id":"https:\/\/www.geodirect.nl\/fr\/produit\/stonex-stx-dig-1d\/#breadcrumb"},"inLanguage":"fr-FR","potentialAction":[{"@type":"ReadAction","target":["https:\/\/www.geodirect.nl\/fr\/produit\/stonex-stx-dig-1d\/"]}]},{"@type":"ImageObject","inLanguage":"fr-FR","@id":"https:\/\/www.geodirect.nl\/fr\/produit\/stonex-stx-dig-1d\/#primaryimage","url":"https:\/\/www.geodirect.nl\/wp-content\/uploads\/2025\/11\/geodirect-stonex-stx-dig-2d-thumbnail.jpg","contentUrl":"https:\/\/www.geodirect.nl\/wp-content\/uploads\/2025\/11\/geodirect-stonex-stx-dig-2d-thumbnail.jpg","width":260,"height":218},{"@type":"BreadcrumbList","@id":"https:\/\/www.geodirect.nl\/fr\/produit\/stonex-stx-dig-1d\/#breadcrumb","itemListElement":[{"@type":"ListItem","position":1,"name":"Accueil","item":"https:\/\/www.geodirect.nl\/fr\/accueil\/"},{"@type":"ListItem","position":2,"name":"Produits","item":"https:\/\/www.geodirect.nl\/fr\/produits\/"},{"@type":"ListItem","position":3,"name":"Guidage d\u2019engins","item":"https:\/\/www.geodirect.nl\/fr\/product-categorie\/guidage-dengins\/"},{"@type":"ListItem","position":4,"name":"Terrassement","item":"https:\/\/www.geodirect.nl\/fr\/product-categorie\/guidage-dengins\/terrassement\/"},{"@type":"ListItem","position":5,"name":"Stonex STX-DIG 1D"}]},{"@type":"WebSite","@id":"https:\/\/www.geodirect.nl\/fr\/#website","url":"https:\/\/www.geodirect.nl\/fr\/","name":"Geodirect","description":"Technologie die vooruitgang drijft","publisher":{"@id":"https:\/\/www.geodirect.nl\/fr\/#organization"},"potentialAction":[{"@type":"SearchAction","target":{"@type":"EntryPoint","urlTemplate":"https:\/\/www.geodirect.nl\/fr\/?s={search_term_string}"},"query-input":{"@type":"PropertyValueSpecification","valueRequired":true,"valueName":"search_term_string"}}],"inLanguage":"fr-FR"},{"@type":"Organization","@id":"https:\/\/www.geodirect.nl\/fr\/#organization","name":"Geodirect B.V.","url":"https:\/\/www.geodirect.nl\/fr\/","logo":{"@type":"ImageObject","inLanguage":"fr-FR","@id":"https:\/\/www.geodirect.nl\/fr\/#\/schema\/logo\/image\/","url":"https:\/\/www.geodirect.nl\/wp-content\/uploads\/2025\/11\/87b06f73c1509d1450fec3e50f610637829b3ada-1.png","contentUrl":"https:\/\/www.geodirect.nl\/wp-content\/uploads\/2025\/11\/87b06f73c1509d1450fec3e50f610637829b3ada-1.png","width":239,"height":159,"caption":"Geodirect B.V."},"image":{"@id":"https:\/\/www.geodirect.nl\/fr\/#\/schema\/logo\/image\/"}}]}},"_links":{"self":[{"href":"https:\/\/www.geodirect.nl\/fr\/wp-json\/wp\/v2\/product\/8705","targetHints":{"allow":["GET"]}}],"collection":[{"href":"https:\/\/www.geodirect.nl\/fr\/wp-json\/wp\/v2\/product"}],"about":[{"href":"https:\/\/www.geodirect.nl\/fr\/wp-json\/wp\/v2\/types\/product"}],"wp:featuredmedia":[{"embeddable":true,"href":"https:\/\/www.geodirect.nl\/fr\/wp-json\/wp\/v2\/media\/4625"}],"wp:attachment":[{"href":"https:\/\/www.geodirect.nl\/fr\/wp-json\/wp\/v2\/media?parent=8705"}],"wp:term":[{"taxonomy":"product_brand","embeddable":true,"href":"https:\/\/www.geodirect.nl\/fr\/wp-json\/wp\/v2\/product_brand?post=8705"},{"taxonomy":"product_cat","embeddable":true,"href":"https:\/\/www.geodirect.nl\/fr\/wp-json\/wp\/v2\/product_cat?post=8705"},{"taxonomy":"product_tag","embeddable":true,"href":"https:\/\/www.geodirect.nl\/fr\/wp-json\/wp\/v2\/product_tag?post=8705"}],"curies":[{"name":"wp","href":"https:\/\/api.w.org\/{rel}","templated":true}]}}