{"id":8779,"date":"2025-11-22T13:08:27","date_gmt":"2025-11-22T13:08:27","guid":{"rendered":"https:\/\/www.geodirect.nl\/product\/stonex-stx-ag200\/"},"modified":"2026-02-16T15:51:43","modified_gmt":"2026-02-16T15:51:43","slug":"stonex-stx-ag200","status":"publish","type":"product","link":"https:\/\/www.geodirect.nl\/fr\/produit\/stonex-stx-ag200\/","title":{"rendered":"Stonex STX-AG200"},"content":{"rendered":"<p><strong>Les solutions Stonex Agriculture sont con\u00e7ues pour simplifier vos travaux d\u2019agriculture de pr\u00e9cision et les rendre plus efficaces, \u00e9conomiques et \u00e9cologiques. Gr\u00e2ce \u00e0 une technologie de guidage GPS avanc\u00e9e, Stonex vous offre les outils n\u00e9cessaires pour optimiser l\u2019utilisation de vos machines agricoles. L\u2019installation simple et le logiciel convivial permettent de param\u00e9trer rapidement et pr\u00e9cis\u00e9ment l\u2019ensemble des param\u00e8tres pour travailler en toute confiance.  <\/strong><\/p>\n<p><iframe title=\"Lecteur vid\u00e9o YouTube\" src=\"https:\/\/www.youtube.com\/embed\/BBqFwRWJTBw?si=9PaviXZtGpfNP7kC\" width=\"560\" height=\"315\" frameborder=\"0\" allowfullscreen=\"allowfullscreen\"><\/iframe><\/p>\n","protected":false},"excerpt":{"rendered":"<p>Syst\u00e8me de guidage Stonex STX-AG200<\/p>\n","protected":false},"featured_media":4654,"template":"","meta":{"_acf_changed":false,"content-type":""},"product_brand":[87],"product_cat":[161,153],"product_tag":[],"class_list":{"0":"post-8779","1":"product","2":"type-product","3":"status-publish","4":"has-post-thumbnail","6":"product_brand-stonex","7":"product_cat-agriculture","8":"product_cat-guidage-dengins","10":"first","11":"instock","12":"shipping-taxable","13":"product-type-simple"},"acf":[],"yoast_head":"<!-- This site is optimized with the Yoast SEO plugin v27.3 - https:\/\/yoast.com\/product\/yoast-seo-wordpress\/ -->\n<title>Stonex STX-AG200 - Geodirect<\/title>\n<meta name=\"description\" content=\"Les solutions Stonex Agriculture sont sp\u00e9cialement con\u00e7ues pour rendre vos op\u00e9rations d\u2019agriculture de pr\u00e9cision plus simples, plus efficaces, plus \u00e9conomiques et plus \u00e9cologiques.\" \/>\n<meta name=\"robots\" content=\"index, follow, max-snippet:-1, max-image-preview:large, max-video-preview:-1\" \/>\n<link rel=\"canonical\" href=\"https:\/\/www.geodirect.nl\/fr\/produit\/stonex-stx-ag200\/\" \/>\n<meta property=\"og:locale\" content=\"fr_FR\" \/>\n<meta property=\"og:type\" content=\"article\" \/>\n<meta property=\"og:title\" content=\"Stonex STX-AG200 - Geodirect\" \/>\n<meta property=\"og:description\" content=\"Les solutions Stonex Agriculture sont sp\u00e9cialement con\u00e7ues pour rendre vos op\u00e9rations d\u2019agriculture de pr\u00e9cision plus simples, plus efficaces, plus \u00e9conomiques et plus \u00e9cologiques.\" \/>\n<meta property=\"og:url\" content=\"https:\/\/www.geodirect.nl\/fr\/produit\/stonex-stx-ag200\/\" \/>\n<meta property=\"og:site_name\" content=\"Geodirect\" \/>\n<meta property=\"article:modified_time\" content=\"2026-02-16T15:51:43+00:00\" \/>\n<meta property=\"og:image\" content=\"https:\/\/www.geodirect.nl\/wp-content\/uploads\/2025\/11\/geodirect-stonex-AG200_thumbnail-1.jpg\" \/>\n\t<meta property=\"og:image:width\" content=\"260\" \/>\n\t<meta property=\"og:image:height\" content=\"218\" \/>\n\t<meta property=\"og:image:type\" content=\"image\/jpeg\" \/>\n<meta name=\"twitter:card\" content=\"summary_large_image\" \/>\n<script type=\"application\/ld+json\" class=\"yoast-schema-graph\">{\"@context\":\"https:\\\/\\\/schema.org\",\"@graph\":[{\"@type\":\"WebPage\",\"@id\":\"https:\\\/\\\/www.geodirect.nl\\\/fr\\\/produit\\\/stonex-stx-ag200\\\/\",\"url\":\"https:\\\/\\\/www.geodirect.nl\\\/fr\\\/produit\\\/stonex-stx-ag200\\\/\",\"name\":\"Stonex STX-AG200 - Geodirect\",\"isPartOf\":{\"@id\":\"https:\\\/\\\/www.geodirect.nl\\\/fr\\\/#website\"},\"primaryImageOfPage\":{\"@id\":\"https:\\\/\\\/www.geodirect.nl\\\/fr\\\/produit\\\/stonex-stx-ag200\\\/#primaryimage\"},\"image\":{\"@id\":\"https:\\\/\\\/www.geodirect.nl\\\/fr\\\/produit\\\/stonex-stx-ag200\\\/#primaryimage\"},\"thumbnailUrl\":\"https:\\\/\\\/www.geodirect.nl\\\/wp-content\\\/uploads\\\/2025\\\/11\\\/geodirect-stonex-AG200_thumbnail-1.jpg\",\"datePublished\":\"2025-11-22T13:08:27+00:00\",\"dateModified\":\"2026-02-16T15:51:43+00:00\",\"description\":\"Les solutions Stonex Agriculture sont sp\u00e9cialement con\u00e7ues pour rendre vos op\u00e9rations d\u2019agriculture de pr\u00e9cision plus simples, plus efficaces, plus \u00e9conomiques et plus \u00e9cologiques.\",\"breadcrumb\":{\"@id\":\"https:\\\/\\\/www.geodirect.nl\\\/fr\\\/produit\\\/stonex-stx-ag200\\\/#breadcrumb\"},\"inLanguage\":\"fr-FR\",\"potentialAction\":[{\"@type\":\"ReadAction\",\"target\":[\"https:\\\/\\\/www.geodirect.nl\\\/fr\\\/produit\\\/stonex-stx-ag200\\\/\"]}]},{\"@type\":\"ImageObject\",\"inLanguage\":\"fr-FR\",\"@id\":\"https:\\\/\\\/www.geodirect.nl\\\/fr\\\/produit\\\/stonex-stx-ag200\\\/#primaryimage\",\"url\":\"https:\\\/\\\/www.geodirect.nl\\\/wp-content\\\/uploads\\\/2025\\\/11\\\/geodirect-stonex-AG200_thumbnail-1.jpg\",\"contentUrl\":\"https:\\\/\\\/www.geodirect.nl\\\/wp-content\\\/uploads\\\/2025\\\/11\\\/geodirect-stonex-AG200_thumbnail-1.jpg\",\"width\":260,\"height\":218},{\"@type\":\"BreadcrumbList\",\"@id\":\"https:\\\/\\\/www.geodirect.nl\\\/fr\\\/produit\\\/stonex-stx-ag200\\\/#breadcrumb\",\"itemListElement\":[{\"@type\":\"ListItem\",\"position\":1,\"name\":\"Accueil\",\"item\":\"https:\\\/\\\/www.geodirect.nl\\\/fr\\\/accueil\\\/\"},{\"@type\":\"ListItem\",\"position\":2,\"name\":\"Produits\",\"item\":\"https:\\\/\\\/www.geodirect.nl\\\/fr\\\/produits\\\/\"},{\"@type\":\"ListItem\",\"position\":3,\"name\":\"Stonex STX-AG200\"}]},{\"@type\":\"WebSite\",\"@id\":\"https:\\\/\\\/www.geodirect.nl\\\/fr\\\/#website\",\"url\":\"https:\\\/\\\/www.geodirect.nl\\\/fr\\\/\",\"name\":\"Geodirect\",\"description\":\"Technologie die vooruitgang drijft\",\"publisher\":{\"@id\":\"https:\\\/\\\/www.geodirect.nl\\\/fr\\\/#organization\"},\"potentialAction\":[{\"@type\":\"SearchAction\",\"target\":{\"@type\":\"EntryPoint\",\"urlTemplate\":\"https:\\\/\\\/www.geodirect.nl\\\/fr\\\/?s={search_term_string}\"},\"query-input\":{\"@type\":\"PropertyValueSpecification\",\"valueRequired\":true,\"valueName\":\"search_term_string\"}}],\"inLanguage\":\"fr-FR\"},{\"@type\":\"Organization\",\"@id\":\"https:\\\/\\\/www.geodirect.nl\\\/fr\\\/#organization\",\"name\":\"Geodirect B.V.\",\"url\":\"https:\\\/\\\/www.geodirect.nl\\\/fr\\\/\",\"logo\":{\"@type\":\"ImageObject\",\"inLanguage\":\"fr-FR\",\"@id\":\"https:\\\/\\\/www.geodirect.nl\\\/fr\\\/#\\\/schema\\\/logo\\\/image\\\/\",\"url\":\"https:\\\/\\\/www.geodirect.nl\\\/wp-content\\\/uploads\\\/2025\\\/11\\\/87b06f73c1509d1450fec3e50f610637829b3ada-1.png\",\"contentUrl\":\"https:\\\/\\\/www.geodirect.nl\\\/wp-content\\\/uploads\\\/2025\\\/11\\\/87b06f73c1509d1450fec3e50f610637829b3ada-1.png\",\"width\":239,\"height\":159,\"caption\":\"Geodirect B.V.\"},\"image\":{\"@id\":\"https:\\\/\\\/www.geodirect.nl\\\/fr\\\/#\\\/schema\\\/logo\\\/image\\\/\"}}]}<\/script>\n<!-- \/ Yoast SEO plugin. -->","yoast_head_json":{"title":"Stonex STX-AG200 - Geodirect","description":"Les solutions Stonex Agriculture sont sp\u00e9cialement con\u00e7ues pour rendre vos op\u00e9rations d\u2019agriculture de pr\u00e9cision plus simples, plus efficaces, plus \u00e9conomiques et plus \u00e9cologiques.","robots":{"index":"index","follow":"follow","max-snippet":"max-snippet:-1","max-image-preview":"max-image-preview:large","max-video-preview":"max-video-preview:-1"},"canonical":"https:\/\/www.geodirect.nl\/fr\/produit\/stonex-stx-ag200\/","og_locale":"fr_FR","og_type":"article","og_title":"Stonex STX-AG200 - Geodirect","og_description":"Les solutions Stonex Agriculture sont sp\u00e9cialement con\u00e7ues pour rendre vos op\u00e9rations d\u2019agriculture de pr\u00e9cision plus simples, plus efficaces, plus \u00e9conomiques et plus \u00e9cologiques.","og_url":"https:\/\/www.geodirect.nl\/fr\/produit\/stonex-stx-ag200\/","og_site_name":"Geodirect","article_modified_time":"2026-02-16T15:51:43+00:00","og_image":[{"width":260,"height":218,"url":"https:\/\/www.geodirect.nl\/wp-content\/uploads\/2025\/11\/geodirect-stonex-AG200_thumbnail-1.jpg","type":"image\/jpeg"}],"twitter_card":"summary_large_image","schema":{"@context":"https:\/\/schema.org","@graph":[{"@type":"WebPage","@id":"https:\/\/www.geodirect.nl\/fr\/produit\/stonex-stx-ag200\/","url":"https:\/\/www.geodirect.nl\/fr\/produit\/stonex-stx-ag200\/","name":"Stonex STX-AG200 - Geodirect","isPartOf":{"@id":"https:\/\/www.geodirect.nl\/fr\/#website"},"primaryImageOfPage":{"@id":"https:\/\/www.geodirect.nl\/fr\/produit\/stonex-stx-ag200\/#primaryimage"},"image":{"@id":"https:\/\/www.geodirect.nl\/fr\/produit\/stonex-stx-ag200\/#primaryimage"},"thumbnailUrl":"https:\/\/www.geodirect.nl\/wp-content\/uploads\/2025\/11\/geodirect-stonex-AG200_thumbnail-1.jpg","datePublished":"2025-11-22T13:08:27+00:00","dateModified":"2026-02-16T15:51:43+00:00","description":"Les solutions Stonex Agriculture sont sp\u00e9cialement con\u00e7ues pour rendre vos op\u00e9rations d\u2019agriculture de pr\u00e9cision plus simples, plus efficaces, plus \u00e9conomiques et plus \u00e9cologiques.","breadcrumb":{"@id":"https:\/\/www.geodirect.nl\/fr\/produit\/stonex-stx-ag200\/#breadcrumb"},"inLanguage":"fr-FR","potentialAction":[{"@type":"ReadAction","target":["https:\/\/www.geodirect.nl\/fr\/produit\/stonex-stx-ag200\/"]}]},{"@type":"ImageObject","inLanguage":"fr-FR","@id":"https:\/\/www.geodirect.nl\/fr\/produit\/stonex-stx-ag200\/#primaryimage","url":"https:\/\/www.geodirect.nl\/wp-content\/uploads\/2025\/11\/geodirect-stonex-AG200_thumbnail-1.jpg","contentUrl":"https:\/\/www.geodirect.nl\/wp-content\/uploads\/2025\/11\/geodirect-stonex-AG200_thumbnail-1.jpg","width":260,"height":218},{"@type":"BreadcrumbList","@id":"https:\/\/www.geodirect.nl\/fr\/produit\/stonex-stx-ag200\/#breadcrumb","itemListElement":[{"@type":"ListItem","position":1,"name":"Accueil","item":"https:\/\/www.geodirect.nl\/fr\/accueil\/"},{"@type":"ListItem","position":2,"name":"Produits","item":"https:\/\/www.geodirect.nl\/fr\/produits\/"},{"@type":"ListItem","position":3,"name":"Stonex STX-AG200"}]},{"@type":"WebSite","@id":"https:\/\/www.geodirect.nl\/fr\/#website","url":"https:\/\/www.geodirect.nl\/fr\/","name":"Geodirect","description":"Technologie die vooruitgang drijft","publisher":{"@id":"https:\/\/www.geodirect.nl\/fr\/#organization"},"potentialAction":[{"@type":"SearchAction","target":{"@type":"EntryPoint","urlTemplate":"https:\/\/www.geodirect.nl\/fr\/?s={search_term_string}"},"query-input":{"@type":"PropertyValueSpecification","valueRequired":true,"valueName":"search_term_string"}}],"inLanguage":"fr-FR"},{"@type":"Organization","@id":"https:\/\/www.geodirect.nl\/fr\/#organization","name":"Geodirect B.V.","url":"https:\/\/www.geodirect.nl\/fr\/","logo":{"@type":"ImageObject","inLanguage":"fr-FR","@id":"https:\/\/www.geodirect.nl\/fr\/#\/schema\/logo\/image\/","url":"https:\/\/www.geodirect.nl\/wp-content\/uploads\/2025\/11\/87b06f73c1509d1450fec3e50f610637829b3ada-1.png","contentUrl":"https:\/\/www.geodirect.nl\/wp-content\/uploads\/2025\/11\/87b06f73c1509d1450fec3e50f610637829b3ada-1.png","width":239,"height":159,"caption":"Geodirect B.V."},"image":{"@id":"https:\/\/www.geodirect.nl\/fr\/#\/schema\/logo\/image\/"}}]}},"_links":{"self":[{"href":"https:\/\/www.geodirect.nl\/fr\/wp-json\/wp\/v2\/product\/8779","targetHints":{"allow":["GET"]}}],"collection":[{"href":"https:\/\/www.geodirect.nl\/fr\/wp-json\/wp\/v2\/product"}],"about":[{"href":"https:\/\/www.geodirect.nl\/fr\/wp-json\/wp\/v2\/types\/product"}],"wp:featuredmedia":[{"embeddable":true,"href":"https:\/\/www.geodirect.nl\/fr\/wp-json\/wp\/v2\/media\/4654"}],"wp:attachment":[{"href":"https:\/\/www.geodirect.nl\/fr\/wp-json\/wp\/v2\/media?parent=8779"}],"wp:term":[{"taxonomy":"product_brand","embeddable":true,"href":"https:\/\/www.geodirect.nl\/fr\/wp-json\/wp\/v2\/product_brand?post=8779"},{"taxonomy":"product_cat","embeddable":true,"href":"https:\/\/www.geodirect.nl\/fr\/wp-json\/wp\/v2\/product_cat?post=8779"},{"taxonomy":"product_tag","embeddable":true,"href":"https:\/\/www.geodirect.nl\/fr\/wp-json\/wp\/v2\/product_tag?post=8779"}],"curies":[{"name":"wp","href":"https:\/\/api.w.org\/{rel}","templated":true}]}}