{"id":9119,"date":"2025-11-22T11:45:26","date_gmt":"2025-11-22T11:45:26","guid":{"rendered":"https:\/\/www.geodirect.nl\/product\/stonex-r25\/"},"modified":"2026-02-16T15:52:09","modified_gmt":"2026-02-16T15:52:09","slug":"stonex-r25","status":"publish","type":"product","link":"https:\/\/www.geodirect.nl\/fr\/produit\/stonex-r25\/","title":{"rendered":"Stonex R25"},"content":{"rendered":"<p><b>Les stations totales Stonex sont simples d\u2019utilisation et con\u00e7ues pour r\u00e9pondre \u00e0 tous les besoins des utilisateurs. La Stonex R25 allie une haute pr\u00e9cision \u00e0 une grande port\u00e9e sans r\u00e9flecteur. Cet instrument convient aux lev\u00e9s cadastraux, \u00e0 la topographie, \u00e0 l\u2019implantation et aux missions de surveillance critiques n\u00e9cessitant une grande pr\u00e9cision.  <\/b><\/p>\n","protected":false},"excerpt":{"rendered":"<p>Station totale Stonex R25<\/p>\n","protected":false},"featured_media":4471,"template":"","meta":{"_acf_changed":false,"content-type":""},"product_brand":[87],"product_cat":[181,182],"product_tag":[],"class_list":{"0":"post-9119","1":"product","2":"type-product","3":"status-publish","4":"has-post-thumbnail","6":"product_brand-stonex","7":"product_cat-mesure-optique","8":"product_cat-stations-totales","10":"first","11":"instock","12":"shipping-taxable","13":"product-type-simple"},"acf":[],"yoast_head":"<!-- This site is optimized with the Yoast SEO plugin v27.3 - https:\/\/yoast.com\/product\/yoast-seo-wordpress\/ -->\n<title>Stonex R25 - Geodirect<\/title>\n<meta name=\"description\" content=\"Les stations totales Stonex R25 sont simples d\u2019utilisation et con\u00e7ues pour r\u00e9pondre \u00e0 tous les besoins : pr\u00e9cision et grande port\u00e9e sans r\u00e9flecteur.\" \/>\n<meta name=\"robots\" content=\"index, follow, max-snippet:-1, max-image-preview:large, max-video-preview:-1\" \/>\n<link rel=\"canonical\" href=\"https:\/\/www.geodirect.nl\/fr\/produit\/stonex-r25\/\" \/>\n<meta property=\"og:locale\" content=\"fr_FR\" \/>\n<meta property=\"og:type\" content=\"article\" \/>\n<meta property=\"og:title\" content=\"Stonex R25 - Geodirect\" \/>\n<meta property=\"og:description\" content=\"Les stations totales Stonex R25 sont simples d\u2019utilisation et con\u00e7ues pour r\u00e9pondre \u00e0 tous les besoins : pr\u00e9cision et grande port\u00e9e sans r\u00e9flecteur.\" \/>\n<meta property=\"og:url\" content=\"https:\/\/www.geodirect.nl\/fr\/produit\/stonex-r25\/\" \/>\n<meta property=\"og:site_name\" content=\"Geodirect\" \/>\n<meta property=\"article:modified_time\" content=\"2026-02-16T15:52:09+00:00\" \/>\n<meta property=\"og:image\" content=\"https:\/\/www.geodirect.nl\/wp-content\/uploads\/2025\/11\/R25_thumbnail.jpg\" \/>\n\t<meta property=\"og:image:width\" content=\"259\" \/>\n\t<meta property=\"og:image:height\" content=\"218\" \/>\n\t<meta property=\"og:image:type\" content=\"image\/jpeg\" \/>\n<meta name=\"twitter:card\" content=\"summary_large_image\" \/>\n<script type=\"application\/ld+json\" class=\"yoast-schema-graph\">{\"@context\":\"https:\\\/\\\/schema.org\",\"@graph\":[{\"@type\":\"WebPage\",\"@id\":\"https:\\\/\\\/www.geodirect.nl\\\/fr\\\/produit\\\/stonex-r25\\\/\",\"url\":\"https:\\\/\\\/www.geodirect.nl\\\/fr\\\/produit\\\/stonex-r25\\\/\",\"name\":\"Stonex R25 - Geodirect\",\"isPartOf\":{\"@id\":\"https:\\\/\\\/www.geodirect.nl\\\/fr\\\/#website\"},\"primaryImageOfPage\":{\"@id\":\"https:\\\/\\\/www.geodirect.nl\\\/fr\\\/produit\\\/stonex-r25\\\/#primaryimage\"},\"image\":{\"@id\":\"https:\\\/\\\/www.geodirect.nl\\\/fr\\\/produit\\\/stonex-r25\\\/#primaryimage\"},\"thumbnailUrl\":\"https:\\\/\\\/www.geodirect.nl\\\/wp-content\\\/uploads\\\/2025\\\/11\\\/R25_thumbnail.jpg\",\"datePublished\":\"2025-11-22T11:45:26+00:00\",\"dateModified\":\"2026-02-16T15:52:09+00:00\",\"description\":\"Les stations totales Stonex R25 sont simples d\u2019utilisation et con\u00e7ues pour r\u00e9pondre \u00e0 tous les besoins : pr\u00e9cision et grande port\u00e9e sans r\u00e9flecteur.\",\"breadcrumb\":{\"@id\":\"https:\\\/\\\/www.geodirect.nl\\\/fr\\\/produit\\\/stonex-r25\\\/#breadcrumb\"},\"inLanguage\":\"fr-FR\",\"potentialAction\":[{\"@type\":\"ReadAction\",\"target\":[\"https:\\\/\\\/www.geodirect.nl\\\/fr\\\/produit\\\/stonex-r25\\\/\"]}]},{\"@type\":\"ImageObject\",\"inLanguage\":\"fr-FR\",\"@id\":\"https:\\\/\\\/www.geodirect.nl\\\/fr\\\/produit\\\/stonex-r25\\\/#primaryimage\",\"url\":\"https:\\\/\\\/www.geodirect.nl\\\/wp-content\\\/uploads\\\/2025\\\/11\\\/R25_thumbnail.jpg\",\"contentUrl\":\"https:\\\/\\\/www.geodirect.nl\\\/wp-content\\\/uploads\\\/2025\\\/11\\\/R25_thumbnail.jpg\",\"width\":259,\"height\":218},{\"@type\":\"BreadcrumbList\",\"@id\":\"https:\\\/\\\/www.geodirect.nl\\\/fr\\\/produit\\\/stonex-r25\\\/#breadcrumb\",\"itemListElement\":[{\"@type\":\"ListItem\",\"position\":1,\"name\":\"Accueil\",\"item\":\"https:\\\/\\\/www.geodirect.nl\\\/fr\\\/accueil\\\/\"},{\"@type\":\"ListItem\",\"position\":2,\"name\":\"Produits\",\"item\":\"https:\\\/\\\/www.geodirect.nl\\\/fr\\\/produits\\\/\"},{\"@type\":\"ListItem\",\"position\":3,\"name\":\"Stonex R25\"}]},{\"@type\":\"WebSite\",\"@id\":\"https:\\\/\\\/www.geodirect.nl\\\/fr\\\/#website\",\"url\":\"https:\\\/\\\/www.geodirect.nl\\\/fr\\\/\",\"name\":\"Geodirect\",\"description\":\"Technologie die vooruitgang drijft\",\"publisher\":{\"@id\":\"https:\\\/\\\/www.geodirect.nl\\\/fr\\\/#organization\"},\"potentialAction\":[{\"@type\":\"SearchAction\",\"target\":{\"@type\":\"EntryPoint\",\"urlTemplate\":\"https:\\\/\\\/www.geodirect.nl\\\/fr\\\/?s={search_term_string}\"},\"query-input\":{\"@type\":\"PropertyValueSpecification\",\"valueRequired\":true,\"valueName\":\"search_term_string\"}}],\"inLanguage\":\"fr-FR\"},{\"@type\":\"Organization\",\"@id\":\"https:\\\/\\\/www.geodirect.nl\\\/fr\\\/#organization\",\"name\":\"Geodirect B.V.\",\"url\":\"https:\\\/\\\/www.geodirect.nl\\\/fr\\\/\",\"logo\":{\"@type\":\"ImageObject\",\"inLanguage\":\"fr-FR\",\"@id\":\"https:\\\/\\\/www.geodirect.nl\\\/fr\\\/#\\\/schema\\\/logo\\\/image\\\/\",\"url\":\"https:\\\/\\\/www.geodirect.nl\\\/wp-content\\\/uploads\\\/2025\\\/11\\\/87b06f73c1509d1450fec3e50f610637829b3ada-1.png\",\"contentUrl\":\"https:\\\/\\\/www.geodirect.nl\\\/wp-content\\\/uploads\\\/2025\\\/11\\\/87b06f73c1509d1450fec3e50f610637829b3ada-1.png\",\"width\":239,\"height\":159,\"caption\":\"Geodirect B.V.\"},\"image\":{\"@id\":\"https:\\\/\\\/www.geodirect.nl\\\/fr\\\/#\\\/schema\\\/logo\\\/image\\\/\"}}]}<\/script>\n<!-- \/ Yoast SEO plugin. -->","yoast_head_json":{"title":"Stonex R25 - Geodirect","description":"Les stations totales Stonex R25 sont simples d\u2019utilisation et con\u00e7ues pour r\u00e9pondre \u00e0 tous les besoins : pr\u00e9cision et grande port\u00e9e sans r\u00e9flecteur.","robots":{"index":"index","follow":"follow","max-snippet":"max-snippet:-1","max-image-preview":"max-image-preview:large","max-video-preview":"max-video-preview:-1"},"canonical":"https:\/\/www.geodirect.nl\/fr\/produit\/stonex-r25\/","og_locale":"fr_FR","og_type":"article","og_title":"Stonex R25 - Geodirect","og_description":"Les stations totales Stonex R25 sont simples d\u2019utilisation et con\u00e7ues pour r\u00e9pondre \u00e0 tous les besoins : pr\u00e9cision et grande port\u00e9e sans r\u00e9flecteur.","og_url":"https:\/\/www.geodirect.nl\/fr\/produit\/stonex-r25\/","og_site_name":"Geodirect","article_modified_time":"2026-02-16T15:52:09+00:00","og_image":[{"width":259,"height":218,"url":"https:\/\/www.geodirect.nl\/wp-content\/uploads\/2025\/11\/R25_thumbnail.jpg","type":"image\/jpeg"}],"twitter_card":"summary_large_image","schema":{"@context":"https:\/\/schema.org","@graph":[{"@type":"WebPage","@id":"https:\/\/www.geodirect.nl\/fr\/produit\/stonex-r25\/","url":"https:\/\/www.geodirect.nl\/fr\/produit\/stonex-r25\/","name":"Stonex R25 - Geodirect","isPartOf":{"@id":"https:\/\/www.geodirect.nl\/fr\/#website"},"primaryImageOfPage":{"@id":"https:\/\/www.geodirect.nl\/fr\/produit\/stonex-r25\/#primaryimage"},"image":{"@id":"https:\/\/www.geodirect.nl\/fr\/produit\/stonex-r25\/#primaryimage"},"thumbnailUrl":"https:\/\/www.geodirect.nl\/wp-content\/uploads\/2025\/11\/R25_thumbnail.jpg","datePublished":"2025-11-22T11:45:26+00:00","dateModified":"2026-02-16T15:52:09+00:00","description":"Les stations totales Stonex R25 sont simples d\u2019utilisation et con\u00e7ues pour r\u00e9pondre \u00e0 tous les besoins : pr\u00e9cision et grande port\u00e9e sans r\u00e9flecteur.","breadcrumb":{"@id":"https:\/\/www.geodirect.nl\/fr\/produit\/stonex-r25\/#breadcrumb"},"inLanguage":"fr-FR","potentialAction":[{"@type":"ReadAction","target":["https:\/\/www.geodirect.nl\/fr\/produit\/stonex-r25\/"]}]},{"@type":"ImageObject","inLanguage":"fr-FR","@id":"https:\/\/www.geodirect.nl\/fr\/produit\/stonex-r25\/#primaryimage","url":"https:\/\/www.geodirect.nl\/wp-content\/uploads\/2025\/11\/R25_thumbnail.jpg","contentUrl":"https:\/\/www.geodirect.nl\/wp-content\/uploads\/2025\/11\/R25_thumbnail.jpg","width":259,"height":218},{"@type":"BreadcrumbList","@id":"https:\/\/www.geodirect.nl\/fr\/produit\/stonex-r25\/#breadcrumb","itemListElement":[{"@type":"ListItem","position":1,"name":"Accueil","item":"https:\/\/www.geodirect.nl\/fr\/accueil\/"},{"@type":"ListItem","position":2,"name":"Produits","item":"https:\/\/www.geodirect.nl\/fr\/produits\/"},{"@type":"ListItem","position":3,"name":"Stonex R25"}]},{"@type":"WebSite","@id":"https:\/\/www.geodirect.nl\/fr\/#website","url":"https:\/\/www.geodirect.nl\/fr\/","name":"Geodirect","description":"Technologie die vooruitgang drijft","publisher":{"@id":"https:\/\/www.geodirect.nl\/fr\/#organization"},"potentialAction":[{"@type":"SearchAction","target":{"@type":"EntryPoint","urlTemplate":"https:\/\/www.geodirect.nl\/fr\/?s={search_term_string}"},"query-input":{"@type":"PropertyValueSpecification","valueRequired":true,"valueName":"search_term_string"}}],"inLanguage":"fr-FR"},{"@type":"Organization","@id":"https:\/\/www.geodirect.nl\/fr\/#organization","name":"Geodirect B.V.","url":"https:\/\/www.geodirect.nl\/fr\/","logo":{"@type":"ImageObject","inLanguage":"fr-FR","@id":"https:\/\/www.geodirect.nl\/fr\/#\/schema\/logo\/image\/","url":"https:\/\/www.geodirect.nl\/wp-content\/uploads\/2025\/11\/87b06f73c1509d1450fec3e50f610637829b3ada-1.png","contentUrl":"https:\/\/www.geodirect.nl\/wp-content\/uploads\/2025\/11\/87b06f73c1509d1450fec3e50f610637829b3ada-1.png","width":239,"height":159,"caption":"Geodirect B.V."},"image":{"@id":"https:\/\/www.geodirect.nl\/fr\/#\/schema\/logo\/image\/"}}]}},"_links":{"self":[{"href":"https:\/\/www.geodirect.nl\/fr\/wp-json\/wp\/v2\/product\/9119","targetHints":{"allow":["GET"]}}],"collection":[{"href":"https:\/\/www.geodirect.nl\/fr\/wp-json\/wp\/v2\/product"}],"about":[{"href":"https:\/\/www.geodirect.nl\/fr\/wp-json\/wp\/v2\/types\/product"}],"wp:featuredmedia":[{"embeddable":true,"href":"https:\/\/www.geodirect.nl\/fr\/wp-json\/wp\/v2\/media\/4471"}],"wp:attachment":[{"href":"https:\/\/www.geodirect.nl\/fr\/wp-json\/wp\/v2\/media?parent=9119"}],"wp:term":[{"taxonomy":"product_brand","embeddable":true,"href":"https:\/\/www.geodirect.nl\/fr\/wp-json\/wp\/v2\/product_brand?post=9119"},{"taxonomy":"product_cat","embeddable":true,"href":"https:\/\/www.geodirect.nl\/fr\/wp-json\/wp\/v2\/product_cat?post=9119"},{"taxonomy":"product_tag","embeddable":true,"href":"https:\/\/www.geodirect.nl\/fr\/wp-json\/wp\/v2\/product_tag?post=9119"}],"curies":[{"name":"wp","href":"https:\/\/api.w.org\/{rel}","templated":true}]}}