{"id":9383,"date":"2025-11-22T13:42:30","date_gmt":"2025-11-22T13:42:30","guid":{"rendered":"https:\/\/www.geodirect.nl\/product\/rd8100\/"},"modified":"2026-02-16T15:58:18","modified_gmt":"2026-02-16T15:58:18","slug":"rd8100","status":"publish","type":"product","link":"https:\/\/www.geodirect.nl\/fr\/produit\/rd8100\/","title":{"rendered":"RD8100"},"content":{"rendered":"<p><strong>Le localisateur de marqueurs RF et de c\u00e2bles Radiodetection RD8100 est con\u00e7u pour les professionnels de l\u2019excavation devant localiser des marqueurs RF ainsi que des c\u00e2bles et canalisations enterr\u00e9s. L\u2019utilisation du localisateur RD8100 contribue \u00e0 une culture de s\u00e9curit\u00e9 proactive au sein de votre organisation et r\u00e9duit le risque d\u2019accidents graves lors des travaux d\u2019excavation, tels que les arcs \u00e9lectriques et l\u2019\u00e9lectrocution, qui peuvent \u00eatre fatals. <\/strong><\/p>\n<p><iframe title=\"Lecteur vid\u00e9o YouTube\" src=\"https:\/\/www.youtube.com\/embed\/hp7ardvMUX8?si=r1ps1DuBwQ52lS6P\" width=\"560\" height=\"315\" frameborder=\"0\" allowfullscreen=\"allowfullscreen\"><\/iframe><\/p>\n","protected":false},"excerpt":{"rendered":"<p>Localisateur de marqueurs RF Radiodetection RD8100<\/p>\n","protected":false},"featured_media":4742,"template":"","meta":{"_acf_changed":false,"content-type":""},"product_brand":[91],"product_cat":[207,201],"product_tag":[],"class_list":{"0":"post-9383","1":"product","2":"type-product","3":"status-publish","4":"has-post-thumbnail","6":"product_brand-radiodetection","7":"product_cat-detecteurs-de-cables","8":"product_cat-detection","10":"first","11":"instock","12":"shipping-taxable","13":"product-type-simple"},"acf":[],"yoast_head":"<!-- This site is optimized with the Yoast SEO plugin v27.3 - https:\/\/yoast.com\/product\/yoast-seo-wordpress\/ -->\n<title>RD8100 - Geodirect<\/title>\n<meta name=\"description\" content=\"Localisateur de marqueurs RF et de c\u00e2bles Radiodetection RD8100. Con\u00e7u pour les professionnels de l\u2019excavation devant localiser des marqueurs RF, des c\u00e2bles et des canalisations.\" \/>\n<meta name=\"robots\" content=\"index, follow, max-snippet:-1, max-image-preview:large, max-video-preview:-1\" \/>\n<link rel=\"canonical\" href=\"https:\/\/www.geodirect.nl\/fr\/produit\/rd8100\/\" \/>\n<meta property=\"og:locale\" content=\"fr_FR\" \/>\n<meta property=\"og:type\" content=\"article\" \/>\n<meta property=\"og:title\" content=\"RD8100 - Geodirect\" \/>\n<meta property=\"og:description\" content=\"Localisateur de marqueurs RF et de c\u00e2bles Radiodetection RD8100. Con\u00e7u pour les professionnels de l\u2019excavation devant localiser des marqueurs RF, des c\u00e2bles et des canalisations.\" \/>\n<meta property=\"og:url\" content=\"https:\/\/www.geodirect.nl\/fr\/produit\/rd8100\/\" \/>\n<meta property=\"og:site_name\" content=\"Geodirect\" \/>\n<meta property=\"article:modified_time\" content=\"2026-02-16T15:58:18+00:00\" \/>\n<meta property=\"og:image\" content=\"https:\/\/www.geodirect.nl\/wp-content\/uploads\/2025\/11\/rd8100-thumbnail.jpg\" \/>\n\t<meta property=\"og:image:width\" content=\"259\" \/>\n\t<meta property=\"og:image:height\" content=\"218\" \/>\n\t<meta property=\"og:image:type\" content=\"image\/jpeg\" \/>\n<meta name=\"twitter:card\" content=\"summary_large_image\" \/>\n<script type=\"application\/ld+json\" class=\"yoast-schema-graph\">{\"@context\":\"https:\\\/\\\/schema.org\",\"@graph\":[{\"@type\":\"WebPage\",\"@id\":\"https:\\\/\\\/www.geodirect.nl\\\/fr\\\/produit\\\/rd8100\\\/\",\"url\":\"https:\\\/\\\/www.geodirect.nl\\\/fr\\\/produit\\\/rd8100\\\/\",\"name\":\"RD8100 - Geodirect\",\"isPartOf\":{\"@id\":\"https:\\\/\\\/www.geodirect.nl\\\/fr\\\/#website\"},\"primaryImageOfPage\":{\"@id\":\"https:\\\/\\\/www.geodirect.nl\\\/fr\\\/produit\\\/rd8100\\\/#primaryimage\"},\"image\":{\"@id\":\"https:\\\/\\\/www.geodirect.nl\\\/fr\\\/produit\\\/rd8100\\\/#primaryimage\"},\"thumbnailUrl\":\"https:\\\/\\\/www.geodirect.nl\\\/wp-content\\\/uploads\\\/2025\\\/11\\\/rd8100-thumbnail.jpg\",\"datePublished\":\"2025-11-22T13:42:30+00:00\",\"dateModified\":\"2026-02-16T15:58:18+00:00\",\"description\":\"Localisateur de marqueurs RF et de c\u00e2bles Radiodetection RD8100. Con\u00e7u pour les professionnels de l\u2019excavation devant localiser des marqueurs RF, des c\u00e2bles et des canalisations.\",\"breadcrumb\":{\"@id\":\"https:\\\/\\\/www.geodirect.nl\\\/fr\\\/produit\\\/rd8100\\\/#breadcrumb\"},\"inLanguage\":\"fr-FR\",\"potentialAction\":[{\"@type\":\"ReadAction\",\"target\":[\"https:\\\/\\\/www.geodirect.nl\\\/fr\\\/produit\\\/rd8100\\\/\"]}]},{\"@type\":\"ImageObject\",\"inLanguage\":\"fr-FR\",\"@id\":\"https:\\\/\\\/www.geodirect.nl\\\/fr\\\/produit\\\/rd8100\\\/#primaryimage\",\"url\":\"https:\\\/\\\/www.geodirect.nl\\\/wp-content\\\/uploads\\\/2025\\\/11\\\/rd8100-thumbnail.jpg\",\"contentUrl\":\"https:\\\/\\\/www.geodirect.nl\\\/wp-content\\\/uploads\\\/2025\\\/11\\\/rd8100-thumbnail.jpg\",\"width\":259,\"height\":218},{\"@type\":\"BreadcrumbList\",\"@id\":\"https:\\\/\\\/www.geodirect.nl\\\/fr\\\/produit\\\/rd8100\\\/#breadcrumb\",\"itemListElement\":[{\"@type\":\"ListItem\",\"position\":1,\"name\":\"Accueil\",\"item\":\"https:\\\/\\\/www.geodirect.nl\\\/fr\\\/accueil\\\/\"},{\"@type\":\"ListItem\",\"position\":2,\"name\":\"Produits\",\"item\":\"https:\\\/\\\/www.geodirect.nl\\\/fr\\\/produits\\\/\"},{\"@type\":\"ListItem\",\"position\":3,\"name\":\"RD8100\"}]},{\"@type\":\"WebSite\",\"@id\":\"https:\\\/\\\/www.geodirect.nl\\\/fr\\\/#website\",\"url\":\"https:\\\/\\\/www.geodirect.nl\\\/fr\\\/\",\"name\":\"Geodirect\",\"description\":\"Technologie die vooruitgang drijft\",\"publisher\":{\"@id\":\"https:\\\/\\\/www.geodirect.nl\\\/fr\\\/#organization\"},\"potentialAction\":[{\"@type\":\"SearchAction\",\"target\":{\"@type\":\"EntryPoint\",\"urlTemplate\":\"https:\\\/\\\/www.geodirect.nl\\\/fr\\\/?s={search_term_string}\"},\"query-input\":{\"@type\":\"PropertyValueSpecification\",\"valueRequired\":true,\"valueName\":\"search_term_string\"}}],\"inLanguage\":\"fr-FR\"},{\"@type\":\"Organization\",\"@id\":\"https:\\\/\\\/www.geodirect.nl\\\/fr\\\/#organization\",\"name\":\"Geodirect B.V.\",\"url\":\"https:\\\/\\\/www.geodirect.nl\\\/fr\\\/\",\"logo\":{\"@type\":\"ImageObject\",\"inLanguage\":\"fr-FR\",\"@id\":\"https:\\\/\\\/www.geodirect.nl\\\/fr\\\/#\\\/schema\\\/logo\\\/image\\\/\",\"url\":\"https:\\\/\\\/www.geodirect.nl\\\/wp-content\\\/uploads\\\/2025\\\/11\\\/87b06f73c1509d1450fec3e50f610637829b3ada-1.png\",\"contentUrl\":\"https:\\\/\\\/www.geodirect.nl\\\/wp-content\\\/uploads\\\/2025\\\/11\\\/87b06f73c1509d1450fec3e50f610637829b3ada-1.png\",\"width\":239,\"height\":159,\"caption\":\"Geodirect B.V.\"},\"image\":{\"@id\":\"https:\\\/\\\/www.geodirect.nl\\\/fr\\\/#\\\/schema\\\/logo\\\/image\\\/\"}}]}<\/script>\n<!-- \/ Yoast SEO plugin. -->","yoast_head_json":{"title":"RD8100 - Geodirect","description":"Localisateur de marqueurs RF et de c\u00e2bles Radiodetection RD8100. Con\u00e7u pour les professionnels de l\u2019excavation devant localiser des marqueurs RF, des c\u00e2bles et des canalisations.","robots":{"index":"index","follow":"follow","max-snippet":"max-snippet:-1","max-image-preview":"max-image-preview:large","max-video-preview":"max-video-preview:-1"},"canonical":"https:\/\/www.geodirect.nl\/fr\/produit\/rd8100\/","og_locale":"fr_FR","og_type":"article","og_title":"RD8100 - Geodirect","og_description":"Localisateur de marqueurs RF et de c\u00e2bles Radiodetection RD8100. Con\u00e7u pour les professionnels de l\u2019excavation devant localiser des marqueurs RF, des c\u00e2bles et des canalisations.","og_url":"https:\/\/www.geodirect.nl\/fr\/produit\/rd8100\/","og_site_name":"Geodirect","article_modified_time":"2026-02-16T15:58:18+00:00","og_image":[{"width":259,"height":218,"url":"https:\/\/www.geodirect.nl\/wp-content\/uploads\/2025\/11\/rd8100-thumbnail.jpg","type":"image\/jpeg"}],"twitter_card":"summary_large_image","schema":{"@context":"https:\/\/schema.org","@graph":[{"@type":"WebPage","@id":"https:\/\/www.geodirect.nl\/fr\/produit\/rd8100\/","url":"https:\/\/www.geodirect.nl\/fr\/produit\/rd8100\/","name":"RD8100 - Geodirect","isPartOf":{"@id":"https:\/\/www.geodirect.nl\/fr\/#website"},"primaryImageOfPage":{"@id":"https:\/\/www.geodirect.nl\/fr\/produit\/rd8100\/#primaryimage"},"image":{"@id":"https:\/\/www.geodirect.nl\/fr\/produit\/rd8100\/#primaryimage"},"thumbnailUrl":"https:\/\/www.geodirect.nl\/wp-content\/uploads\/2025\/11\/rd8100-thumbnail.jpg","datePublished":"2025-11-22T13:42:30+00:00","dateModified":"2026-02-16T15:58:18+00:00","description":"Localisateur de marqueurs RF et de c\u00e2bles Radiodetection RD8100. Con\u00e7u pour les professionnels de l\u2019excavation devant localiser des marqueurs RF, des c\u00e2bles et des canalisations.","breadcrumb":{"@id":"https:\/\/www.geodirect.nl\/fr\/produit\/rd8100\/#breadcrumb"},"inLanguage":"fr-FR","potentialAction":[{"@type":"ReadAction","target":["https:\/\/www.geodirect.nl\/fr\/produit\/rd8100\/"]}]},{"@type":"ImageObject","inLanguage":"fr-FR","@id":"https:\/\/www.geodirect.nl\/fr\/produit\/rd8100\/#primaryimage","url":"https:\/\/www.geodirect.nl\/wp-content\/uploads\/2025\/11\/rd8100-thumbnail.jpg","contentUrl":"https:\/\/www.geodirect.nl\/wp-content\/uploads\/2025\/11\/rd8100-thumbnail.jpg","width":259,"height":218},{"@type":"BreadcrumbList","@id":"https:\/\/www.geodirect.nl\/fr\/produit\/rd8100\/#breadcrumb","itemListElement":[{"@type":"ListItem","position":1,"name":"Accueil","item":"https:\/\/www.geodirect.nl\/fr\/accueil\/"},{"@type":"ListItem","position":2,"name":"Produits","item":"https:\/\/www.geodirect.nl\/fr\/produits\/"},{"@type":"ListItem","position":3,"name":"RD8100"}]},{"@type":"WebSite","@id":"https:\/\/www.geodirect.nl\/fr\/#website","url":"https:\/\/www.geodirect.nl\/fr\/","name":"Geodirect","description":"Technologie die vooruitgang drijft","publisher":{"@id":"https:\/\/www.geodirect.nl\/fr\/#organization"},"potentialAction":[{"@type":"SearchAction","target":{"@type":"EntryPoint","urlTemplate":"https:\/\/www.geodirect.nl\/fr\/?s={search_term_string}"},"query-input":{"@type":"PropertyValueSpecification","valueRequired":true,"valueName":"search_term_string"}}],"inLanguage":"fr-FR"},{"@type":"Organization","@id":"https:\/\/www.geodirect.nl\/fr\/#organization","name":"Geodirect B.V.","url":"https:\/\/www.geodirect.nl\/fr\/","logo":{"@type":"ImageObject","inLanguage":"fr-FR","@id":"https:\/\/www.geodirect.nl\/fr\/#\/schema\/logo\/image\/","url":"https:\/\/www.geodirect.nl\/wp-content\/uploads\/2025\/11\/87b06f73c1509d1450fec3e50f610637829b3ada-1.png","contentUrl":"https:\/\/www.geodirect.nl\/wp-content\/uploads\/2025\/11\/87b06f73c1509d1450fec3e50f610637829b3ada-1.png","width":239,"height":159,"caption":"Geodirect B.V."},"image":{"@id":"https:\/\/www.geodirect.nl\/fr\/#\/schema\/logo\/image\/"}}]}},"_links":{"self":[{"href":"https:\/\/www.geodirect.nl\/fr\/wp-json\/wp\/v2\/product\/9383","targetHints":{"allow":["GET"]}}],"collection":[{"href":"https:\/\/www.geodirect.nl\/fr\/wp-json\/wp\/v2\/product"}],"about":[{"href":"https:\/\/www.geodirect.nl\/fr\/wp-json\/wp\/v2\/types\/product"}],"wp:featuredmedia":[{"embeddable":true,"href":"https:\/\/www.geodirect.nl\/fr\/wp-json\/wp\/v2\/media\/4742"}],"wp:attachment":[{"href":"https:\/\/www.geodirect.nl\/fr\/wp-json\/wp\/v2\/media?parent=9383"}],"wp:term":[{"taxonomy":"product_brand","embeddable":true,"href":"https:\/\/www.geodirect.nl\/fr\/wp-json\/wp\/v2\/product_brand?post=9383"},{"taxonomy":"product_cat","embeddable":true,"href":"https:\/\/www.geodirect.nl\/fr\/wp-json\/wp\/v2\/product_cat?post=9383"},{"taxonomy":"product_tag","embeddable":true,"href":"https:\/\/www.geodirect.nl\/fr\/wp-json\/wp\/v2\/product_tag?post=9383"}],"curies":[{"name":"wp","href":"https:\/\/api.w.org\/{rel}","templated":true}]}}