{"id":9433,"date":"2025-11-22T13:29:39","date_gmt":"2025-11-22T13:29:39","guid":{"rendered":"https:\/\/www.geodirect.nl\/product\/lmx150-gpr\/"},"modified":"2026-02-16T15:58:23","modified_gmt":"2026-02-16T15:58:23","slug":"lmx150-gpr","status":"publish","type":"product","link":"https:\/\/www.geodirect.nl\/fr\/produit\/lmx150-gpr\/","title":{"rendered":"LMX150 GPR"},"content":{"rendered":"<p><strong>Le radar de sol Radiodetection LMX150 FINDAR est utilis\u00e9 dans de nombreux secteurs \u00e0 travers le monde, notamment pour la localisation de r\u00e9seaux, la construction, l\u2019ing\u00e9nierie, l\u2019entretien des routes et des b\u00e2timents, la police scientifique, l\u2019exploitation mini\u00e8re, l\u2019arch\u00e9ologie, la d\u00e9tection d\u2019UXO, la g\u00e9ophysique et les projets de recherche environnementale.<\/strong><\/p>\n<p><iframe title=\"Lecteur vid\u00e9o YouTube\" src=\"https:\/\/www.youtube.com\/embed\/6Hz12Y5-TlA?si=g9yv2CI5_3wk3HCY\" width=\"560\" height=\"315\" frameborder=\"0\" allowfullscreen=\"allowfullscreen\"><\/iframe><\/p>\n","protected":false},"excerpt":{"rendered":"<p>Radiodetection LMX150 FINDAR GPR<\/p>\n","protected":false},"featured_media":4713,"template":"","meta":{"_acf_changed":false,"content-type":""},"product_brand":[91],"product_cat":[201,210],"product_tag":[],"class_list":{"0":"post-9433","1":"product","2":"type-product","3":"status-publish","4":"has-post-thumbnail","6":"product_brand-radiodetection","7":"product_cat-detection","8":"product_cat-gpr","10":"first","11":"instock","12":"shipping-taxable","13":"product-type-simple"},"acf":[],"yoast_head":"<!-- This site is optimized with the Yoast SEO plugin v27.3 - https:\/\/yoast.com\/product\/yoast-seo-wordpress\/ -->\n<title>LMX150 GPR - Geodirect<\/title>\n<meta name=\"description\" content=\"Le radar de sol Radiodetection LMX100 pour la construction, l\u2019ing\u00e9nierie, l\u2019entretien des routes et des b\u00e2timents, l\u2019exploitation mini\u00e8re, l\u2019arch\u00e9ologie, la d\u00e9tection d\u2019UXO, la g\u00e9ophysique et l\u2019ing\u00e9nierie environnementale.\" \/>\n<meta name=\"robots\" content=\"index, follow, max-snippet:-1, max-image-preview:large, max-video-preview:-1\" \/>\n<link rel=\"canonical\" href=\"https:\/\/www.geodirect.nl\/fr\/produit\/lmx150-gpr\/\" \/>\n<meta property=\"og:locale\" content=\"fr_FR\" \/>\n<meta property=\"og:type\" content=\"article\" \/>\n<meta property=\"og:title\" content=\"LMX150 GPR - Geodirect\" \/>\n<meta property=\"og:description\" content=\"Le radar de sol Radiodetection LMX100 pour la construction, l\u2019ing\u00e9nierie, l\u2019entretien des routes et des b\u00e2timents, l\u2019exploitation mini\u00e8re, l\u2019arch\u00e9ologie, la d\u00e9tection d\u2019UXO, la g\u00e9ophysique et l\u2019ing\u00e9nierie environnementale.\" \/>\n<meta property=\"og:url\" content=\"https:\/\/www.geodirect.nl\/fr\/produit\/lmx150-gpr\/\" \/>\n<meta property=\"og:site_name\" content=\"Geodirect\" \/>\n<meta property=\"article:modified_time\" content=\"2026-02-16T15:58:23+00:00\" \/>\n<meta property=\"og:image\" content=\"https:\/\/www.geodirect.nl\/wp-content\/uploads\/2025\/11\/lmx150-gpr-thumbnail.jpg\" \/>\n\t<meta property=\"og:image:width\" content=\"259\" \/>\n\t<meta property=\"og:image:height\" content=\"218\" \/>\n\t<meta property=\"og:image:type\" content=\"image\/jpeg\" \/>\n<meta name=\"twitter:card\" content=\"summary_large_image\" \/>\n<script type=\"application\/ld+json\" class=\"yoast-schema-graph\">{\"@context\":\"https:\\\/\\\/schema.org\",\"@graph\":[{\"@type\":\"WebPage\",\"@id\":\"https:\\\/\\\/www.geodirect.nl\\\/fr\\\/produit\\\/lmx150-gpr\\\/\",\"url\":\"https:\\\/\\\/www.geodirect.nl\\\/fr\\\/produit\\\/lmx150-gpr\\\/\",\"name\":\"LMX150 GPR - Geodirect\",\"isPartOf\":{\"@id\":\"https:\\\/\\\/www.geodirect.nl\\\/fr\\\/#website\"},\"primaryImageOfPage\":{\"@id\":\"https:\\\/\\\/www.geodirect.nl\\\/fr\\\/produit\\\/lmx150-gpr\\\/#primaryimage\"},\"image\":{\"@id\":\"https:\\\/\\\/www.geodirect.nl\\\/fr\\\/produit\\\/lmx150-gpr\\\/#primaryimage\"},\"thumbnailUrl\":\"https:\\\/\\\/www.geodirect.nl\\\/wp-content\\\/uploads\\\/2025\\\/11\\\/lmx150-gpr-thumbnail.jpg\",\"datePublished\":\"2025-11-22T13:29:39+00:00\",\"dateModified\":\"2026-02-16T15:58:23+00:00\",\"description\":\"Le radar de sol Radiodetection LMX100 pour la construction, l\u2019ing\u00e9nierie, l\u2019entretien des routes et des b\u00e2timents, l\u2019exploitation mini\u00e8re, l\u2019arch\u00e9ologie, la d\u00e9tection d\u2019UXO, la g\u00e9ophysique et l\u2019ing\u00e9nierie environnementale.\",\"breadcrumb\":{\"@id\":\"https:\\\/\\\/www.geodirect.nl\\\/fr\\\/produit\\\/lmx150-gpr\\\/#breadcrumb\"},\"inLanguage\":\"fr-FR\",\"potentialAction\":[{\"@type\":\"ReadAction\",\"target\":[\"https:\\\/\\\/www.geodirect.nl\\\/fr\\\/produit\\\/lmx150-gpr\\\/\"]}]},{\"@type\":\"ImageObject\",\"inLanguage\":\"fr-FR\",\"@id\":\"https:\\\/\\\/www.geodirect.nl\\\/fr\\\/produit\\\/lmx150-gpr\\\/#primaryimage\",\"url\":\"https:\\\/\\\/www.geodirect.nl\\\/wp-content\\\/uploads\\\/2025\\\/11\\\/lmx150-gpr-thumbnail.jpg\",\"contentUrl\":\"https:\\\/\\\/www.geodirect.nl\\\/wp-content\\\/uploads\\\/2025\\\/11\\\/lmx150-gpr-thumbnail.jpg\",\"width\":259,\"height\":218},{\"@type\":\"BreadcrumbList\",\"@id\":\"https:\\\/\\\/www.geodirect.nl\\\/fr\\\/produit\\\/lmx150-gpr\\\/#breadcrumb\",\"itemListElement\":[{\"@type\":\"ListItem\",\"position\":1,\"name\":\"Accueil\",\"item\":\"https:\\\/\\\/www.geodirect.nl\\\/fr\\\/accueil\\\/\"},{\"@type\":\"ListItem\",\"position\":2,\"name\":\"Produits\",\"item\":\"https:\\\/\\\/www.geodirect.nl\\\/fr\\\/produits\\\/\"},{\"@type\":\"ListItem\",\"position\":3,\"name\":\"LMX150 GPR\"}]},{\"@type\":\"WebSite\",\"@id\":\"https:\\\/\\\/www.geodirect.nl\\\/fr\\\/#website\",\"url\":\"https:\\\/\\\/www.geodirect.nl\\\/fr\\\/\",\"name\":\"Geodirect\",\"description\":\"Technologie die vooruitgang drijft\",\"publisher\":{\"@id\":\"https:\\\/\\\/www.geodirect.nl\\\/fr\\\/#organization\"},\"potentialAction\":[{\"@type\":\"SearchAction\",\"target\":{\"@type\":\"EntryPoint\",\"urlTemplate\":\"https:\\\/\\\/www.geodirect.nl\\\/fr\\\/?s={search_term_string}\"},\"query-input\":{\"@type\":\"PropertyValueSpecification\",\"valueRequired\":true,\"valueName\":\"search_term_string\"}}],\"inLanguage\":\"fr-FR\"},{\"@type\":\"Organization\",\"@id\":\"https:\\\/\\\/www.geodirect.nl\\\/fr\\\/#organization\",\"name\":\"Geodirect B.V.\",\"url\":\"https:\\\/\\\/www.geodirect.nl\\\/fr\\\/\",\"logo\":{\"@type\":\"ImageObject\",\"inLanguage\":\"fr-FR\",\"@id\":\"https:\\\/\\\/www.geodirect.nl\\\/fr\\\/#\\\/schema\\\/logo\\\/image\\\/\",\"url\":\"https:\\\/\\\/www.geodirect.nl\\\/wp-content\\\/uploads\\\/2025\\\/11\\\/87b06f73c1509d1450fec3e50f610637829b3ada-1.png\",\"contentUrl\":\"https:\\\/\\\/www.geodirect.nl\\\/wp-content\\\/uploads\\\/2025\\\/11\\\/87b06f73c1509d1450fec3e50f610637829b3ada-1.png\",\"width\":239,\"height\":159,\"caption\":\"Geodirect B.V.\"},\"image\":{\"@id\":\"https:\\\/\\\/www.geodirect.nl\\\/fr\\\/#\\\/schema\\\/logo\\\/image\\\/\"}}]}<\/script>\n<!-- \/ Yoast SEO plugin. -->","yoast_head_json":{"title":"LMX150 GPR - Geodirect","description":"Le radar de sol Radiodetection LMX100 pour la construction, l\u2019ing\u00e9nierie, l\u2019entretien des routes et des b\u00e2timents, l\u2019exploitation mini\u00e8re, l\u2019arch\u00e9ologie, la d\u00e9tection d\u2019UXO, la g\u00e9ophysique et l\u2019ing\u00e9nierie environnementale.","robots":{"index":"index","follow":"follow","max-snippet":"max-snippet:-1","max-image-preview":"max-image-preview:large","max-video-preview":"max-video-preview:-1"},"canonical":"https:\/\/www.geodirect.nl\/fr\/produit\/lmx150-gpr\/","og_locale":"fr_FR","og_type":"article","og_title":"LMX150 GPR - Geodirect","og_description":"Le radar de sol Radiodetection LMX100 pour la construction, l\u2019ing\u00e9nierie, l\u2019entretien des routes et des b\u00e2timents, l\u2019exploitation mini\u00e8re, l\u2019arch\u00e9ologie, la d\u00e9tection d\u2019UXO, la g\u00e9ophysique et l\u2019ing\u00e9nierie environnementale.","og_url":"https:\/\/www.geodirect.nl\/fr\/produit\/lmx150-gpr\/","og_site_name":"Geodirect","article_modified_time":"2026-02-16T15:58:23+00:00","og_image":[{"width":259,"height":218,"url":"https:\/\/www.geodirect.nl\/wp-content\/uploads\/2025\/11\/lmx150-gpr-thumbnail.jpg","type":"image\/jpeg"}],"twitter_card":"summary_large_image","schema":{"@context":"https:\/\/schema.org","@graph":[{"@type":"WebPage","@id":"https:\/\/www.geodirect.nl\/fr\/produit\/lmx150-gpr\/","url":"https:\/\/www.geodirect.nl\/fr\/produit\/lmx150-gpr\/","name":"LMX150 GPR - Geodirect","isPartOf":{"@id":"https:\/\/www.geodirect.nl\/fr\/#website"},"primaryImageOfPage":{"@id":"https:\/\/www.geodirect.nl\/fr\/produit\/lmx150-gpr\/#primaryimage"},"image":{"@id":"https:\/\/www.geodirect.nl\/fr\/produit\/lmx150-gpr\/#primaryimage"},"thumbnailUrl":"https:\/\/www.geodirect.nl\/wp-content\/uploads\/2025\/11\/lmx150-gpr-thumbnail.jpg","datePublished":"2025-11-22T13:29:39+00:00","dateModified":"2026-02-16T15:58:23+00:00","description":"Le radar de sol Radiodetection LMX100 pour la construction, l\u2019ing\u00e9nierie, l\u2019entretien des routes et des b\u00e2timents, l\u2019exploitation mini\u00e8re, l\u2019arch\u00e9ologie, la d\u00e9tection d\u2019UXO, la g\u00e9ophysique et l\u2019ing\u00e9nierie environnementale.","breadcrumb":{"@id":"https:\/\/www.geodirect.nl\/fr\/produit\/lmx150-gpr\/#breadcrumb"},"inLanguage":"fr-FR","potentialAction":[{"@type":"ReadAction","target":["https:\/\/www.geodirect.nl\/fr\/produit\/lmx150-gpr\/"]}]},{"@type":"ImageObject","inLanguage":"fr-FR","@id":"https:\/\/www.geodirect.nl\/fr\/produit\/lmx150-gpr\/#primaryimage","url":"https:\/\/www.geodirect.nl\/wp-content\/uploads\/2025\/11\/lmx150-gpr-thumbnail.jpg","contentUrl":"https:\/\/www.geodirect.nl\/wp-content\/uploads\/2025\/11\/lmx150-gpr-thumbnail.jpg","width":259,"height":218},{"@type":"BreadcrumbList","@id":"https:\/\/www.geodirect.nl\/fr\/produit\/lmx150-gpr\/#breadcrumb","itemListElement":[{"@type":"ListItem","position":1,"name":"Accueil","item":"https:\/\/www.geodirect.nl\/fr\/accueil\/"},{"@type":"ListItem","position":2,"name":"Produits","item":"https:\/\/www.geodirect.nl\/fr\/produits\/"},{"@type":"ListItem","position":3,"name":"LMX150 GPR"}]},{"@type":"WebSite","@id":"https:\/\/www.geodirect.nl\/fr\/#website","url":"https:\/\/www.geodirect.nl\/fr\/","name":"Geodirect","description":"Technologie die vooruitgang drijft","publisher":{"@id":"https:\/\/www.geodirect.nl\/fr\/#organization"},"potentialAction":[{"@type":"SearchAction","target":{"@type":"EntryPoint","urlTemplate":"https:\/\/www.geodirect.nl\/fr\/?s={search_term_string}"},"query-input":{"@type":"PropertyValueSpecification","valueRequired":true,"valueName":"search_term_string"}}],"inLanguage":"fr-FR"},{"@type":"Organization","@id":"https:\/\/www.geodirect.nl\/fr\/#organization","name":"Geodirect B.V.","url":"https:\/\/www.geodirect.nl\/fr\/","logo":{"@type":"ImageObject","inLanguage":"fr-FR","@id":"https:\/\/www.geodirect.nl\/fr\/#\/schema\/logo\/image\/","url":"https:\/\/www.geodirect.nl\/wp-content\/uploads\/2025\/11\/87b06f73c1509d1450fec3e50f610637829b3ada-1.png","contentUrl":"https:\/\/www.geodirect.nl\/wp-content\/uploads\/2025\/11\/87b06f73c1509d1450fec3e50f610637829b3ada-1.png","width":239,"height":159,"caption":"Geodirect B.V."},"image":{"@id":"https:\/\/www.geodirect.nl\/fr\/#\/schema\/logo\/image\/"}}]}},"_links":{"self":[{"href":"https:\/\/www.geodirect.nl\/fr\/wp-json\/wp\/v2\/product\/9433","targetHints":{"allow":["GET"]}}],"collection":[{"href":"https:\/\/www.geodirect.nl\/fr\/wp-json\/wp\/v2\/product"}],"about":[{"href":"https:\/\/www.geodirect.nl\/fr\/wp-json\/wp\/v2\/types\/product"}],"wp:featuredmedia":[{"embeddable":true,"href":"https:\/\/www.geodirect.nl\/fr\/wp-json\/wp\/v2\/media\/4713"}],"wp:attachment":[{"href":"https:\/\/www.geodirect.nl\/fr\/wp-json\/wp\/v2\/media?parent=9433"}],"wp:term":[{"taxonomy":"product_brand","embeddable":true,"href":"https:\/\/www.geodirect.nl\/fr\/wp-json\/wp\/v2\/product_brand?post=9433"},{"taxonomy":"product_cat","embeddable":true,"href":"https:\/\/www.geodirect.nl\/fr\/wp-json\/wp\/v2\/product_cat?post=9433"},{"taxonomy":"product_tag","embeddable":true,"href":"https:\/\/www.geodirect.nl\/fr\/wp-json\/wp\/v2\/product_tag?post=9433"}],"curies":[{"name":"wp","href":"https:\/\/api.w.org\/{rel}","templated":true}]}}