{"id":9536,"date":"2025-11-22T13:16:17","date_gmt":"2025-11-22T13:16:17","guid":{"rendered":"https:\/\/www.geodirect.nl\/product\/seafloor-hydrolite-plus\/"},"modified":"2026-02-16T15:58:32","modified_gmt":"2026-02-16T15:58:32","slug":"seafloor-hydrolite-plus","status":"publish","type":"product","link":"https:\/\/www.geodirect.nl\/fr\/produit\/seafloor-hydrolite-plus\/","title":{"rendered":"Seafloor Hydrolite Plus"},"content":{"rendered":"<p><strong>L\u2019\u00e9chosondeur est l\u2019\u00e9l\u00e9ment le plus critique pour obtenir des donn\u00e9es de mesure hydrographiques pr\u00e9cises. Le nouvel Hydrolite Plus est le r\u00e9sultat de plus de 20 ans de d\u00e9veloppement dans le domaine des \u00e9chosondeurs pour les g\u00e9om\u00e8tres, les agences environnementales et de nombreuses autres organisations. <\/strong><\/p>\n<p><iframe title=\"Lecteur vid\u00e9o YouTube\" src=\"https:\/\/www.youtube.com\/embed\/0Zoe4XoPWcc?si=4atp4lHITVsv5bw4\" width=\"560\" height=\"315\" frameborder=\"0\" allowfullscreen=\"allowfullscreen\"><\/iframe><\/p>\n","protected":false},"excerpt":{"rendered":"<p>\u00c9chosondeur Seafloor Hydrolite Plus<\/p>\n","protected":false},"featured_media":4678,"template":"","meta":{"_acf_changed":false,"content-type":""},"product_brand":[90],"product_cat":[212,218],"product_tag":[132],"class_list":{"0":"post-9536","1":"product","2":"type-product","3":"status-publish","4":"has-post-thumbnail","6":"product_brand-seafloor","7":"product_cat-hydrographie","8":"product_cat-sonar","9":"product_tag-location","11":"first","12":"instock","13":"shipping-taxable","14":"product-type-simple"},"acf":[],"yoast_head":"<!-- This site is optimized with the Yoast SEO plugin v27.3 - https:\/\/yoast.com\/product\/yoast-seo-wordpress\/ -->\n<title>Seafloor Hydrolite Plus - Geodirect<\/title>\n<meta name=\"description\" content=\"L\u2019Hydrolite Plus est le r\u00e9sultat de plus de 20 ans de d\u00e9veloppement dans le domaine des \u00e9chosondeurs pour les g\u00e9om\u00e8tres, les agences environnementales et de nombreuses autres organisations.\" \/>\n<meta name=\"robots\" content=\"index, follow, max-snippet:-1, max-image-preview:large, max-video-preview:-1\" \/>\n<link rel=\"canonical\" href=\"https:\/\/www.geodirect.nl\/fr\/produit\/seafloor-hydrolite-plus\/\" \/>\n<meta property=\"og:locale\" content=\"fr_FR\" \/>\n<meta property=\"og:type\" content=\"article\" \/>\n<meta property=\"og:title\" content=\"Seafloor Hydrolite Plus - Geodirect\" \/>\n<meta property=\"og:description\" content=\"L\u2019Hydrolite Plus est le r\u00e9sultat de plus de 20 ans de d\u00e9veloppement dans le domaine des \u00e9chosondeurs pour les g\u00e9om\u00e8tres, les agences environnementales et de nombreuses autres organisations.\" \/>\n<meta property=\"og:url\" content=\"https:\/\/www.geodirect.nl\/fr\/produit\/seafloor-hydrolite-plus\/\" \/>\n<meta property=\"og:site_name\" content=\"Geodirect\" \/>\n<meta property=\"article:modified_time\" content=\"2026-02-16T15:58:32+00:00\" \/>\n<meta property=\"og:image\" content=\"https:\/\/www.geodirect.nl\/wp-content\/uploads\/2025\/11\/hydrolite-plus-thumbnail.jpg\" \/>\n\t<meta property=\"og:image:width\" content=\"259\" \/>\n\t<meta property=\"og:image:height\" content=\"218\" \/>\n\t<meta property=\"og:image:type\" content=\"image\/jpeg\" \/>\n<meta name=\"twitter:card\" content=\"summary_large_image\" \/>\n<script type=\"application\/ld+json\" class=\"yoast-schema-graph\">{\"@context\":\"https:\\\/\\\/schema.org\",\"@graph\":[{\"@type\":\"WebPage\",\"@id\":\"https:\\\/\\\/www.geodirect.nl\\\/fr\\\/produit\\\/seafloor-hydrolite-plus\\\/\",\"url\":\"https:\\\/\\\/www.geodirect.nl\\\/fr\\\/produit\\\/seafloor-hydrolite-plus\\\/\",\"name\":\"Seafloor Hydrolite Plus - Geodirect\",\"isPartOf\":{\"@id\":\"https:\\\/\\\/www.geodirect.nl\\\/fr\\\/#website\"},\"primaryImageOfPage\":{\"@id\":\"https:\\\/\\\/www.geodirect.nl\\\/fr\\\/produit\\\/seafloor-hydrolite-plus\\\/#primaryimage\"},\"image\":{\"@id\":\"https:\\\/\\\/www.geodirect.nl\\\/fr\\\/produit\\\/seafloor-hydrolite-plus\\\/#primaryimage\"},\"thumbnailUrl\":\"https:\\\/\\\/www.geodirect.nl\\\/wp-content\\\/uploads\\\/2025\\\/11\\\/hydrolite-plus-thumbnail.jpg\",\"datePublished\":\"2025-11-22T13:16:17+00:00\",\"dateModified\":\"2026-02-16T15:58:32+00:00\",\"description\":\"L\u2019Hydrolite Plus est le r\u00e9sultat de plus de 20 ans de d\u00e9veloppement dans le domaine des \u00e9chosondeurs pour les g\u00e9om\u00e8tres, les agences environnementales et de nombreuses autres organisations.\",\"breadcrumb\":{\"@id\":\"https:\\\/\\\/www.geodirect.nl\\\/fr\\\/produit\\\/seafloor-hydrolite-plus\\\/#breadcrumb\"},\"inLanguage\":\"fr-FR\",\"potentialAction\":[{\"@type\":\"ReadAction\",\"target\":[\"https:\\\/\\\/www.geodirect.nl\\\/fr\\\/produit\\\/seafloor-hydrolite-plus\\\/\"]}]},{\"@type\":\"ImageObject\",\"inLanguage\":\"fr-FR\",\"@id\":\"https:\\\/\\\/www.geodirect.nl\\\/fr\\\/produit\\\/seafloor-hydrolite-plus\\\/#primaryimage\",\"url\":\"https:\\\/\\\/www.geodirect.nl\\\/wp-content\\\/uploads\\\/2025\\\/11\\\/hydrolite-plus-thumbnail.jpg\",\"contentUrl\":\"https:\\\/\\\/www.geodirect.nl\\\/wp-content\\\/uploads\\\/2025\\\/11\\\/hydrolite-plus-thumbnail.jpg\",\"width\":259,\"height\":218},{\"@type\":\"BreadcrumbList\",\"@id\":\"https:\\\/\\\/www.geodirect.nl\\\/fr\\\/produit\\\/seafloor-hydrolite-plus\\\/#breadcrumb\",\"itemListElement\":[{\"@type\":\"ListItem\",\"position\":1,\"name\":\"Accueil\",\"item\":\"https:\\\/\\\/www.geodirect.nl\\\/fr\\\/accueil\\\/\"},{\"@type\":\"ListItem\",\"position\":2,\"name\":\"Produits\",\"item\":\"https:\\\/\\\/www.geodirect.nl\\\/fr\\\/produits\\\/\"},{\"@type\":\"ListItem\",\"position\":3,\"name\":\"Seafloor Hydrolite Plus\"}]},{\"@type\":\"WebSite\",\"@id\":\"https:\\\/\\\/www.geodirect.nl\\\/fr\\\/#website\",\"url\":\"https:\\\/\\\/www.geodirect.nl\\\/fr\\\/\",\"name\":\"Geodirect\",\"description\":\"Technologie die vooruitgang drijft\",\"publisher\":{\"@id\":\"https:\\\/\\\/www.geodirect.nl\\\/fr\\\/#organization\"},\"potentialAction\":[{\"@type\":\"SearchAction\",\"target\":{\"@type\":\"EntryPoint\",\"urlTemplate\":\"https:\\\/\\\/www.geodirect.nl\\\/fr\\\/?s={search_term_string}\"},\"query-input\":{\"@type\":\"PropertyValueSpecification\",\"valueRequired\":true,\"valueName\":\"search_term_string\"}}],\"inLanguage\":\"fr-FR\"},{\"@type\":\"Organization\",\"@id\":\"https:\\\/\\\/www.geodirect.nl\\\/fr\\\/#organization\",\"name\":\"Geodirect B.V.\",\"url\":\"https:\\\/\\\/www.geodirect.nl\\\/fr\\\/\",\"logo\":{\"@type\":\"ImageObject\",\"inLanguage\":\"fr-FR\",\"@id\":\"https:\\\/\\\/www.geodirect.nl\\\/fr\\\/#\\\/schema\\\/logo\\\/image\\\/\",\"url\":\"https:\\\/\\\/www.geodirect.nl\\\/wp-content\\\/uploads\\\/2025\\\/11\\\/87b06f73c1509d1450fec3e50f610637829b3ada-1.png\",\"contentUrl\":\"https:\\\/\\\/www.geodirect.nl\\\/wp-content\\\/uploads\\\/2025\\\/11\\\/87b06f73c1509d1450fec3e50f610637829b3ada-1.png\",\"width\":239,\"height\":159,\"caption\":\"Geodirect B.V.\"},\"image\":{\"@id\":\"https:\\\/\\\/www.geodirect.nl\\\/fr\\\/#\\\/schema\\\/logo\\\/image\\\/\"}}]}<\/script>\n<!-- \/ Yoast SEO plugin. -->","yoast_head_json":{"title":"Seafloor Hydrolite Plus - Geodirect","description":"L\u2019Hydrolite Plus est le r\u00e9sultat de plus de 20 ans de d\u00e9veloppement dans le domaine des \u00e9chosondeurs pour les g\u00e9om\u00e8tres, les agences environnementales et de nombreuses autres organisations.","robots":{"index":"index","follow":"follow","max-snippet":"max-snippet:-1","max-image-preview":"max-image-preview:large","max-video-preview":"max-video-preview:-1"},"canonical":"https:\/\/www.geodirect.nl\/fr\/produit\/seafloor-hydrolite-plus\/","og_locale":"fr_FR","og_type":"article","og_title":"Seafloor Hydrolite Plus - Geodirect","og_description":"L\u2019Hydrolite Plus est le r\u00e9sultat de plus de 20 ans de d\u00e9veloppement dans le domaine des \u00e9chosondeurs pour les g\u00e9om\u00e8tres, les agences environnementales et de nombreuses autres organisations.","og_url":"https:\/\/www.geodirect.nl\/fr\/produit\/seafloor-hydrolite-plus\/","og_site_name":"Geodirect","article_modified_time":"2026-02-16T15:58:32+00:00","og_image":[{"width":259,"height":218,"url":"https:\/\/www.geodirect.nl\/wp-content\/uploads\/2025\/11\/hydrolite-plus-thumbnail.jpg","type":"image\/jpeg"}],"twitter_card":"summary_large_image","schema":{"@context":"https:\/\/schema.org","@graph":[{"@type":"WebPage","@id":"https:\/\/www.geodirect.nl\/fr\/produit\/seafloor-hydrolite-plus\/","url":"https:\/\/www.geodirect.nl\/fr\/produit\/seafloor-hydrolite-plus\/","name":"Seafloor Hydrolite Plus - Geodirect","isPartOf":{"@id":"https:\/\/www.geodirect.nl\/fr\/#website"},"primaryImageOfPage":{"@id":"https:\/\/www.geodirect.nl\/fr\/produit\/seafloor-hydrolite-plus\/#primaryimage"},"image":{"@id":"https:\/\/www.geodirect.nl\/fr\/produit\/seafloor-hydrolite-plus\/#primaryimage"},"thumbnailUrl":"https:\/\/www.geodirect.nl\/wp-content\/uploads\/2025\/11\/hydrolite-plus-thumbnail.jpg","datePublished":"2025-11-22T13:16:17+00:00","dateModified":"2026-02-16T15:58:32+00:00","description":"L\u2019Hydrolite Plus est le r\u00e9sultat de plus de 20 ans de d\u00e9veloppement dans le domaine des \u00e9chosondeurs pour les g\u00e9om\u00e8tres, les agences environnementales et de nombreuses autres organisations.","breadcrumb":{"@id":"https:\/\/www.geodirect.nl\/fr\/produit\/seafloor-hydrolite-plus\/#breadcrumb"},"inLanguage":"fr-FR","potentialAction":[{"@type":"ReadAction","target":["https:\/\/www.geodirect.nl\/fr\/produit\/seafloor-hydrolite-plus\/"]}]},{"@type":"ImageObject","inLanguage":"fr-FR","@id":"https:\/\/www.geodirect.nl\/fr\/produit\/seafloor-hydrolite-plus\/#primaryimage","url":"https:\/\/www.geodirect.nl\/wp-content\/uploads\/2025\/11\/hydrolite-plus-thumbnail.jpg","contentUrl":"https:\/\/www.geodirect.nl\/wp-content\/uploads\/2025\/11\/hydrolite-plus-thumbnail.jpg","width":259,"height":218},{"@type":"BreadcrumbList","@id":"https:\/\/www.geodirect.nl\/fr\/produit\/seafloor-hydrolite-plus\/#breadcrumb","itemListElement":[{"@type":"ListItem","position":1,"name":"Accueil","item":"https:\/\/www.geodirect.nl\/fr\/accueil\/"},{"@type":"ListItem","position":2,"name":"Produits","item":"https:\/\/www.geodirect.nl\/fr\/produits\/"},{"@type":"ListItem","position":3,"name":"Seafloor Hydrolite Plus"}]},{"@type":"WebSite","@id":"https:\/\/www.geodirect.nl\/fr\/#website","url":"https:\/\/www.geodirect.nl\/fr\/","name":"Geodirect","description":"Technologie die vooruitgang drijft","publisher":{"@id":"https:\/\/www.geodirect.nl\/fr\/#organization"},"potentialAction":[{"@type":"SearchAction","target":{"@type":"EntryPoint","urlTemplate":"https:\/\/www.geodirect.nl\/fr\/?s={search_term_string}"},"query-input":{"@type":"PropertyValueSpecification","valueRequired":true,"valueName":"search_term_string"}}],"inLanguage":"fr-FR"},{"@type":"Organization","@id":"https:\/\/www.geodirect.nl\/fr\/#organization","name":"Geodirect B.V.","url":"https:\/\/www.geodirect.nl\/fr\/","logo":{"@type":"ImageObject","inLanguage":"fr-FR","@id":"https:\/\/www.geodirect.nl\/fr\/#\/schema\/logo\/image\/","url":"https:\/\/www.geodirect.nl\/wp-content\/uploads\/2025\/11\/87b06f73c1509d1450fec3e50f610637829b3ada-1.png","contentUrl":"https:\/\/www.geodirect.nl\/wp-content\/uploads\/2025\/11\/87b06f73c1509d1450fec3e50f610637829b3ada-1.png","width":239,"height":159,"caption":"Geodirect B.V."},"image":{"@id":"https:\/\/www.geodirect.nl\/fr\/#\/schema\/logo\/image\/"}}]}},"_links":{"self":[{"href":"https:\/\/www.geodirect.nl\/fr\/wp-json\/wp\/v2\/product\/9536","targetHints":{"allow":["GET"]}}],"collection":[{"href":"https:\/\/www.geodirect.nl\/fr\/wp-json\/wp\/v2\/product"}],"about":[{"href":"https:\/\/www.geodirect.nl\/fr\/wp-json\/wp\/v2\/types\/product"}],"wp:featuredmedia":[{"embeddable":true,"href":"https:\/\/www.geodirect.nl\/fr\/wp-json\/wp\/v2\/media\/4678"}],"wp:attachment":[{"href":"https:\/\/www.geodirect.nl\/fr\/wp-json\/wp\/v2\/media?parent=9536"}],"wp:term":[{"taxonomy":"product_brand","embeddable":true,"href":"https:\/\/www.geodirect.nl\/fr\/wp-json\/wp\/v2\/product_brand?post=9536"},{"taxonomy":"product_cat","embeddable":true,"href":"https:\/\/www.geodirect.nl\/fr\/wp-json\/wp\/v2\/product_cat?post=9536"},{"taxonomy":"product_tag","embeddable":true,"href":"https:\/\/www.geodirect.nl\/fr\/wp-json\/wp\/v2\/product_tag?post=9536"}],"curies":[{"name":"wp","href":"https:\/\/api.w.org\/{rel}","templated":true}]}}